{"id":11619,"date":"2024-12-04T11:01:54","date_gmt":"2024-12-04T10:01:54","guid":{"rendered":"https:\/\/staging.rema-tiptop.de\/?page_id=11619"},"modified":"2025-11-24T12:38:41","modified_gmt":"2025-11-24T11:38:41","slug":"hydraulic-coatings","status":"publish","type":"page","link":"https:\/\/rema-tiptop.de\/en\/products-services\/rema-surface-protection\/products\/light-corrosion-protection\/hydraulic-coatings\/","title":{"rendered":"Corrosion protection system for hydraulic steel structures"},"content":{"rendered":"<div data-elementor-type=\"wp-page\" data-elementor-id=\"11619\" class=\"elementor elementor-11619\" data-elementor-post-type=\"page\">\n\t\t\t\t<div class=\"elementor-element elementor-element-38d84572 e-flex e-con-boxed e-con e-parent\" data-id=\"38d84572\" data-element_type=\"container\" data-e-type=\"container\" data-settings=\"{&quot;background_background&quot;:&quot;classic&quot;}\">\n\t\t\t\t\t<div class=\"e-con-inner\">\n\t\t<div class=\"elementor-element elementor-element-33e80d29 e-con-full e-flex e-con e-child\" data-id=\"33e80d29\" data-element_type=\"container\" data-e-type=\"container\">\n\t\t\t\t<div class=\"elementor-element elementor-element-574ce04b elementor-widget elementor-widget-heading\" data-id=\"574ce04b\" data-element_type=\"widget\" data-e-type=\"widget\" data-widget_type=\"heading.default\">\n\t\t\t\t<div class=\"elementor-widget-container\">\n\t\t\t\t\t<h1 class=\"elementor-heading-title elementor-size-default\">Hydraulic Coatings<\/h1>\t\t\t\t<\/div>\n\t\t\t\t<\/div>\n\t\t\t\t<\/div>\n\t\t<div class=\"elementor-element elementor-element-561e6736 e-con-full e-flex e-con e-child\" data-id=\"561e6736\" data-element_type=\"container\" data-e-type=\"container\">\n\t\t\t\t<div class=\"elementor-element elementor-element-a51003a elementor-widget elementor-widget-image\" data-id=\"a51003a\" data-element_type=\"widget\" data-e-type=\"widget\" data-widget_type=\"image.default\">\n\t\t\t\t<div class=\"elementor-widget-container\">\n\t\t\t\t\t\t\t\t\t\t\t\t\t\t\t<img fetchpriority=\"high\" decoding=\"async\" width=\"1024\" height=\"768\" src=\"https:\/\/rema-tiptop.de\/wp-content\/uploads\/2025\/02\/rema-surface-protection-produkte-leichter-korrosionsschutz-hydraulisch-1024x768.webp\" class=\"attachment-large size-large wp-image-16329\" alt=\"Rema Surface Protection Product Light corrosion protection\" srcset=\"https:\/\/rema-tiptop.de\/wp-content\/uploads\/2025\/02\/rema-surface-protection-produkte-leichter-korrosionsschutz-hydraulisch-1024x768.webp 1024w, https:\/\/rema-tiptop.de\/wp-content\/uploads\/2025\/02\/rema-surface-protection-produkte-leichter-korrosionsschutz-hydraulisch-300x225.webp 300w, https:\/\/rema-tiptop.de\/wp-content\/uploads\/2025\/02\/rema-surface-protection-produkte-leichter-korrosionsschutz-hydraulisch-768x576.webp 768w, https:\/\/rema-tiptop.de\/wp-content\/uploads\/2025\/02\/rema-surface-protection-produkte-leichter-korrosionsschutz-hydraulisch-1536x1152.webp 1536w, https:\/\/rema-tiptop.de\/wp-content\/uploads\/2025\/02\/rema-surface-protection-produkte-leichter-korrosionsschutz-hydraulisch-16x12.webp 16w, https:\/\/rema-tiptop.de\/wp-content\/uploads\/2025\/02\/rema-surface-protection-produkte-leichter-korrosionsschutz-hydraulisch.webp 2000w\" sizes=\"(max-width: 1024px) 100vw, 1024px\" \/>\t\t\t\t\t\t\t\t\t\t\t\t\t\t\t<\/div>\n\t\t\t\t<\/div>\n\t\t\t\t<\/div>\n\t\t\t\t\t<\/div>\n\t\t\t\t<\/div>\n\t\t<div class=\"elementor-element elementor-element-16edcba6 e-flex e-con-boxed e-con e-parent\" data-id=\"16edcba6\" data-element_type=\"container\" data-e-type=\"container\" data-settings=\"{&quot;background_background&quot;:&quot;classic&quot;}\">\n\t\t\t\t\t<div class=\"e-con-inner\">\n\t\t\t\t<div class=\"elementor-element elementor-element-545010f6 elementor-widget elementor-widget-heading\" data-id=\"545010f6\" data-element_type=\"widget\" data-e-type=\"widget\" data-widget_type=\"heading.default\">\n\t\t\t\t<div class=\"elementor-widget-container\">\n\t\t\t\t\t<h2 class=\"elementor-heading-title elementor-size-default\">Effective protection under extreme conditions<\/h2>\t\t\t\t<\/div>\n\t\t\t\t<\/div>\n\t\t\t\t<div class=\"elementor-element elementor-element-76efe821 elementor-widget elementor-widget-text-editor\" data-id=\"76efe821\" data-element_type=\"widget\" data-e-type=\"widget\" data-widget_type=\"text-editor.default\">\n\t\t\t\t<div class=\"elementor-widget-container\">\n\t\t\t\t\t\t\t\t\t<p>Hydraulic coatings for steel structures such as water turbines and offshore equipment must withstand significant corrosion and mechanical stress to meet the high standards of the marine sector. Our high-quality systems meet corrosion protection classes lm1 to lm3 in accordance with EN ISO 12944.<\/p>\t\t\t\t\t\t\t\t<\/div>\n\t\t\t\t<\/div>\n\t\t\t\t\t<\/div>\n\t\t\t\t<\/div>\n\t\t<div class=\"elementor-element elementor-element-41799b4b e-con-full e-flex e-con e-parent\" data-id=\"41799b4b\" data-element_type=\"container\" data-e-type=\"container\" data-settings=\"{&quot;background_background&quot;:&quot;classic&quot;}\">\n\t\t<div class=\"elementor-element elementor-element-5cf98cb7 e-con-full e-flex e-con e-child\" data-id=\"5cf98cb7\" data-element_type=\"container\" data-e-type=\"container\" data-settings=\"{&quot;background_background&quot;:&quot;classic&quot;}\">\n\t\t<div class=\"elementor-element elementor-element-6335a706 e-con-full cta-inner e-flex e-con e-child\" data-id=\"6335a706\" data-element_type=\"container\" data-e-type=\"container\">\n\t\t\t\t<div class=\"elementor-element elementor-element-1ec2af0d elementor-widget__width-initial elementor-widget elementor-widget-heading\" data-id=\"1ec2af0d\" data-element_type=\"widget\" data-e-type=\"widget\" data-widget_type=\"heading.default\">\n\t\t\t\t<div class=\"elementor-widget-container\">\n\t\t\t\t\t<h2 class=\"elementor-heading-title elementor-size-default\">Your local contact<\/h2>\t\t\t\t<\/div>\n\t\t\t\t<\/div>\n\t\t\t\t<div class=\"elementor-element elementor-element-59e0069f elementor-widget elementor-widget-text-editor\" data-id=\"59e0069f\" data-element_type=\"widget\" data-e-type=\"widget\" data-widget_type=\"text-editor.default\">\n\t\t\t\t<div class=\"elementor-widget-container\">\n\t\t\t\t\t\t\t\t\t<p style=\"font-weight: 400\">We are close to you \u2013 worldwide.<\/p><p style=\"font-weight: 400\">With our contact finder you will find local REMAsters that match your requirements. \nWe look forward to hearing from you!<\/p>\t\t\t\t\t\t\t\t<\/div>\n\t\t\t\t<\/div>\n\t\t\t\t<div class=\"elementor-element elementor-element-4342dcd4 elementor-align-center rema-button contact-button elementor-widget elementor-widget-button\" data-id=\"4342dcd4\" data-element_type=\"widget\" data-e-type=\"widget\" data-widget_type=\"button.default\">\n\t\t\t\t<div class=\"elementor-widget-container\">\n\t\t\t\t\t\t\t\t\t<div class=\"elementor-button-wrapper\">\n\t\t\t\t\t<a class=\"elementor-button elementor-button-link elementor-size-sm\" href=\"https:\/\/rema-tiptop.de\/en\/contact-finder\/\">\n\t\t\t\t\t\t<span class=\"elementor-button-content-wrapper\">\n\t\t\t\t\t\t\t\t\t<span class=\"elementor-button-text\">Find your local contact<\/span>\n\t\t\t\t\t<\/span>\n\t\t\t\t\t<\/a>\n\t\t\t\t<\/div>\n\t\t\t\t\t\t\t\t<\/div>\n\t\t\t\t<\/div>\n\t\t\t\t<\/div>\n\t\t\t\t<\/div>\n\t\t<div class=\"elementor-element elementor-element-7b2d04b0 e-con-full e-flex e-con e-child\" data-id=\"7b2d04b0\" data-element_type=\"container\" data-e-type=\"container\">\n\t\t\t\t<\/div>\n\t\t<div class=\"elementor-element elementor-element-794199ce e-con-full elementor-hidden-desktop elementor-hidden-tablet e-flex e-con e-child\" data-id=\"794199ce\" data-element_type=\"container\" data-e-type=\"container\" data-settings=\"{&quot;background_background&quot;:&quot;classic&quot;}\">\n\t\t\t\t<\/div>\n\t\t\t\t<\/div>\n\t\t\t\t<\/div>","protected":false},"excerpt":{"rendered":"<p>Korrosions\u00adschutzsystem f\u00fcr Stahlwasserbau Wirksamer Schutz unter extremen Bedingungen Beschichtungen f\u00fcr Stahlkonstruktionen wie Wasserturbinen und Offshore-Anlagen m\u00fcssen erheblichen Korrosionsbelastungen und mechanischen Beanspruchungen standhalten, um den hohen Anforderungen des Stahlwasserbaus gerecht zu werden. Unsere zuverl\u00e4ssigen Systeme erf\u00fcllen die Korrosionsschutzklassen lm1 bis lm3 nach EN ISO 12944. Ihr Kontakt zu uns Wo immer Sie sind \u2013 wir sind [&hellip;]<\/p>\n","protected":false},"author":9,"featured_media":0,"parent":11444,"menu_order":0,"comment_status":"closed","ping_status":"closed","template":"","meta":{"_acf_changed":false,"footnotes":""},"class_list":["post-11619","page","type-page","status-publish","hentry"],"acf":[],"yoast_head":"<!-- This site is optimized with the Yoast SEO plugin v27.3 - https:\/\/yoast.com\/product\/yoast-seo-wordpress\/ -->\n<title>Hydraulische Beschichtungen | Leichter Verschlei\u00dfschutz<\/title>\n<meta name=\"description\" content=\"Korrosionsschutzsystem f\u00fcr Stahlwasserbau: robuste Beschichtungen f\u00fcr Wasserturbinen &amp; Offshore-Anlagen, gepr\u00fcft nach EN ISO 12944 Im1\u2013Im3.\" \/>\n<meta name=\"robots\" content=\"index, follow, max-snippet:-1, max-image-preview:large, max-video-preview:-1\" \/>\n<link rel=\"canonical\" href=\"https:\/\/rema-tiptop.de\/en\/products-services\/rema-surface-protection\/products\/light-corrosion-protection\/hydraulic-coatings\/\" \/>\n<meta property=\"og:locale\" content=\"en_US\" \/>\n<meta property=\"og:type\" content=\"article\" \/>\n<meta property=\"og:title\" content=\"Hydraulische Beschichtungen | Leichter Verschlei\u00dfschutz\" \/>\n<meta property=\"og:description\" content=\"Korrosionsschutzsystem f\u00fcr Stahlwasserbau: robuste Beschichtungen f\u00fcr Wasserturbinen &amp; Offshore-Anlagen, gepr\u00fcft nach EN ISO 12944 Im1\u2013Im3.\" \/>\n<meta property=\"og:url\" content=\"https:\/\/rema-tiptop.de\/en\/products-services\/rema-surface-protection\/products\/light-corrosion-protection\/hydraulic-coatings\/\" \/>\n<meta property=\"og:site_name\" content=\"REMA TIP TOP\" \/>\n<meta property=\"article:modified_time\" content=\"2025-11-24T11:38:41+00:00\" \/>\n<meta property=\"og:image\" content=\"https:\/\/rema-tiptop.de\/wp-content\/uploads\/2025\/02\/rema-surface-protection-produkte-leichter-korrosionsschutz-hydraulisch-1024x768.webp\" \/>\n<meta name=\"twitter:card\" content=\"summary_large_image\" \/>\n<meta name=\"twitter:label1\" content=\"Est. reading time\" \/>\n\t<meta name=\"twitter:data1\" content=\"1 minute\" \/>\n<script type=\"application\/ld+json\" class=\"yoast-schema-graph\">{\"@context\":\"https:\\\/\\\/schema.org\",\"@graph\":[{\"@type\":\"WebPage\",\"@id\":\"https:\\\/\\\/rema-tiptop.de\\\/produkte-services\\\/rema-surface-protection\\\/produktuebersicht\\\/leichter-korrosionsschutz\\\/korrosionsschutzsystem-fuer-stahlwasserbau\\\/\",\"url\":\"https:\\\/\\\/rema-tiptop.de\\\/produkte-services\\\/rema-surface-protection\\\/produktuebersicht\\\/leichter-korrosionsschutz\\\/korrosionsschutzsystem-fuer-stahlwasserbau\\\/\",\"name\":\"Hydraulische Beschichtungen | Leichter Verschlei\u00dfschutz\",\"isPartOf\":{\"@id\":\"https:\\\/\\\/rema-tiptop.de\\\/#website\"},\"primaryImageOfPage\":{\"@id\":\"https:\\\/\\\/rema-tiptop.de\\\/produkte-services\\\/rema-surface-protection\\\/produktuebersicht\\\/leichter-korrosionsschutz\\\/korrosionsschutzsystem-fuer-stahlwasserbau\\\/#primaryimage\"},\"image\":{\"@id\":\"https:\\\/\\\/rema-tiptop.de\\\/produkte-services\\\/rema-surface-protection\\\/produktuebersicht\\\/leichter-korrosionsschutz\\\/korrosionsschutzsystem-fuer-stahlwasserbau\\\/#primaryimage\"},\"thumbnailUrl\":\"https:\\\/\\\/rema-tiptop.de\\\/wp-content\\\/uploads\\\/2025\\\/02\\\/rema-surface-protection-produkte-leichter-korrosionsschutz-hydraulisch-1024x768.webp\",\"datePublished\":\"2024-12-04T10:01:54+00:00\",\"dateModified\":\"2025-11-24T11:38:41+00:00\",\"description\":\"Korrosionsschutzsystem f\u00fcr Stahlwasserbau: robuste Beschichtungen f\u00fcr Wasserturbinen & Offshore-Anlagen, gepr\u00fcft nach EN ISO 12944 Im1\u2013Im3.\",\"breadcrumb\":{\"@id\":\"https:\\\/\\\/rema-tiptop.de\\\/produkte-services\\\/rema-surface-protection\\\/produktuebersicht\\\/leichter-korrosionsschutz\\\/korrosionsschutzsystem-fuer-stahlwasserbau\\\/#breadcrumb\"},\"inLanguage\":\"en-US\",\"potentialAction\":[{\"@type\":\"ReadAction\",\"target\":[\"https:\\\/\\\/rema-tiptop.de\\\/produkte-services\\\/rema-surface-protection\\\/produktuebersicht\\\/leichter-korrosionsschutz\\\/korrosionsschutzsystem-fuer-stahlwasserbau\\\/\"]}]},{\"@type\":\"ImageObject\",\"inLanguage\":\"en-US\",\"@id\":\"https:\\\/\\\/rema-tiptop.de\\\/produkte-services\\\/rema-surface-protection\\\/produktuebersicht\\\/leichter-korrosionsschutz\\\/korrosionsschutzsystem-fuer-stahlwasserbau\\\/#primaryimage\",\"url\":\"https:\\\/\\\/rema-tiptop.de\\\/wp-content\\\/uploads\\\/2025\\\/02\\\/rema-surface-protection-produkte-leichter-korrosionsschutz-hydraulisch-1024x768.webp\",\"contentUrl\":\"https:\\\/\\\/rema-tiptop.de\\\/wp-content\\\/uploads\\\/2025\\\/02\\\/rema-surface-protection-produkte-leichter-korrosionsschutz-hydraulisch-1024x768.webp\"},{\"@type\":\"BreadcrumbList\",\"@id\":\"https:\\\/\\\/rema-tiptop.de\\\/produkte-services\\\/rema-surface-protection\\\/produktuebersicht\\\/leichter-korrosionsschutz\\\/korrosionsschutzsystem-fuer-stahlwasserbau\\\/#breadcrumb\",\"itemListElement\":[{\"@type\":\"ListItem\",\"position\":1,\"name\":\"Startseite\",\"item\":\"https:\\\/\\\/rema-tiptop.de\\\/\"},{\"@type\":\"ListItem\",\"position\":2,\"name\":\"Produkte &amp; Services\",\"item\":\"https:\\\/\\\/rema-tiptop.de\\\/produkte-services\\\/\"},{\"@type\":\"ListItem\",\"position\":3,\"name\":\"REMA Surface Protection\",\"item\":\"https:\\\/\\\/rema-tiptop.de\\\/produkte-services\\\/rema-surface-protection\\\/\"},{\"@type\":\"ListItem\",\"position\":4,\"name\":\"Produkt\u00fcbersicht\",\"item\":\"https:\\\/\\\/rema-tiptop.de\\\/produkte-services\\\/rema-surface-protection\\\/produktuebersicht\\\/\"},{\"@type\":\"ListItem\",\"position\":5,\"name\":\"Leichter Korrosionsschutz\",\"item\":\"https:\\\/\\\/rema-tiptop.de\\\/produkte-services\\\/rema-surface-protection\\\/produktuebersicht\\\/leichter-korrosionsschutz\\\/\"},{\"@type\":\"ListItem\",\"position\":6,\"name\":\"Korrosions\u00adschutzsystem f\u00fcr Stahlwasserbau\"}]},{\"@type\":\"WebSite\",\"@id\":\"https:\\\/\\\/rema-tiptop.de\\\/#website\",\"url\":\"https:\\\/\\\/rema-tiptop.de\\\/\",\"name\":\"REMA TIP TOP\",\"description\":\"\",\"publisher\":{\"@id\":\"https:\\\/\\\/rema-tiptop.de\\\/#organization\"},\"potentialAction\":[{\"@type\":\"SearchAction\",\"target\":{\"@type\":\"EntryPoint\",\"urlTemplate\":\"https:\\\/\\\/rema-tiptop.de\\\/?s={search_term_string}\"},\"query-input\":{\"@type\":\"PropertyValueSpecification\",\"valueRequired\":true,\"valueName\":\"search_term_string\"}}],\"inLanguage\":\"en-US\"},{\"@type\":\"Organization\",\"@id\":\"https:\\\/\\\/rema-tiptop.de\\\/#organization\",\"name\":\"REMA TIP TOP\",\"url\":\"https:\\\/\\\/rema-tiptop.de\\\/\",\"logo\":{\"@type\":\"ImageObject\",\"inLanguage\":\"en-US\",\"@id\":\"https:\\\/\\\/rema-tiptop.de\\\/#\\\/schema\\\/logo\\\/image\\\/\",\"url\":\"https:\\\/\\\/rema-tiptop.de\\\/wp-content\\\/uploads\\\/2024\\\/11\\\/rtt-logo-mit-bg.svg\",\"contentUrl\":\"https:\\\/\\\/rema-tiptop.de\\\/wp-content\\\/uploads\\\/2024\\\/11\\\/rtt-logo-mit-bg.svg\",\"width\":108,\"height\":83,\"caption\":\"REMA TIP TOP\"},\"image\":{\"@id\":\"https:\\\/\\\/rema-tiptop.de\\\/#\\\/schema\\\/logo\\\/image\\\/\"}}]}<\/script>\n<!-- \/ Yoast SEO plugin. -->","yoast_head_json":{"title":"Hydraulic coatings - REMA TIP TOP","description":"Corrosion protection system for steel hydraulic engineering: robust coatings for water turbines &amp; offshore installations, tested according to EN ISO 12944 Im1\u2013Im3.","robots":{"index":"index","follow":"follow","max-snippet":"max-snippet:-1","max-image-preview":"max-image-preview:large","max-video-preview":"max-video-preview:-1"},"canonical":"https:\/\/rema-tiptop.de\/en\/products-services\/rema-surface-protection\/products\/light-corrosion-protection\/hydraulic-coatings\/","og_locale":"en_US","og_type":"article","og_title":"Hydraulische Beschichtungen | Leichter Verschlei\u00dfschutz","og_description":"Korrosionsschutzsystem f\u00fcr Stahlwasserbau: robuste Beschichtungen f\u00fcr Wasserturbinen & Offshore-Anlagen, gepr\u00fcft nach EN ISO 12944 Im1\u2013Im3.","og_url":"https:\/\/rema-tiptop.de\/en\/products-services\/rema-surface-protection\/products\/light-corrosion-protection\/hydraulic-coatings\/","og_site_name":"REMA TIP TOP","article_modified_time":"2025-11-24T11:38:41+00:00","og_image":[{"url":"https:\/\/rema-tiptop.de\/wp-content\/uploads\/2025\/02\/rema-surface-protection-produkte-leichter-korrosionsschutz-hydraulisch-1024x768.webp","type":"","width":"","height":""}],"twitter_card":"summary_large_image","twitter_misc":{"Est. reading time":"1 minute"},"schema":{"@context":"https:\/\/schema.org","@graph":[{"@type":"WebPage","@id":"https:\/\/rema-tiptop.de\/produkte-services\/rema-surface-protection\/produktuebersicht\/leichter-korrosionsschutz\/korrosionsschutzsystem-fuer-stahlwasserbau\/","url":"https:\/\/rema-tiptop.de\/produkte-services\/rema-surface-protection\/produktuebersicht\/leichter-korrosionsschutz\/korrosionsschutzsystem-fuer-stahlwasserbau\/","name":"Hydraulic coatings - REMA TIP TOP","isPartOf":{"@id":"https:\/\/rema-tiptop.de\/#website"},"primaryImageOfPage":{"@id":"https:\/\/rema-tiptop.de\/produkte-services\/rema-surface-protection\/produktuebersicht\/leichter-korrosionsschutz\/korrosionsschutzsystem-fuer-stahlwasserbau\/#primaryimage"},"image":{"@id":"https:\/\/rema-tiptop.de\/produkte-services\/rema-surface-protection\/produktuebersicht\/leichter-korrosionsschutz\/korrosionsschutzsystem-fuer-stahlwasserbau\/#primaryimage"},"thumbnailUrl":"https:\/\/rema-tiptop.de\/wp-content\/uploads\/2025\/02\/rema-surface-protection-produkte-leichter-korrosionsschutz-hydraulisch-1024x768.webp","datePublished":"2024-12-04T10:01:54+00:00","dateModified":"2025-11-24T11:38:41+00:00","description":"Corrosion protection system for steel hydraulic engineering: robust coatings for water turbines &amp; offshore installations, tested according to EN ISO 12944 Im1\u2013Im3.","breadcrumb":{"@id":"https:\/\/rema-tiptop.de\/produkte-services\/rema-surface-protection\/produktuebersicht\/leichter-korrosionsschutz\/korrosionsschutzsystem-fuer-stahlwasserbau\/#breadcrumb"},"inLanguage":"en-US","potentialAction":[{"@type":"ReadAction","target":["https:\/\/rema-tiptop.de\/produkte-services\/rema-surface-protection\/produktuebersicht\/leichter-korrosionsschutz\/korrosionsschutzsystem-fuer-stahlwasserbau\/"]}]},{"@type":"ImageObject","inLanguage":"en-US","@id":"https:\/\/rema-tiptop.de\/produkte-services\/rema-surface-protection\/produktuebersicht\/leichter-korrosionsschutz\/korrosionsschutzsystem-fuer-stahlwasserbau\/#primaryimage","url":"https:\/\/rema-tiptop.de\/wp-content\/uploads\/2025\/02\/rema-surface-protection-produkte-leichter-korrosionsschutz-hydraulisch-1024x768.webp","contentUrl":"https:\/\/rema-tiptop.de\/wp-content\/uploads\/2025\/02\/rema-surface-protection-produkte-leichter-korrosionsschutz-hydraulisch-1024x768.webp"},{"@type":"BreadcrumbList","@id":"https:\/\/rema-tiptop.de\/produkte-services\/rema-surface-protection\/produktuebersicht\/leichter-korrosionsschutz\/korrosionsschutzsystem-fuer-stahlwasserbau\/#breadcrumb","itemListElement":[{"@type":"ListItem","position":1,"name":"Startseite","item":"https:\/\/rema-tiptop.de\/"},{"@type":"ListItem","position":2,"name":"Produkte &amp; Services","item":"https:\/\/rema-tiptop.de\/produkte-services\/"},{"@type":"ListItem","position":3,"name":"REMA Surface Protection","item":"https:\/\/rema-tiptop.de\/produkte-services\/rema-surface-protection\/"},{"@type":"ListItem","position":4,"name":"Produkt\u00fcbersicht","item":"https:\/\/rema-tiptop.de\/produkte-services\/rema-surface-protection\/produktuebersicht\/"},{"@type":"ListItem","position":5,"name":"Leichter Korrosionsschutz","item":"https:\/\/rema-tiptop.de\/produkte-services\/rema-surface-protection\/produktuebersicht\/leichter-korrosionsschutz\/"},{"@type":"ListItem","position":6,"name":"Korrosions\u00adschutzsystem f\u00fcr Stahlwasserbau"}]},{"@type":"WebSite","@id":"https:\/\/rema-tiptop.de\/#website","url":"https:\/\/rema-tiptop.de\/","name":"REMA TIP TOP","description":"","publisher":{"@id":"https:\/\/rema-tiptop.de\/#organization"},"potentialAction":[{"@type":"SearchAction","target":{"@type":"EntryPoint","urlTemplate":"https:\/\/rema-tiptop.de\/?s={search_term_string}"},"query-input":{"@type":"PropertyValueSpecification","valueRequired":true,"valueName":"search_term_string"}}],"inLanguage":"en-US"},{"@type":"Organization","@id":"https:\/\/rema-tiptop.de\/#organization","name":"REMA TIP TOP","url":"https:\/\/rema-tiptop.de\/","logo":{"@type":"ImageObject","inLanguage":"en-US","@id":"https:\/\/rema-tiptop.de\/#\/schema\/logo\/image\/","url":"https:\/\/rema-tiptop.de\/wp-content\/uploads\/2024\/11\/rtt-logo-mit-bg.svg","contentUrl":"https:\/\/rema-tiptop.de\/wp-content\/uploads\/2024\/11\/rtt-logo-mit-bg.svg","width":108,"height":83,"caption":"REMA TIP TOP"},"image":{"@id":"https:\/\/rema-tiptop.de\/#\/schema\/logo\/image\/"}}]}},"_links":{"self":[{"href":"https:\/\/rema-tiptop.de\/en\/wp-json\/wp\/v2\/pages\/11619","targetHints":{"allow":["GET"]}}],"collection":[{"href":"https:\/\/rema-tiptop.de\/en\/wp-json\/wp\/v2\/pages"}],"about":[{"href":"https:\/\/rema-tiptop.de\/en\/wp-json\/wp\/v2\/types\/page"}],"author":[{"embeddable":true,"href":"https:\/\/rema-tiptop.de\/en\/wp-json\/wp\/v2\/users\/9"}],"replies":[{"embeddable":true,"href":"https:\/\/rema-tiptop.de\/en\/wp-json\/wp\/v2\/comments?post=11619"}],"version-history":[{"count":32,"href":"https:\/\/rema-tiptop.de\/en\/wp-json\/wp\/v2\/pages\/11619\/revisions"}],"predecessor-version":[{"id":20453,"href":"https:\/\/rema-tiptop.de\/en\/wp-json\/wp\/v2\/pages\/11619\/revisions\/20453"}],"up":[{"embeddable":true,"href":"https:\/\/rema-tiptop.de\/en\/wp-json\/wp\/v2\/pages\/11444"}],"wp:attachment":[{"href":"https:\/\/rema-tiptop.de\/en\/wp-json\/wp\/v2\/media?parent=11619"}],"curies":[{"name":"wp","href":"https:\/\/api.w.org\/{rel}","templated":true}]}}