{"id":11630,"date":"2024-12-04T11:04:24","date_gmt":"2024-12-04T10:04:24","guid":{"rendered":"https:\/\/staging.rema-tiptop.de\/?page_id=11630"},"modified":"2025-11-21T13:52:06","modified_gmt":"2025-11-21T12:52:06","slug":"primers-for-coatings","status":"publish","type":"page","link":"https:\/\/rema-tiptop.de\/en\/products-services\/rema-surface-protection\/products\/light-corrosion-protection\/primers-for-coatings\/","title":{"rendered":"Primers for Coatings"},"content":{"rendered":"<div data-elementor-type=\"wp-page\" data-elementor-id=\"11630\" class=\"elementor elementor-11630\" data-elementor-post-type=\"page\">\n\t\t\t\t<div class=\"elementor-element elementor-element-b979fae e-flex e-con-boxed e-con e-parent\" data-id=\"b979fae\" data-element_type=\"container\" data-e-type=\"container\" data-settings=\"{&quot;background_background&quot;:&quot;classic&quot;}\">\n\t\t\t\t\t<div class=\"e-con-inner\">\n\t\t<div class=\"elementor-element elementor-element-7895ce63 e-con-full e-flex e-con e-child\" data-id=\"7895ce63\" data-element_type=\"container\" data-e-type=\"container\">\n\t\t\t\t<div class=\"elementor-element elementor-element-1ed76f1 elementor-widget elementor-widget-heading\" data-id=\"1ed76f1\" data-element_type=\"widget\" data-e-type=\"widget\" data-widget_type=\"heading.default\">\n\t\t\t\t<div class=\"elementor-widget-container\">\n\t\t\t\t\t<h1 class=\"elementor-heading-title elementor-size-default\">Primers for Coatings<\/h1>\t\t\t\t<\/div>\n\t\t\t\t<\/div>\n\t\t\t\t<\/div>\n\t\t<div class=\"elementor-element elementor-element-13e14a25 e-con-full e-flex e-con e-child\" data-id=\"13e14a25\" data-element_type=\"container\" data-e-type=\"container\">\n\t\t\t\t<div class=\"elementor-element elementor-element-39f5c04c elementor-widget elementor-widget-image\" data-id=\"39f5c04c\" data-element_type=\"widget\" data-e-type=\"widget\" data-widget_type=\"image.default\">\n\t\t\t\t<div class=\"elementor-widget-container\">\n\t\t\t\t\t\t\t\t\t\t\t\t\t\t\t<img fetchpriority=\"high\" decoding=\"async\" width=\"1024\" height=\"768\" src=\"https:\/\/rema-tiptop.de\/wp-content\/uploads\/2025\/02\/rema-surface-protection-produkte-leichter-korrosionsschutz-grundierung-1024x768.webp\" class=\"attachment-large size-large wp-image-16328\" alt=\"Rema Surface Protection Product Light corrosion protection primer\" srcset=\"https:\/\/rema-tiptop.de\/wp-content\/uploads\/2025\/02\/rema-surface-protection-produkte-leichter-korrosionsschutz-grundierung-1024x768.webp 1024w, https:\/\/rema-tiptop.de\/wp-content\/uploads\/2025\/02\/rema-surface-protection-produkte-leichter-korrosionsschutz-grundierung-300x225.webp 300w, https:\/\/rema-tiptop.de\/wp-content\/uploads\/2025\/02\/rema-surface-protection-produkte-leichter-korrosionsschutz-grundierung-768x576.webp 768w, https:\/\/rema-tiptop.de\/wp-content\/uploads\/2025\/02\/rema-surface-protection-produkte-leichter-korrosionsschutz-grundierung-1536x1152.webp 1536w, https:\/\/rema-tiptop.de\/wp-content\/uploads\/2025\/02\/rema-surface-protection-produkte-leichter-korrosionsschutz-grundierung-16x12.webp 16w, https:\/\/rema-tiptop.de\/wp-content\/uploads\/2025\/02\/rema-surface-protection-produkte-leichter-korrosionsschutz-grundierung.webp 2000w\" sizes=\"(max-width: 1024px) 100vw, 1024px\" \/>\t\t\t\t\t\t\t\t\t\t\t\t\t\t\t<\/div>\n\t\t\t\t<\/div>\n\t\t\t\t<\/div>\n\t\t\t\t\t<\/div>\n\t\t\t\t<\/div>\n\t\t<div class=\"elementor-element elementor-element-5d90f263 e-flex e-con-boxed e-con e-parent\" data-id=\"5d90f263\" data-element_type=\"container\" data-e-type=\"container\" data-settings=\"{&quot;background_background&quot;:&quot;classic&quot;}\">\n\t\t\t\t\t<div class=\"e-con-inner\">\n\t\t\t\t<div class=\"elementor-element elementor-element-7dceb70b elementor-widget elementor-widget-heading\" data-id=\"7dceb70b\" data-element_type=\"widget\" data-e-type=\"widget\" data-widget_type=\"heading.default\">\n\t\t\t\t<div class=\"elementor-widget-container\">\n\t\t\t\t\t<h2 class=\"elementor-heading-title elementor-size-default\">Preparation for harsh environments<\/h2>\t\t\t\t<\/div>\n\t\t\t\t<\/div>\n\t\t\t\t<div class=\"elementor-element elementor-element-1fd00a89 elementor-widget elementor-widget-text-editor\" data-id=\"1fd00a89\" data-element_type=\"widget\" data-e-type=\"widget\" data-widget_type=\"text-editor.default\">\n\t\t\t\t<div class=\"elementor-widget-container\">\n\t\t\t\t\t\t\t\t\t<p style=\"font-weight: 400\">Our primers for atmospheric and hydraulic steel coatings are specially formulated to enhance adhesion and provide robust protection against atmospheric corrosion, ensuring the integrity and longevity of steel structures in harsh environments.<\/p>\t\t\t\t\t\t\t\t<\/div>\n\t\t\t\t<\/div>\n\t\t\t\t\t<\/div>\n\t\t\t\t<\/div>\n\t\t<div class=\"elementor-element elementor-element-2049aa19 e-con-full e-flex e-con e-parent\" data-id=\"2049aa19\" data-element_type=\"container\" data-e-type=\"container\" data-settings=\"{&quot;background_background&quot;:&quot;classic&quot;}\">\n\t\t<div class=\"elementor-element elementor-element-208a53c7 e-con-full e-flex e-con e-child\" data-id=\"208a53c7\" data-element_type=\"container\" data-e-type=\"container\" data-settings=\"{&quot;background_background&quot;:&quot;classic&quot;}\">\n\t\t<div class=\"elementor-element elementor-element-1dd3f81 e-con-full cta-inner e-flex e-con e-child\" data-id=\"1dd3f81\" data-element_type=\"container\" data-e-type=\"container\">\n\t\t\t\t<div class=\"elementor-element elementor-element-2a6e5213 elementor-widget__width-initial elementor-widget elementor-widget-heading\" data-id=\"2a6e5213\" data-element_type=\"widget\" data-e-type=\"widget\" data-widget_type=\"heading.default\">\n\t\t\t\t<div class=\"elementor-widget-container\">\n\t\t\t\t\t<h2 class=\"elementor-heading-title elementor-size-default\">Your local contact<\/h2>\t\t\t\t<\/div>\n\t\t\t\t<\/div>\n\t\t\t\t<div class=\"elementor-element elementor-element-61d8ff46 elementor-widget elementor-widget-text-editor\" data-id=\"61d8ff46\" data-element_type=\"widget\" data-e-type=\"widget\" data-widget_type=\"text-editor.default\">\n\t\t\t\t<div class=\"elementor-widget-container\">\n\t\t\t\t\t\t\t\t\t<p style=\"font-weight: 400\">We are close to you \u2013 worldwide.<\/p><p style=\"font-weight: 400\">With our contact finder you will find local REMAsters that match your requirements. \nWe look forward to hearing from you!<\/p>\t\t\t\t\t\t\t\t<\/div>\n\t\t\t\t<\/div>\n\t\t\t\t<div class=\"elementor-element elementor-element-6c843ff4 elementor-align-center rema-button contact-button elementor-widget elementor-widget-button\" data-id=\"6c843ff4\" data-element_type=\"widget\" data-e-type=\"widget\" data-widget_type=\"button.default\">\n\t\t\t\t<div class=\"elementor-widget-container\">\n\t\t\t\t\t\t\t\t\t<div class=\"elementor-button-wrapper\">\n\t\t\t\t\t<a class=\"elementor-button elementor-button-link elementor-size-sm\" href=\"https:\/\/rema-tiptop.de\/en\/contact-finder\/\">\n\t\t\t\t\t\t<span class=\"elementor-button-content-wrapper\">\n\t\t\t\t\t\t\t\t\t<span class=\"elementor-button-text\">Find your local contact<\/span>\n\t\t\t\t\t<\/span>\n\t\t\t\t\t<\/a>\n\t\t\t\t<\/div>\n\t\t\t\t\t\t\t\t<\/div>\n\t\t\t\t<\/div>\n\t\t\t\t<\/div>\n\t\t\t\t<\/div>\n\t\t<div class=\"elementor-element elementor-element-6e88688e e-con-full e-flex e-con e-child\" data-id=\"6e88688e\" data-element_type=\"container\" data-e-type=\"container\">\n\t\t\t\t<\/div>\n\t\t<div class=\"elementor-element elementor-element-35800938 e-con-full elementor-hidden-desktop elementor-hidden-tablet e-flex e-con e-child\" data-id=\"35800938\" data-element_type=\"container\" data-e-type=\"container\" data-settings=\"{&quot;background_background&quot;:&quot;classic&quot;}\">\n\t\t\t\t<\/div>\n\t\t\t\t<\/div>\n\t\t\t\t<\/div>","protected":false},"excerpt":{"rendered":"<p>Grundierungen f\u00fcr Beschichtungen Untergrundvorbereitung f\u00fcr schwierige Umweltbedingungen Unsere Grundierungen f\u00fcr die atmosph\u00e4rischen Korrosionsschutz- und Stahlwasserbau-Beschichtungen wurden speziell entwickelt, um die Haftung zu verbessern und einen robusten Schutz gegen atmosph\u00e4rische Korrosion zu bieten. Dadurch wird die Integrit\u00e4t und Langlebigkeit von Stahlkonstruktionen unter schwierigen Umweltbedingungen gew\u00e4hrleistet. Ihr Kontakt zu uns Wo immer Sie sind \u2013 wir sind [&hellip;]<\/p>\n","protected":false},"author":9,"featured_media":0,"parent":11444,"menu_order":0,"comment_status":"closed","ping_status":"closed","template":"","meta":{"_acf_changed":false,"footnotes":""},"class_list":["post-11630","page","type-page","status-publish","hentry"],"acf":[],"yoast_head":"<!-- This site is optimized with the Yoast SEO plugin v27.3 - https:\/\/yoast.com\/product\/yoast-seo-wordpress\/ -->\n<title>Grundierungen f\u00fcr Beschichtungen | Leichter Verschlei\u00dfschutz<\/title>\n<meta name=\"description\" content=\"Grundierungen f\u00fcr Beschichtungen von REMA TIP TOP: f\u00fcr atmosph\u00e4rischen Korrosionsschutz und Stahlwasserbau, verbessern Haftung und Schutz.\" \/>\n<meta name=\"robots\" content=\"index, follow, max-snippet:-1, max-image-preview:large, max-video-preview:-1\" \/>\n<link rel=\"canonical\" href=\"https:\/\/rema-tiptop.de\/en\/products-services\/rema-surface-protection\/products\/light-corrosion-protection\/primers-for-coatings\/\" \/>\n<meta property=\"og:locale\" content=\"en_US\" \/>\n<meta property=\"og:type\" content=\"article\" \/>\n<meta property=\"og:title\" content=\"Grundierungen f\u00fcr Beschichtungen | Leichter Verschlei\u00dfschutz\" \/>\n<meta property=\"og:description\" content=\"Grundierungen f\u00fcr Beschichtungen von REMA TIP TOP: f\u00fcr atmosph\u00e4rischen Korrosionsschutz und Stahlwasserbau, verbessern Haftung und Schutz.\" \/>\n<meta property=\"og:url\" content=\"https:\/\/rema-tiptop.de\/en\/products-services\/rema-surface-protection\/products\/light-corrosion-protection\/primers-for-coatings\/\" \/>\n<meta property=\"og:site_name\" content=\"REMA TIP TOP\" \/>\n<meta property=\"article:modified_time\" content=\"2025-11-21T12:52:06+00:00\" \/>\n<meta property=\"og:image\" content=\"https:\/\/rema-tiptop.de\/wp-content\/uploads\/2025\/02\/rema-surface-protection-produkte-leichter-korrosionsschutz-grundierung-1024x768.webp\" \/>\n<meta name=\"twitter:card\" content=\"summary_large_image\" \/>\n<meta name=\"twitter:label1\" content=\"Est. reading time\" \/>\n\t<meta name=\"twitter:data1\" content=\"1 minute\" \/>\n<script type=\"application\/ld+json\" class=\"yoast-schema-graph\">{\"@context\":\"https:\\\/\\\/schema.org\",\"@graph\":[{\"@type\":\"WebPage\",\"@id\":\"https:\\\/\\\/rema-tiptop.de\\\/produkte-services\\\/rema-surface-protection\\\/produktuebersicht\\\/leichter-korrosionsschutz\\\/grundierungen-fuer-beschichtungen\\\/\",\"url\":\"https:\\\/\\\/rema-tiptop.de\\\/produkte-services\\\/rema-surface-protection\\\/produktuebersicht\\\/leichter-korrosionsschutz\\\/grundierungen-fuer-beschichtungen\\\/\",\"name\":\"Grundierungen f\u00fcr Beschichtungen | Leichter Verschlei\u00dfschutz\",\"isPartOf\":{\"@id\":\"https:\\\/\\\/rema-tiptop.de\\\/#website\"},\"primaryImageOfPage\":{\"@id\":\"https:\\\/\\\/rema-tiptop.de\\\/produkte-services\\\/rema-surface-protection\\\/produktuebersicht\\\/leichter-korrosionsschutz\\\/grundierungen-fuer-beschichtungen\\\/#primaryimage\"},\"image\":{\"@id\":\"https:\\\/\\\/rema-tiptop.de\\\/produkte-services\\\/rema-surface-protection\\\/produktuebersicht\\\/leichter-korrosionsschutz\\\/grundierungen-fuer-beschichtungen\\\/#primaryimage\"},\"thumbnailUrl\":\"https:\\\/\\\/rema-tiptop.de\\\/wp-content\\\/uploads\\\/2025\\\/02\\\/rema-surface-protection-produkte-leichter-korrosionsschutz-grundierung-1024x768.webp\",\"datePublished\":\"2024-12-04T10:04:24+00:00\",\"dateModified\":\"2025-11-21T12:52:06+00:00\",\"description\":\"Grundierungen f\u00fcr Beschichtungen von REMA TIP TOP: f\u00fcr atmosph\u00e4rischen Korrosionsschutz und Stahlwasserbau, verbessern Haftung und Schutz.\",\"breadcrumb\":{\"@id\":\"https:\\\/\\\/rema-tiptop.de\\\/produkte-services\\\/rema-surface-protection\\\/produktuebersicht\\\/leichter-korrosionsschutz\\\/grundierungen-fuer-beschichtungen\\\/#breadcrumb\"},\"inLanguage\":\"en-US\",\"potentialAction\":[{\"@type\":\"ReadAction\",\"target\":[\"https:\\\/\\\/rema-tiptop.de\\\/produkte-services\\\/rema-surface-protection\\\/produktuebersicht\\\/leichter-korrosionsschutz\\\/grundierungen-fuer-beschichtungen\\\/\"]}]},{\"@type\":\"ImageObject\",\"inLanguage\":\"en-US\",\"@id\":\"https:\\\/\\\/rema-tiptop.de\\\/produkte-services\\\/rema-surface-protection\\\/produktuebersicht\\\/leichter-korrosionsschutz\\\/grundierungen-fuer-beschichtungen\\\/#primaryimage\",\"url\":\"https:\\\/\\\/rema-tiptop.de\\\/wp-content\\\/uploads\\\/2025\\\/02\\\/rema-surface-protection-produkte-leichter-korrosionsschutz-grundierung-1024x768.webp\",\"contentUrl\":\"https:\\\/\\\/rema-tiptop.de\\\/wp-content\\\/uploads\\\/2025\\\/02\\\/rema-surface-protection-produkte-leichter-korrosionsschutz-grundierung-1024x768.webp\"},{\"@type\":\"BreadcrumbList\",\"@id\":\"https:\\\/\\\/rema-tiptop.de\\\/produkte-services\\\/rema-surface-protection\\\/produktuebersicht\\\/leichter-korrosionsschutz\\\/grundierungen-fuer-beschichtungen\\\/#breadcrumb\",\"itemListElement\":[{\"@type\":\"ListItem\",\"position\":1,\"name\":\"Startseite\",\"item\":\"https:\\\/\\\/rema-tiptop.de\\\/\"},{\"@type\":\"ListItem\",\"position\":2,\"name\":\"Produkte &amp; Services\",\"item\":\"https:\\\/\\\/rema-tiptop.de\\\/produkte-services\\\/\"},{\"@type\":\"ListItem\",\"position\":3,\"name\":\"REMA Surface Protection\",\"item\":\"https:\\\/\\\/rema-tiptop.de\\\/produkte-services\\\/rema-surface-protection\\\/\"},{\"@type\":\"ListItem\",\"position\":4,\"name\":\"Produkt\u00fcbersicht\",\"item\":\"https:\\\/\\\/rema-tiptop.de\\\/produkte-services\\\/rema-surface-protection\\\/produktuebersicht\\\/\"},{\"@type\":\"ListItem\",\"position\":5,\"name\":\"Leichter Korrosionsschutz\",\"item\":\"https:\\\/\\\/rema-tiptop.de\\\/produkte-services\\\/rema-surface-protection\\\/produktuebersicht\\\/leichter-korrosionsschutz\\\/\"},{\"@type\":\"ListItem\",\"position\":6,\"name\":\"Grundierungen f\u00fcr Beschichtungen\"}]},{\"@type\":\"WebSite\",\"@id\":\"https:\\\/\\\/rema-tiptop.de\\\/#website\",\"url\":\"https:\\\/\\\/rema-tiptop.de\\\/\",\"name\":\"REMA TIP TOP\",\"description\":\"\",\"publisher\":{\"@id\":\"https:\\\/\\\/rema-tiptop.de\\\/#organization\"},\"potentialAction\":[{\"@type\":\"SearchAction\",\"target\":{\"@type\":\"EntryPoint\",\"urlTemplate\":\"https:\\\/\\\/rema-tiptop.de\\\/?s={search_term_string}\"},\"query-input\":{\"@type\":\"PropertyValueSpecification\",\"valueRequired\":true,\"valueName\":\"search_term_string\"}}],\"inLanguage\":\"en-US\"},{\"@type\":\"Organization\",\"@id\":\"https:\\\/\\\/rema-tiptop.de\\\/#organization\",\"name\":\"REMA TIP TOP\",\"url\":\"https:\\\/\\\/rema-tiptop.de\\\/\",\"logo\":{\"@type\":\"ImageObject\",\"inLanguage\":\"en-US\",\"@id\":\"https:\\\/\\\/rema-tiptop.de\\\/#\\\/schema\\\/logo\\\/image\\\/\",\"url\":\"https:\\\/\\\/rema-tiptop.de\\\/wp-content\\\/uploads\\\/2024\\\/11\\\/rtt-logo-mit-bg.svg\",\"contentUrl\":\"https:\\\/\\\/rema-tiptop.de\\\/wp-content\\\/uploads\\\/2024\\\/11\\\/rtt-logo-mit-bg.svg\",\"width\":108,\"height\":83,\"caption\":\"REMA TIP TOP\"},\"image\":{\"@id\":\"https:\\\/\\\/rema-tiptop.de\\\/#\\\/schema\\\/logo\\\/image\\\/\"}}]}<\/script>\n<!-- \/ Yoast SEO plugin. -->","yoast_head_json":{"title":"Primers for coatings - REMA TIP TOP","description":"Primers for coatings from REMA TIP TOP: for atmospheric corrosion protection and steel hydraulic engineering, improve adhesion and protection.","robots":{"index":"index","follow":"follow","max-snippet":"max-snippet:-1","max-image-preview":"max-image-preview:large","max-video-preview":"max-video-preview:-1"},"canonical":"https:\/\/rema-tiptop.de\/en\/products-services\/rema-surface-protection\/products\/light-corrosion-protection\/primers-for-coatings\/","og_locale":"en_US","og_type":"article","og_title":"Grundierungen f\u00fcr Beschichtungen | Leichter Verschlei\u00dfschutz","og_description":"Grundierungen f\u00fcr Beschichtungen von REMA TIP TOP: f\u00fcr atmosph\u00e4rischen Korrosionsschutz und Stahlwasserbau, verbessern Haftung und Schutz.","og_url":"https:\/\/rema-tiptop.de\/en\/products-services\/rema-surface-protection\/products\/light-corrosion-protection\/primers-for-coatings\/","og_site_name":"REMA TIP TOP","article_modified_time":"2025-11-21T12:52:06+00:00","og_image":[{"url":"https:\/\/rema-tiptop.de\/wp-content\/uploads\/2025\/02\/rema-surface-protection-produkte-leichter-korrosionsschutz-grundierung-1024x768.webp","type":"","width":"","height":""}],"twitter_card":"summary_large_image","twitter_misc":{"Est. reading time":"1 minute"},"schema":{"@context":"https:\/\/schema.org","@graph":[{"@type":"WebPage","@id":"https:\/\/rema-tiptop.de\/produkte-services\/rema-surface-protection\/produktuebersicht\/leichter-korrosionsschutz\/grundierungen-fuer-beschichtungen\/","url":"https:\/\/rema-tiptop.de\/produkte-services\/rema-surface-protection\/produktuebersicht\/leichter-korrosionsschutz\/grundierungen-fuer-beschichtungen\/","name":"Primers for coatings - REMA TIP TOP","isPartOf":{"@id":"https:\/\/rema-tiptop.de\/#website"},"primaryImageOfPage":{"@id":"https:\/\/rema-tiptop.de\/produkte-services\/rema-surface-protection\/produktuebersicht\/leichter-korrosionsschutz\/grundierungen-fuer-beschichtungen\/#primaryimage"},"image":{"@id":"https:\/\/rema-tiptop.de\/produkte-services\/rema-surface-protection\/produktuebersicht\/leichter-korrosionsschutz\/grundierungen-fuer-beschichtungen\/#primaryimage"},"thumbnailUrl":"https:\/\/rema-tiptop.de\/wp-content\/uploads\/2025\/02\/rema-surface-protection-produkte-leichter-korrosionsschutz-grundierung-1024x768.webp","datePublished":"2024-12-04T10:04:24+00:00","dateModified":"2025-11-21T12:52:06+00:00","description":"Primers for coatings from REMA TIP TOP: for atmospheric corrosion protection and steel hydraulic engineering, improve adhesion and protection.","breadcrumb":{"@id":"https:\/\/rema-tiptop.de\/produkte-services\/rema-surface-protection\/produktuebersicht\/leichter-korrosionsschutz\/grundierungen-fuer-beschichtungen\/#breadcrumb"},"inLanguage":"en-US","potentialAction":[{"@type":"ReadAction","target":["https:\/\/rema-tiptop.de\/produkte-services\/rema-surface-protection\/produktuebersicht\/leichter-korrosionsschutz\/grundierungen-fuer-beschichtungen\/"]}]},{"@type":"ImageObject","inLanguage":"en-US","@id":"https:\/\/rema-tiptop.de\/produkte-services\/rema-surface-protection\/produktuebersicht\/leichter-korrosionsschutz\/grundierungen-fuer-beschichtungen\/#primaryimage","url":"https:\/\/rema-tiptop.de\/wp-content\/uploads\/2025\/02\/rema-surface-protection-produkte-leichter-korrosionsschutz-grundierung-1024x768.webp","contentUrl":"https:\/\/rema-tiptop.de\/wp-content\/uploads\/2025\/02\/rema-surface-protection-produkte-leichter-korrosionsschutz-grundierung-1024x768.webp"},{"@type":"BreadcrumbList","@id":"https:\/\/rema-tiptop.de\/produkte-services\/rema-surface-protection\/produktuebersicht\/leichter-korrosionsschutz\/grundierungen-fuer-beschichtungen\/#breadcrumb","itemListElement":[{"@type":"ListItem","position":1,"name":"Startseite","item":"https:\/\/rema-tiptop.de\/"},{"@type":"ListItem","position":2,"name":"Produkte &amp; Services","item":"https:\/\/rema-tiptop.de\/produkte-services\/"},{"@type":"ListItem","position":3,"name":"REMA Surface Protection","item":"https:\/\/rema-tiptop.de\/produkte-services\/rema-surface-protection\/"},{"@type":"ListItem","position":4,"name":"Produkt\u00fcbersicht","item":"https:\/\/rema-tiptop.de\/produkte-services\/rema-surface-protection\/produktuebersicht\/"},{"@type":"ListItem","position":5,"name":"Leichter Korrosionsschutz","item":"https:\/\/rema-tiptop.de\/produkte-services\/rema-surface-protection\/produktuebersicht\/leichter-korrosionsschutz\/"},{"@type":"ListItem","position":6,"name":"Grundierungen f\u00fcr Beschichtungen"}]},{"@type":"WebSite","@id":"https:\/\/rema-tiptop.de\/#website","url":"https:\/\/rema-tiptop.de\/","name":"REMA TIP TOP","description":"","publisher":{"@id":"https:\/\/rema-tiptop.de\/#organization"},"potentialAction":[{"@type":"SearchAction","target":{"@type":"EntryPoint","urlTemplate":"https:\/\/rema-tiptop.de\/?s={search_term_string}"},"query-input":{"@type":"PropertyValueSpecification","valueRequired":true,"valueName":"search_term_string"}}],"inLanguage":"en-US"},{"@type":"Organization","@id":"https:\/\/rema-tiptop.de\/#organization","name":"REMA TIP TOP","url":"https:\/\/rema-tiptop.de\/","logo":{"@type":"ImageObject","inLanguage":"en-US","@id":"https:\/\/rema-tiptop.de\/#\/schema\/logo\/image\/","url":"https:\/\/rema-tiptop.de\/wp-content\/uploads\/2024\/11\/rtt-logo-mit-bg.svg","contentUrl":"https:\/\/rema-tiptop.de\/wp-content\/uploads\/2024\/11\/rtt-logo-mit-bg.svg","width":108,"height":83,"caption":"REMA TIP TOP"},"image":{"@id":"https:\/\/rema-tiptop.de\/#\/schema\/logo\/image\/"}}]}},"_links":{"self":[{"href":"https:\/\/rema-tiptop.de\/en\/wp-json\/wp\/v2\/pages\/11630","targetHints":{"allow":["GET"]}}],"collection":[{"href":"https:\/\/rema-tiptop.de\/en\/wp-json\/wp\/v2\/pages"}],"about":[{"href":"https:\/\/rema-tiptop.de\/en\/wp-json\/wp\/v2\/types\/page"}],"author":[{"embeddable":true,"href":"https:\/\/rema-tiptop.de\/en\/wp-json\/wp\/v2\/users\/9"}],"replies":[{"embeddable":true,"href":"https:\/\/rema-tiptop.de\/en\/wp-json\/wp\/v2\/comments?post=11630"}],"version-history":[{"count":23,"href":"https:\/\/rema-tiptop.de\/en\/wp-json\/wp\/v2\/pages\/11630\/revisions"}],"predecessor-version":[{"id":20450,"href":"https:\/\/rema-tiptop.de\/en\/wp-json\/wp\/v2\/pages\/11630\/revisions\/20450"}],"up":[{"embeddable":true,"href":"https:\/\/rema-tiptop.de\/en\/wp-json\/wp\/v2\/pages\/11444"}],"wp:attachment":[{"href":"https:\/\/rema-tiptop.de\/en\/wp-json\/wp\/v2\/media?parent=11630"}],"curies":[{"name":"wp","href":"https:\/\/api.w.org\/{rel}","templated":true}]}}