{"id":11671,"date":"2024-12-04T11:20:31","date_gmt":"2024-12-04T10:20:31","guid":{"rendered":"https:\/\/staging.rema-tiptop.de\/?page_id=11671"},"modified":"2025-11-24T14:08:00","modified_gmt":"2025-11-24T13:08:00","slug":"primers-for-rubber-linings-2","status":"publish","type":"page","link":"https:\/\/rema-tiptop.de\/en\/products-services\/rema-surface-protection\/products\/heavy-corrosion-protection\/primers-for-rubber-linings-2\/","title":{"rendered":"Primers for Rubber Linings"},"content":{"rendered":"<div data-elementor-type=\"wp-page\" data-elementor-id=\"11671\" class=\"elementor elementor-11671\" data-elementor-post-type=\"page\">\n\t\t\t\t<div class=\"elementor-element elementor-element-3ca7a945 e-flex e-con-boxed e-con e-parent\" data-id=\"3ca7a945\" data-element_type=\"container\" data-e-type=\"container\" data-settings=\"{&quot;background_background&quot;:&quot;classic&quot;}\">\n\t\t\t\t\t<div class=\"e-con-inner\">\n\t\t<div class=\"elementor-element elementor-element-17b47388 e-con-full e-flex e-con e-child\" data-id=\"17b47388\" data-element_type=\"container\" data-e-type=\"container\">\n\t\t\t\t<div class=\"elementor-element elementor-element-3aa26b71 elementor-widget elementor-widget-heading\" data-id=\"3aa26b71\" data-element_type=\"widget\" data-e-type=\"widget\" data-widget_type=\"heading.default\">\n\t\t\t\t<div class=\"elementor-widget-container\">\n\t\t\t\t\t<h1 class=\"elementor-heading-title elementor-size-default\">Primers for Rubber Linings<\/h1>\t\t\t\t<\/div>\n\t\t\t\t<\/div>\n\t\t\t\t<\/div>\n\t\t<div class=\"elementor-element elementor-element-547f4e10 e-con-full e-flex e-con e-child\" data-id=\"547f4e10\" data-element_type=\"container\" data-e-type=\"container\">\n\t\t\t\t<div class=\"elementor-element elementor-element-7808659c elementor-widget elementor-widget-image\" data-id=\"7808659c\" data-element_type=\"widget\" data-e-type=\"widget\" data-widget_type=\"image.default\">\n\t\t\t\t<div class=\"elementor-widget-container\">\n\t\t\t\t\t\t\t\t\t\t\t\t\t\t\t<img fetchpriority=\"high\" decoding=\"async\" width=\"1024\" height=\"768\" src=\"https:\/\/rema-tiptop.de\/wp-content\/uploads\/2025\/02\/rema-surface-protection-produkte-verschleissschutz-grundierungen-1024x768.webp\" class=\"attachment-large size-large wp-image-16338\" alt=\"Rema Surface Protection Product Wear protection primer\" srcset=\"https:\/\/rema-tiptop.de\/wp-content\/uploads\/2025\/02\/rema-surface-protection-produkte-verschleissschutz-grundierungen-1024x768.webp 1024w, https:\/\/rema-tiptop.de\/wp-content\/uploads\/2025\/02\/rema-surface-protection-produkte-verschleissschutz-grundierungen-300x225.webp 300w, https:\/\/rema-tiptop.de\/wp-content\/uploads\/2025\/02\/rema-surface-protection-produkte-verschleissschutz-grundierungen-768x576.webp 768w, https:\/\/rema-tiptop.de\/wp-content\/uploads\/2025\/02\/rema-surface-protection-produkte-verschleissschutz-grundierungen-1536x1152.webp 1536w, https:\/\/rema-tiptop.de\/wp-content\/uploads\/2025\/02\/rema-surface-protection-produkte-verschleissschutz-grundierungen-16x12.webp 16w, https:\/\/rema-tiptop.de\/wp-content\/uploads\/2025\/02\/rema-surface-protection-produkte-verschleissschutz-grundierungen.webp 2000w\" sizes=\"(max-width: 1024px) 100vw, 1024px\" \/>\t\t\t\t\t\t\t\t\t\t\t\t\t\t\t<\/div>\n\t\t\t\t<\/div>\n\t\t\t\t<\/div>\n\t\t\t\t\t<\/div>\n\t\t\t\t<\/div>\n\t\t<div class=\"elementor-element elementor-element-63a021c e-flex e-con-boxed e-con e-parent\" data-id=\"63a021c\" data-element_type=\"container\" data-e-type=\"container\" data-settings=\"{&quot;background_background&quot;:&quot;classic&quot;}\">\n\t\t\t\t\t<div class=\"e-con-inner\">\n\t\t\t\t<div class=\"elementor-element elementor-element-4468d1f6 elementor-widget elementor-widget-heading\" data-id=\"4468d1f6\" data-element_type=\"widget\" data-e-type=\"widget\" data-widget_type=\"heading.default\">\n\t\t\t\t<div class=\"elementor-widget-container\">\n\t\t\t\t\t<h2 class=\"elementor-heading-title elementor-size-default\">Proven in the field for decades<\/h2>\t\t\t\t<\/div>\n\t\t\t\t<\/div>\n\t\t\t\t<div class=\"elementor-element elementor-element-6a3cea17 elementor-widget elementor-widget-text-editor\" data-id=\"6a3cea17\" data-element_type=\"widget\" data-e-type=\"widget\" data-widget_type=\"text-editor.default\">\n\t\t\t\t<div class=\"elementor-widget-container\">\n\t\t\t\t\t\t\t\t\t<p style=\"font-weight: 400\">We offer our customers a wide range of primers that work perfectly with our world-class rubber linings. These primers have been proven in the field for decades. Depending on the lining system you choose, we have just the right mix for your application.<\/p>\t\t\t\t\t\t\t\t<\/div>\n\t\t\t\t<\/div>\n\t\t\t\t\t<\/div>\n\t\t\t\t<\/div>\n\t\t<div class=\"elementor-element elementor-element-19e11c3 e-flex e-con-boxed e-con e-parent\" data-id=\"19e11c3\" data-element_type=\"container\" data-e-type=\"container\" data-settings=\"{&quot;background_background&quot;:&quot;classic&quot;}\">\n\t\t\t\t\t<div class=\"e-con-inner\">\n\t\t\t\t<div class=\"elementor-element elementor-element-776c233 elementor-widget elementor-widget-heading\" data-id=\"776c233\" data-element_type=\"widget\" data-e-type=\"widget\" data-widget_type=\"heading.default\">\n\t\t\t\t<div class=\"elementor-widget-container\">\n\t\t\t\t\t<h2 class=\"elementor-heading-title elementor-size-default\">Have we piqued your interest?<\/h2>\t\t\t\t<\/div>\n\t\t\t\t<\/div>\n\t\t\t\t<div class=\"elementor-element elementor-element-3a45c5bd elementor-widget elementor-widget-text-editor\" data-id=\"3a45c5bd\" data-element_type=\"widget\" data-e-type=\"widget\" data-widget_type=\"text-editor.default\">\n\t\t\t\t<div class=\"elementor-widget-container\">\n\t\t\t\t\t\t\t\t\t<p>Check out our product catalog for more information.<\/p>\t\t\t\t\t\t\t\t<\/div>\n\t\t\t\t<\/div>\n\t\t\t\t<div class=\"elementor-element elementor-element-683a7ae rema-button elementor-widget elementor-widget-button\" data-id=\"683a7ae\" data-element_type=\"widget\" data-e-type=\"widget\" data-widget_type=\"button.default\">\n\t\t\t\t<div class=\"elementor-widget-container\">\n\t\t\t\t\t\t\t\t\t<div class=\"elementor-button-wrapper\">\n\t\t\t\t\t<a class=\"elementor-button elementor-button-link elementor-size-sm\" href=\"#\">\n\t\t\t\t\t\t<span class=\"elementor-button-content-wrapper\">\n\t\t\t\t\t\t\t\t\t<span class=\"elementor-button-text\">Product catalog<\/span>\n\t\t\t\t\t<\/span>\n\t\t\t\t\t<\/a>\n\t\t\t\t<\/div>\n\t\t\t\t\t\t\t\t<\/div>\n\t\t\t\t<\/div>\n\t\t\t\t\t<\/div>\n\t\t\t\t<\/div>\n\t\t<div class=\"elementor-element elementor-element-61184c57 e-con-full e-flex e-con e-parent\" data-id=\"61184c57\" data-element_type=\"container\" data-e-type=\"container\" data-settings=\"{&quot;background_background&quot;:&quot;classic&quot;}\">\n\t\t<div class=\"elementor-element elementor-element-69c94597 e-con-full e-flex e-con e-child\" data-id=\"69c94597\" data-element_type=\"container\" data-e-type=\"container\" data-settings=\"{&quot;background_background&quot;:&quot;classic&quot;}\">\n\t\t<div class=\"elementor-element elementor-element-3c785f27 e-con-full cta-inner e-flex e-con e-child\" data-id=\"3c785f27\" data-element_type=\"container\" data-e-type=\"container\">\n\t\t\t\t<div class=\"elementor-element elementor-element-7d0351b1 elementor-widget__width-initial elementor-widget elementor-widget-heading\" data-id=\"7d0351b1\" data-element_type=\"widget\" data-e-type=\"widget\" data-widget_type=\"heading.default\">\n\t\t\t\t<div class=\"elementor-widget-container\">\n\t\t\t\t\t<h2 class=\"elementor-heading-title elementor-size-default\">Your local contact<\/h2>\t\t\t\t<\/div>\n\t\t\t\t<\/div>\n\t\t\t\t<div class=\"elementor-element elementor-element-a2314ab elementor-widget elementor-widget-text-editor\" data-id=\"a2314ab\" data-element_type=\"widget\" data-e-type=\"widget\" data-widget_type=\"text-editor.default\">\n\t\t\t\t<div class=\"elementor-widget-container\">\n\t\t\t\t\t\t\t\t\t<p style=\"font-weight: 400\">We are close to you \u2013 worldwide.<\/p><p style=\"font-weight: 400\">With our contact finder you will find local REMAsters that match your requirements. \nWe look forward to hearing from you!<\/p>\t\t\t\t\t\t\t\t<\/div>\n\t\t\t\t<\/div>\n\t\t\t\t<div class=\"elementor-element elementor-element-7f687962 elementor-align-center rema-button contact-button elementor-widget elementor-widget-button\" data-id=\"7f687962\" data-element_type=\"widget\" data-e-type=\"widget\" data-widget_type=\"button.default\">\n\t\t\t\t<div class=\"elementor-widget-container\">\n\t\t\t\t\t\t\t\t\t<div class=\"elementor-button-wrapper\">\n\t\t\t\t\t<a class=\"elementor-button elementor-button-link elementor-size-sm\" href=\"https:\/\/rema-tiptop.de\/en\/contact-finder\/\">\n\t\t\t\t\t\t<span class=\"elementor-button-content-wrapper\">\n\t\t\t\t\t\t\t\t\t<span class=\"elementor-button-text\">Find your local contact<\/span>\n\t\t\t\t\t<\/span>\n\t\t\t\t\t<\/a>\n\t\t\t\t<\/div>\n\t\t\t\t\t\t\t\t<\/div>\n\t\t\t\t<\/div>\n\t\t\t\t<\/div>\n\t\t\t\t<\/div>\n\t\t<div class=\"elementor-element elementor-element-316466a8 e-con-full e-flex e-con e-child\" data-id=\"316466a8\" data-element_type=\"container\" data-e-type=\"container\">\n\t\t\t\t<\/div>\n\t\t<div class=\"elementor-element elementor-element-72f778c0 e-con-full elementor-hidden-desktop elementor-hidden-tablet e-flex e-con e-child\" data-id=\"72f778c0\" data-element_type=\"container\" data-e-type=\"container\" data-settings=\"{&quot;background_background&quot;:&quot;classic&quot;}\">\n\t\t\t\t<\/div>\n\t\t\t\t<\/div>\n\t\t\t\t<\/div>","protected":false},"excerpt":{"rendered":"<p>Grundierungen f\u00fcr Gummierungen Optimale Vorbereitung f\u00fcr die anschlie\u00dfende Gummierung Zur Vorbereitung von Metall- und Betonoberfl\u00e4chen f\u00fcr die anschlie\u00dfende Gummierung bieten wir unseren Kunden eine Vielzahl von Grundierungen an. Haben wir Ihr Interesse geweckt? Detaillierte Informationen finden Sie in unserem Produktkatalog. Weiter zum Produktkatalog Ihr Kontakt zu uns Wo immer Sie sind \u2013 wir sind in [&hellip;]<\/p>\n","protected":false},"author":9,"featured_media":0,"parent":11457,"menu_order":0,"comment_status":"closed","ping_status":"closed","template":"","meta":{"_acf_changed":false,"footnotes":""},"class_list":["post-11671","page","type-page","status-publish","hentry"],"acf":[],"yoast_head":"<!-- This site is optimized with the Yoast SEO plugin v27.3 - https:\/\/yoast.com\/product\/yoast-seo-wordpress\/ -->\n<title>Grundierungen f\u00fcr Gummierungen | Schwerer Verschlei\u00dfschutz<\/title>\n<meta name=\"description\" content=\"Spezialgrundierungen f\u00fcr Metall- &amp; Betonfl\u00e4chen \u2013 \u2713 optimale Vorbereitung f\u00fcr die anschlie\u00dfende Gummierung im schweren Korrosionsschutz.\" \/>\n<meta name=\"robots\" content=\"index, follow, max-snippet:-1, max-image-preview:large, max-video-preview:-1\" \/>\n<link rel=\"canonical\" href=\"https:\/\/rema-tiptop.de\/en\/products-services\/rema-surface-protection\/products\/heavy-corrosion-protection\/primers-for-rubber-linings-2\/\" \/>\n<meta property=\"og:locale\" content=\"en_US\" \/>\n<meta property=\"og:type\" content=\"article\" \/>\n<meta property=\"og:title\" content=\"Grundierungen f\u00fcr Gummierungen | Schwerer Verschlei\u00dfschutz\" \/>\n<meta property=\"og:description\" content=\"Spezialgrundierungen f\u00fcr Metall- &amp; Betonfl\u00e4chen \u2013 \u2713 optimale Vorbereitung f\u00fcr die anschlie\u00dfende Gummierung im schweren Korrosionsschutz.\" \/>\n<meta property=\"og:url\" content=\"https:\/\/rema-tiptop.de\/en\/products-services\/rema-surface-protection\/products\/heavy-corrosion-protection\/primers-for-rubber-linings-2\/\" \/>\n<meta property=\"og:site_name\" content=\"REMA TIP TOP\" \/>\n<meta property=\"article:modified_time\" content=\"2025-11-24T13:08:00+00:00\" \/>\n<meta property=\"og:image\" content=\"https:\/\/rema-tiptop.de\/wp-content\/uploads\/2025\/02\/rema-surface-protection-produkte-verschleissschutz-grundierungen-1024x768.webp\" \/>\n<meta name=\"twitter:card\" content=\"summary_large_image\" \/>\n<meta name=\"twitter:label1\" content=\"Est. reading time\" \/>\n\t<meta name=\"twitter:data1\" content=\"1 minute\" \/>\n<script type=\"application\/ld+json\" class=\"yoast-schema-graph\">{\"@context\":\"https:\\\/\\\/schema.org\",\"@graph\":[{\"@type\":\"WebPage\",\"@id\":\"https:\\\/\\\/rema-tiptop.de\\\/produkte-services\\\/rema-surface-protection\\\/produktuebersicht\\\/schwerer-korrosionsschutz\\\/grundierungen-fuer-gummierungen\\\/\",\"url\":\"https:\\\/\\\/rema-tiptop.de\\\/produkte-services\\\/rema-surface-protection\\\/produktuebersicht\\\/schwerer-korrosionsschutz\\\/grundierungen-fuer-gummierungen\\\/\",\"name\":\"Grundierungen f\u00fcr Gummierungen | Schwerer Verschlei\u00dfschutz\",\"isPartOf\":{\"@id\":\"https:\\\/\\\/rema-tiptop.de\\\/#website\"},\"primaryImageOfPage\":{\"@id\":\"https:\\\/\\\/rema-tiptop.de\\\/produkte-services\\\/rema-surface-protection\\\/produktuebersicht\\\/schwerer-korrosionsschutz\\\/grundierungen-fuer-gummierungen\\\/#primaryimage\"},\"image\":{\"@id\":\"https:\\\/\\\/rema-tiptop.de\\\/produkte-services\\\/rema-surface-protection\\\/produktuebersicht\\\/schwerer-korrosionsschutz\\\/grundierungen-fuer-gummierungen\\\/#primaryimage\"},\"thumbnailUrl\":\"https:\\\/\\\/rema-tiptop.de\\\/wp-content\\\/uploads\\\/2025\\\/02\\\/rema-surface-protection-produkte-verschleissschutz-grundierungen-1024x768.webp\",\"datePublished\":\"2024-12-04T10:20:31+00:00\",\"dateModified\":\"2025-11-24T13:08:00+00:00\",\"description\":\"Spezialgrundierungen f\u00fcr Metall- & Betonfl\u00e4chen \u2013 \u2713 optimale Vorbereitung f\u00fcr die anschlie\u00dfende Gummierung im schweren Korrosionsschutz.\",\"breadcrumb\":{\"@id\":\"https:\\\/\\\/rema-tiptop.de\\\/produkte-services\\\/rema-surface-protection\\\/produktuebersicht\\\/schwerer-korrosionsschutz\\\/grundierungen-fuer-gummierungen\\\/#breadcrumb\"},\"inLanguage\":\"en-US\",\"potentialAction\":[{\"@type\":\"ReadAction\",\"target\":[\"https:\\\/\\\/rema-tiptop.de\\\/produkte-services\\\/rema-surface-protection\\\/produktuebersicht\\\/schwerer-korrosionsschutz\\\/grundierungen-fuer-gummierungen\\\/\"]}]},{\"@type\":\"ImageObject\",\"inLanguage\":\"en-US\",\"@id\":\"https:\\\/\\\/rema-tiptop.de\\\/produkte-services\\\/rema-surface-protection\\\/produktuebersicht\\\/schwerer-korrosionsschutz\\\/grundierungen-fuer-gummierungen\\\/#primaryimage\",\"url\":\"https:\\\/\\\/rema-tiptop.de\\\/wp-content\\\/uploads\\\/2025\\\/02\\\/rema-surface-protection-produkte-verschleissschutz-grundierungen-1024x768.webp\",\"contentUrl\":\"https:\\\/\\\/rema-tiptop.de\\\/wp-content\\\/uploads\\\/2025\\\/02\\\/rema-surface-protection-produkte-verschleissschutz-grundierungen-1024x768.webp\"},{\"@type\":\"BreadcrumbList\",\"@id\":\"https:\\\/\\\/rema-tiptop.de\\\/produkte-services\\\/rema-surface-protection\\\/produktuebersicht\\\/schwerer-korrosionsschutz\\\/grundierungen-fuer-gummierungen\\\/#breadcrumb\",\"itemListElement\":[{\"@type\":\"ListItem\",\"position\":1,\"name\":\"Startseite\",\"item\":\"https:\\\/\\\/rema-tiptop.de\\\/\"},{\"@type\":\"ListItem\",\"position\":2,\"name\":\"Produkte &amp; Services\",\"item\":\"https:\\\/\\\/rema-tiptop.de\\\/produkte-services\\\/\"},{\"@type\":\"ListItem\",\"position\":3,\"name\":\"REMA Surface Protection\",\"item\":\"https:\\\/\\\/rema-tiptop.de\\\/produkte-services\\\/rema-surface-protection\\\/\"},{\"@type\":\"ListItem\",\"position\":4,\"name\":\"Produkt\u00fcbersicht\",\"item\":\"https:\\\/\\\/rema-tiptop.de\\\/produkte-services\\\/rema-surface-protection\\\/produktuebersicht\\\/\"},{\"@type\":\"ListItem\",\"position\":5,\"name\":\"Schwerer Korrosionsschutz\",\"item\":\"https:\\\/\\\/rema-tiptop.de\\\/produkte-services\\\/rema-surface-protection\\\/produktuebersicht\\\/schwerer-korrosionsschutz\\\/\"},{\"@type\":\"ListItem\",\"position\":6,\"name\":\"Grundierungen f\u00fcr Gummierungen\"}]},{\"@type\":\"WebSite\",\"@id\":\"https:\\\/\\\/rema-tiptop.de\\\/#website\",\"url\":\"https:\\\/\\\/rema-tiptop.de\\\/\",\"name\":\"REMA TIP TOP\",\"description\":\"\",\"publisher\":{\"@id\":\"https:\\\/\\\/rema-tiptop.de\\\/#organization\"},\"potentialAction\":[{\"@type\":\"SearchAction\",\"target\":{\"@type\":\"EntryPoint\",\"urlTemplate\":\"https:\\\/\\\/rema-tiptop.de\\\/?s={search_term_string}\"},\"query-input\":{\"@type\":\"PropertyValueSpecification\",\"valueRequired\":true,\"valueName\":\"search_term_string\"}}],\"inLanguage\":\"en-US\"},{\"@type\":\"Organization\",\"@id\":\"https:\\\/\\\/rema-tiptop.de\\\/#organization\",\"name\":\"REMA TIP TOP\",\"url\":\"https:\\\/\\\/rema-tiptop.de\\\/\",\"logo\":{\"@type\":\"ImageObject\",\"inLanguage\":\"en-US\",\"@id\":\"https:\\\/\\\/rema-tiptop.de\\\/#\\\/schema\\\/logo\\\/image\\\/\",\"url\":\"https:\\\/\\\/rema-tiptop.de\\\/wp-content\\\/uploads\\\/2024\\\/11\\\/rtt-logo-mit-bg.svg\",\"contentUrl\":\"https:\\\/\\\/rema-tiptop.de\\\/wp-content\\\/uploads\\\/2024\\\/11\\\/rtt-logo-mit-bg.svg\",\"width\":108,\"height\":83,\"caption\":\"REMA TIP TOP\"},\"image\":{\"@id\":\"https:\\\/\\\/rema-tiptop.de\\\/#\\\/schema\\\/logo\\\/image\\\/\"}}]}<\/script>\n<!-- \/ Yoast SEO plugin. -->","yoast_head_json":{"title":"Primers for Rubber Linings - REMA TIP TOP","description":"Special primers for metal and concrete surfaces \u2013 \u2713 optimal preparation for subsequent rubber coating in heavy corrosion protection.","robots":{"index":"index","follow":"follow","max-snippet":"max-snippet:-1","max-image-preview":"max-image-preview:large","max-video-preview":"max-video-preview:-1"},"canonical":"https:\/\/rema-tiptop.de\/en\/products-services\/rema-surface-protection\/products\/heavy-corrosion-protection\/primers-for-rubber-linings-2\/","og_locale":"en_US","og_type":"article","og_title":"Grundierungen f\u00fcr Gummierungen | Schwerer Verschlei\u00dfschutz","og_description":"Spezialgrundierungen f\u00fcr Metall- & Betonfl\u00e4chen \u2013 \u2713 optimale Vorbereitung f\u00fcr die anschlie\u00dfende Gummierung im schweren Korrosionsschutz.","og_url":"https:\/\/rema-tiptop.de\/en\/products-services\/rema-surface-protection\/products\/heavy-corrosion-protection\/primers-for-rubber-linings-2\/","og_site_name":"REMA TIP TOP","article_modified_time":"2025-11-24T13:08:00+00:00","og_image":[{"url":"https:\/\/rema-tiptop.de\/wp-content\/uploads\/2025\/02\/rema-surface-protection-produkte-verschleissschutz-grundierungen-1024x768.webp","type":"","width":"","height":""}],"twitter_card":"summary_large_image","twitter_misc":{"Est. reading time":"1 minute"},"schema":{"@context":"https:\/\/schema.org","@graph":[{"@type":"WebPage","@id":"https:\/\/rema-tiptop.de\/produkte-services\/rema-surface-protection\/produktuebersicht\/schwerer-korrosionsschutz\/grundierungen-fuer-gummierungen\/","url":"https:\/\/rema-tiptop.de\/produkte-services\/rema-surface-protection\/produktuebersicht\/schwerer-korrosionsschutz\/grundierungen-fuer-gummierungen\/","name":"Primers for Rubber Linings - REMA TIP TOP","isPartOf":{"@id":"https:\/\/rema-tiptop.de\/#website"},"primaryImageOfPage":{"@id":"https:\/\/rema-tiptop.de\/produkte-services\/rema-surface-protection\/produktuebersicht\/schwerer-korrosionsschutz\/grundierungen-fuer-gummierungen\/#primaryimage"},"image":{"@id":"https:\/\/rema-tiptop.de\/produkte-services\/rema-surface-protection\/produktuebersicht\/schwerer-korrosionsschutz\/grundierungen-fuer-gummierungen\/#primaryimage"},"thumbnailUrl":"https:\/\/rema-tiptop.de\/wp-content\/uploads\/2025\/02\/rema-surface-protection-produkte-verschleissschutz-grundierungen-1024x768.webp","datePublished":"2024-12-04T10:20:31+00:00","dateModified":"2025-11-24T13:08:00+00:00","description":"Special primers for metal and concrete surfaces \u2013 \u2713 optimal preparation for subsequent rubber coating in heavy corrosion protection.","breadcrumb":{"@id":"https:\/\/rema-tiptop.de\/produkte-services\/rema-surface-protection\/produktuebersicht\/schwerer-korrosionsschutz\/grundierungen-fuer-gummierungen\/#breadcrumb"},"inLanguage":"en-US","potentialAction":[{"@type":"ReadAction","target":["https:\/\/rema-tiptop.de\/produkte-services\/rema-surface-protection\/produktuebersicht\/schwerer-korrosionsschutz\/grundierungen-fuer-gummierungen\/"]}]},{"@type":"ImageObject","inLanguage":"en-US","@id":"https:\/\/rema-tiptop.de\/produkte-services\/rema-surface-protection\/produktuebersicht\/schwerer-korrosionsschutz\/grundierungen-fuer-gummierungen\/#primaryimage","url":"https:\/\/rema-tiptop.de\/wp-content\/uploads\/2025\/02\/rema-surface-protection-produkte-verschleissschutz-grundierungen-1024x768.webp","contentUrl":"https:\/\/rema-tiptop.de\/wp-content\/uploads\/2025\/02\/rema-surface-protection-produkte-verschleissschutz-grundierungen-1024x768.webp"},{"@type":"BreadcrumbList","@id":"https:\/\/rema-tiptop.de\/produkte-services\/rema-surface-protection\/produktuebersicht\/schwerer-korrosionsschutz\/grundierungen-fuer-gummierungen\/#breadcrumb","itemListElement":[{"@type":"ListItem","position":1,"name":"Startseite","item":"https:\/\/rema-tiptop.de\/"},{"@type":"ListItem","position":2,"name":"Produkte &amp; Services","item":"https:\/\/rema-tiptop.de\/produkte-services\/"},{"@type":"ListItem","position":3,"name":"REMA Surface Protection","item":"https:\/\/rema-tiptop.de\/produkte-services\/rema-surface-protection\/"},{"@type":"ListItem","position":4,"name":"Produkt\u00fcbersicht","item":"https:\/\/rema-tiptop.de\/produkte-services\/rema-surface-protection\/produktuebersicht\/"},{"@type":"ListItem","position":5,"name":"Schwerer Korrosionsschutz","item":"https:\/\/rema-tiptop.de\/produkte-services\/rema-surface-protection\/produktuebersicht\/schwerer-korrosionsschutz\/"},{"@type":"ListItem","position":6,"name":"Grundierungen f\u00fcr Gummierungen"}]},{"@type":"WebSite","@id":"https:\/\/rema-tiptop.de\/#website","url":"https:\/\/rema-tiptop.de\/","name":"REMA TIP TOP","description":"","publisher":{"@id":"https:\/\/rema-tiptop.de\/#organization"},"potentialAction":[{"@type":"SearchAction","target":{"@type":"EntryPoint","urlTemplate":"https:\/\/rema-tiptop.de\/?s={search_term_string}"},"query-input":{"@type":"PropertyValueSpecification","valueRequired":true,"valueName":"search_term_string"}}],"inLanguage":"en-US"},{"@type":"Organization","@id":"https:\/\/rema-tiptop.de\/#organization","name":"REMA TIP TOP","url":"https:\/\/rema-tiptop.de\/","logo":{"@type":"ImageObject","inLanguage":"en-US","@id":"https:\/\/rema-tiptop.de\/#\/schema\/logo\/image\/","url":"https:\/\/rema-tiptop.de\/wp-content\/uploads\/2024\/11\/rtt-logo-mit-bg.svg","contentUrl":"https:\/\/rema-tiptop.de\/wp-content\/uploads\/2024\/11\/rtt-logo-mit-bg.svg","width":108,"height":83,"caption":"REMA TIP TOP"},"image":{"@id":"https:\/\/rema-tiptop.de\/#\/schema\/logo\/image\/"}}]}},"_links":{"self":[{"href":"https:\/\/rema-tiptop.de\/en\/wp-json\/wp\/v2\/pages\/11671","targetHints":{"allow":["GET"]}}],"collection":[{"href":"https:\/\/rema-tiptop.de\/en\/wp-json\/wp\/v2\/pages"}],"about":[{"href":"https:\/\/rema-tiptop.de\/en\/wp-json\/wp\/v2\/types\/page"}],"author":[{"embeddable":true,"href":"https:\/\/rema-tiptop.de\/en\/wp-json\/wp\/v2\/users\/9"}],"replies":[{"embeddable":true,"href":"https:\/\/rema-tiptop.de\/en\/wp-json\/wp\/v2\/comments?post=11671"}],"version-history":[{"count":17,"href":"https:\/\/rema-tiptop.de\/en\/wp-json\/wp\/v2\/pages\/11671\/revisions"}],"predecessor-version":[{"id":20466,"href":"https:\/\/rema-tiptop.de\/en\/wp-json\/wp\/v2\/pages\/11671\/revisions\/20466"}],"up":[{"embeddable":true,"href":"https:\/\/rema-tiptop.de\/en\/wp-json\/wp\/v2\/pages\/11457"}],"wp:attachment":[{"href":"https:\/\/rema-tiptop.de\/en\/wp-json\/wp\/v2\/media?parent=11671"}],"curies":[{"name":"wp","href":"https:\/\/api.w.org\/{rel}","templated":true}]}}