{"id":11800,"date":"2024-12-04T12:59:33","date_gmt":"2024-12-04T11:59:33","guid":{"rendered":"https:\/\/staging.rema-tiptop.de\/?page_id=11800"},"modified":"2025-11-24T12:41:32","modified_gmt":"2025-11-24T11:41:32","slug":"ausmauerung-und-plattierungen","status":"publish","type":"page","link":"https:\/\/rema-tiptop.de\/en\/products-services\/rema-surface-protection\/products\/acid-proofing\/ausmauerung-und-plattierungen\/","title":{"rendered":"Brick &amp; Tile Linings"},"content":{"rendered":"<div data-elementor-type=\"wp-page\" data-elementor-id=\"11800\" class=\"elementor elementor-11800\" data-elementor-post-type=\"page\">\n\t\t\t\t<div class=\"elementor-element elementor-element-57ca8f78 e-flex e-con-boxed e-con e-parent\" data-id=\"57ca8f78\" data-element_type=\"container\" data-e-type=\"container\" data-settings=\"{&quot;background_background&quot;:&quot;classic&quot;}\">\n\t\t\t\t\t<div class=\"e-con-inner\">\n\t\t<div class=\"elementor-element elementor-element-7c4cfb81 e-con-full e-flex e-con e-child\" data-id=\"7c4cfb81\" data-element_type=\"container\" data-e-type=\"container\">\n\t\t\t\t<div class=\"elementor-element elementor-element-65c0fc7 elementor-widget elementor-widget-heading\" data-id=\"65c0fc7\" data-element_type=\"widget\" data-e-type=\"widget\" data-widget_type=\"heading.default\">\n\t\t\t\t<div class=\"elementor-widget-container\">\n\t\t\t\t\t<h1 class=\"elementor-heading-title elementor-size-default\">Brick &amp; Tile Linings<\/h1>\t\t\t\t<\/div>\n\t\t\t\t<\/div>\n\t\t\t\t<\/div>\n\t\t<div class=\"elementor-element elementor-element-6bdb9675 e-con-full e-flex e-con e-child\" data-id=\"6bdb9675\" data-element_type=\"container\" data-e-type=\"container\">\n\t\t\t\t<div class=\"elementor-element elementor-element-1d3770d9 elementor-widget elementor-widget-image\" data-id=\"1d3770d9\" data-element_type=\"widget\" data-e-type=\"widget\" data-widget_type=\"image.default\">\n\t\t\t\t<div class=\"elementor-widget-container\">\n\t\t\t\t\t\t\t\t\t\t\t\t\t\t\t<img fetchpriority=\"high\" decoding=\"async\" width=\"1024\" height=\"768\" src=\"https:\/\/rema-tiptop.de\/wp-content\/uploads\/2025\/02\/rema-surface-protection-produkte-schwerer-korrosionsschutz-ausmauerung-1024x768.webp\" class=\"attachment-large size-large wp-image-16334\" alt=\"Rema Surface Protection Product Heavy-duty corrosion protection brick lining\" srcset=\"https:\/\/rema-tiptop.de\/wp-content\/uploads\/2025\/02\/rema-surface-protection-produkte-schwerer-korrosionsschutz-ausmauerung-1024x768.webp 1024w, https:\/\/rema-tiptop.de\/wp-content\/uploads\/2025\/02\/rema-surface-protection-produkte-schwerer-korrosionsschutz-ausmauerung-300x225.webp 300w, https:\/\/rema-tiptop.de\/wp-content\/uploads\/2025\/02\/rema-surface-protection-produkte-schwerer-korrosionsschutz-ausmauerung-768x576.webp 768w, https:\/\/rema-tiptop.de\/wp-content\/uploads\/2025\/02\/rema-surface-protection-produkte-schwerer-korrosionsschutz-ausmauerung-1536x1152.webp 1536w, https:\/\/rema-tiptop.de\/wp-content\/uploads\/2025\/02\/rema-surface-protection-produkte-schwerer-korrosionsschutz-ausmauerung-16x12.webp 16w, https:\/\/rema-tiptop.de\/wp-content\/uploads\/2025\/02\/rema-surface-protection-produkte-schwerer-korrosionsschutz-ausmauerung.webp 2000w\" sizes=\"(max-width: 1024px) 100vw, 1024px\" \/>\t\t\t\t\t\t\t\t\t\t\t\t\t\t\t<\/div>\n\t\t\t\t<\/div>\n\t\t\t\t<\/div>\n\t\t\t\t\t<\/div>\n\t\t\t\t<\/div>\n\t\t<div class=\"elementor-element elementor-element-45244fd3 e-flex e-con-boxed e-con e-parent\" data-id=\"45244fd3\" data-element_type=\"container\" data-e-type=\"container\" data-settings=\"{&quot;background_background&quot;:&quot;classic&quot;}\">\n\t\t\t\t\t<div class=\"e-con-inner\">\n\t\t\t\t<div class=\"elementor-element elementor-element-785f65c6 elementor-widget elementor-widget-heading\" data-id=\"785f65c6\" data-element_type=\"widget\" data-e-type=\"widget\" data-widget_type=\"heading.default\">\n\t\t\t\t<div class=\"elementor-widget-container\">\n\t\t\t\t\t<h2 class=\"elementor-heading-title elementor-size-default\">Long-term protection in challenging environments<\/h2>\t\t\t\t<\/div>\n\t\t\t\t<\/div>\n\t\t\t\t<div class=\"elementor-element elementor-element-62051d60 elementor-widget elementor-widget-text-editor\" data-id=\"62051d60\" data-element_type=\"widget\" data-e-type=\"widget\" data-widget_type=\"text-editor.default\">\n\t\t\t\t<div class=\"elementor-widget-container\">\n\t\t\t\t\t\t\t\t\t<p>Brick and tile liners are commonly used for floors, catch basins and channels. Wherever high temperatures, extreme chemical exposure, or mechanical or abrasive stress are present, our brick and tile liners are the perfect solution. To ensure long-term protection in environments with high levels of chemical, thermal and mechanical stress, we use combination coatings consisting of a sealing layer and acid-resistant tiles. These tiles can be made of acid-resistant ceramic or porcelain stoneware and can be rectangular or hexagonal in shape. Vibration-formed installations, consisting of hexagonal porcelain stoneware tiles with narrow joints, are used in environments with particularly high surface requirements, such as the pharmaceutical industry. Our tiles can be supplied in an electrically conductive form by using a conductive mortar.<\/p>\t\t\t\t\t\t\t\t<\/div>\n\t\t\t\t<\/div>\n\t\t\t\t\t<\/div>\n\t\t\t\t<\/div>\n\t\t<div class=\"elementor-element elementor-element-50af4537 e-con-full e-flex e-con e-parent\" data-id=\"50af4537\" data-element_type=\"container\" data-e-type=\"container\" data-settings=\"{&quot;background_background&quot;:&quot;classic&quot;}\">\n\t\t<div class=\"elementor-element elementor-element-7e13937b e-con-full e-flex e-con e-child\" data-id=\"7e13937b\" data-element_type=\"container\" data-e-type=\"container\" data-settings=\"{&quot;background_background&quot;:&quot;classic&quot;}\">\n\t\t<div class=\"elementor-element elementor-element-2f5d8a5 e-con-full cta-inner e-flex e-con e-child\" data-id=\"2f5d8a5\" data-element_type=\"container\" data-e-type=\"container\">\n\t\t\t\t<div class=\"elementor-element elementor-element-610dfb4e elementor-widget__width-initial elementor-widget elementor-widget-heading\" data-id=\"610dfb4e\" data-element_type=\"widget\" data-e-type=\"widget\" data-widget_type=\"heading.default\">\n\t\t\t\t<div class=\"elementor-widget-container\">\n\t\t\t\t\t<h2 class=\"elementor-heading-title elementor-size-default\">Your local contact<\/h2>\t\t\t\t<\/div>\n\t\t\t\t<\/div>\n\t\t\t\t<div class=\"elementor-element elementor-element-487d5a18 elementor-widget elementor-widget-text-editor\" data-id=\"487d5a18\" data-element_type=\"widget\" data-e-type=\"widget\" data-widget_type=\"text-editor.default\">\n\t\t\t\t<div class=\"elementor-widget-container\">\n\t\t\t\t\t\t\t\t\t<p style=\"font-weight: 400\">We are close to you \u2013 worldwide.<\/p><p style=\"font-weight: 400\">With our contact finder you will find local REMAsters that match your requirements. \nWe look forward to hearing from you!<\/p>\t\t\t\t\t\t\t\t<\/div>\n\t\t\t\t<\/div>\n\t\t\t\t<div class=\"elementor-element elementor-element-4b159b54 elementor-align-center rema-button contact-button elementor-widget elementor-widget-button\" data-id=\"4b159b54\" data-element_type=\"widget\" data-e-type=\"widget\" data-widget_type=\"button.default\">\n\t\t\t\t<div class=\"elementor-widget-container\">\n\t\t\t\t\t\t\t\t\t<div class=\"elementor-button-wrapper\">\n\t\t\t\t\t<a class=\"elementor-button elementor-button-link elementor-size-sm\" href=\"https:\/\/rema-tiptop.de\/en\/contact-finder\/\">\n\t\t\t\t\t\t<span class=\"elementor-button-content-wrapper\">\n\t\t\t\t\t\t\t\t\t<span class=\"elementor-button-text\">Find your local contact<\/span>\n\t\t\t\t\t<\/span>\n\t\t\t\t\t<\/a>\n\t\t\t\t<\/div>\n\t\t\t\t\t\t\t\t<\/div>\n\t\t\t\t<\/div>\n\t\t\t\t<\/div>\n\t\t\t\t<\/div>\n\t\t<div class=\"elementor-element elementor-element-25f5f01d e-con-full e-flex e-con e-child\" data-id=\"25f5f01d\" data-element_type=\"container\" data-e-type=\"container\">\n\t\t\t\t<\/div>\n\t\t<div class=\"elementor-element elementor-element-6c0b7cfd e-con-full elementor-hidden-desktop elementor-hidden-tablet e-flex e-con e-child\" data-id=\"6c0b7cfd\" data-element_type=\"container\" data-e-type=\"container\" data-settings=\"{&quot;background_background&quot;:&quot;classic&quot;}\">\n\t\t\t\t<\/div>\n\t\t\t\t<\/div>\n\t\t\t\t<\/div>","protected":false},"excerpt":{"rendered":"<p>Ausmauerung und Plattierungen Langfristiger Schutz unter schwierigen Bedingungen Ausmauerungen und Plattierungen werden in der Regel f\u00fcr B\u00f6den, Auffangwannen und Rinnen eingesetzt. \u00dcberall dort, wo hohe Temperaturen, extreme chemische Belastungen, mechanische oder abrasive Beanspruchungen auftreten, sind unsere Auskleidungen die perfekte L\u00f6sung. F\u00fcr den Langzeitschutz in Umgebungen mit hoher chemischer, thermischer und mechanischer Beanspruchung setzen wir kombinierte [&hellip;]<\/p>\n","protected":false},"author":9,"featured_media":0,"parent":11466,"menu_order":0,"comment_status":"closed","ping_status":"closed","template":"","meta":{"_acf_changed":false,"footnotes":""},"class_list":["post-11800","page","type-page","status-publish","hentry"],"acf":[],"yoast_head":"<!-- This site is optimized with the Yoast SEO plugin v27.3 - https:\/\/yoast.com\/product\/yoast-seo-wordpress\/ -->\n<title>Ausmauerungen | S\u00e4ureschutz<\/title>\n<meta name=\"description\" content=\"Ausmauerungen &amp; Plattierungen f\u00fcr B\u00f6den und Auffangwannen \u2013 s\u00e4urefester Schutz bei hoher Temperatur und starker chemischer Belastung.\" \/>\n<meta name=\"robots\" content=\"index, follow, max-snippet:-1, max-image-preview:large, max-video-preview:-1\" \/>\n<link rel=\"canonical\" href=\"https:\/\/rema-tiptop.de\/en\/products-services\/rema-surface-protection\/products\/acid-proofing\/ausmauerung-und-plattierungen\/\" \/>\n<meta property=\"og:locale\" content=\"en_US\" \/>\n<meta property=\"og:type\" content=\"article\" \/>\n<meta property=\"og:title\" content=\"Ausmauerungen | S\u00e4ureschutz\" \/>\n<meta property=\"og:description\" content=\"Ausmauerungen &amp; Plattierungen f\u00fcr B\u00f6den und Auffangwannen \u2013 s\u00e4urefester Schutz bei hoher Temperatur und starker chemischer Belastung.\" \/>\n<meta property=\"og:url\" content=\"https:\/\/rema-tiptop.de\/en\/products-services\/rema-surface-protection\/products\/acid-proofing\/ausmauerung-und-plattierungen\/\" \/>\n<meta property=\"og:site_name\" content=\"REMA TIP TOP\" \/>\n<meta property=\"article:modified_time\" content=\"2025-11-24T11:41:32+00:00\" \/>\n<meta property=\"og:image\" content=\"https:\/\/rema-tiptop.de\/wp-content\/uploads\/2025\/02\/rema-surface-protection-produkte-schwerer-korrosionsschutz-ausmauerung-1024x768.webp\" \/>\n<meta name=\"twitter:card\" content=\"summary_large_image\" \/>\n<meta name=\"twitter:label1\" content=\"Est. reading time\" \/>\n\t<meta name=\"twitter:data1\" content=\"2 minutes\" \/>\n<script type=\"application\/ld+json\" class=\"yoast-schema-graph\">{\"@context\":\"https:\\\/\\\/schema.org\",\"@graph\":[{\"@type\":\"WebPage\",\"@id\":\"https:\\\/\\\/rema-tiptop.de\\\/produkte-services\\\/rema-surface-protection\\\/produktuebersicht\\\/saeurebau\\\/ausmauerung-und-plattierungen\\\/\",\"url\":\"https:\\\/\\\/rema-tiptop.de\\\/produkte-services\\\/rema-surface-protection\\\/produktuebersicht\\\/saeurebau\\\/ausmauerung-und-plattierungen\\\/\",\"name\":\"Ausmauerungen | S\u00e4ureschutz\",\"isPartOf\":{\"@id\":\"https:\\\/\\\/rema-tiptop.de\\\/#website\"},\"primaryImageOfPage\":{\"@id\":\"https:\\\/\\\/rema-tiptop.de\\\/produkte-services\\\/rema-surface-protection\\\/produktuebersicht\\\/saeurebau\\\/ausmauerung-und-plattierungen\\\/#primaryimage\"},\"image\":{\"@id\":\"https:\\\/\\\/rema-tiptop.de\\\/produkte-services\\\/rema-surface-protection\\\/produktuebersicht\\\/saeurebau\\\/ausmauerung-und-plattierungen\\\/#primaryimage\"},\"thumbnailUrl\":\"https:\\\/\\\/rema-tiptop.de\\\/wp-content\\\/uploads\\\/2025\\\/02\\\/rema-surface-protection-produkte-schwerer-korrosionsschutz-ausmauerung-1024x768.webp\",\"datePublished\":\"2024-12-04T11:59:33+00:00\",\"dateModified\":\"2025-11-24T11:41:32+00:00\",\"description\":\"Ausmauerungen & Plattierungen f\u00fcr B\u00f6den und Auffangwannen \u2013 s\u00e4urefester Schutz bei hoher Temperatur und starker chemischer Belastung.\",\"breadcrumb\":{\"@id\":\"https:\\\/\\\/rema-tiptop.de\\\/produkte-services\\\/rema-surface-protection\\\/produktuebersicht\\\/saeurebau\\\/ausmauerung-und-plattierungen\\\/#breadcrumb\"},\"inLanguage\":\"en-US\",\"potentialAction\":[{\"@type\":\"ReadAction\",\"target\":[\"https:\\\/\\\/rema-tiptop.de\\\/produkte-services\\\/rema-surface-protection\\\/produktuebersicht\\\/saeurebau\\\/ausmauerung-und-plattierungen\\\/\"]}]},{\"@type\":\"ImageObject\",\"inLanguage\":\"en-US\",\"@id\":\"https:\\\/\\\/rema-tiptop.de\\\/produkte-services\\\/rema-surface-protection\\\/produktuebersicht\\\/saeurebau\\\/ausmauerung-und-plattierungen\\\/#primaryimage\",\"url\":\"https:\\\/\\\/rema-tiptop.de\\\/wp-content\\\/uploads\\\/2025\\\/02\\\/rema-surface-protection-produkte-schwerer-korrosionsschutz-ausmauerung-1024x768.webp\",\"contentUrl\":\"https:\\\/\\\/rema-tiptop.de\\\/wp-content\\\/uploads\\\/2025\\\/02\\\/rema-surface-protection-produkte-schwerer-korrosionsschutz-ausmauerung-1024x768.webp\"},{\"@type\":\"BreadcrumbList\",\"@id\":\"https:\\\/\\\/rema-tiptop.de\\\/produkte-services\\\/rema-surface-protection\\\/produktuebersicht\\\/saeurebau\\\/ausmauerung-und-plattierungen\\\/#breadcrumb\",\"itemListElement\":[{\"@type\":\"ListItem\",\"position\":1,\"name\":\"Startseite\",\"item\":\"https:\\\/\\\/rema-tiptop.de\\\/\"},{\"@type\":\"ListItem\",\"position\":2,\"name\":\"Produkte &amp; Services\",\"item\":\"https:\\\/\\\/rema-tiptop.de\\\/produkte-services\\\/\"},{\"@type\":\"ListItem\",\"position\":3,\"name\":\"REMA Surface Protection\",\"item\":\"https:\\\/\\\/rema-tiptop.de\\\/produkte-services\\\/rema-surface-protection\\\/\"},{\"@type\":\"ListItem\",\"position\":4,\"name\":\"Produkt\u00fcbersicht\",\"item\":\"https:\\\/\\\/rema-tiptop.de\\\/produkte-services\\\/rema-surface-protection\\\/produktuebersicht\\\/\"},{\"@type\":\"ListItem\",\"position\":5,\"name\":\"S\u00e4urebau\",\"item\":\"https:\\\/\\\/rema-tiptop.de\\\/produkte-services\\\/rema-surface-protection\\\/produktuebersicht\\\/saeurebau\\\/\"},{\"@type\":\"ListItem\",\"position\":6,\"name\":\"Ausmauerung und Plattierungen\"}]},{\"@type\":\"WebSite\",\"@id\":\"https:\\\/\\\/rema-tiptop.de\\\/#website\",\"url\":\"https:\\\/\\\/rema-tiptop.de\\\/\",\"name\":\"REMA TIP TOP\",\"description\":\"\",\"publisher\":{\"@id\":\"https:\\\/\\\/rema-tiptop.de\\\/#organization\"},\"potentialAction\":[{\"@type\":\"SearchAction\",\"target\":{\"@type\":\"EntryPoint\",\"urlTemplate\":\"https:\\\/\\\/rema-tiptop.de\\\/?s={search_term_string}\"},\"query-input\":{\"@type\":\"PropertyValueSpecification\",\"valueRequired\":true,\"valueName\":\"search_term_string\"}}],\"inLanguage\":\"en-US\"},{\"@type\":\"Organization\",\"@id\":\"https:\\\/\\\/rema-tiptop.de\\\/#organization\",\"name\":\"REMA TIP TOP\",\"url\":\"https:\\\/\\\/rema-tiptop.de\\\/\",\"logo\":{\"@type\":\"ImageObject\",\"inLanguage\":\"en-US\",\"@id\":\"https:\\\/\\\/rema-tiptop.de\\\/#\\\/schema\\\/logo\\\/image\\\/\",\"url\":\"https:\\\/\\\/rema-tiptop.de\\\/wp-content\\\/uploads\\\/2024\\\/11\\\/rtt-logo-mit-bg.svg\",\"contentUrl\":\"https:\\\/\\\/rema-tiptop.de\\\/wp-content\\\/uploads\\\/2024\\\/11\\\/rtt-logo-mit-bg.svg\",\"width\":108,\"height\":83,\"caption\":\"REMA TIP TOP\"},\"image\":{\"@id\":\"https:\\\/\\\/rema-tiptop.de\\\/#\\\/schema\\\/logo\\\/image\\\/\"}}]}<\/script>\n<!-- \/ Yoast SEO plugin. -->","yoast_head_json":{"title":"Brick &amp; Tile Linings - REMA TIP TOP","description":"Linings &amp; plating for floors and containment trays \u2013 acid-resistant protection at high temperatures and heavy chemical exposure.","robots":{"index":"index","follow":"follow","max-snippet":"max-snippet:-1","max-image-preview":"max-image-preview:large","max-video-preview":"max-video-preview:-1"},"canonical":"https:\/\/rema-tiptop.de\/en\/products-services\/rema-surface-protection\/products\/acid-proofing\/ausmauerung-und-plattierungen\/","og_locale":"en_US","og_type":"article","og_title":"Ausmauerungen | S\u00e4ureschutz","og_description":"Ausmauerungen & Plattierungen f\u00fcr B\u00f6den und Auffangwannen \u2013 s\u00e4urefester Schutz bei hoher Temperatur und starker chemischer Belastung.","og_url":"https:\/\/rema-tiptop.de\/en\/products-services\/rema-surface-protection\/products\/acid-proofing\/ausmauerung-und-plattierungen\/","og_site_name":"REMA TIP TOP","article_modified_time":"2025-11-24T11:41:32+00:00","og_image":[{"url":"https:\/\/rema-tiptop.de\/wp-content\/uploads\/2025\/02\/rema-surface-protection-produkte-schwerer-korrosionsschutz-ausmauerung-1024x768.webp","type":"","width":"","height":""}],"twitter_card":"summary_large_image","twitter_misc":{"Est. reading time":"2 minutes"},"schema":{"@context":"https:\/\/schema.org","@graph":[{"@type":"WebPage","@id":"https:\/\/rema-tiptop.de\/produkte-services\/rema-surface-protection\/produktuebersicht\/saeurebau\/ausmauerung-und-plattierungen\/","url":"https:\/\/rema-tiptop.de\/produkte-services\/rema-surface-protection\/produktuebersicht\/saeurebau\/ausmauerung-und-plattierungen\/","name":"Brick &amp; Tile Linings - REMA TIP TOP","isPartOf":{"@id":"https:\/\/rema-tiptop.de\/#website"},"primaryImageOfPage":{"@id":"https:\/\/rema-tiptop.de\/produkte-services\/rema-surface-protection\/produktuebersicht\/saeurebau\/ausmauerung-und-plattierungen\/#primaryimage"},"image":{"@id":"https:\/\/rema-tiptop.de\/produkte-services\/rema-surface-protection\/produktuebersicht\/saeurebau\/ausmauerung-und-plattierungen\/#primaryimage"},"thumbnailUrl":"https:\/\/rema-tiptop.de\/wp-content\/uploads\/2025\/02\/rema-surface-protection-produkte-schwerer-korrosionsschutz-ausmauerung-1024x768.webp","datePublished":"2024-12-04T11:59:33+00:00","dateModified":"2025-11-24T11:41:32+00:00","description":"Linings &amp; plating for floors and containment trays \u2013 acid-resistant protection at high temperatures and heavy chemical exposure.","breadcrumb":{"@id":"https:\/\/rema-tiptop.de\/produkte-services\/rema-surface-protection\/produktuebersicht\/saeurebau\/ausmauerung-und-plattierungen\/#breadcrumb"},"inLanguage":"en-US","potentialAction":[{"@type":"ReadAction","target":["https:\/\/rema-tiptop.de\/produkte-services\/rema-surface-protection\/produktuebersicht\/saeurebau\/ausmauerung-und-plattierungen\/"]}]},{"@type":"ImageObject","inLanguage":"en-US","@id":"https:\/\/rema-tiptop.de\/produkte-services\/rema-surface-protection\/produktuebersicht\/saeurebau\/ausmauerung-und-plattierungen\/#primaryimage","url":"https:\/\/rema-tiptop.de\/wp-content\/uploads\/2025\/02\/rema-surface-protection-produkte-schwerer-korrosionsschutz-ausmauerung-1024x768.webp","contentUrl":"https:\/\/rema-tiptop.de\/wp-content\/uploads\/2025\/02\/rema-surface-protection-produkte-schwerer-korrosionsschutz-ausmauerung-1024x768.webp"},{"@type":"BreadcrumbList","@id":"https:\/\/rema-tiptop.de\/produkte-services\/rema-surface-protection\/produktuebersicht\/saeurebau\/ausmauerung-und-plattierungen\/#breadcrumb","itemListElement":[{"@type":"ListItem","position":1,"name":"Startseite","item":"https:\/\/rema-tiptop.de\/"},{"@type":"ListItem","position":2,"name":"Produkte &amp; Services","item":"https:\/\/rema-tiptop.de\/produkte-services\/"},{"@type":"ListItem","position":3,"name":"REMA Surface Protection","item":"https:\/\/rema-tiptop.de\/produkte-services\/rema-surface-protection\/"},{"@type":"ListItem","position":4,"name":"Produkt\u00fcbersicht","item":"https:\/\/rema-tiptop.de\/produkte-services\/rema-surface-protection\/produktuebersicht\/"},{"@type":"ListItem","position":5,"name":"S\u00e4urebau","item":"https:\/\/rema-tiptop.de\/produkte-services\/rema-surface-protection\/produktuebersicht\/saeurebau\/"},{"@type":"ListItem","position":6,"name":"Ausmauerung und Plattierungen"}]},{"@type":"WebSite","@id":"https:\/\/rema-tiptop.de\/#website","url":"https:\/\/rema-tiptop.de\/","name":"REMA TIP TOP","description":"","publisher":{"@id":"https:\/\/rema-tiptop.de\/#organization"},"potentialAction":[{"@type":"SearchAction","target":{"@type":"EntryPoint","urlTemplate":"https:\/\/rema-tiptop.de\/?s={search_term_string}"},"query-input":{"@type":"PropertyValueSpecification","valueRequired":true,"valueName":"search_term_string"}}],"inLanguage":"en-US"},{"@type":"Organization","@id":"https:\/\/rema-tiptop.de\/#organization","name":"REMA TIP TOP","url":"https:\/\/rema-tiptop.de\/","logo":{"@type":"ImageObject","inLanguage":"en-US","@id":"https:\/\/rema-tiptop.de\/#\/schema\/logo\/image\/","url":"https:\/\/rema-tiptop.de\/wp-content\/uploads\/2024\/11\/rtt-logo-mit-bg.svg","contentUrl":"https:\/\/rema-tiptop.de\/wp-content\/uploads\/2024\/11\/rtt-logo-mit-bg.svg","width":108,"height":83,"caption":"REMA TIP TOP"},"image":{"@id":"https:\/\/rema-tiptop.de\/#\/schema\/logo\/image\/"}}]}},"_links":{"self":[{"href":"https:\/\/rema-tiptop.de\/en\/wp-json\/wp\/v2\/pages\/11800","targetHints":{"allow":["GET"]}}],"collection":[{"href":"https:\/\/rema-tiptop.de\/en\/wp-json\/wp\/v2\/pages"}],"about":[{"href":"https:\/\/rema-tiptop.de\/en\/wp-json\/wp\/v2\/types\/page"}],"author":[{"embeddable":true,"href":"https:\/\/rema-tiptop.de\/en\/wp-json\/wp\/v2\/users\/9"}],"replies":[{"embeddable":true,"href":"https:\/\/rema-tiptop.de\/en\/wp-json\/wp\/v2\/comments?post=11800"}],"version-history":[{"count":21,"href":"https:\/\/rema-tiptop.de\/en\/wp-json\/wp\/v2\/pages\/11800\/revisions"}],"predecessor-version":[{"id":20458,"href":"https:\/\/rema-tiptop.de\/en\/wp-json\/wp\/v2\/pages\/11800\/revisions\/20458"}],"up":[{"embeddable":true,"href":"https:\/\/rema-tiptop.de\/en\/wp-json\/wp\/v2\/pages\/11466"}],"wp:attachment":[{"href":"https:\/\/rema-tiptop.de\/en\/wp-json\/wp\/v2\/media?parent=11800"}],"curies":[{"name":"wp","href":"https:\/\/api.w.org\/{rel}","templated":true}]}}