{"id":11860,"date":"2024-12-04T13:35:41","date_gmt":"2024-12-04T12:35:41","guid":{"rendered":"https:\/\/staging.rema-tiptop.de\/?page_id=11860"},"modified":"2025-11-21T13:45:34","modified_gmt":"2025-11-21T12:45:34","slug":"ccube","status":"publish","type":"page","link":"https:\/\/rema-tiptop.de\/en\/products-services\/rema-surface-protection\/products\/digital-products\/ccube\/","title":{"rendered":"CCube"},"content":{"rendered":"<div data-elementor-type=\"wp-page\" data-elementor-id=\"11860\" class=\"elementor elementor-11860\" data-elementor-post-type=\"page\">\n\t\t\t\t<div class=\"elementor-element elementor-element-1b4d1ef1 e-flex e-con-boxed e-con e-parent\" data-id=\"1b4d1ef1\" data-element_type=\"container\" data-e-type=\"container\" data-settings=\"{&quot;background_background&quot;:&quot;classic&quot;}\">\n\t\t\t\t\t<div class=\"e-con-inner\">\n\t\t<div class=\"elementor-element elementor-element-14d02d9 e-con-full e-flex e-con e-child\" data-id=\"14d02d9\" data-element_type=\"container\" data-e-type=\"container\">\n\t\t\t\t<div class=\"elementor-element elementor-element-99b1d14 elementor-widget elementor-widget-heading\" data-id=\"99b1d14\" data-element_type=\"widget\" data-e-type=\"widget\" data-widget_type=\"heading.default\">\n\t\t\t\t<div class=\"elementor-widget-container\">\n\t\t\t\t\t<h1 class=\"elementor-heading-title elementor-size-default\">CCube<\/h1>\t\t\t\t<\/div>\n\t\t\t\t<\/div>\n\t\t\t\t<\/div>\n\t\t<div class=\"elementor-element elementor-element-44a17176 e-con-full e-flex e-con e-child\" data-id=\"44a17176\" data-element_type=\"container\" data-e-type=\"container\">\n\t\t\t\t<div class=\"elementor-element elementor-element-17778f0e elementor-widget elementor-widget-image\" data-id=\"17778f0e\" data-element_type=\"widget\" data-e-type=\"widget\" data-widget_type=\"image.default\">\n\t\t\t\t<div class=\"elementor-widget-container\">\n\t\t\t\t\t\t\t\t\t\t\t\t\t\t\t<img fetchpriority=\"high\" decoding=\"async\" width=\"1024\" height=\"768\" src=\"https:\/\/rema-tiptop.de\/wp-content\/uploads\/2025\/02\/rema-surface-protection-digitale-produkte-ccube-1-1024x768.webp\" class=\"attachment-large size-large wp-image-17039\" alt=\"Servicetechniker der in einer Anlage die technischen Daten eines F\u00f6rderbandes am Tablet \u00fcberpr\u00fcft\" srcset=\"https:\/\/rema-tiptop.de\/wp-content\/uploads\/2025\/02\/rema-surface-protection-digitale-produkte-ccube-1-1024x768.webp 1024w, https:\/\/rema-tiptop.de\/wp-content\/uploads\/2025\/02\/rema-surface-protection-digitale-produkte-ccube-1-300x225.webp 300w, https:\/\/rema-tiptop.de\/wp-content\/uploads\/2025\/02\/rema-surface-protection-digitale-produkte-ccube-1-768x576.webp 768w, https:\/\/rema-tiptop.de\/wp-content\/uploads\/2025\/02\/rema-surface-protection-digitale-produkte-ccube-1-1536x1152.webp 1536w, https:\/\/rema-tiptop.de\/wp-content\/uploads\/2025\/02\/rema-surface-protection-digitale-produkte-ccube-1-16x12.webp 16w, https:\/\/rema-tiptop.de\/wp-content\/uploads\/2025\/02\/rema-surface-protection-digitale-produkte-ccube-1.webp 2000w\" sizes=\"(max-width: 1024px) 100vw, 1024px\" \/>\t\t\t\t\t\t\t\t\t\t\t\t\t\t\t<\/div>\n\t\t\t\t<\/div>\n\t\t\t\t<\/div>\n\t\t\t\t\t<\/div>\n\t\t\t\t<\/div>\n\t\t<div class=\"elementor-element elementor-element-4790ac e-flex e-con-boxed e-con e-parent\" data-id=\"4790ac\" data-element_type=\"container\" data-e-type=\"container\" data-settings=\"{&quot;background_background&quot;:&quot;classic&quot;}\">\n\t\t\t\t\t<div class=\"e-con-inner\">\n\t\t\t\t<div class=\"elementor-element elementor-element-7a026f59 elementor-widget elementor-widget-heading\" data-id=\"7a026f59\" data-element_type=\"widget\" data-e-type=\"widget\" data-widget_type=\"heading.default\">\n\t\t\t\t<div class=\"elementor-widget-container\">\n\t\t\t\t\t<h2 class=\"elementor-heading-title elementor-size-default\">Predictive maintenance<\/h2>\t\t\t\t<\/div>\n\t\t\t\t<\/div>\n\t\t\t\t<div class=\"elementor-element elementor-element-684fc396 elementor-widget elementor-widget-text-editor\" data-id=\"684fc396\" data-element_type=\"widget\" data-e-type=\"widget\" data-widget_type=\"text-editor.default\">\n\t\t\t\t<div class=\"elementor-widget-container\">\n\t\t\t\t\t\t\t\t\t<p style=\"font-weight: 400\">CCube is a comprehensive field service management system with real-time data and centralized oversight. CCube helps to optimize workflows for efficient resource allocation and service delivery, while actionable insights, early problem detection and proactive maintenance tools improve decision-making and reduce downtime.<\/p>\t\t\t\t\t\t\t\t<\/div>\n\t\t\t\t<\/div>\n\t\t\t\t\t<\/div>\n\t\t\t\t<\/div>\n\t\t<div class=\"elementor-element elementor-element-f5bbb22 e-flex e-con-boxed e-con e-parent\" data-id=\"f5bbb22\" data-element_type=\"container\" data-e-type=\"container\">\n\t\t\t\t\t<div class=\"e-con-inner\">\n\t\t\t\t\t<\/div>\n\t\t\t\t<\/div>\n\t\t<div class=\"elementor-element elementor-element-7cc6bd45 e-con-full e-flex e-con e-parent\" data-id=\"7cc6bd45\" data-element_type=\"container\" data-e-type=\"container\" data-settings=\"{&quot;background_background&quot;:&quot;classic&quot;}\">\n\t\t<div class=\"elementor-element elementor-element-4da5b447 e-con-full e-flex e-con e-child\" data-id=\"4da5b447\" data-element_type=\"container\" data-e-type=\"container\" data-settings=\"{&quot;background_background&quot;:&quot;classic&quot;}\">\n\t\t<div class=\"elementor-element elementor-element-34186cee e-con-full cta-inner e-flex e-con e-child\" data-id=\"34186cee\" data-element_type=\"container\" data-e-type=\"container\">\n\t\t\t\t<div class=\"elementor-element elementor-element-2af5a4e8 elementor-widget__width-initial elementor-widget elementor-widget-heading\" data-id=\"2af5a4e8\" data-element_type=\"widget\" data-e-type=\"widget\" data-widget_type=\"heading.default\">\n\t\t\t\t<div class=\"elementor-widget-container\">\n\t\t\t\t\t<h2 class=\"elementor-heading-title elementor-size-default\">Your local contact<\/h2>\t\t\t\t<\/div>\n\t\t\t\t<\/div>\n\t\t\t\t<div class=\"elementor-element elementor-element-79b2836b elementor-widget elementor-widget-text-editor\" data-id=\"79b2836b\" data-element_type=\"widget\" data-e-type=\"widget\" data-widget_type=\"text-editor.default\">\n\t\t\t\t<div class=\"elementor-widget-container\">\n\t\t\t\t\t\t\t\t\t<p style=\"font-weight: 400\">We are close to you \u2013 worldwide.<\/p><p style=\"font-weight: 400\">With our contact finder you will find local REMAsters that match your requirements. \nWe look forward to hearing from you!<\/p>\t\t\t\t\t\t\t\t<\/div>\n\t\t\t\t<\/div>\n\t\t\t\t<div class=\"elementor-element elementor-element-66b1d453 elementor-align-center rema-button contact-button elementor-widget elementor-widget-button\" data-id=\"66b1d453\" data-element_type=\"widget\" data-e-type=\"widget\" data-widget_type=\"button.default\">\n\t\t\t\t<div class=\"elementor-widget-container\">\n\t\t\t\t\t\t\t\t\t<div class=\"elementor-button-wrapper\">\n\t\t\t\t\t<a class=\"elementor-button elementor-button-link elementor-size-sm\" href=\"https:\/\/rema-tiptop.de\/en\/contact-finder\/\">\n\t\t\t\t\t\t<span class=\"elementor-button-content-wrapper\">\n\t\t\t\t\t\t\t\t\t<span class=\"elementor-button-text\">Find your local contact<\/span>\n\t\t\t\t\t<\/span>\n\t\t\t\t\t<\/a>\n\t\t\t\t<\/div>\n\t\t\t\t\t\t\t\t<\/div>\n\t\t\t\t<\/div>\n\t\t\t\t<\/div>\n\t\t\t\t<\/div>\n\t\t<div class=\"elementor-element elementor-element-3e0d674c e-con-full e-flex e-con e-child\" data-id=\"3e0d674c\" data-element_type=\"container\" data-e-type=\"container\">\n\t\t\t\t<\/div>\n\t\t<div class=\"elementor-element elementor-element-36218c31 e-con-full elementor-hidden-desktop elementor-hidden-tablet e-flex e-con e-child\" data-id=\"36218c31\" data-element_type=\"container\" data-e-type=\"container\" data-settings=\"{&quot;background_background&quot;:&quot;classic&quot;}\">\n\t\t\t\t<\/div>\n\t\t\t\t<\/div>\n\t\t\t\t<\/div>","protected":false},"excerpt":{"rendered":"<p>CCube Vorausschauende Wartung CCube ist ein umfassendes Au\u00dfendienst-Managementsystem mit Echtzeitdaten und einer zentralen \u00dcberwachung. Es hilft bei der Optimierung von Arbeitsabl\u00e4ufen f\u00fcr eine effiziente Ressourcenzuweisung und Servicebereitstellung, w\u00e4hrend verwertbare Informationen, Fr\u00fcherkennung von Problemen und vorausschauende Wartungstools die Entscheidungsfindung verbessern und Ausfallzeiten reduzieren. Ihr Kontakt zu uns Wo immer Sie sind \u2013 wir sind in Ihrer [&hellip;]<\/p>\n","protected":false},"author":9,"featured_media":0,"parent":11488,"menu_order":0,"comment_status":"closed","ping_status":"closed","template":"","meta":{"_acf_changed":false,"footnotes":""},"class_list":["post-11860","page","type-page","status-publish","hentry"],"acf":[],"yoast_head":"<!-- This site is optimized with the Yoast SEO plugin v27.3 - https:\/\/yoast.com\/product\/yoast-seo-wordpress\/ -->\n<title>CCube: Fortschrittliches Diagnosewerkzeug<\/title>\n<meta name=\"description\" content=\"CCube von REMA Surface Protection: Field-Service-Management mit Echtzeitdaten und Predictive Maintenance f\u00fcr effizientere Serviceeins\u00e4tze.\" \/>\n<meta name=\"robots\" content=\"index, follow, max-snippet:-1, max-image-preview:large, max-video-preview:-1\" \/>\n<link rel=\"canonical\" href=\"https:\/\/rema-tiptop.de\/en\/products-services\/rema-surface-protection\/products\/digital-products\/ccube\/\" \/>\n<meta property=\"og:locale\" content=\"en_US\" \/>\n<meta property=\"og:type\" content=\"article\" \/>\n<meta property=\"og:title\" content=\"CCube: Fortschrittliches Diagnosewerkzeug\" \/>\n<meta property=\"og:description\" content=\"CCube von REMA Surface Protection: Field-Service-Management mit Echtzeitdaten und Predictive Maintenance f\u00fcr effizientere Serviceeins\u00e4tze.\" \/>\n<meta property=\"og:url\" content=\"https:\/\/rema-tiptop.de\/en\/products-services\/rema-surface-protection\/products\/digital-products\/ccube\/\" \/>\n<meta property=\"og:site_name\" content=\"REMA TIP TOP\" \/>\n<meta property=\"article:modified_time\" content=\"2025-11-21T12:45:34+00:00\" \/>\n<meta property=\"og:image\" content=\"https:\/\/rema-tiptop.de\/wp-content\/uploads\/2025\/02\/rema-surface-protection-digitale-produkte-ccube-1-1024x768.webp\" \/>\n<meta name=\"twitter:card\" content=\"summary_large_image\" \/>\n<meta name=\"twitter:label1\" content=\"Est. reading time\" \/>\n\t<meta name=\"twitter:data1\" content=\"1 minute\" \/>\n<script type=\"application\/ld+json\" class=\"yoast-schema-graph\">{\"@context\":\"https:\\\/\\\/schema.org\",\"@graph\":[{\"@type\":\"WebPage\",\"@id\":\"https:\\\/\\\/rema-tiptop.de\\\/produkte-services\\\/rema-surface-protection\\\/produktuebersicht\\\/digitale-produkte\\\/ccube\\\/\",\"url\":\"https:\\\/\\\/rema-tiptop.de\\\/produkte-services\\\/rema-surface-protection\\\/produktuebersicht\\\/digitale-produkte\\\/ccube\\\/\",\"name\":\"CCube: Fortschrittliches Diagnosewerkzeug\",\"isPartOf\":{\"@id\":\"https:\\\/\\\/rema-tiptop.de\\\/#website\"},\"primaryImageOfPage\":{\"@id\":\"https:\\\/\\\/rema-tiptop.de\\\/produkte-services\\\/rema-surface-protection\\\/produktuebersicht\\\/digitale-produkte\\\/ccube\\\/#primaryimage\"},\"image\":{\"@id\":\"https:\\\/\\\/rema-tiptop.de\\\/produkte-services\\\/rema-surface-protection\\\/produktuebersicht\\\/digitale-produkte\\\/ccube\\\/#primaryimage\"},\"thumbnailUrl\":\"https:\\\/\\\/rema-tiptop.de\\\/wp-content\\\/uploads\\\/2025\\\/02\\\/rema-surface-protection-digitale-produkte-ccube-1-1024x768.webp\",\"datePublished\":\"2024-12-04T12:35:41+00:00\",\"dateModified\":\"2025-11-21T12:45:34+00:00\",\"description\":\"CCube von REMA Surface Protection: Field-Service-Management mit Echtzeitdaten und Predictive Maintenance f\u00fcr effizientere Serviceeins\u00e4tze.\",\"breadcrumb\":{\"@id\":\"https:\\\/\\\/rema-tiptop.de\\\/produkte-services\\\/rema-surface-protection\\\/produktuebersicht\\\/digitale-produkte\\\/ccube\\\/#breadcrumb\"},\"inLanguage\":\"en-US\",\"potentialAction\":[{\"@type\":\"ReadAction\",\"target\":[\"https:\\\/\\\/rema-tiptop.de\\\/produkte-services\\\/rema-surface-protection\\\/produktuebersicht\\\/digitale-produkte\\\/ccube\\\/\"]}]},{\"@type\":\"ImageObject\",\"inLanguage\":\"en-US\",\"@id\":\"https:\\\/\\\/rema-tiptop.de\\\/produkte-services\\\/rema-surface-protection\\\/produktuebersicht\\\/digitale-produkte\\\/ccube\\\/#primaryimage\",\"url\":\"https:\\\/\\\/rema-tiptop.de\\\/wp-content\\\/uploads\\\/2025\\\/02\\\/rema-surface-protection-digitale-produkte-ccube-1-1024x768.webp\",\"contentUrl\":\"https:\\\/\\\/rema-tiptop.de\\\/wp-content\\\/uploads\\\/2025\\\/02\\\/rema-surface-protection-digitale-produkte-ccube-1-1024x768.webp\"},{\"@type\":\"BreadcrumbList\",\"@id\":\"https:\\\/\\\/rema-tiptop.de\\\/produkte-services\\\/rema-surface-protection\\\/produktuebersicht\\\/digitale-produkte\\\/ccube\\\/#breadcrumb\",\"itemListElement\":[{\"@type\":\"ListItem\",\"position\":1,\"name\":\"Startseite\",\"item\":\"https:\\\/\\\/rema-tiptop.de\\\/\"},{\"@type\":\"ListItem\",\"position\":2,\"name\":\"Produkte &amp; Services\",\"item\":\"https:\\\/\\\/rema-tiptop.de\\\/produkte-services\\\/\"},{\"@type\":\"ListItem\",\"position\":3,\"name\":\"REMA Surface Protection\",\"item\":\"https:\\\/\\\/rema-tiptop.de\\\/produkte-services\\\/rema-surface-protection\\\/\"},{\"@type\":\"ListItem\",\"position\":4,\"name\":\"Produkt\u00fcbersicht\",\"item\":\"https:\\\/\\\/rema-tiptop.de\\\/produkte-services\\\/rema-surface-protection\\\/produktuebersicht\\\/\"},{\"@type\":\"ListItem\",\"position\":5,\"name\":\"Digitale Produkte\",\"item\":\"https:\\\/\\\/rema-tiptop.de\\\/produkte-services\\\/rema-surface-protection\\\/produktuebersicht\\\/digitale-produkte\\\/\"},{\"@type\":\"ListItem\",\"position\":6,\"name\":\"CCube\"}]},{\"@type\":\"WebSite\",\"@id\":\"https:\\\/\\\/rema-tiptop.de\\\/#website\",\"url\":\"https:\\\/\\\/rema-tiptop.de\\\/\",\"name\":\"REMA TIP TOP\",\"description\":\"\",\"publisher\":{\"@id\":\"https:\\\/\\\/rema-tiptop.de\\\/#organization\"},\"potentialAction\":[{\"@type\":\"SearchAction\",\"target\":{\"@type\":\"EntryPoint\",\"urlTemplate\":\"https:\\\/\\\/rema-tiptop.de\\\/?s={search_term_string}\"},\"query-input\":{\"@type\":\"PropertyValueSpecification\",\"valueRequired\":true,\"valueName\":\"search_term_string\"}}],\"inLanguage\":\"en-US\"},{\"@type\":\"Organization\",\"@id\":\"https:\\\/\\\/rema-tiptop.de\\\/#organization\",\"name\":\"REMA TIP TOP\",\"url\":\"https:\\\/\\\/rema-tiptop.de\\\/\",\"logo\":{\"@type\":\"ImageObject\",\"inLanguage\":\"en-US\",\"@id\":\"https:\\\/\\\/rema-tiptop.de\\\/#\\\/schema\\\/logo\\\/image\\\/\",\"url\":\"https:\\\/\\\/rema-tiptop.de\\\/wp-content\\\/uploads\\\/2024\\\/11\\\/rtt-logo-mit-bg.svg\",\"contentUrl\":\"https:\\\/\\\/rema-tiptop.de\\\/wp-content\\\/uploads\\\/2024\\\/11\\\/rtt-logo-mit-bg.svg\",\"width\":108,\"height\":83,\"caption\":\"REMA TIP TOP\"},\"image\":{\"@id\":\"https:\\\/\\\/rema-tiptop.de\\\/#\\\/schema\\\/logo\\\/image\\\/\"}}]}<\/script>\n<!-- \/ Yoast SEO plugin. -->","yoast_head_json":{"title":"CCube - REMA TIP TOP","description":"CCube from REMA Surface Protection: Field service management with real-time data and predictive maintenance for more efficient service operations.","robots":{"index":"index","follow":"follow","max-snippet":"max-snippet:-1","max-image-preview":"max-image-preview:large","max-video-preview":"max-video-preview:-1"},"canonical":"https:\/\/rema-tiptop.de\/en\/products-services\/rema-surface-protection\/products\/digital-products\/ccube\/","og_locale":"en_US","og_type":"article","og_title":"CCube: Fortschrittliches Diagnosewerkzeug","og_description":"CCube von REMA Surface Protection: Field-Service-Management mit Echtzeitdaten und Predictive Maintenance f\u00fcr effizientere Serviceeins\u00e4tze.","og_url":"https:\/\/rema-tiptop.de\/en\/products-services\/rema-surface-protection\/products\/digital-products\/ccube\/","og_site_name":"REMA TIP TOP","article_modified_time":"2025-11-21T12:45:34+00:00","og_image":[{"url":"https:\/\/rema-tiptop.de\/wp-content\/uploads\/2025\/02\/rema-surface-protection-digitale-produkte-ccube-1-1024x768.webp","type":"","width":"","height":""}],"twitter_card":"summary_large_image","twitter_misc":{"Est. reading time":"1 minute"},"schema":{"@context":"https:\/\/schema.org","@graph":[{"@type":"WebPage","@id":"https:\/\/rema-tiptop.de\/produkte-services\/rema-surface-protection\/produktuebersicht\/digitale-produkte\/ccube\/","url":"https:\/\/rema-tiptop.de\/produkte-services\/rema-surface-protection\/produktuebersicht\/digitale-produkte\/ccube\/","name":"CCube - REMA TIP TOP","isPartOf":{"@id":"https:\/\/rema-tiptop.de\/#website"},"primaryImageOfPage":{"@id":"https:\/\/rema-tiptop.de\/produkte-services\/rema-surface-protection\/produktuebersicht\/digitale-produkte\/ccube\/#primaryimage"},"image":{"@id":"https:\/\/rema-tiptop.de\/produkte-services\/rema-surface-protection\/produktuebersicht\/digitale-produkte\/ccube\/#primaryimage"},"thumbnailUrl":"https:\/\/rema-tiptop.de\/wp-content\/uploads\/2025\/02\/rema-surface-protection-digitale-produkte-ccube-1-1024x768.webp","datePublished":"2024-12-04T12:35:41+00:00","dateModified":"2025-11-21T12:45:34+00:00","description":"CCube from REMA Surface Protection: Field service management with real-time data and predictive maintenance for more efficient service operations.","breadcrumb":{"@id":"https:\/\/rema-tiptop.de\/produkte-services\/rema-surface-protection\/produktuebersicht\/digitale-produkte\/ccube\/#breadcrumb"},"inLanguage":"en-US","potentialAction":[{"@type":"ReadAction","target":["https:\/\/rema-tiptop.de\/produkte-services\/rema-surface-protection\/produktuebersicht\/digitale-produkte\/ccube\/"]}]},{"@type":"ImageObject","inLanguage":"en-US","@id":"https:\/\/rema-tiptop.de\/produkte-services\/rema-surface-protection\/produktuebersicht\/digitale-produkte\/ccube\/#primaryimage","url":"https:\/\/rema-tiptop.de\/wp-content\/uploads\/2025\/02\/rema-surface-protection-digitale-produkte-ccube-1-1024x768.webp","contentUrl":"https:\/\/rema-tiptop.de\/wp-content\/uploads\/2025\/02\/rema-surface-protection-digitale-produkte-ccube-1-1024x768.webp"},{"@type":"BreadcrumbList","@id":"https:\/\/rema-tiptop.de\/produkte-services\/rema-surface-protection\/produktuebersicht\/digitale-produkte\/ccube\/#breadcrumb","itemListElement":[{"@type":"ListItem","position":1,"name":"Startseite","item":"https:\/\/rema-tiptop.de\/"},{"@type":"ListItem","position":2,"name":"Produkte &amp; Services","item":"https:\/\/rema-tiptop.de\/produkte-services\/"},{"@type":"ListItem","position":3,"name":"REMA Surface Protection","item":"https:\/\/rema-tiptop.de\/produkte-services\/rema-surface-protection\/"},{"@type":"ListItem","position":4,"name":"Produkt\u00fcbersicht","item":"https:\/\/rema-tiptop.de\/produkte-services\/rema-surface-protection\/produktuebersicht\/"},{"@type":"ListItem","position":5,"name":"Digitale Produkte","item":"https:\/\/rema-tiptop.de\/produkte-services\/rema-surface-protection\/produktuebersicht\/digitale-produkte\/"},{"@type":"ListItem","position":6,"name":"CCube"}]},{"@type":"WebSite","@id":"https:\/\/rema-tiptop.de\/#website","url":"https:\/\/rema-tiptop.de\/","name":"REMA TIP TOP","description":"","publisher":{"@id":"https:\/\/rema-tiptop.de\/#organization"},"potentialAction":[{"@type":"SearchAction","target":{"@type":"EntryPoint","urlTemplate":"https:\/\/rema-tiptop.de\/?s={search_term_string}"},"query-input":{"@type":"PropertyValueSpecification","valueRequired":true,"valueName":"search_term_string"}}],"inLanguage":"en-US"},{"@type":"Organization","@id":"https:\/\/rema-tiptop.de\/#organization","name":"REMA TIP TOP","url":"https:\/\/rema-tiptop.de\/","logo":{"@type":"ImageObject","inLanguage":"en-US","@id":"https:\/\/rema-tiptop.de\/#\/schema\/logo\/image\/","url":"https:\/\/rema-tiptop.de\/wp-content\/uploads\/2024\/11\/rtt-logo-mit-bg.svg","contentUrl":"https:\/\/rema-tiptop.de\/wp-content\/uploads\/2024\/11\/rtt-logo-mit-bg.svg","width":108,"height":83,"caption":"REMA TIP TOP"},"image":{"@id":"https:\/\/rema-tiptop.de\/#\/schema\/logo\/image\/"}}]}},"_links":{"self":[{"href":"https:\/\/rema-tiptop.de\/en\/wp-json\/wp\/v2\/pages\/11860","targetHints":{"allow":["GET"]}}],"collection":[{"href":"https:\/\/rema-tiptop.de\/en\/wp-json\/wp\/v2\/pages"}],"about":[{"href":"https:\/\/rema-tiptop.de\/en\/wp-json\/wp\/v2\/types\/page"}],"author":[{"embeddable":true,"href":"https:\/\/rema-tiptop.de\/en\/wp-json\/wp\/v2\/users\/9"}],"replies":[{"embeddable":true,"href":"https:\/\/rema-tiptop.de\/en\/wp-json\/wp\/v2\/comments?post=11860"}],"version-history":[{"count":20,"href":"https:\/\/rema-tiptop.de\/en\/wp-json\/wp\/v2\/pages\/11860\/revisions"}],"predecessor-version":[{"id":20448,"href":"https:\/\/rema-tiptop.de\/en\/wp-json\/wp\/v2\/pages\/11860\/revisions\/20448"}],"up":[{"embeddable":true,"href":"https:\/\/rema-tiptop.de\/en\/wp-json\/wp\/v2\/pages\/11488"}],"wp:attachment":[{"href":"https:\/\/rema-tiptop.de\/en\/wp-json\/wp\/v2\/media?parent=11860"}],"curies":[{"name":"wp","href":"https:\/\/api.w.org\/{rel}","templated":true}]}}