{"id":12222,"date":"2024-12-04T18:34:39","date_gmt":"2024-12-04T17:34:39","guid":{"rendered":"https:\/\/staging.rema-tiptop.de\/?page_id=12222"},"modified":"2025-11-21T11:39:45","modified_gmt":"2025-11-21T10:39:45","slug":"modular-conveyor-belts","status":"publish","type":"page","link":"https:\/\/rema-tiptop.de\/en\/products-services\/rema-conveying\/products\/lightweight-belting\/modular-conveyor-belts\/","title":{"rendered":"Modular Conveyor Belts"},"content":{"rendered":"<div data-elementor-type=\"wp-page\" data-elementor-id=\"12222\" class=\"elementor elementor-12222\" data-elementor-post-type=\"page\">\n\t\t\t\t<div class=\"elementor-element elementor-element-3fabaee3 e-flex e-con-boxed e-con e-parent\" data-id=\"3fabaee3\" data-element_type=\"container\" data-e-type=\"container\" data-settings=\"{&quot;background_background&quot;:&quot;classic&quot;}\">\n\t\t\t\t\t<div class=\"e-con-inner\">\n\t\t<div class=\"elementor-element elementor-element-4a088057 e-con-full e-flex e-con e-child\" data-id=\"4a088057\" data-element_type=\"container\" data-e-type=\"container\">\n\t\t\t\t<div class=\"elementor-element elementor-element-7d9800d elementor-widget elementor-widget-heading\" data-id=\"7d9800d\" data-element_type=\"widget\" data-e-type=\"widget\" data-widget_type=\"heading.default\">\n\t\t\t\t<div class=\"elementor-widget-container\">\n\t\t\t\t\t<h1 class=\"elementor-heading-title elementor-size-default\">Modular Conveyor Belts<\/h1>\t\t\t\t<\/div>\n\t\t\t\t<\/div>\n\t\t\t\t<\/div>\n\t\t<div class=\"elementor-element elementor-element-266d41a0 e-con-full e-flex e-con e-child\" data-id=\"266d41a0\" data-element_type=\"container\" data-e-type=\"container\">\n\t\t\t\t<div class=\"elementor-element elementor-element-47b2af1b elementor-widget elementor-widget-image\" data-id=\"47b2af1b\" data-element_type=\"widget\" data-e-type=\"widget\" data-widget_type=\"image.default\">\n\t\t\t\t<div class=\"elementor-widget-container\">\n\t\t\t\t\t\t\t\t\t\t\t\t\t\t\t<img fetchpriority=\"high\" decoding=\"async\" width=\"1024\" height=\"768\" src=\"https:\/\/rema-tiptop.de\/wp-content\/uploads\/2025\/02\/rema-conveying-light-weight-modulare_foerderbaender-1024x768.webp\" class=\"attachment-large size-large wp-image-16200\" alt=\"Ein modulares F\u00f6rderband mit Produkten aus der Lebensmittelindustrie\" srcset=\"https:\/\/rema-tiptop.de\/wp-content\/uploads\/2025\/02\/rema-conveying-light-weight-modulare_foerderbaender-1024x768.webp 1024w, https:\/\/rema-tiptop.de\/wp-content\/uploads\/2025\/02\/rema-conveying-light-weight-modulare_foerderbaender-300x225.webp 300w, https:\/\/rema-tiptop.de\/wp-content\/uploads\/2025\/02\/rema-conveying-light-weight-modulare_foerderbaender-768x576.webp 768w, https:\/\/rema-tiptop.de\/wp-content\/uploads\/2025\/02\/rema-conveying-light-weight-modulare_foerderbaender-1536x1152.webp 1536w, https:\/\/rema-tiptop.de\/wp-content\/uploads\/2025\/02\/rema-conveying-light-weight-modulare_foerderbaender-16x12.webp 16w, https:\/\/rema-tiptop.de\/wp-content\/uploads\/2025\/02\/rema-conveying-light-weight-modulare_foerderbaender.webp 2000w\" sizes=\"(max-width: 1024px) 100vw, 1024px\" \/>\t\t\t\t\t\t\t\t\t\t\t\t\t\t\t<\/div>\n\t\t\t\t<\/div>\n\t\t\t\t<\/div>\n\t\t\t\t\t<\/div>\n\t\t\t\t<\/div>\n\t\t<div class=\"elementor-element elementor-element-6a69fcd4 e-flex e-con-boxed e-con e-parent\" data-id=\"6a69fcd4\" data-element_type=\"container\" data-e-type=\"container\" data-settings=\"{&quot;background_background&quot;:&quot;classic&quot;}\">\n\t\t\t\t\t<div class=\"e-con-inner\">\n\t\t\t\t<div class=\"elementor-element elementor-element-2f3000b elementor-widget elementor-widget-heading\" data-id=\"2f3000b\" data-element_type=\"widget\" data-e-type=\"widget\" data-widget_type=\"heading.default\">\n\t\t\t\t<div class=\"elementor-widget-container\">\n\t\t\t\t\t<h2 class=\"elementor-heading-title elementor-size-default\">Flexible and Efficient Solutions for Conveyor Systems<\/h2>\t\t\t\t<\/div>\n\t\t\t\t<\/div>\n\t\t\t\t<div class=\"elementor-element elementor-element-70f17974 elementor-widget elementor-widget-text-editor\" data-id=\"70f17974\" data-element_type=\"widget\" data-e-type=\"widget\" data-widget_type=\"text-editor.default\">\n\t\t\t\t<div class=\"elementor-widget-container\">\n\t\t\t\t\t\t\t\t\t<p style=\"font-weight: 400\">REMA TIP TOP designs and manufactures modular belts that are ideal for applications requiring flexibility, such as sorting systems or curve conveyors. Made of injection-molded plastic segments, they allow for easy assembly and maintenance while ensuring high efficiency.<\/p>\t\t\t\t\t\t\t\t<\/div>\n\t\t\t\t<\/div>\n\t\t\t\t\t<\/div>\n\t\t\t\t<\/div>\n\t\t<div class=\"elementor-element elementor-element-5dd5ee7b e-con-full e-flex e-con e-parent\" data-id=\"5dd5ee7b\" data-element_type=\"container\" data-e-type=\"container\" data-settings=\"{&quot;background_background&quot;:&quot;classic&quot;}\">\n\t\t<div class=\"elementor-element elementor-element-1b31769e e-con-full e-flex e-con e-child\" data-id=\"1b31769e\" data-element_type=\"container\" data-e-type=\"container\" data-settings=\"{&quot;background_background&quot;:&quot;classic&quot;}\">\n\t\t<div class=\"elementor-element elementor-element-206f3dcd e-con-full cta-inner e-flex e-con e-child\" data-id=\"206f3dcd\" data-element_type=\"container\" data-e-type=\"container\">\n\t\t\t\t<div class=\"elementor-element elementor-element-4ffcf912 elementor-widget__width-initial elementor-widget elementor-widget-heading\" data-id=\"4ffcf912\" data-element_type=\"widget\" data-e-type=\"widget\" data-widget_type=\"heading.default\">\n\t\t\t\t<div class=\"elementor-widget-container\">\n\t\t\t\t\t<h2 class=\"elementor-heading-title elementor-size-default\">Your local contact<\/h2>\t\t\t\t<\/div>\n\t\t\t\t<\/div>\n\t\t\t\t<div class=\"elementor-element elementor-element-7f6c2e18 elementor-widget elementor-widget-text-editor\" data-id=\"7f6c2e18\" data-element_type=\"widget\" data-e-type=\"widget\" data-widget_type=\"text-editor.default\">\n\t\t\t\t<div class=\"elementor-widget-container\">\n\t\t\t\t\t\t\t\t\t<p style=\"font-weight: 400\">We are close to you \u2013 worldwide.<\/p><p style=\"font-weight: 400\">With our contact finder you will find local REMAsters that match your requirements. \nWe look forward to hearing from you!<\/p>\t\t\t\t\t\t\t\t<\/div>\n\t\t\t\t<\/div>\n\t\t\t\t<div class=\"elementor-element elementor-element-747bc599 elementor-align-center rema-button contact-button elementor-widget elementor-widget-button\" data-id=\"747bc599\" data-element_type=\"widget\" data-e-type=\"widget\" data-widget_type=\"button.default\">\n\t\t\t\t<div class=\"elementor-widget-container\">\n\t\t\t\t\t\t\t\t\t<div class=\"elementor-button-wrapper\">\n\t\t\t\t\t<a class=\"elementor-button elementor-button-link elementor-size-sm\" href=\"https:\/\/rema-tiptop.de\/en\/contact-finder\/\">\n\t\t\t\t\t\t<span class=\"elementor-button-content-wrapper\">\n\t\t\t\t\t\t\t\t\t<span class=\"elementor-button-text\">Find your local contact<\/span>\n\t\t\t\t\t<\/span>\n\t\t\t\t\t<\/a>\n\t\t\t\t<\/div>\n\t\t\t\t\t\t\t\t<\/div>\n\t\t\t\t<\/div>\n\t\t\t\t<\/div>\n\t\t\t\t<\/div>\n\t\t<div class=\"elementor-element elementor-element-2c048ba6 e-con-full e-flex e-con e-child\" data-id=\"2c048ba6\" data-element_type=\"container\" data-e-type=\"container\">\n\t\t\t\t<\/div>\n\t\t<div class=\"elementor-element elementor-element-2950e09c e-con-full elementor-hidden-desktop elementor-hidden-tablet e-flex e-con e-child\" data-id=\"2950e09c\" data-element_type=\"container\" data-e-type=\"container\" data-settings=\"{&quot;background_background&quot;:&quot;classic&quot;}\">\n\t\t\t\t<\/div>\n\t\t\t\t<\/div>\n\t\t\t\t<\/div>","protected":false},"excerpt":{"rendered":"<p>Modulare F\u00f6rder\u00adb\u00e4nder Flexible und effiziente L\u00f6sungen f\u00fcr F\u00f6rdersysteme REMA TIP TOP entwickelt und fertigt modulare B\u00e4nder, die sich ideal f\u00fcr Anwendungen eignen, bei denen Flexibilit\u00e4t gefragt ist, wie beispielsweise in Sortiersystemen oder Kurvenf\u00f6rderern. Sie bestehen aus spritzgegossenen Kunststoffsegmenten, die eine einfache Montage und Wartung erm\u00f6glichen und gleichzeitig eine hohe Effizienz gew\u00e4hrleisten. Ihr Kontakt zu uns [&hellip;]<\/p>\n","protected":false},"author":9,"featured_media":0,"parent":12068,"menu_order":0,"comment_status":"closed","ping_status":"closed","template":"","meta":{"_acf_changed":false,"footnotes":""},"class_list":["post-12222","page","type-page","status-publish","hentry"],"acf":[],"yoast_head":"<!-- This site is optimized with the Yoast SEO plugin v27.3 - https:\/\/yoast.com\/product\/yoast-seo-wordpress\/ -->\n<title>Modulare F\u00f6rderb\u00e4nder: Flexible L\u00f6sungen f\u00fcr F\u00f6rdersysteme<\/title>\n<meta name=\"description\" content=\"Modulare F\u00f6rderb\u00e4nder von REMA TIP TOP mit spritzgegossenen Kunststoffsegmenten f\u00fcr Sortiersysteme, Kurvenf\u00f6rderer und hohe Effizienz.\" \/>\n<meta name=\"robots\" content=\"index, follow, max-snippet:-1, max-image-preview:large, max-video-preview:-1\" \/>\n<link rel=\"canonical\" href=\"https:\/\/rema-tiptop.de\/en\/products-services\/rema-conveying\/products\/lightweight-belting\/modular-conveyor-belts\/\" \/>\n<meta property=\"og:locale\" content=\"en_US\" \/>\n<meta property=\"og:type\" content=\"article\" \/>\n<meta property=\"og:title\" content=\"Modulare F\u00f6rderb\u00e4nder: Flexible L\u00f6sungen f\u00fcr F\u00f6rdersysteme\" \/>\n<meta property=\"og:description\" content=\"Modulare F\u00f6rderb\u00e4nder von REMA TIP TOP mit spritzgegossenen Kunststoffsegmenten f\u00fcr Sortiersysteme, Kurvenf\u00f6rderer und hohe Effizienz.\" \/>\n<meta property=\"og:url\" content=\"https:\/\/rema-tiptop.de\/en\/products-services\/rema-conveying\/products\/lightweight-belting\/modular-conveyor-belts\/\" \/>\n<meta property=\"og:site_name\" content=\"REMA TIP TOP\" \/>\n<meta property=\"article:modified_time\" content=\"2025-11-21T10:39:45+00:00\" \/>\n<meta property=\"og:image\" content=\"https:\/\/staging.rema-tiptop.de\/wp-content\/uploads\/2025\/02\/rema-conveying-light-weight-modulare_foerderbaender-1024x768.webp\" \/>\n<meta name=\"twitter:card\" content=\"summary_large_image\" \/>\n<meta name=\"twitter:label1\" content=\"Est. reading time\" \/>\n\t<meta name=\"twitter:data1\" content=\"1 minute\" \/>\n<script type=\"application\/ld+json\" class=\"yoast-schema-graph\">{\"@context\":\"https:\\\/\\\/schema.org\",\"@graph\":[{\"@type\":\"WebPage\",\"@id\":\"https:\\\/\\\/rema-tiptop.de\\\/produkte-services\\\/rema-conveying\\\/produktuebersicht\\\/leichtfoerdergurte\\\/modulare-foerderbaender\\\/\",\"url\":\"https:\\\/\\\/rema-tiptop.de\\\/produkte-services\\\/rema-conveying\\\/produktuebersicht\\\/leichtfoerdergurte\\\/modulare-foerderbaender\\\/\",\"name\":\"Modulare F\u00f6rderb\u00e4nder: Flexible L\u00f6sungen f\u00fcr F\u00f6rdersysteme\",\"isPartOf\":{\"@id\":\"https:\\\/\\\/rema-tiptop.de\\\/#website\"},\"primaryImageOfPage\":{\"@id\":\"https:\\\/\\\/rema-tiptop.de\\\/produkte-services\\\/rema-conveying\\\/produktuebersicht\\\/leichtfoerdergurte\\\/modulare-foerderbaender\\\/#primaryimage\"},\"image\":{\"@id\":\"https:\\\/\\\/rema-tiptop.de\\\/produkte-services\\\/rema-conveying\\\/produktuebersicht\\\/leichtfoerdergurte\\\/modulare-foerderbaender\\\/#primaryimage\"},\"thumbnailUrl\":\"https:\\\/\\\/staging.rema-tiptop.de\\\/wp-content\\\/uploads\\\/2025\\\/02\\\/rema-conveying-light-weight-modulare_foerderbaender-1024x768.webp\",\"datePublished\":\"2024-12-04T17:34:39+00:00\",\"dateModified\":\"2025-11-21T10:39:45+00:00\",\"description\":\"Modulare F\u00f6rderb\u00e4nder von REMA TIP TOP mit spritzgegossenen Kunststoffsegmenten f\u00fcr Sortiersysteme, Kurvenf\u00f6rderer und hohe Effizienz.\",\"breadcrumb\":{\"@id\":\"https:\\\/\\\/rema-tiptop.de\\\/produkte-services\\\/rema-conveying\\\/produktuebersicht\\\/leichtfoerdergurte\\\/modulare-foerderbaender\\\/#breadcrumb\"},\"inLanguage\":\"en-US\",\"potentialAction\":[{\"@type\":\"ReadAction\",\"target\":[\"https:\\\/\\\/rema-tiptop.de\\\/produkte-services\\\/rema-conveying\\\/produktuebersicht\\\/leichtfoerdergurte\\\/modulare-foerderbaender\\\/\"]}]},{\"@type\":\"ImageObject\",\"inLanguage\":\"en-US\",\"@id\":\"https:\\\/\\\/rema-tiptop.de\\\/produkte-services\\\/rema-conveying\\\/produktuebersicht\\\/leichtfoerdergurte\\\/modulare-foerderbaender\\\/#primaryimage\",\"url\":\"https:\\\/\\\/staging.rema-tiptop.de\\\/wp-content\\\/uploads\\\/2025\\\/02\\\/rema-conveying-light-weight-modulare_foerderbaender-1024x768.webp\",\"contentUrl\":\"https:\\\/\\\/staging.rema-tiptop.de\\\/wp-content\\\/uploads\\\/2025\\\/02\\\/rema-conveying-light-weight-modulare_foerderbaender-1024x768.webp\"},{\"@type\":\"BreadcrumbList\",\"@id\":\"https:\\\/\\\/rema-tiptop.de\\\/produkte-services\\\/rema-conveying\\\/produktuebersicht\\\/leichtfoerdergurte\\\/modulare-foerderbaender\\\/#breadcrumb\",\"itemListElement\":[{\"@type\":\"ListItem\",\"position\":1,\"name\":\"Startseite\",\"item\":\"https:\\\/\\\/rema-tiptop.de\\\/\"},{\"@type\":\"ListItem\",\"position\":2,\"name\":\"Produkte &amp; Services\",\"item\":\"https:\\\/\\\/rema-tiptop.de\\\/produkte-services\\\/\"},{\"@type\":\"ListItem\",\"position\":3,\"name\":\"REMA Conveying\",\"item\":\"https:\\\/\\\/rema-tiptop.de\\\/produkte-services\\\/rema-conveying\\\/\"},{\"@type\":\"ListItem\",\"position\":4,\"name\":\"Produkt\u00fcbersicht\",\"item\":\"https:\\\/\\\/rema-tiptop.de\\\/produkte-services\\\/rema-conveying\\\/produktuebersicht\\\/\"},{\"@type\":\"ListItem\",\"position\":5,\"name\":\"Leichtf\u00f6rdergurte\",\"item\":\"https:\\\/\\\/rema-tiptop.de\\\/produkte-services\\\/rema-conveying\\\/produktuebersicht\\\/leichtfoerdergurte\\\/\"},{\"@type\":\"ListItem\",\"position\":6,\"name\":\"Modulare F\u00f6rder\u00adb\u00e4nder\"}]},{\"@type\":\"WebSite\",\"@id\":\"https:\\\/\\\/rema-tiptop.de\\\/#website\",\"url\":\"https:\\\/\\\/rema-tiptop.de\\\/\",\"name\":\"REMA TIP TOP\",\"description\":\"\",\"publisher\":{\"@id\":\"https:\\\/\\\/rema-tiptop.de\\\/#organization\"},\"potentialAction\":[{\"@type\":\"SearchAction\",\"target\":{\"@type\":\"EntryPoint\",\"urlTemplate\":\"https:\\\/\\\/rema-tiptop.de\\\/?s={search_term_string}\"},\"query-input\":{\"@type\":\"PropertyValueSpecification\",\"valueRequired\":true,\"valueName\":\"search_term_string\"}}],\"inLanguage\":\"en-US\"},{\"@type\":\"Organization\",\"@id\":\"https:\\\/\\\/rema-tiptop.de\\\/#organization\",\"name\":\"REMA TIP TOP\",\"url\":\"https:\\\/\\\/rema-tiptop.de\\\/\",\"logo\":{\"@type\":\"ImageObject\",\"inLanguage\":\"en-US\",\"@id\":\"https:\\\/\\\/rema-tiptop.de\\\/#\\\/schema\\\/logo\\\/image\\\/\",\"url\":\"https:\\\/\\\/rema-tiptop.de\\\/wp-content\\\/uploads\\\/2024\\\/11\\\/rtt-logo-mit-bg.svg\",\"contentUrl\":\"https:\\\/\\\/rema-tiptop.de\\\/wp-content\\\/uploads\\\/2024\\\/11\\\/rtt-logo-mit-bg.svg\",\"width\":108,\"height\":83,\"caption\":\"REMA TIP TOP\"},\"image\":{\"@id\":\"https:\\\/\\\/rema-tiptop.de\\\/#\\\/schema\\\/logo\\\/image\\\/\"}}]}<\/script>\n<!-- \/ Yoast SEO plugin. -->","yoast_head_json":{"title":"Modular Conveyor Belts - REMA TIP TOP","description":"Modular conveyor belts from REMA TIP TOP with injection-molded plastic segments for sorting systems, curved conveyors and high efficiency.","robots":{"index":"index","follow":"follow","max-snippet":"max-snippet:-1","max-image-preview":"max-image-preview:large","max-video-preview":"max-video-preview:-1"},"canonical":"https:\/\/rema-tiptop.de\/en\/products-services\/rema-conveying\/products\/lightweight-belting\/modular-conveyor-belts\/","og_locale":"en_US","og_type":"article","og_title":"Modulare F\u00f6rderb\u00e4nder: Flexible L\u00f6sungen f\u00fcr F\u00f6rdersysteme","og_description":"Modulare F\u00f6rderb\u00e4nder von REMA TIP TOP mit spritzgegossenen Kunststoffsegmenten f\u00fcr Sortiersysteme, Kurvenf\u00f6rderer und hohe Effizienz.","og_url":"https:\/\/rema-tiptop.de\/en\/products-services\/rema-conveying\/products\/lightweight-belting\/modular-conveyor-belts\/","og_site_name":"REMA TIP TOP","article_modified_time":"2025-11-21T10:39:45+00:00","og_image":[{"url":"https:\/\/staging.rema-tiptop.de\/wp-content\/uploads\/2025\/02\/rema-conveying-light-weight-modulare_foerderbaender-1024x768.webp","type":"","width":"","height":""}],"twitter_card":"summary_large_image","twitter_misc":{"Est. reading time":"1 minute"},"schema":{"@context":"https:\/\/schema.org","@graph":[{"@type":"WebPage","@id":"https:\/\/rema-tiptop.de\/produkte-services\/rema-conveying\/produktuebersicht\/leichtfoerdergurte\/modulare-foerderbaender\/","url":"https:\/\/rema-tiptop.de\/produkte-services\/rema-conveying\/produktuebersicht\/leichtfoerdergurte\/modulare-foerderbaender\/","name":"Modular Conveyor Belts - REMA TIP TOP","isPartOf":{"@id":"https:\/\/rema-tiptop.de\/#website"},"primaryImageOfPage":{"@id":"https:\/\/rema-tiptop.de\/produkte-services\/rema-conveying\/produktuebersicht\/leichtfoerdergurte\/modulare-foerderbaender\/#primaryimage"},"image":{"@id":"https:\/\/rema-tiptop.de\/produkte-services\/rema-conveying\/produktuebersicht\/leichtfoerdergurte\/modulare-foerderbaender\/#primaryimage"},"thumbnailUrl":"https:\/\/staging.rema-tiptop.de\/wp-content\/uploads\/2025\/02\/rema-conveying-light-weight-modulare_foerderbaender-1024x768.webp","datePublished":"2024-12-04T17:34:39+00:00","dateModified":"2025-11-21T10:39:45+00:00","description":"Modular conveyor belts from REMA TIP TOP with injection-molded plastic segments for sorting systems, curved conveyors and high efficiency.","breadcrumb":{"@id":"https:\/\/rema-tiptop.de\/produkte-services\/rema-conveying\/produktuebersicht\/leichtfoerdergurte\/modulare-foerderbaender\/#breadcrumb"},"inLanguage":"en-US","potentialAction":[{"@type":"ReadAction","target":["https:\/\/rema-tiptop.de\/produkte-services\/rema-conveying\/produktuebersicht\/leichtfoerdergurte\/modulare-foerderbaender\/"]}]},{"@type":"ImageObject","inLanguage":"en-US","@id":"https:\/\/rema-tiptop.de\/produkte-services\/rema-conveying\/produktuebersicht\/leichtfoerdergurte\/modulare-foerderbaender\/#primaryimage","url":"https:\/\/staging.rema-tiptop.de\/wp-content\/uploads\/2025\/02\/rema-conveying-light-weight-modulare_foerderbaender-1024x768.webp","contentUrl":"https:\/\/staging.rema-tiptop.de\/wp-content\/uploads\/2025\/02\/rema-conveying-light-weight-modulare_foerderbaender-1024x768.webp"},{"@type":"BreadcrumbList","@id":"https:\/\/rema-tiptop.de\/produkte-services\/rema-conveying\/produktuebersicht\/leichtfoerdergurte\/modulare-foerderbaender\/#breadcrumb","itemListElement":[{"@type":"ListItem","position":1,"name":"Startseite","item":"https:\/\/rema-tiptop.de\/"},{"@type":"ListItem","position":2,"name":"Produkte &amp; Services","item":"https:\/\/rema-tiptop.de\/produkte-services\/"},{"@type":"ListItem","position":3,"name":"REMA Conveying","item":"https:\/\/rema-tiptop.de\/produkte-services\/rema-conveying\/"},{"@type":"ListItem","position":4,"name":"Produkt\u00fcbersicht","item":"https:\/\/rema-tiptop.de\/produkte-services\/rema-conveying\/produktuebersicht\/"},{"@type":"ListItem","position":5,"name":"Leichtf\u00f6rdergurte","item":"https:\/\/rema-tiptop.de\/produkte-services\/rema-conveying\/produktuebersicht\/leichtfoerdergurte\/"},{"@type":"ListItem","position":6,"name":"Modulare F\u00f6rder\u00adb\u00e4nder"}]},{"@type":"WebSite","@id":"https:\/\/rema-tiptop.de\/#website","url":"https:\/\/rema-tiptop.de\/","name":"REMA TIP TOP","description":"","publisher":{"@id":"https:\/\/rema-tiptop.de\/#organization"},"potentialAction":[{"@type":"SearchAction","target":{"@type":"EntryPoint","urlTemplate":"https:\/\/rema-tiptop.de\/?s={search_term_string}"},"query-input":{"@type":"PropertyValueSpecification","valueRequired":true,"valueName":"search_term_string"}}],"inLanguage":"en-US"},{"@type":"Organization","@id":"https:\/\/rema-tiptop.de\/#organization","name":"REMA TIP TOP","url":"https:\/\/rema-tiptop.de\/","logo":{"@type":"ImageObject","inLanguage":"en-US","@id":"https:\/\/rema-tiptop.de\/#\/schema\/logo\/image\/","url":"https:\/\/rema-tiptop.de\/wp-content\/uploads\/2024\/11\/rtt-logo-mit-bg.svg","contentUrl":"https:\/\/rema-tiptop.de\/wp-content\/uploads\/2024\/11\/rtt-logo-mit-bg.svg","width":108,"height":83,"caption":"REMA TIP TOP"},"image":{"@id":"https:\/\/rema-tiptop.de\/#\/schema\/logo\/image\/"}}]}},"_links":{"self":[{"href":"https:\/\/rema-tiptop.de\/en\/wp-json\/wp\/v2\/pages\/12222","targetHints":{"allow":["GET"]}}],"collection":[{"href":"https:\/\/rema-tiptop.de\/en\/wp-json\/wp\/v2\/pages"}],"about":[{"href":"https:\/\/rema-tiptop.de\/en\/wp-json\/wp\/v2\/types\/page"}],"author":[{"embeddable":true,"href":"https:\/\/rema-tiptop.de\/en\/wp-json\/wp\/v2\/users\/9"}],"replies":[{"embeddable":true,"href":"https:\/\/rema-tiptop.de\/en\/wp-json\/wp\/v2\/comments?post=12222"}],"version-history":[{"count":25,"href":"https:\/\/rema-tiptop.de\/en\/wp-json\/wp\/v2\/pages\/12222\/revisions"}],"predecessor-version":[{"id":20400,"href":"https:\/\/rema-tiptop.de\/en\/wp-json\/wp\/v2\/pages\/12222\/revisions\/20400"}],"up":[{"embeddable":true,"href":"https:\/\/rema-tiptop.de\/en\/wp-json\/wp\/v2\/pages\/12068"}],"wp:attachment":[{"href":"https:\/\/rema-tiptop.de\/en\/wp-json\/wp\/v2\/media?parent=12222"}],"curies":[{"name":"wp","href":"https:\/\/api.w.org\/{rel}","templated":true}]}}