{"id":12301,"date":"2024-12-05T07:47:37","date_gmt":"2024-12-05T06:47:37","guid":{"rendered":"https:\/\/staging.rema-tiptop.de\/?page_id=12301"},"modified":"2025-11-21T11:05:56","modified_gmt":"2025-11-21T10:05:56","slug":"rollers-idlers","status":"publish","type":"page","link":"https:\/\/rema-tiptop.de\/en\/products-services\/rema-conveying\/products\/conveying-components\/rollers-idlers\/","title":{"rendered":"Rollers\/Idlers"},"content":{"rendered":"<div data-elementor-type=\"wp-page\" data-elementor-id=\"12301\" class=\"elementor elementor-12301\" data-elementor-post-type=\"page\">\n\t\t\t\t<div class=\"elementor-element elementor-element-5d25f516 e-flex e-con-boxed e-con e-parent\" data-id=\"5d25f516\" data-element_type=\"container\" data-e-type=\"container\" data-settings=\"{&quot;background_background&quot;:&quot;classic&quot;}\">\n\t\t\t\t\t<div class=\"e-con-inner\">\n\t\t<div class=\"elementor-element elementor-element-568ad7f e-con-full e-flex e-con e-child\" data-id=\"568ad7f\" data-element_type=\"container\" data-e-type=\"container\">\n\t\t\t\t<div class=\"elementor-element elementor-element-2821c22 elementor-widget elementor-widget-heading\" data-id=\"2821c22\" data-element_type=\"widget\" data-e-type=\"widget\" data-widget_type=\"heading.default\">\n\t\t\t\t<div class=\"elementor-widget-container\">\n\t\t\t\t\t<h1 class=\"elementor-heading-title elementor-size-default\">Rollers\/Idlers<\/h1>\t\t\t\t<\/div>\n\t\t\t\t<\/div>\n\t\t\t\t<\/div>\n\t\t<div class=\"elementor-element elementor-element-2806a828 e-con-full e-flex e-con e-child\" data-id=\"2806a828\" data-element_type=\"container\" data-e-type=\"container\">\n\t\t\t\t<div class=\"elementor-element elementor-element-3135b23d elementor-widget elementor-widget-image\" data-id=\"3135b23d\" data-element_type=\"widget\" data-e-type=\"widget\" data-widget_type=\"image.default\">\n\t\t\t\t<div class=\"elementor-widget-container\">\n\t\t\t\t\t\t\t\t\t\t\t\t\t\t\t<img fetchpriority=\"high\" decoding=\"async\" width=\"2000\" height=\"1500\" src=\"https:\/\/rema-tiptop.de\/wp-content\/uploads\/2025\/02\/rema-conveying-produkte-foerderkomponenten-rollen.webp\" class=\"attachment-large size-large wp-image-17326\" alt=\"Produktbild einer F\u00f6rderbandrolle\" srcset=\"https:\/\/rema-tiptop.de\/wp-content\/uploads\/2025\/02\/rema-conveying-produkte-foerderkomponenten-rollen.webp 2000w, https:\/\/rema-tiptop.de\/wp-content\/uploads\/2025\/02\/rema-conveying-produkte-foerderkomponenten-rollen-300x225.webp 300w, https:\/\/rema-tiptop.de\/wp-content\/uploads\/2025\/02\/rema-conveying-produkte-foerderkomponenten-rollen-768x576.webp 768w, https:\/\/rema-tiptop.de\/wp-content\/uploads\/2025\/02\/rema-conveying-produkte-foerderkomponenten-rollen-1536x1152.webp 1536w, https:\/\/rema-tiptop.de\/wp-content\/uploads\/2025\/02\/rema-conveying-produkte-foerderkomponenten-rollen-16x12.webp 16w\" sizes=\"(max-width: 2000px) 100vw, 2000px\" \/>\t\t\t\t\t\t\t\t\t\t\t\t\t\t\t<\/div>\n\t\t\t\t<\/div>\n\t\t\t\t<\/div>\n\t\t\t\t\t<\/div>\n\t\t\t\t<\/div>\n\t\t<div class=\"elementor-element elementor-element-5d9297fb e-flex e-con-boxed e-con e-parent\" data-id=\"5d9297fb\" data-element_type=\"container\" data-e-type=\"container\" data-settings=\"{&quot;background_background&quot;:&quot;classic&quot;}\">\n\t\t\t\t\t<div class=\"e-con-inner\">\n\t\t\t\t<div class=\"elementor-element elementor-element-7e0a96dc elementor-widget elementor-widget-heading\" data-id=\"7e0a96dc\" data-element_type=\"widget\" data-e-type=\"widget\" data-widget_type=\"heading.default\">\n\t\t\t\t<div class=\"elementor-widget-container\">\n\t\t\t\t\t<h2 class=\"elementor-heading-title elementor-size-default\">Reliable support for your conveyor systems<\/h2>\t\t\t\t<\/div>\n\t\t\t\t<\/div>\n\t\t\t\t<div class=\"elementor-element elementor-element-a549e79 elementor-widget elementor-widget-text-editor\" data-id=\"a549e79\" data-element_type=\"widget\" data-e-type=\"widget\" data-widget_type=\"text-editor.default\">\n\t\t\t\t<div class=\"elementor-widget-container\">\n\t\t\t\t\t\t\t\t\t<p style=\"font-weight: 400\">We manufacture and supply a wide range of trough\/carrying idlers and return idlers. While the former are load-bearing idlers on the top of the conveyor structure, carrying the load from the materials and belt, return idlers are used to support the conveyor belt on the return\/bottom of the conveyor structure.\nWe manufacture and supply a wide range of trough\/carrying idlers and return idlers. While the former are load-bearing idlers on the top of the conveyor structure, carrying the load from the materials and belt, return idlers are used to support the conveyor belt on the return\/bottom of the conveyor structure.\nWe use a variety of materials for our idlers, each of which has specific advantages: The most common type of idler for general use is made of cold-rolled conveyor specification mild steel. HDPE idlers are used in highly corrosive and humid environments where steel is unsuitable. Finally, natural composite rubber idlers are impact resistant, come with a steel core tube, and are most commonly used in loading areas. This allows us to provide our customers with solutions for almost any scenario.<\/p>\t\t\t\t\t\t\t\t<\/div>\n\t\t\t\t<\/div>\n\t\t\t\t\t<\/div>\n\t\t\t\t<\/div>\n\t\t<div class=\"elementor-element elementor-element-646421c e-flex e-con-boxed e-con e-parent\" data-id=\"646421c\" data-element_type=\"container\" data-e-type=\"container\" data-settings=\"{&quot;background_background&quot;:&quot;classic&quot;}\">\n\t\t\t\t\t<div class=\"e-con-inner\">\n\t\t\t\t<div class=\"elementor-element elementor-element-375cff15 elementor-widget elementor-widget-heading\" data-id=\"375cff15\" data-element_type=\"widget\" data-e-type=\"widget\" data-widget_type=\"heading.default\">\n\t\t\t\t<div class=\"elementor-widget-container\">\n\t\t\t\t\t<h2 class=\"elementor-heading-title elementor-size-default\">Have we piqued your interest?<\/h2>\t\t\t\t<\/div>\n\t\t\t\t<\/div>\n\t\t\t\t<div class=\"elementor-element elementor-element-33180510 elementor-widget elementor-widget-text-editor\" data-id=\"33180510\" data-element_type=\"widget\" data-e-type=\"widget\" data-widget_type=\"text-editor.default\">\n\t\t\t\t<div class=\"elementor-widget-container\">\n\t\t\t\t\t\t\t\t\t<p>Check out our product catalog for more information.<\/p>\t\t\t\t\t\t\t\t<\/div>\n\t\t\t\t<\/div>\n\t\t\t\t<div class=\"elementor-element elementor-element-2dc6c579 rema-button elementor-widget elementor-widget-button\" data-id=\"2dc6c579\" data-element_type=\"widget\" data-e-type=\"widget\" data-widget_type=\"button.default\">\n\t\t\t\t<div class=\"elementor-widget-container\">\n\t\t\t\t\t\t\t\t\t<div class=\"elementor-button-wrapper\">\n\t\t\t\t\t<a class=\"elementor-button elementor-button-link elementor-size-sm\" href=\"https:\/\/kis.rema-tiptop.net\/catalog\/RTT\/Catalog.aspx?LanguageID=EN&#038;L=3&#038;LL=N&#038;GLS0=2&#038;GLS1=8&#038;GLS2=0&#038;GLS3=0&#038;PLS0=0\">\n\t\t\t\t\t\t<span class=\"elementor-button-content-wrapper\">\n\t\t\t\t\t\t\t\t\t<span class=\"elementor-button-text\">Product catalog<\/span>\n\t\t\t\t\t<\/span>\n\t\t\t\t\t<\/a>\n\t\t\t\t<\/div>\n\t\t\t\t\t\t\t\t<\/div>\n\t\t\t\t<\/div>\n\t\t\t\t\t<\/div>\n\t\t\t\t<\/div>\n\t\t<div class=\"elementor-element elementor-element-dc1098 e-con-full e-flex e-con e-parent\" data-id=\"dc1098\" data-element_type=\"container\" data-e-type=\"container\" data-settings=\"{&quot;background_background&quot;:&quot;classic&quot;}\">\n\t\t<div class=\"elementor-element elementor-element-44d7af43 e-con-full e-flex e-con e-child\" data-id=\"44d7af43\" data-element_type=\"container\" data-e-type=\"container\" data-settings=\"{&quot;background_background&quot;:&quot;classic&quot;}\">\n\t\t<div class=\"elementor-element elementor-element-3c539ac2 e-con-full cta-inner e-flex e-con e-child\" data-id=\"3c539ac2\" data-element_type=\"container\" data-e-type=\"container\">\n\t\t\t\t<div class=\"elementor-element elementor-element-34d7e10b elementor-widget__width-initial elementor-widget elementor-widget-heading\" data-id=\"34d7e10b\" data-element_type=\"widget\" data-e-type=\"widget\" data-widget_type=\"heading.default\">\n\t\t\t\t<div class=\"elementor-widget-container\">\n\t\t\t\t\t<h2 class=\"elementor-heading-title elementor-size-default\">Your local contact<\/h2>\t\t\t\t<\/div>\n\t\t\t\t<\/div>\n\t\t\t\t<div class=\"elementor-element elementor-element-4624188 elementor-widget elementor-widget-text-editor\" data-id=\"4624188\" data-element_type=\"widget\" data-e-type=\"widget\" data-widget_type=\"text-editor.default\">\n\t\t\t\t<div class=\"elementor-widget-container\">\n\t\t\t\t\t\t\t\t\t<p style=\"font-weight: 400\">We are close to you \u2013 worldwide.<\/p><p style=\"font-weight: 400\">With our contact finder you will find local REMAsters that match your requirements. \nWe look forward to hearing from you!<\/p>\t\t\t\t\t\t\t\t<\/div>\n\t\t\t\t<\/div>\n\t\t\t\t<div class=\"elementor-element elementor-element-67026cd9 elementor-align-center rema-button contact-button elementor-widget elementor-widget-button\" data-id=\"67026cd9\" data-element_type=\"widget\" data-e-type=\"widget\" data-widget_type=\"button.default\">\n\t\t\t\t<div class=\"elementor-widget-container\">\n\t\t\t\t\t\t\t\t\t<div class=\"elementor-button-wrapper\">\n\t\t\t\t\t<a class=\"elementor-button elementor-button-link elementor-size-sm\" href=\"https:\/\/rema-tiptop.de\/en\/contact-finder\/\">\n\t\t\t\t\t\t<span class=\"elementor-button-content-wrapper\">\n\t\t\t\t\t\t\t\t\t<span class=\"elementor-button-text\">Find your local contact<\/span>\n\t\t\t\t\t<\/span>\n\t\t\t\t\t<\/a>\n\t\t\t\t<\/div>\n\t\t\t\t\t\t\t\t<\/div>\n\t\t\t\t<\/div>\n\t\t\t\t<\/div>\n\t\t\t\t<\/div>\n\t\t<div class=\"elementor-element elementor-element-43ce6977 e-con-full e-flex e-con e-child\" data-id=\"43ce6977\" data-element_type=\"container\" data-e-type=\"container\">\n\t\t\t\t<\/div>\n\t\t<div class=\"elementor-element elementor-element-3751bc5c e-con-full elementor-hidden-desktop elementor-hidden-tablet e-flex e-con e-child\" data-id=\"3751bc5c\" data-element_type=\"container\" data-e-type=\"container\" data-settings=\"{&quot;background_background&quot;:&quot;classic&quot;}\">\n\t\t\t\t<\/div>\n\t\t\t\t<\/div>\n\t\t\t\t<\/div>","protected":false},"excerpt":{"rendered":"<p>Rollen\/\u00adTragrollen Zuverl\u00e4ssige Unterst\u00fctzung f\u00fcr Ihre F\u00f6rdersysteme Wir fertigen und liefern eine breite Palette von Mulden-\/Tragrollen und R\u00fccklaufrollen. Tragrollen tragen die Last von Material und F\u00f6rderband auf der Oberseite der F\u00f6rderstruktur, w\u00e4hrend R\u00fccklaufrollen das F\u00f6rderband auf der Unterseite der F\u00f6rderstruktur unterst\u00fctzen. F\u00fcr unsere Rollen verwenden wir verschiedene Materialien mit spezifischen Vorteilen: Kaltgewalzter Stahl ist der am [&hellip;]<\/p>\n","protected":false},"author":9,"featured_media":0,"parent":12091,"menu_order":0,"comment_status":"closed","ping_status":"closed","template":"","meta":{"_acf_changed":false,"footnotes":""},"class_list":["post-12301","page","type-page","status-publish","hentry"],"acf":[],"yoast_head":"<!-- This site is optimized with the Yoast SEO plugin v27.3 - https:\/\/yoast.com\/product\/yoast-seo-wordpress\/ -->\n<title>Rollen\/Tragrollen | F\u00f6rderkomponenten<\/title>\n<meta name=\"description\" content=\"Rollen und Tragrollen von REMA TIP TOP aus Stahl, HDPE und Gummi \u2013 Vielfalt f\u00fcr zuverl\u00e4ssige F\u00f6rdersysteme und nahezu jede Anforderung.\" \/>\n<meta name=\"robots\" content=\"index, follow, max-snippet:-1, max-image-preview:large, max-video-preview:-1\" \/>\n<link rel=\"canonical\" href=\"https:\/\/rema-tiptop.de\/en\/products-services\/rema-conveying\/products\/conveying-components\/rollers-idlers\/\" \/>\n<meta property=\"og:locale\" content=\"en_US\" \/>\n<meta property=\"og:type\" content=\"article\" \/>\n<meta property=\"og:title\" content=\"Rollen\/Tragrollen | F\u00f6rderkomponenten\" \/>\n<meta property=\"og:description\" content=\"Rollen und Tragrollen von REMA TIP TOP aus Stahl, HDPE und Gummi \u2013 Vielfalt f\u00fcr zuverl\u00e4ssige F\u00f6rdersysteme und nahezu jede Anforderung.\" \/>\n<meta property=\"og:url\" content=\"https:\/\/rema-tiptop.de\/en\/products-services\/rema-conveying\/products\/conveying-components\/rollers-idlers\/\" \/>\n<meta property=\"og:site_name\" content=\"REMA TIP TOP\" \/>\n<meta property=\"article:modified_time\" content=\"2025-11-21T10:05:56+00:00\" \/>\n<meta property=\"og:image\" content=\"https:\/\/staging.rema-tiptop.de\/wp-content\/uploads\/2025\/02\/rema-conveying-produkte-foerderkomponenten-rollen.webp\" \/>\n<meta name=\"twitter:card\" content=\"summary_large_image\" \/>\n<meta name=\"twitter:label1\" content=\"Est. reading time\" \/>\n\t<meta name=\"twitter:data1\" content=\"2 minutes\" \/>\n<script type=\"application\/ld+json\" class=\"yoast-schema-graph\">{\"@context\":\"https:\\\/\\\/schema.org\",\"@graph\":[{\"@type\":\"WebPage\",\"@id\":\"https:\\\/\\\/rema-tiptop.de\\\/produkte-services\\\/rema-conveying\\\/produktuebersicht\\\/foerderkomponenten\\\/rollen-tragrollen\\\/\",\"url\":\"https:\\\/\\\/rema-tiptop.de\\\/produkte-services\\\/rema-conveying\\\/produktuebersicht\\\/foerderkomponenten\\\/rollen-tragrollen\\\/\",\"name\":\"Rollen\\\/Tragrollen | F\u00f6rderkomponenten\",\"isPartOf\":{\"@id\":\"https:\\\/\\\/rema-tiptop.de\\\/#website\"},\"primaryImageOfPage\":{\"@id\":\"https:\\\/\\\/rema-tiptop.de\\\/produkte-services\\\/rema-conveying\\\/produktuebersicht\\\/foerderkomponenten\\\/rollen-tragrollen\\\/#primaryimage\"},\"image\":{\"@id\":\"https:\\\/\\\/rema-tiptop.de\\\/produkte-services\\\/rema-conveying\\\/produktuebersicht\\\/foerderkomponenten\\\/rollen-tragrollen\\\/#primaryimage\"},\"thumbnailUrl\":\"https:\\\/\\\/staging.rema-tiptop.de\\\/wp-content\\\/uploads\\\/2025\\\/02\\\/rema-conveying-produkte-foerderkomponenten-rollen.webp\",\"datePublished\":\"2024-12-05T06:47:37+00:00\",\"dateModified\":\"2025-11-21T10:05:56+00:00\",\"description\":\"Rollen und Tragrollen von REMA TIP TOP aus Stahl, HDPE und Gummi \u2013 Vielfalt f\u00fcr zuverl\u00e4ssige F\u00f6rdersysteme und nahezu jede Anforderung.\",\"breadcrumb\":{\"@id\":\"https:\\\/\\\/rema-tiptop.de\\\/produkte-services\\\/rema-conveying\\\/produktuebersicht\\\/foerderkomponenten\\\/rollen-tragrollen\\\/#breadcrumb\"},\"inLanguage\":\"en-US\",\"potentialAction\":[{\"@type\":\"ReadAction\",\"target\":[\"https:\\\/\\\/rema-tiptop.de\\\/produkte-services\\\/rema-conveying\\\/produktuebersicht\\\/foerderkomponenten\\\/rollen-tragrollen\\\/\"]}]},{\"@type\":\"ImageObject\",\"inLanguage\":\"en-US\",\"@id\":\"https:\\\/\\\/rema-tiptop.de\\\/produkte-services\\\/rema-conveying\\\/produktuebersicht\\\/foerderkomponenten\\\/rollen-tragrollen\\\/#primaryimage\",\"url\":\"https:\\\/\\\/staging.rema-tiptop.de\\\/wp-content\\\/uploads\\\/2025\\\/02\\\/rema-conveying-produkte-foerderkomponenten-rollen.webp\",\"contentUrl\":\"https:\\\/\\\/staging.rema-tiptop.de\\\/wp-content\\\/uploads\\\/2025\\\/02\\\/rema-conveying-produkte-foerderkomponenten-rollen.webp\"},{\"@type\":\"BreadcrumbList\",\"@id\":\"https:\\\/\\\/rema-tiptop.de\\\/produkte-services\\\/rema-conveying\\\/produktuebersicht\\\/foerderkomponenten\\\/rollen-tragrollen\\\/#breadcrumb\",\"itemListElement\":[{\"@type\":\"ListItem\",\"position\":1,\"name\":\"Startseite\",\"item\":\"https:\\\/\\\/rema-tiptop.de\\\/\"},{\"@type\":\"ListItem\",\"position\":2,\"name\":\"Produkte &amp; Services\",\"item\":\"https:\\\/\\\/rema-tiptop.de\\\/produkte-services\\\/\"},{\"@type\":\"ListItem\",\"position\":3,\"name\":\"REMA Conveying\",\"item\":\"https:\\\/\\\/rema-tiptop.de\\\/produkte-services\\\/rema-conveying\\\/\"},{\"@type\":\"ListItem\",\"position\":4,\"name\":\"Produkt\u00fcbersicht\",\"item\":\"https:\\\/\\\/rema-tiptop.de\\\/produkte-services\\\/rema-conveying\\\/produktuebersicht\\\/\"},{\"@type\":\"ListItem\",\"position\":5,\"name\":\"F\u00f6rderkomponenten\",\"item\":\"https:\\\/\\\/rema-tiptop.de\\\/produkte-services\\\/rema-conveying\\\/produktuebersicht\\\/foerderkomponenten\\\/\"},{\"@type\":\"ListItem\",\"position\":6,\"name\":\"Rollen\\\/Tragrollen\"}]},{\"@type\":\"WebSite\",\"@id\":\"https:\\\/\\\/rema-tiptop.de\\\/#website\",\"url\":\"https:\\\/\\\/rema-tiptop.de\\\/\",\"name\":\"REMA TIP TOP\",\"description\":\"\",\"publisher\":{\"@id\":\"https:\\\/\\\/rema-tiptop.de\\\/#organization\"},\"potentialAction\":[{\"@type\":\"SearchAction\",\"target\":{\"@type\":\"EntryPoint\",\"urlTemplate\":\"https:\\\/\\\/rema-tiptop.de\\\/?s={search_term_string}\"},\"query-input\":{\"@type\":\"PropertyValueSpecification\",\"valueRequired\":true,\"valueName\":\"search_term_string\"}}],\"inLanguage\":\"en-US\"},{\"@type\":\"Organization\",\"@id\":\"https:\\\/\\\/rema-tiptop.de\\\/#organization\",\"name\":\"REMA TIP TOP\",\"url\":\"https:\\\/\\\/rema-tiptop.de\\\/\",\"logo\":{\"@type\":\"ImageObject\",\"inLanguage\":\"en-US\",\"@id\":\"https:\\\/\\\/rema-tiptop.de\\\/#\\\/schema\\\/logo\\\/image\\\/\",\"url\":\"https:\\\/\\\/rema-tiptop.de\\\/wp-content\\\/uploads\\\/2024\\\/11\\\/rtt-logo-mit-bg.svg\",\"contentUrl\":\"https:\\\/\\\/rema-tiptop.de\\\/wp-content\\\/uploads\\\/2024\\\/11\\\/rtt-logo-mit-bg.svg\",\"width\":108,\"height\":83,\"caption\":\"REMA TIP TOP\"},\"image\":{\"@id\":\"https:\\\/\\\/rema-tiptop.de\\\/#\\\/schema\\\/logo\\\/image\\\/\"}}]}<\/script>\n<!-- \/ Yoast SEO plugin. -->","yoast_head_json":{"title":"Rollers\/Idlers - REMA TIP TOP","description":"REMA TIP TOP rollers and carrying rollers made of steel, HDPE and rubber \u2013 a wide variety for reliable conveyor systems and virtually every requirement.","robots":{"index":"index","follow":"follow","max-snippet":"max-snippet:-1","max-image-preview":"max-image-preview:large","max-video-preview":"max-video-preview:-1"},"canonical":"https:\/\/rema-tiptop.de\/en\/products-services\/rema-conveying\/products\/conveying-components\/rollers-idlers\/","og_locale":"en_US","og_type":"article","og_title":"Rollen\/Tragrollen | F\u00f6rderkomponenten","og_description":"Rollen und Tragrollen von REMA TIP TOP aus Stahl, HDPE und Gummi \u2013 Vielfalt f\u00fcr zuverl\u00e4ssige F\u00f6rdersysteme und nahezu jede Anforderung.","og_url":"https:\/\/rema-tiptop.de\/en\/products-services\/rema-conveying\/products\/conveying-components\/rollers-idlers\/","og_site_name":"REMA TIP TOP","article_modified_time":"2025-11-21T10:05:56+00:00","og_image":[{"url":"https:\/\/staging.rema-tiptop.de\/wp-content\/uploads\/2025\/02\/rema-conveying-produkte-foerderkomponenten-rollen.webp","type":"","width":"","height":""}],"twitter_card":"summary_large_image","twitter_misc":{"Est. reading time":"2 minutes"},"schema":{"@context":"https:\/\/schema.org","@graph":[{"@type":"WebPage","@id":"https:\/\/rema-tiptop.de\/produkte-services\/rema-conveying\/produktuebersicht\/foerderkomponenten\/rollen-tragrollen\/","url":"https:\/\/rema-tiptop.de\/produkte-services\/rema-conveying\/produktuebersicht\/foerderkomponenten\/rollen-tragrollen\/","name":"Rollers\/Idlers - REMA TIP TOP","isPartOf":{"@id":"https:\/\/rema-tiptop.de\/#website"},"primaryImageOfPage":{"@id":"https:\/\/rema-tiptop.de\/produkte-services\/rema-conveying\/produktuebersicht\/foerderkomponenten\/rollen-tragrollen\/#primaryimage"},"image":{"@id":"https:\/\/rema-tiptop.de\/produkte-services\/rema-conveying\/produktuebersicht\/foerderkomponenten\/rollen-tragrollen\/#primaryimage"},"thumbnailUrl":"https:\/\/staging.rema-tiptop.de\/wp-content\/uploads\/2025\/02\/rema-conveying-produkte-foerderkomponenten-rollen.webp","datePublished":"2024-12-05T06:47:37+00:00","dateModified":"2025-11-21T10:05:56+00:00","description":"REMA TIP TOP rollers and carrying rollers made of steel, HDPE and rubber \u2013 a wide variety for reliable conveyor systems and virtually every requirement.","breadcrumb":{"@id":"https:\/\/rema-tiptop.de\/produkte-services\/rema-conveying\/produktuebersicht\/foerderkomponenten\/rollen-tragrollen\/#breadcrumb"},"inLanguage":"en-US","potentialAction":[{"@type":"ReadAction","target":["https:\/\/rema-tiptop.de\/produkte-services\/rema-conveying\/produktuebersicht\/foerderkomponenten\/rollen-tragrollen\/"]}]},{"@type":"ImageObject","inLanguage":"en-US","@id":"https:\/\/rema-tiptop.de\/produkte-services\/rema-conveying\/produktuebersicht\/foerderkomponenten\/rollen-tragrollen\/#primaryimage","url":"https:\/\/staging.rema-tiptop.de\/wp-content\/uploads\/2025\/02\/rema-conveying-produkte-foerderkomponenten-rollen.webp","contentUrl":"https:\/\/staging.rema-tiptop.de\/wp-content\/uploads\/2025\/02\/rema-conveying-produkte-foerderkomponenten-rollen.webp"},{"@type":"BreadcrumbList","@id":"https:\/\/rema-tiptop.de\/produkte-services\/rema-conveying\/produktuebersicht\/foerderkomponenten\/rollen-tragrollen\/#breadcrumb","itemListElement":[{"@type":"ListItem","position":1,"name":"Startseite","item":"https:\/\/rema-tiptop.de\/"},{"@type":"ListItem","position":2,"name":"Produkte &amp; Services","item":"https:\/\/rema-tiptop.de\/produkte-services\/"},{"@type":"ListItem","position":3,"name":"REMA Conveying","item":"https:\/\/rema-tiptop.de\/produkte-services\/rema-conveying\/"},{"@type":"ListItem","position":4,"name":"Produkt\u00fcbersicht","item":"https:\/\/rema-tiptop.de\/produkte-services\/rema-conveying\/produktuebersicht\/"},{"@type":"ListItem","position":5,"name":"F\u00f6rderkomponenten","item":"https:\/\/rema-tiptop.de\/produkte-services\/rema-conveying\/produktuebersicht\/foerderkomponenten\/"},{"@type":"ListItem","position":6,"name":"Rollen\/Tragrollen"}]},{"@type":"WebSite","@id":"https:\/\/rema-tiptop.de\/#website","url":"https:\/\/rema-tiptop.de\/","name":"REMA TIP TOP","description":"","publisher":{"@id":"https:\/\/rema-tiptop.de\/#organization"},"potentialAction":[{"@type":"SearchAction","target":{"@type":"EntryPoint","urlTemplate":"https:\/\/rema-tiptop.de\/?s={search_term_string}"},"query-input":{"@type":"PropertyValueSpecification","valueRequired":true,"valueName":"search_term_string"}}],"inLanguage":"en-US"},{"@type":"Organization","@id":"https:\/\/rema-tiptop.de\/#organization","name":"REMA TIP TOP","url":"https:\/\/rema-tiptop.de\/","logo":{"@type":"ImageObject","inLanguage":"en-US","@id":"https:\/\/rema-tiptop.de\/#\/schema\/logo\/image\/","url":"https:\/\/rema-tiptop.de\/wp-content\/uploads\/2024\/11\/rtt-logo-mit-bg.svg","contentUrl":"https:\/\/rema-tiptop.de\/wp-content\/uploads\/2024\/11\/rtt-logo-mit-bg.svg","width":108,"height":83,"caption":"REMA TIP TOP"},"image":{"@id":"https:\/\/rema-tiptop.de\/#\/schema\/logo\/image\/"}}]}},"_links":{"self":[{"href":"https:\/\/rema-tiptop.de\/en\/wp-json\/wp\/v2\/pages\/12301","targetHints":{"allow":["GET"]}}],"collection":[{"href":"https:\/\/rema-tiptop.de\/en\/wp-json\/wp\/v2\/pages"}],"about":[{"href":"https:\/\/rema-tiptop.de\/en\/wp-json\/wp\/v2\/types\/page"}],"author":[{"embeddable":true,"href":"https:\/\/rema-tiptop.de\/en\/wp-json\/wp\/v2\/users\/9"}],"replies":[{"embeddable":true,"href":"https:\/\/rema-tiptop.de\/en\/wp-json\/wp\/v2\/comments?post=12301"}],"version-history":[{"count":21,"href":"https:\/\/rema-tiptop.de\/en\/wp-json\/wp\/v2\/pages\/12301\/revisions"}],"predecessor-version":[{"id":20393,"href":"https:\/\/rema-tiptop.de\/en\/wp-json\/wp\/v2\/pages\/12301\/revisions\/20393"}],"up":[{"embeddable":true,"href":"https:\/\/rema-tiptop.de\/en\/wp-json\/wp\/v2\/pages\/12091"}],"wp:attachment":[{"href":"https:\/\/rema-tiptop.de\/en\/wp-json\/wp\/v2\/media?parent=12301"}],"curies":[{"name":"wp","href":"https:\/\/api.w.org\/{rel}","templated":true}]}}