{"id":12361,"date":"2024-12-05T09:00:26","date_gmt":"2024-12-05T08:00:26","guid":{"rendered":"https:\/\/staging.rema-tiptop.de\/?page_id=12361"},"modified":"2025-11-19T15:08:17","modified_gmt":"2025-11-19T14:08:17","slug":"remaclean","status":"publish","type":"page","link":"https:\/\/rema-tiptop.de\/en\/products-services\/rema-conveying\/products\/belt-cleaning-systems\/remaclean\/","title":{"rendered":"REMACLEAN"},"content":{"rendered":"<div data-elementor-type=\"wp-page\" data-elementor-id=\"12361\" class=\"elementor elementor-12361\" data-elementor-post-type=\"page\">\n\t\t\t\t<div class=\"elementor-element elementor-element-3f579271 e-flex e-con-boxed e-con e-parent\" data-id=\"3f579271\" data-element_type=\"container\" data-e-type=\"container\" data-settings=\"{&quot;background_background&quot;:&quot;classic&quot;}\">\n\t\t\t\t\t<div class=\"e-con-inner\">\n\t\t<div class=\"elementor-element elementor-element-54d46342 e-con-full e-flex e-con e-child\" data-id=\"54d46342\" data-element_type=\"container\" data-e-type=\"container\">\n\t\t\t\t<div class=\"elementor-element elementor-element-2041b190 elementor-widget elementor-widget-heading\" data-id=\"2041b190\" data-element_type=\"widget\" data-e-type=\"widget\" data-widget_type=\"heading.default\">\n\t\t\t\t<div class=\"elementor-widget-container\">\n\t\t\t\t\t<h1 class=\"elementor-heading-title elementor-size-default\">REMACLEAN<\/h1>\t\t\t\t<\/div>\n\t\t\t\t<\/div>\n\t\t\t\t<\/div>\n\t\t<div class=\"elementor-element elementor-element-2ab112e0 e-con-full e-flex e-con e-child\" data-id=\"2ab112e0\" data-element_type=\"container\" data-e-type=\"container\">\n\t\t\t\t<div class=\"elementor-element elementor-element-57afdb1a elementor-widget elementor-widget-image\" data-id=\"57afdb1a\" data-element_type=\"widget\" data-e-type=\"widget\" data-widget_type=\"image.default\">\n\t\t\t\t<div class=\"elementor-widget-container\">\n\t\t\t\t\t\t\t\t\t\t\t\t\t\t\t<img fetchpriority=\"high\" decoding=\"async\" width=\"1024\" height=\"768\" src=\"https:\/\/rema-tiptop.de\/wp-content\/uploads\/2025\/02\/rema-conveying-produkte-reinigung-remaclean-1024x768.webp\" class=\"attachment-large size-large wp-image-16448\" alt=\"F\u00f6rderbandabstreifer REMACLEAN im Einsatz in einer F\u00f6rderanlage\" srcset=\"https:\/\/rema-tiptop.de\/wp-content\/uploads\/2025\/02\/rema-conveying-produkte-reinigung-remaclean-1024x768.webp 1024w, https:\/\/rema-tiptop.de\/wp-content\/uploads\/2025\/02\/rema-conveying-produkte-reinigung-remaclean-300x225.webp 300w, https:\/\/rema-tiptop.de\/wp-content\/uploads\/2025\/02\/rema-conveying-produkte-reinigung-remaclean-768x576.webp 768w, https:\/\/rema-tiptop.de\/wp-content\/uploads\/2025\/02\/rema-conveying-produkte-reinigung-remaclean-1536x1152.webp 1536w, https:\/\/rema-tiptop.de\/wp-content\/uploads\/2025\/02\/rema-conveying-produkte-reinigung-remaclean-16x12.webp 16w, https:\/\/rema-tiptop.de\/wp-content\/uploads\/2025\/02\/rema-conveying-produkte-reinigung-remaclean.webp 2000w\" sizes=\"(max-width: 1024px) 100vw, 1024px\" \/>\t\t\t\t\t\t\t\t\t\t\t\t\t\t\t<\/div>\n\t\t\t\t<\/div>\n\t\t\t\t<\/div>\n\t\t\t\t\t<\/div>\n\t\t\t\t<\/div>\n\t\t<div class=\"elementor-element elementor-element-22e5d465 e-flex e-con-boxed e-con e-parent\" data-id=\"22e5d465\" data-element_type=\"container\" data-e-type=\"container\" data-settings=\"{&quot;background_background&quot;:&quot;classic&quot;}\">\n\t\t\t\t\t<div class=\"e-con-inner\">\n\t\t\t\t<div class=\"elementor-element elementor-element-64bc8d29 elementor-widget elementor-widget-heading\" data-id=\"64bc8d29\" data-element_type=\"widget\" data-e-type=\"widget\" data-widget_type=\"heading.default\">\n\t\t\t\t<div class=\"elementor-widget-container\">\n\t\t\t\t\t<h2 class=\"elementor-heading-title elementor-size-default\">Maximum protection through optimized cleaning<\/h2>\t\t\t\t<\/div>\n\t\t\t\t<\/div>\n\t\t\t\t<div class=\"elementor-element elementor-element-22b65fe6 elementor-widget elementor-widget-text-editor\" data-id=\"22b65fe6\" data-element_type=\"widget\" data-e-type=\"widget\" data-widget_type=\"text-editor.default\">\n\t\t\t\t<div class=\"elementor-widget-container\">\n\t\t\t\t\t\t\t\t\t<p style=\"font-weight: 400\">REMACLEAN conveyor belt cleaning systems provide an effective solution for the thorough cleaning of conveyor belts. The portfolio includes tungsten carbide or polyurethane scraper bars, belt cleaning brushes and cleaning blades. They ensure optimum cleaning results and extend the life of your conveyor systems.<\/p>\t\t\t\t\t\t\t\t<\/div>\n\t\t\t\t<\/div>\n\t\t\t\t\t<\/div>\n\t\t\t\t<\/div>\n\t\t<div class=\"elementor-element elementor-element-1019cd54 e-flex e-con-boxed e-con e-parent\" data-id=\"1019cd54\" data-element_type=\"container\" data-e-type=\"container\" data-settings=\"{&quot;background_background&quot;:&quot;classic&quot;}\">\n\t\t\t\t\t<div class=\"e-con-inner\">\n\t\t\t\t<div class=\"elementor-element elementor-element-48019a2e elementor-widget elementor-widget-heading\" data-id=\"48019a2e\" data-element_type=\"widget\" data-e-type=\"widget\" data-widget_type=\"heading.default\">\n\t\t\t\t<div class=\"elementor-widget-container\">\n\t\t\t\t\t<h2 class=\"elementor-heading-title elementor-size-default\">Have we piqued your interest?<\/h2>\t\t\t\t<\/div>\n\t\t\t\t<\/div>\n\t\t\t\t<div class=\"elementor-element elementor-element-53a61547 elementor-widget elementor-widget-text-editor\" data-id=\"53a61547\" data-element_type=\"widget\" data-e-type=\"widget\" data-widget_type=\"text-editor.default\">\n\t\t\t\t<div class=\"elementor-widget-container\">\n\t\t\t\t\t\t\t\t\t<p>Check out our product catalog for more information.<\/p>\t\t\t\t\t\t\t\t<\/div>\n\t\t\t\t<\/div>\n\t\t\t\t<div class=\"elementor-element elementor-element-66cc087f rema-button elementor-widget elementor-widget-button\" data-id=\"66cc087f\" data-element_type=\"widget\" data-e-type=\"widget\" data-widget_type=\"button.default\">\n\t\t\t\t<div class=\"elementor-widget-container\">\n\t\t\t\t\t\t\t\t\t<div class=\"elementor-button-wrapper\">\n\t\t\t\t\t<a class=\"elementor-button elementor-button-link elementor-size-sm\" href=\"https:\/\/kis.rema-tiptop.net\/catalog\/RTT\/Catalog.aspx?LanguageID=EN&#038;L=3&#038;LL=N&#038;GLS0=2&#038;GLS1=10&#038;GLS2=0&#038;GLS3=0&#038;PLS0=0\">\n\t\t\t\t\t\t<span class=\"elementor-button-content-wrapper\">\n\t\t\t\t\t\t\t\t\t<span class=\"elementor-button-text\">Product catalog<\/span>\n\t\t\t\t\t<\/span>\n\t\t\t\t\t<\/a>\n\t\t\t\t<\/div>\n\t\t\t\t\t\t\t\t<\/div>\n\t\t\t\t<\/div>\n\t\t\t\t\t<\/div>\n\t\t\t\t<\/div>\n\t\t<div class=\"elementor-element elementor-element-4dc52bb1 e-con-full e-flex e-con e-parent\" data-id=\"4dc52bb1\" data-element_type=\"container\" data-e-type=\"container\" data-settings=\"{&quot;background_background&quot;:&quot;classic&quot;}\">\n\t\t<div class=\"elementor-element elementor-element-5ec7f4e2 e-con-full e-flex e-con e-child\" data-id=\"5ec7f4e2\" data-element_type=\"container\" data-e-type=\"container\" data-settings=\"{&quot;background_background&quot;:&quot;classic&quot;}\">\n\t\t<div class=\"elementor-element elementor-element-62b849ad e-con-full cta-inner e-flex e-con e-child\" data-id=\"62b849ad\" data-element_type=\"container\" data-e-type=\"container\">\n\t\t\t\t<div class=\"elementor-element elementor-element-75a363d2 elementor-widget__width-initial elementor-widget elementor-widget-heading\" data-id=\"75a363d2\" data-element_type=\"widget\" data-e-type=\"widget\" data-widget_type=\"heading.default\">\n\t\t\t\t<div class=\"elementor-widget-container\">\n\t\t\t\t\t<h2 class=\"elementor-heading-title elementor-size-default\">Your local contact<\/h2>\t\t\t\t<\/div>\n\t\t\t\t<\/div>\n\t\t\t\t<div class=\"elementor-element elementor-element-30b546c3 elementor-widget elementor-widget-text-editor\" data-id=\"30b546c3\" data-element_type=\"widget\" data-e-type=\"widget\" data-widget_type=\"text-editor.default\">\n\t\t\t\t<div class=\"elementor-widget-container\">\n\t\t\t\t\t\t\t\t\t<p style=\"font-weight: 400\">We are close to you \u2013 worldwide.<\/p><p style=\"font-weight: 400\">With our contact finder you will find local REMAsters that match your requirements. \nWe look forward to hearing from you!<\/p>\t\t\t\t\t\t\t\t<\/div>\n\t\t\t\t<\/div>\n\t\t\t\t<div class=\"elementor-element elementor-element-4b7e2a30 elementor-align-center rema-button contact-button elementor-widget elementor-widget-button\" data-id=\"4b7e2a30\" data-element_type=\"widget\" data-e-type=\"widget\" data-widget_type=\"button.default\">\n\t\t\t\t<div class=\"elementor-widget-container\">\n\t\t\t\t\t\t\t\t\t<div class=\"elementor-button-wrapper\">\n\t\t\t\t\t<a class=\"elementor-button elementor-button-link elementor-size-sm\" href=\"https:\/\/rema-tiptop.de\/en\/contact-finder\/\">\n\t\t\t\t\t\t<span class=\"elementor-button-content-wrapper\">\n\t\t\t\t\t\t\t\t\t<span class=\"elementor-button-text\">Find your local contact<\/span>\n\t\t\t\t\t<\/span>\n\t\t\t\t\t<\/a>\n\t\t\t\t<\/div>\n\t\t\t\t\t\t\t\t<\/div>\n\t\t\t\t<\/div>\n\t\t\t\t<\/div>\n\t\t\t\t<\/div>\n\t\t<div class=\"elementor-element elementor-element-ccc4732 e-con-full e-flex e-con e-child\" data-id=\"ccc4732\" data-element_type=\"container\" data-e-type=\"container\">\n\t\t\t\t<\/div>\n\t\t<div class=\"elementor-element elementor-element-4ac42dc7 e-con-full elementor-hidden-desktop elementor-hidden-tablet e-flex e-con e-child\" data-id=\"4ac42dc7\" data-element_type=\"container\" data-e-type=\"container\" data-settings=\"{&quot;background_background&quot;:&quot;classic&quot;}\">\n\t\t\t\t<\/div>\n\t\t\t\t<\/div>\n\t\t\t\t<\/div>","protected":false},"excerpt":{"rendered":"<p>REMACLEAN Maximaler Schutz durch optimierte Reinigung Die REMACLEAN F\u00f6rdergurtreinigungssysteme bieten eine effektive L\u00f6sung f\u00fcr die gr\u00fcndliche Reinigung von F\u00f6rdergurten. Das Portfolio umfasst unter anderem Abstreifleisten aus Hartmetall oder Polyurethan, Gurtreinigungsb\u00fcrsten und Reinigungsleisten. Sie sorgen f\u00fcr optimale Reinigungsergebnisse und verl\u00e4ngern die Lebensdauer Ihrer F\u00f6rderanlagen. Haben wir Ihr Interesse geweckt? Detaillierte Informationen finden Sie in unserem Produktkatalog. [&hellip;]<\/p>\n","protected":false},"author":9,"featured_media":0,"parent":12102,"menu_order":0,"comment_status":"closed","ping_status":"closed","template":"","meta":{"_acf_changed":false,"footnotes":""},"class_list":["post-12361","page","type-page","status-publish","hentry"],"acf":[],"yoast_head":"<!-- This site is optimized with the Yoast SEO plugin v27.3 - https:\/\/yoast.com\/product\/yoast-seo-wordpress\/ -->\n<title>REMACLEAN System | F\u00f6rdergurt-Reinigung<\/title>\n<meta name=\"description\" content=\"REMACLEAN F\u00f6rdergurtreinigungssysteme reinigen F\u00f6rdergurte effektiv und verl\u00e4ngern die Lebensdauer von F\u00f6rderanlagen.\" \/>\n<meta name=\"robots\" content=\"index, follow, max-snippet:-1, max-image-preview:large, max-video-preview:-1\" \/>\n<link rel=\"canonical\" href=\"https:\/\/rema-tiptop.de\/en\/products-services\/rema-conveying\/products\/belt-cleaning-systems\/remaclean\/\" \/>\n<meta property=\"og:locale\" content=\"en_US\" \/>\n<meta property=\"og:type\" content=\"article\" \/>\n<meta property=\"og:title\" content=\"REMACLEAN System | F\u00f6rdergurt-Reinigung\" \/>\n<meta property=\"og:description\" content=\"REMACLEAN F\u00f6rdergurtreinigungssysteme reinigen F\u00f6rdergurte effektiv und verl\u00e4ngern die Lebensdauer von F\u00f6rderanlagen.\" \/>\n<meta property=\"og:url\" content=\"https:\/\/rema-tiptop.de\/en\/products-services\/rema-conveying\/products\/belt-cleaning-systems\/remaclean\/\" \/>\n<meta property=\"og:site_name\" content=\"REMA TIP TOP\" \/>\n<meta property=\"article:modified_time\" content=\"2025-11-19T14:08:17+00:00\" \/>\n<meta property=\"og:image\" content=\"https:\/\/staging.rema-tiptop.de\/wp-content\/uploads\/2025\/02\/rema-conveying-produkte-reinigung-remaclean-1024x768.webp\" \/>\n<meta name=\"twitter:card\" content=\"summary_large_image\" \/>\n<meta name=\"twitter:label1\" content=\"Est. reading time\" \/>\n\t<meta name=\"twitter:data1\" content=\"1 minute\" \/>\n<script type=\"application\/ld+json\" class=\"yoast-schema-graph\">{\"@context\":\"https:\\\/\\\/schema.org\",\"@graph\":[{\"@type\":\"WebPage\",\"@id\":\"https:\\\/\\\/rema-tiptop.de\\\/produkte-services\\\/rema-conveying\\\/produktuebersicht\\\/foerdergurtreinigungssysteme\\\/remaclean\\\/\",\"url\":\"https:\\\/\\\/rema-tiptop.de\\\/produkte-services\\\/rema-conveying\\\/produktuebersicht\\\/foerdergurtreinigungssysteme\\\/remaclean\\\/\",\"name\":\"REMACLEAN System | F\u00f6rdergurt-Reinigung\",\"isPartOf\":{\"@id\":\"https:\\\/\\\/rema-tiptop.de\\\/#website\"},\"primaryImageOfPage\":{\"@id\":\"https:\\\/\\\/rema-tiptop.de\\\/produkte-services\\\/rema-conveying\\\/produktuebersicht\\\/foerdergurtreinigungssysteme\\\/remaclean\\\/#primaryimage\"},\"image\":{\"@id\":\"https:\\\/\\\/rema-tiptop.de\\\/produkte-services\\\/rema-conveying\\\/produktuebersicht\\\/foerdergurtreinigungssysteme\\\/remaclean\\\/#primaryimage\"},\"thumbnailUrl\":\"https:\\\/\\\/staging.rema-tiptop.de\\\/wp-content\\\/uploads\\\/2025\\\/02\\\/rema-conveying-produkte-reinigung-remaclean-1024x768.webp\",\"datePublished\":\"2024-12-05T08:00:26+00:00\",\"dateModified\":\"2025-11-19T14:08:17+00:00\",\"description\":\"REMACLEAN F\u00f6rdergurtreinigungssysteme reinigen F\u00f6rdergurte effektiv und verl\u00e4ngern die Lebensdauer von F\u00f6rderanlagen.\",\"breadcrumb\":{\"@id\":\"https:\\\/\\\/rema-tiptop.de\\\/produkte-services\\\/rema-conveying\\\/produktuebersicht\\\/foerdergurtreinigungssysteme\\\/remaclean\\\/#breadcrumb\"},\"inLanguage\":\"en-US\",\"potentialAction\":[{\"@type\":\"ReadAction\",\"target\":[\"https:\\\/\\\/rema-tiptop.de\\\/produkte-services\\\/rema-conveying\\\/produktuebersicht\\\/foerdergurtreinigungssysteme\\\/remaclean\\\/\"]}]},{\"@type\":\"ImageObject\",\"inLanguage\":\"en-US\",\"@id\":\"https:\\\/\\\/rema-tiptop.de\\\/produkte-services\\\/rema-conveying\\\/produktuebersicht\\\/foerdergurtreinigungssysteme\\\/remaclean\\\/#primaryimage\",\"url\":\"https:\\\/\\\/staging.rema-tiptop.de\\\/wp-content\\\/uploads\\\/2025\\\/02\\\/rema-conveying-produkte-reinigung-remaclean-1024x768.webp\",\"contentUrl\":\"https:\\\/\\\/staging.rema-tiptop.de\\\/wp-content\\\/uploads\\\/2025\\\/02\\\/rema-conveying-produkte-reinigung-remaclean-1024x768.webp\"},{\"@type\":\"BreadcrumbList\",\"@id\":\"https:\\\/\\\/rema-tiptop.de\\\/produkte-services\\\/rema-conveying\\\/produktuebersicht\\\/foerdergurtreinigungssysteme\\\/remaclean\\\/#breadcrumb\",\"itemListElement\":[{\"@type\":\"ListItem\",\"position\":1,\"name\":\"Startseite\",\"item\":\"https:\\\/\\\/rema-tiptop.de\\\/\"},{\"@type\":\"ListItem\",\"position\":2,\"name\":\"Produkte &amp; Services\",\"item\":\"https:\\\/\\\/rema-tiptop.de\\\/produkte-services\\\/\"},{\"@type\":\"ListItem\",\"position\":3,\"name\":\"REMA Conveying\",\"item\":\"https:\\\/\\\/rema-tiptop.de\\\/produkte-services\\\/rema-conveying\\\/\"},{\"@type\":\"ListItem\",\"position\":4,\"name\":\"Produkt\u00fcbersicht\",\"item\":\"https:\\\/\\\/rema-tiptop.de\\\/produkte-services\\\/rema-conveying\\\/produktuebersicht\\\/\"},{\"@type\":\"ListItem\",\"position\":5,\"name\":\"F\u00f6rdergurtreinigungssysteme\",\"item\":\"https:\\\/\\\/rema-tiptop.de\\\/produkte-services\\\/rema-conveying\\\/produktuebersicht\\\/foerdergurtreinigungssysteme\\\/\"},{\"@type\":\"ListItem\",\"position\":6,\"name\":\"REMACLEAN\"}]},{\"@type\":\"WebSite\",\"@id\":\"https:\\\/\\\/rema-tiptop.de\\\/#website\",\"url\":\"https:\\\/\\\/rema-tiptop.de\\\/\",\"name\":\"REMA TIP TOP\",\"description\":\"\",\"publisher\":{\"@id\":\"https:\\\/\\\/rema-tiptop.de\\\/#organization\"},\"potentialAction\":[{\"@type\":\"SearchAction\",\"target\":{\"@type\":\"EntryPoint\",\"urlTemplate\":\"https:\\\/\\\/rema-tiptop.de\\\/?s={search_term_string}\"},\"query-input\":{\"@type\":\"PropertyValueSpecification\",\"valueRequired\":true,\"valueName\":\"search_term_string\"}}],\"inLanguage\":\"en-US\"},{\"@type\":\"Organization\",\"@id\":\"https:\\\/\\\/rema-tiptop.de\\\/#organization\",\"name\":\"REMA TIP TOP\",\"url\":\"https:\\\/\\\/rema-tiptop.de\\\/\",\"logo\":{\"@type\":\"ImageObject\",\"inLanguage\":\"en-US\",\"@id\":\"https:\\\/\\\/rema-tiptop.de\\\/#\\\/schema\\\/logo\\\/image\\\/\",\"url\":\"https:\\\/\\\/rema-tiptop.de\\\/wp-content\\\/uploads\\\/2024\\\/11\\\/rtt-logo-mit-bg.svg\",\"contentUrl\":\"https:\\\/\\\/rema-tiptop.de\\\/wp-content\\\/uploads\\\/2024\\\/11\\\/rtt-logo-mit-bg.svg\",\"width\":108,\"height\":83,\"caption\":\"REMA TIP TOP\"},\"image\":{\"@id\":\"https:\\\/\\\/rema-tiptop.de\\\/#\\\/schema\\\/logo\\\/image\\\/\"}}]}<\/script>\n<!-- \/ Yoast SEO plugin. -->","yoast_head_json":{"title":"REMACLEAN - REMA TIP TOP","description":"REMACLEAN conveyor belt cleaning systems effectively clean conveyor belts and extend the service life of conveyor systems.","robots":{"index":"index","follow":"follow","max-snippet":"max-snippet:-1","max-image-preview":"max-image-preview:large","max-video-preview":"max-video-preview:-1"},"canonical":"https:\/\/rema-tiptop.de\/en\/products-services\/rema-conveying\/products\/belt-cleaning-systems\/remaclean\/","og_locale":"en_US","og_type":"article","og_title":"REMACLEAN System | F\u00f6rdergurt-Reinigung","og_description":"REMACLEAN F\u00f6rdergurtreinigungssysteme reinigen F\u00f6rdergurte effektiv und verl\u00e4ngern die Lebensdauer von F\u00f6rderanlagen.","og_url":"https:\/\/rema-tiptop.de\/en\/products-services\/rema-conveying\/products\/belt-cleaning-systems\/remaclean\/","og_site_name":"REMA TIP TOP","article_modified_time":"2025-11-19T14:08:17+00:00","og_image":[{"url":"https:\/\/staging.rema-tiptop.de\/wp-content\/uploads\/2025\/02\/rema-conveying-produkte-reinigung-remaclean-1024x768.webp","type":"","width":"","height":""}],"twitter_card":"summary_large_image","twitter_misc":{"Est. reading time":"1 minute"},"schema":{"@context":"https:\/\/schema.org","@graph":[{"@type":"WebPage","@id":"https:\/\/rema-tiptop.de\/produkte-services\/rema-conveying\/produktuebersicht\/foerdergurtreinigungssysteme\/remaclean\/","url":"https:\/\/rema-tiptop.de\/produkte-services\/rema-conveying\/produktuebersicht\/foerdergurtreinigungssysteme\/remaclean\/","name":"REMACLEAN - REMA TIP TOP","isPartOf":{"@id":"https:\/\/rema-tiptop.de\/#website"},"primaryImageOfPage":{"@id":"https:\/\/rema-tiptop.de\/produkte-services\/rema-conveying\/produktuebersicht\/foerdergurtreinigungssysteme\/remaclean\/#primaryimage"},"image":{"@id":"https:\/\/rema-tiptop.de\/produkte-services\/rema-conveying\/produktuebersicht\/foerdergurtreinigungssysteme\/remaclean\/#primaryimage"},"thumbnailUrl":"https:\/\/staging.rema-tiptop.de\/wp-content\/uploads\/2025\/02\/rema-conveying-produkte-reinigung-remaclean-1024x768.webp","datePublished":"2024-12-05T08:00:26+00:00","dateModified":"2025-11-19T14:08:17+00:00","description":"REMACLEAN conveyor belt cleaning systems effectively clean conveyor belts and extend the service life of conveyor systems.","breadcrumb":{"@id":"https:\/\/rema-tiptop.de\/produkte-services\/rema-conveying\/produktuebersicht\/foerdergurtreinigungssysteme\/remaclean\/#breadcrumb"},"inLanguage":"en-US","potentialAction":[{"@type":"ReadAction","target":["https:\/\/rema-tiptop.de\/produkte-services\/rema-conveying\/produktuebersicht\/foerdergurtreinigungssysteme\/remaclean\/"]}]},{"@type":"ImageObject","inLanguage":"en-US","@id":"https:\/\/rema-tiptop.de\/produkte-services\/rema-conveying\/produktuebersicht\/foerdergurtreinigungssysteme\/remaclean\/#primaryimage","url":"https:\/\/staging.rema-tiptop.de\/wp-content\/uploads\/2025\/02\/rema-conveying-produkte-reinigung-remaclean-1024x768.webp","contentUrl":"https:\/\/staging.rema-tiptop.de\/wp-content\/uploads\/2025\/02\/rema-conveying-produkte-reinigung-remaclean-1024x768.webp"},{"@type":"BreadcrumbList","@id":"https:\/\/rema-tiptop.de\/produkte-services\/rema-conveying\/produktuebersicht\/foerdergurtreinigungssysteme\/remaclean\/#breadcrumb","itemListElement":[{"@type":"ListItem","position":1,"name":"Startseite","item":"https:\/\/rema-tiptop.de\/"},{"@type":"ListItem","position":2,"name":"Produkte &amp; Services","item":"https:\/\/rema-tiptop.de\/produkte-services\/"},{"@type":"ListItem","position":3,"name":"REMA Conveying","item":"https:\/\/rema-tiptop.de\/produkte-services\/rema-conveying\/"},{"@type":"ListItem","position":4,"name":"Produkt\u00fcbersicht","item":"https:\/\/rema-tiptop.de\/produkte-services\/rema-conveying\/produktuebersicht\/"},{"@type":"ListItem","position":5,"name":"F\u00f6rdergurtreinigungssysteme","item":"https:\/\/rema-tiptop.de\/produkte-services\/rema-conveying\/produktuebersicht\/foerdergurtreinigungssysteme\/"},{"@type":"ListItem","position":6,"name":"REMACLEAN"}]},{"@type":"WebSite","@id":"https:\/\/rema-tiptop.de\/#website","url":"https:\/\/rema-tiptop.de\/","name":"REMA TIP TOP","description":"","publisher":{"@id":"https:\/\/rema-tiptop.de\/#organization"},"potentialAction":[{"@type":"SearchAction","target":{"@type":"EntryPoint","urlTemplate":"https:\/\/rema-tiptop.de\/?s={search_term_string}"},"query-input":{"@type":"PropertyValueSpecification","valueRequired":true,"valueName":"search_term_string"}}],"inLanguage":"en-US"},{"@type":"Organization","@id":"https:\/\/rema-tiptop.de\/#organization","name":"REMA TIP TOP","url":"https:\/\/rema-tiptop.de\/","logo":{"@type":"ImageObject","inLanguage":"en-US","@id":"https:\/\/rema-tiptop.de\/#\/schema\/logo\/image\/","url":"https:\/\/rema-tiptop.de\/wp-content\/uploads\/2024\/11\/rtt-logo-mit-bg.svg","contentUrl":"https:\/\/rema-tiptop.de\/wp-content\/uploads\/2024\/11\/rtt-logo-mit-bg.svg","width":108,"height":83,"caption":"REMA TIP TOP"},"image":{"@id":"https:\/\/rema-tiptop.de\/#\/schema\/logo\/image\/"}}]}},"_links":{"self":[{"href":"https:\/\/rema-tiptop.de\/en\/wp-json\/wp\/v2\/pages\/12361","targetHints":{"allow":["GET"]}}],"collection":[{"href":"https:\/\/rema-tiptop.de\/en\/wp-json\/wp\/v2\/pages"}],"about":[{"href":"https:\/\/rema-tiptop.de\/en\/wp-json\/wp\/v2\/types\/page"}],"author":[{"embeddable":true,"href":"https:\/\/rema-tiptop.de\/en\/wp-json\/wp\/v2\/users\/9"}],"replies":[{"embeddable":true,"href":"https:\/\/rema-tiptop.de\/en\/wp-json\/wp\/v2\/comments?post=12361"}],"version-history":[{"count":24,"href":"https:\/\/rema-tiptop.de\/en\/wp-json\/wp\/v2\/pages\/12361\/revisions"}],"predecessor-version":[{"id":20373,"href":"https:\/\/rema-tiptop.de\/en\/wp-json\/wp\/v2\/pages\/12361\/revisions\/20373"}],"up":[{"embeddable":true,"href":"https:\/\/rema-tiptop.de\/en\/wp-json\/wp\/v2\/pages\/12102"}],"wp:attachment":[{"href":"https:\/\/rema-tiptop.de\/en\/wp-json\/wp\/v2\/media?parent=12361"}],"curies":[{"name":"wp","href":"https:\/\/api.w.org\/{rel}","templated":true}]}}