{"id":12369,"date":"2024-12-05T09:03:30","date_gmt":"2024-12-05T08:03:30","guid":{"rendered":"https:\/\/staging.rema-tiptop.de\/?page_id=12369"},"modified":"2025-11-19T15:23:22","modified_gmt":"2025-11-19T14:23:22","slug":"uniclean","status":"publish","type":"page","link":"https:\/\/rema-tiptop.de\/en\/products-services\/rema-conveying\/products\/belt-cleaning-systems\/uniclean\/","title":{"rendered":"UNICLEAN"},"content":{"rendered":"<div data-elementor-type=\"wp-page\" data-elementor-id=\"12369\" class=\"elementor elementor-12369\" data-elementor-post-type=\"page\">\n\t\t\t\t<div class=\"elementor-element elementor-element-716dd9aa e-flex e-con-boxed e-con e-parent\" data-id=\"716dd9aa\" data-element_type=\"container\" data-e-type=\"container\" data-settings=\"{&quot;background_background&quot;:&quot;classic&quot;}\">\n\t\t\t\t\t<div class=\"e-con-inner\">\n\t\t<div class=\"elementor-element elementor-element-2728518e e-con-full e-flex e-con e-child\" data-id=\"2728518e\" data-element_type=\"container\" data-e-type=\"container\">\n\t\t\t\t<div class=\"elementor-element elementor-element-120f7e94 elementor-widget elementor-widget-heading\" data-id=\"120f7e94\" data-element_type=\"widget\" data-e-type=\"widget\" data-widget_type=\"heading.default\">\n\t\t\t\t<div class=\"elementor-widget-container\">\n\t\t\t\t\t<h1 class=\"elementor-heading-title elementor-size-default\">UNICLEAN<\/h1>\t\t\t\t<\/div>\n\t\t\t\t<\/div>\n\t\t\t\t<\/div>\n\t\t<div class=\"elementor-element elementor-element-6aa097b2 e-con-full e-flex e-con e-child\" data-id=\"6aa097b2\" data-element_type=\"container\" data-e-type=\"container\">\n\t\t\t\t<div class=\"elementor-element elementor-element-6d30624a elementor-widget elementor-widget-image\" data-id=\"6d30624a\" data-element_type=\"widget\" data-e-type=\"widget\" data-widget_type=\"image.default\">\n\t\t\t\t<div class=\"elementor-widget-container\">\n\t\t\t\t\t\t\t\t\t\t\t\t\t\t\t<img fetchpriority=\"high\" decoding=\"async\" width=\"1024\" height=\"768\" src=\"https:\/\/rema-tiptop.de\/wp-content\/uploads\/2025\/02\/rema-conveying-produkte-reinigung-uniclean-1024x768.webp\" class=\"attachment-large size-large wp-image-16450\" alt=\"F\u00f6rderbandabstreifer UNICLEAN im Einsatz in einer F\u00f6rderanlage\" srcset=\"https:\/\/rema-tiptop.de\/wp-content\/uploads\/2025\/02\/rema-conveying-produkte-reinigung-uniclean-1024x768.webp 1024w, https:\/\/rema-tiptop.de\/wp-content\/uploads\/2025\/02\/rema-conveying-produkte-reinigung-uniclean-300x225.webp 300w, https:\/\/rema-tiptop.de\/wp-content\/uploads\/2025\/02\/rema-conveying-produkte-reinigung-uniclean-768x576.webp 768w, https:\/\/rema-tiptop.de\/wp-content\/uploads\/2025\/02\/rema-conveying-produkte-reinigung-uniclean-1536x1152.webp 1536w, https:\/\/rema-tiptop.de\/wp-content\/uploads\/2025\/02\/rema-conveying-produkte-reinigung-uniclean-16x12.webp 16w, https:\/\/rema-tiptop.de\/wp-content\/uploads\/2025\/02\/rema-conveying-produkte-reinigung-uniclean.webp 2000w\" sizes=\"(max-width: 1024px) 100vw, 1024px\" \/>\t\t\t\t\t\t\t\t\t\t\t\t\t\t\t<\/div>\n\t\t\t\t<\/div>\n\t\t\t\t<\/div>\n\t\t\t\t\t<\/div>\n\t\t\t\t<\/div>\n\t\t<div class=\"elementor-element elementor-element-1804d268 e-flex e-con-boxed e-con e-parent\" data-id=\"1804d268\" data-element_type=\"container\" data-e-type=\"container\" data-settings=\"{&quot;background_background&quot;:&quot;classic&quot;}\">\n\t\t\t\t\t<div class=\"e-con-inner\">\n\t\t\t\t<div class=\"elementor-element elementor-element-7af6d479 elementor-widget elementor-widget-heading\" data-id=\"7af6d479\" data-element_type=\"widget\" data-e-type=\"widget\" data-widget_type=\"heading.default\">\n\t\t\t\t<div class=\"elementor-widget-container\">\n\t\t\t\t\t<h2 class=\"elementor-heading-title elementor-size-default\">Reliable cleaning systems for light belt conveyors<\/h2>\t\t\t\t<\/div>\n\t\t\t\t<\/div>\n\t\t\t\t<div class=\"elementor-element elementor-element-7ba1a6d elementor-widget elementor-widget-text-editor\" data-id=\"7ba1a6d\" data-element_type=\"widget\" data-e-type=\"widget\" data-widget_type=\"text-editor.default\">\n\t\t\t\t<div class=\"elementor-widget-container\">\n\t\t\t\t\t\t\t\t\t<p style=\"font-weight: 400\">The UNICLEAN conveyor belt cleaning systems are specially designed for the effective and gentle cleaning of conveyor belts in light conveyor systems. They ensure thorough cleaning of the conveyor belts without damaging their surface or structure.<\/p>\t\t\t\t\t\t\t\t<\/div>\n\t\t\t\t<\/div>\n\t\t\t\t\t<\/div>\n\t\t\t\t<\/div>\n\t\t<div class=\"elementor-element elementor-element-3d9b117e e-flex e-con-boxed e-con e-parent\" data-id=\"3d9b117e\" data-element_type=\"container\" data-e-type=\"container\" data-settings=\"{&quot;background_background&quot;:&quot;classic&quot;}\">\n\t\t\t\t\t<div class=\"e-con-inner\">\n\t\t\t\t<div class=\"elementor-element elementor-element-418c5d4a elementor-widget elementor-widget-heading\" data-id=\"418c5d4a\" data-element_type=\"widget\" data-e-type=\"widget\" data-widget_type=\"heading.default\">\n\t\t\t\t<div class=\"elementor-widget-container\">\n\t\t\t\t\t<h2 class=\"elementor-heading-title elementor-size-default\">Have we piqued your interest?<\/h2>\t\t\t\t<\/div>\n\t\t\t\t<\/div>\n\t\t\t\t<div class=\"elementor-element elementor-element-74d55684 elementor-widget elementor-widget-text-editor\" data-id=\"74d55684\" data-element_type=\"widget\" data-e-type=\"widget\" data-widget_type=\"text-editor.default\">\n\t\t\t\t<div class=\"elementor-widget-container\">\n\t\t\t\t\t\t\t\t\t<p>Check out our product catalog for more information.<\/p>\t\t\t\t\t\t\t\t<\/div>\n\t\t\t\t<\/div>\n\t\t\t\t<div class=\"elementor-element elementor-element-1a11a8e3 rema-button elementor-widget elementor-widget-button\" data-id=\"1a11a8e3\" data-element_type=\"widget\" data-e-type=\"widget\" data-widget_type=\"button.default\">\n\t\t\t\t<div class=\"elementor-widget-container\">\n\t\t\t\t\t\t\t\t\t<div class=\"elementor-button-wrapper\">\n\t\t\t\t\t<a class=\"elementor-button elementor-button-link elementor-size-sm\" href=\"https:\/\/kis.rema-tiptop.net\/catalog\/RTT\/Catalog.aspx?LanguageID=EN&#038;L=3&#038;LL=N&#038;GLS0=2&#038;GLS1=10&#038;GLS2=0&#038;GLS3=0&#038;PLS0=0\">\n\t\t\t\t\t\t<span class=\"elementor-button-content-wrapper\">\n\t\t\t\t\t\t\t\t\t<span class=\"elementor-button-text\">Product catalog<\/span>\n\t\t\t\t\t<\/span>\n\t\t\t\t\t<\/a>\n\t\t\t\t<\/div>\n\t\t\t\t\t\t\t\t<\/div>\n\t\t\t\t<\/div>\n\t\t\t\t\t<\/div>\n\t\t\t\t<\/div>\n\t\t<div class=\"elementor-element elementor-element-19f2e17d e-con-full e-flex e-con e-parent\" data-id=\"19f2e17d\" data-element_type=\"container\" data-e-type=\"container\" data-settings=\"{&quot;background_background&quot;:&quot;classic&quot;}\">\n\t\t<div class=\"elementor-element elementor-element-21be3408 e-con-full e-flex e-con e-child\" data-id=\"21be3408\" data-element_type=\"container\" data-e-type=\"container\" data-settings=\"{&quot;background_background&quot;:&quot;classic&quot;}\">\n\t\t<div class=\"elementor-element elementor-element-1e78c3f4 e-con-full cta-inner e-flex e-con e-child\" data-id=\"1e78c3f4\" data-element_type=\"container\" data-e-type=\"container\">\n\t\t\t\t<div class=\"elementor-element elementor-element-1602703 elementor-widget__width-initial elementor-widget elementor-widget-heading\" data-id=\"1602703\" data-element_type=\"widget\" data-e-type=\"widget\" data-widget_type=\"heading.default\">\n\t\t\t\t<div class=\"elementor-widget-container\">\n\t\t\t\t\t<h2 class=\"elementor-heading-title elementor-size-default\">Your local contact<\/h2>\t\t\t\t<\/div>\n\t\t\t\t<\/div>\n\t\t\t\t<div class=\"elementor-element elementor-element-32ff655a elementor-widget elementor-widget-text-editor\" data-id=\"32ff655a\" data-element_type=\"widget\" data-e-type=\"widget\" data-widget_type=\"text-editor.default\">\n\t\t\t\t<div class=\"elementor-widget-container\">\n\t\t\t\t\t\t\t\t\t<p style=\"font-weight: 400\">We are close to you \u2013 worldwide.<\/p><p style=\"font-weight: 400\">With our contact finder you will find local REMAsters that match your requirements. \nWe look forward to hearing from you!<\/p>\t\t\t\t\t\t\t\t<\/div>\n\t\t\t\t<\/div>\n\t\t\t\t<div class=\"elementor-element elementor-element-6e5353df elementor-align-center rema-button contact-button elementor-widget elementor-widget-button\" data-id=\"6e5353df\" data-element_type=\"widget\" data-e-type=\"widget\" data-widget_type=\"button.default\">\n\t\t\t\t<div class=\"elementor-widget-container\">\n\t\t\t\t\t\t\t\t\t<div class=\"elementor-button-wrapper\">\n\t\t\t\t\t<a class=\"elementor-button elementor-button-link elementor-size-sm\" href=\"https:\/\/rema-tiptop.de\/en\/contact-finder\/\">\n\t\t\t\t\t\t<span class=\"elementor-button-content-wrapper\">\n\t\t\t\t\t\t\t\t\t<span class=\"elementor-button-text\">Find your local contact<\/span>\n\t\t\t\t\t<\/span>\n\t\t\t\t\t<\/a>\n\t\t\t\t<\/div>\n\t\t\t\t\t\t\t\t<\/div>\n\t\t\t\t<\/div>\n\t\t\t\t<\/div>\n\t\t\t\t<\/div>\n\t\t<div class=\"elementor-element elementor-element-224de8a0 e-con-full e-flex e-con e-child\" data-id=\"224de8a0\" data-element_type=\"container\" data-e-type=\"container\">\n\t\t\t\t<\/div>\n\t\t<div class=\"elementor-element elementor-element-15209271 e-con-full elementor-hidden-desktop elementor-hidden-tablet e-flex e-con e-child\" data-id=\"15209271\" data-element_type=\"container\" data-e-type=\"container\" data-settings=\"{&quot;background_background&quot;:&quot;classic&quot;}\">\n\t\t\t\t<\/div>\n\t\t\t\t<\/div>\n\t\t\t\t<\/div>","protected":false},"excerpt":{"rendered":"<p>UNICLEAN Zuverl\u00e4ssige Reinigungssysteme f\u00fcr leichte Bandanlagen Die UNICLEAN F\u00f6rdergurtreinigungssysteme sind speziell f\u00fcr die effektive und schonende Reinigung von F\u00f6rdergurten in leichten Bandanlagen konzipiert. Sie sorgen f\u00fcr eine gr\u00fcndliche Reinigung der F\u00f6rdergurte, ohne deren Oberfl\u00e4che oder die Struktur zu besch\u00e4digen. Haben wir Ihr Interesse geweckt? Detaillierte Informationen finden Sie in unserem Produktkatalog. Weiter zum Produktkatalog Ihr [&hellip;]<\/p>\n","protected":false},"author":9,"featured_media":0,"parent":12102,"menu_order":0,"comment_status":"closed","ping_status":"closed","template":"","meta":{"_acf_changed":false,"footnotes":""},"class_list":["post-12369","page","type-page","status-publish","hentry"],"acf":[],"yoast_head":"<!-- This site is optimized with the Yoast SEO plugin v27.3 - https:\/\/yoast.com\/product\/yoast-seo-wordpress\/ -->\n<title>UNICLEAN | F\u00f6rdergurt-Reinigung<\/title>\n<meta name=\"description\" content=\"UNICLEAN F\u00f6rdergurtreinigungssysteme: effektive, schonende Reinigung von F\u00f6rdergurten in leichten Bandanlagen f\u00fcr saubere Prozesse.\" \/>\n<meta name=\"robots\" content=\"index, follow, max-snippet:-1, max-image-preview:large, max-video-preview:-1\" \/>\n<link rel=\"canonical\" href=\"https:\/\/rema-tiptop.de\/en\/products-services\/rema-conveying\/products\/belt-cleaning-systems\/uniclean\/\" \/>\n<meta property=\"og:locale\" content=\"en_US\" \/>\n<meta property=\"og:type\" content=\"article\" \/>\n<meta property=\"og:title\" content=\"UNICLEAN | F\u00f6rdergurt-Reinigung\" \/>\n<meta property=\"og:description\" content=\"UNICLEAN F\u00f6rdergurtreinigungssysteme: effektive, schonende Reinigung von F\u00f6rdergurten in leichten Bandanlagen f\u00fcr saubere Prozesse.\" \/>\n<meta property=\"og:url\" content=\"https:\/\/rema-tiptop.de\/en\/products-services\/rema-conveying\/products\/belt-cleaning-systems\/uniclean\/\" \/>\n<meta property=\"og:site_name\" content=\"REMA TIP TOP\" \/>\n<meta property=\"article:modified_time\" content=\"2025-11-19T14:23:22+00:00\" \/>\n<meta property=\"og:image\" content=\"https:\/\/staging.rema-tiptop.de\/wp-content\/uploads\/2025\/02\/rema-conveying-produkte-reinigung-uniclean-1024x768.webp\" \/>\n<meta name=\"twitter:card\" content=\"summary_large_image\" \/>\n<meta name=\"twitter:label1\" content=\"Est. reading time\" \/>\n\t<meta name=\"twitter:data1\" content=\"1 minute\" \/>\n<script type=\"application\/ld+json\" class=\"yoast-schema-graph\">{\"@context\":\"https:\\\/\\\/schema.org\",\"@graph\":[{\"@type\":\"WebPage\",\"@id\":\"https:\\\/\\\/rema-tiptop.de\\\/produkte-services\\\/rema-conveying\\\/produktuebersicht\\\/foerdergurtreinigungssysteme\\\/uniclean\\\/\",\"url\":\"https:\\\/\\\/rema-tiptop.de\\\/produkte-services\\\/rema-conveying\\\/produktuebersicht\\\/foerdergurtreinigungssysteme\\\/uniclean\\\/\",\"name\":\"UNICLEAN | F\u00f6rdergurt-Reinigung\",\"isPartOf\":{\"@id\":\"https:\\\/\\\/rema-tiptop.de\\\/#website\"},\"primaryImageOfPage\":{\"@id\":\"https:\\\/\\\/rema-tiptop.de\\\/produkte-services\\\/rema-conveying\\\/produktuebersicht\\\/foerdergurtreinigungssysteme\\\/uniclean\\\/#primaryimage\"},\"image\":{\"@id\":\"https:\\\/\\\/rema-tiptop.de\\\/produkte-services\\\/rema-conveying\\\/produktuebersicht\\\/foerdergurtreinigungssysteme\\\/uniclean\\\/#primaryimage\"},\"thumbnailUrl\":\"https:\\\/\\\/staging.rema-tiptop.de\\\/wp-content\\\/uploads\\\/2025\\\/02\\\/rema-conveying-produkte-reinigung-uniclean-1024x768.webp\",\"datePublished\":\"2024-12-05T08:03:30+00:00\",\"dateModified\":\"2025-11-19T14:23:22+00:00\",\"description\":\"UNICLEAN F\u00f6rdergurtreinigungssysteme: effektive, schonende Reinigung von F\u00f6rdergurten in leichten Bandanlagen f\u00fcr saubere Prozesse.\",\"breadcrumb\":{\"@id\":\"https:\\\/\\\/rema-tiptop.de\\\/produkte-services\\\/rema-conveying\\\/produktuebersicht\\\/foerdergurtreinigungssysteme\\\/uniclean\\\/#breadcrumb\"},\"inLanguage\":\"en-US\",\"potentialAction\":[{\"@type\":\"ReadAction\",\"target\":[\"https:\\\/\\\/rema-tiptop.de\\\/produkte-services\\\/rema-conveying\\\/produktuebersicht\\\/foerdergurtreinigungssysteme\\\/uniclean\\\/\"]}]},{\"@type\":\"ImageObject\",\"inLanguage\":\"en-US\",\"@id\":\"https:\\\/\\\/rema-tiptop.de\\\/produkte-services\\\/rema-conveying\\\/produktuebersicht\\\/foerdergurtreinigungssysteme\\\/uniclean\\\/#primaryimage\",\"url\":\"https:\\\/\\\/staging.rema-tiptop.de\\\/wp-content\\\/uploads\\\/2025\\\/02\\\/rema-conveying-produkte-reinigung-uniclean-1024x768.webp\",\"contentUrl\":\"https:\\\/\\\/staging.rema-tiptop.de\\\/wp-content\\\/uploads\\\/2025\\\/02\\\/rema-conveying-produkte-reinigung-uniclean-1024x768.webp\"},{\"@type\":\"BreadcrumbList\",\"@id\":\"https:\\\/\\\/rema-tiptop.de\\\/produkte-services\\\/rema-conveying\\\/produktuebersicht\\\/foerdergurtreinigungssysteme\\\/uniclean\\\/#breadcrumb\",\"itemListElement\":[{\"@type\":\"ListItem\",\"position\":1,\"name\":\"Startseite\",\"item\":\"https:\\\/\\\/rema-tiptop.de\\\/\"},{\"@type\":\"ListItem\",\"position\":2,\"name\":\"Produkte &amp; Services\",\"item\":\"https:\\\/\\\/rema-tiptop.de\\\/produkte-services\\\/\"},{\"@type\":\"ListItem\",\"position\":3,\"name\":\"REMA Conveying\",\"item\":\"https:\\\/\\\/rema-tiptop.de\\\/produkte-services\\\/rema-conveying\\\/\"},{\"@type\":\"ListItem\",\"position\":4,\"name\":\"Produkt\u00fcbersicht\",\"item\":\"https:\\\/\\\/rema-tiptop.de\\\/produkte-services\\\/rema-conveying\\\/produktuebersicht\\\/\"},{\"@type\":\"ListItem\",\"position\":5,\"name\":\"F\u00f6rdergurtreinigungssysteme\",\"item\":\"https:\\\/\\\/rema-tiptop.de\\\/produkte-services\\\/rema-conveying\\\/produktuebersicht\\\/foerdergurtreinigungssysteme\\\/\"},{\"@type\":\"ListItem\",\"position\":6,\"name\":\"UNICLEAN\"}]},{\"@type\":\"WebSite\",\"@id\":\"https:\\\/\\\/rema-tiptop.de\\\/#website\",\"url\":\"https:\\\/\\\/rema-tiptop.de\\\/\",\"name\":\"REMA TIP TOP\",\"description\":\"\",\"publisher\":{\"@id\":\"https:\\\/\\\/rema-tiptop.de\\\/#organization\"},\"potentialAction\":[{\"@type\":\"SearchAction\",\"target\":{\"@type\":\"EntryPoint\",\"urlTemplate\":\"https:\\\/\\\/rema-tiptop.de\\\/?s={search_term_string}\"},\"query-input\":{\"@type\":\"PropertyValueSpecification\",\"valueRequired\":true,\"valueName\":\"search_term_string\"}}],\"inLanguage\":\"en-US\"},{\"@type\":\"Organization\",\"@id\":\"https:\\\/\\\/rema-tiptop.de\\\/#organization\",\"name\":\"REMA TIP TOP\",\"url\":\"https:\\\/\\\/rema-tiptop.de\\\/\",\"logo\":{\"@type\":\"ImageObject\",\"inLanguage\":\"en-US\",\"@id\":\"https:\\\/\\\/rema-tiptop.de\\\/#\\\/schema\\\/logo\\\/image\\\/\",\"url\":\"https:\\\/\\\/rema-tiptop.de\\\/wp-content\\\/uploads\\\/2024\\\/11\\\/rtt-logo-mit-bg.svg\",\"contentUrl\":\"https:\\\/\\\/rema-tiptop.de\\\/wp-content\\\/uploads\\\/2024\\\/11\\\/rtt-logo-mit-bg.svg\",\"width\":108,\"height\":83,\"caption\":\"REMA TIP TOP\"},\"image\":{\"@id\":\"https:\\\/\\\/rema-tiptop.de\\\/#\\\/schema\\\/logo\\\/image\\\/\"}}]}<\/script>\n<!-- \/ Yoast SEO plugin. -->","yoast_head_json":{"title":"UNICLEAN - REMA TIP TOP","description":"UNICLEAN conveyor belt cleaning systems: effective, gentle cleaning of conveyor belts in lightweight belt systems for clean processes.","robots":{"index":"index","follow":"follow","max-snippet":"max-snippet:-1","max-image-preview":"max-image-preview:large","max-video-preview":"max-video-preview:-1"},"canonical":"https:\/\/rema-tiptop.de\/en\/products-services\/rema-conveying\/products\/belt-cleaning-systems\/uniclean\/","og_locale":"en_US","og_type":"article","og_title":"UNICLEAN | F\u00f6rdergurt-Reinigung","og_description":"UNICLEAN F\u00f6rdergurtreinigungssysteme: effektive, schonende Reinigung von F\u00f6rdergurten in leichten Bandanlagen f\u00fcr saubere Prozesse.","og_url":"https:\/\/rema-tiptop.de\/en\/products-services\/rema-conveying\/products\/belt-cleaning-systems\/uniclean\/","og_site_name":"REMA TIP TOP","article_modified_time":"2025-11-19T14:23:22+00:00","og_image":[{"url":"https:\/\/staging.rema-tiptop.de\/wp-content\/uploads\/2025\/02\/rema-conveying-produkte-reinigung-uniclean-1024x768.webp","type":"","width":"","height":""}],"twitter_card":"summary_large_image","twitter_misc":{"Est. reading time":"1 minute"},"schema":{"@context":"https:\/\/schema.org","@graph":[{"@type":"WebPage","@id":"https:\/\/rema-tiptop.de\/produkte-services\/rema-conveying\/produktuebersicht\/foerdergurtreinigungssysteme\/uniclean\/","url":"https:\/\/rema-tiptop.de\/produkte-services\/rema-conveying\/produktuebersicht\/foerdergurtreinigungssysteme\/uniclean\/","name":"UNICLEAN - REMA TIP TOP","isPartOf":{"@id":"https:\/\/rema-tiptop.de\/#website"},"primaryImageOfPage":{"@id":"https:\/\/rema-tiptop.de\/produkte-services\/rema-conveying\/produktuebersicht\/foerdergurtreinigungssysteme\/uniclean\/#primaryimage"},"image":{"@id":"https:\/\/rema-tiptop.de\/produkte-services\/rema-conveying\/produktuebersicht\/foerdergurtreinigungssysteme\/uniclean\/#primaryimage"},"thumbnailUrl":"https:\/\/staging.rema-tiptop.de\/wp-content\/uploads\/2025\/02\/rema-conveying-produkte-reinigung-uniclean-1024x768.webp","datePublished":"2024-12-05T08:03:30+00:00","dateModified":"2025-11-19T14:23:22+00:00","description":"UNICLEAN conveyor belt cleaning systems: effective, gentle cleaning of conveyor belts in lightweight belt systems for clean processes.","breadcrumb":{"@id":"https:\/\/rema-tiptop.de\/produkte-services\/rema-conveying\/produktuebersicht\/foerdergurtreinigungssysteme\/uniclean\/#breadcrumb"},"inLanguage":"en-US","potentialAction":[{"@type":"ReadAction","target":["https:\/\/rema-tiptop.de\/produkte-services\/rema-conveying\/produktuebersicht\/foerdergurtreinigungssysteme\/uniclean\/"]}]},{"@type":"ImageObject","inLanguage":"en-US","@id":"https:\/\/rema-tiptop.de\/produkte-services\/rema-conveying\/produktuebersicht\/foerdergurtreinigungssysteme\/uniclean\/#primaryimage","url":"https:\/\/staging.rema-tiptop.de\/wp-content\/uploads\/2025\/02\/rema-conveying-produkte-reinigung-uniclean-1024x768.webp","contentUrl":"https:\/\/staging.rema-tiptop.de\/wp-content\/uploads\/2025\/02\/rema-conveying-produkte-reinigung-uniclean-1024x768.webp"},{"@type":"BreadcrumbList","@id":"https:\/\/rema-tiptop.de\/produkte-services\/rema-conveying\/produktuebersicht\/foerdergurtreinigungssysteme\/uniclean\/#breadcrumb","itemListElement":[{"@type":"ListItem","position":1,"name":"Startseite","item":"https:\/\/rema-tiptop.de\/"},{"@type":"ListItem","position":2,"name":"Produkte &amp; Services","item":"https:\/\/rema-tiptop.de\/produkte-services\/"},{"@type":"ListItem","position":3,"name":"REMA Conveying","item":"https:\/\/rema-tiptop.de\/produkte-services\/rema-conveying\/"},{"@type":"ListItem","position":4,"name":"Produkt\u00fcbersicht","item":"https:\/\/rema-tiptop.de\/produkte-services\/rema-conveying\/produktuebersicht\/"},{"@type":"ListItem","position":5,"name":"F\u00f6rdergurtreinigungssysteme","item":"https:\/\/rema-tiptop.de\/produkte-services\/rema-conveying\/produktuebersicht\/foerdergurtreinigungssysteme\/"},{"@type":"ListItem","position":6,"name":"UNICLEAN"}]},{"@type":"WebSite","@id":"https:\/\/rema-tiptop.de\/#website","url":"https:\/\/rema-tiptop.de\/","name":"REMA TIP TOP","description":"","publisher":{"@id":"https:\/\/rema-tiptop.de\/#organization"},"potentialAction":[{"@type":"SearchAction","target":{"@type":"EntryPoint","urlTemplate":"https:\/\/rema-tiptop.de\/?s={search_term_string}"},"query-input":{"@type":"PropertyValueSpecification","valueRequired":true,"valueName":"search_term_string"}}],"inLanguage":"en-US"},{"@type":"Organization","@id":"https:\/\/rema-tiptop.de\/#organization","name":"REMA TIP TOP","url":"https:\/\/rema-tiptop.de\/","logo":{"@type":"ImageObject","inLanguage":"en-US","@id":"https:\/\/rema-tiptop.de\/#\/schema\/logo\/image\/","url":"https:\/\/rema-tiptop.de\/wp-content\/uploads\/2024\/11\/rtt-logo-mit-bg.svg","contentUrl":"https:\/\/rema-tiptop.de\/wp-content\/uploads\/2024\/11\/rtt-logo-mit-bg.svg","width":108,"height":83,"caption":"REMA TIP TOP"},"image":{"@id":"https:\/\/rema-tiptop.de\/#\/schema\/logo\/image\/"}}]}},"_links":{"self":[{"href":"https:\/\/rema-tiptop.de\/en\/wp-json\/wp\/v2\/pages\/12369","targetHints":{"allow":["GET"]}}],"collection":[{"href":"https:\/\/rema-tiptop.de\/en\/wp-json\/wp\/v2\/pages"}],"about":[{"href":"https:\/\/rema-tiptop.de\/en\/wp-json\/wp\/v2\/types\/page"}],"author":[{"embeddable":true,"href":"https:\/\/rema-tiptop.de\/en\/wp-json\/wp\/v2\/users\/9"}],"replies":[{"embeddable":true,"href":"https:\/\/rema-tiptop.de\/en\/wp-json\/wp\/v2\/comments?post=12369"}],"version-history":[{"count":26,"href":"https:\/\/rema-tiptop.de\/en\/wp-json\/wp\/v2\/pages\/12369\/revisions"}],"predecessor-version":[{"id":20375,"href":"https:\/\/rema-tiptop.de\/en\/wp-json\/wp\/v2\/pages\/12369\/revisions\/20375"}],"up":[{"embeddable":true,"href":"https:\/\/rema-tiptop.de\/en\/wp-json\/wp\/v2\/pages\/12102"}],"wp:attachment":[{"href":"https:\/\/rema-tiptop.de\/en\/wp-json\/wp\/v2\/media?parent=12369"}],"curies":[{"name":"wp","href":"https:\/\/api.w.org\/{rel}","templated":true}]}}