{"id":12502,"date":"2024-12-05T10:32:00","date_gmt":"2024-12-05T09:32:00","guid":{"rendered":"https:\/\/staging.rema-tiptop.de\/?page_id=12502"},"modified":"2025-11-21T12:34:49","modified_gmt":"2025-11-21T11:34:49","slug":"heavy-duty-liners","status":"publish","type":"page","link":"https:\/\/rema-tiptop.de\/en\/products-services\/rema-conveying\/products\/wear-protection\/heavy-duty-liners\/","title":{"rendered":"Heavy Duty Liners"},"content":{"rendered":"<div data-elementor-type=\"wp-page\" data-elementor-id=\"12502\" class=\"elementor elementor-12502\" data-elementor-post-type=\"page\">\n\t\t\t\t<div class=\"elementor-element elementor-element-2b7efa03 e-flex e-con-boxed e-con e-parent\" data-id=\"2b7efa03\" data-element_type=\"container\" data-e-type=\"container\" data-settings=\"{&quot;background_background&quot;:&quot;classic&quot;}\">\n\t\t\t\t\t<div class=\"e-con-inner\">\n\t\t<div class=\"elementor-element elementor-element-9cda986 e-con-full e-flex e-con e-child\" data-id=\"9cda986\" data-element_type=\"container\" data-e-type=\"container\">\n\t\t\t\t<div class=\"elementor-element elementor-element-634d794 elementor-widget elementor-widget-heading\" data-id=\"634d794\" data-element_type=\"widget\" data-e-type=\"widget\" data-widget_type=\"heading.default\">\n\t\t\t\t<div class=\"elementor-widget-container\">\n\t\t\t\t\t<h1 class=\"elementor-heading-title elementor-size-default\">Heavy Duty Liners<\/h1>\t\t\t\t<\/div>\n\t\t\t\t<\/div>\n\t\t\t\t<\/div>\n\t\t<div class=\"elementor-element elementor-element-858b02c e-con-full e-flex e-con e-child\" data-id=\"858b02c\" data-element_type=\"container\" data-e-type=\"container\">\n\t\t\t\t<div class=\"elementor-element elementor-element-f11e63a elementor-widget elementor-widget-image\" data-id=\"f11e63a\" data-element_type=\"widget\" data-e-type=\"widget\" data-widget_type=\"image.default\">\n\t\t\t\t<div class=\"elementor-widget-container\">\n\t\t\t\t\t\t\t\t\t\t\t\t\t\t\t<img fetchpriority=\"high\" decoding=\"async\" width=\"2000\" height=\"1500\" src=\"https:\/\/rema-tiptop.de\/wp-content\/uploads\/2025\/02\/rema-conveying-produkte-verschleisschutz-schwerer-verschleissschutz.webp\" class=\"attachment-large size-large wp-image-17441\" alt=\"Schwere Industrieanlage, welche mit Verschlei\u00dfschutz versehen ist\" srcset=\"https:\/\/rema-tiptop.de\/wp-content\/uploads\/2025\/02\/rema-conveying-produkte-verschleisschutz-schwerer-verschleissschutz.webp 2000w, https:\/\/rema-tiptop.de\/wp-content\/uploads\/2025\/02\/rema-conveying-produkte-verschleisschutz-schwerer-verschleissschutz-300x225.webp 300w, https:\/\/rema-tiptop.de\/wp-content\/uploads\/2025\/02\/rema-conveying-produkte-verschleisschutz-schwerer-verschleissschutz-768x576.webp 768w, https:\/\/rema-tiptop.de\/wp-content\/uploads\/2025\/02\/rema-conveying-produkte-verschleisschutz-schwerer-verschleissschutz-1536x1152.webp 1536w, https:\/\/rema-tiptop.de\/wp-content\/uploads\/2025\/02\/rema-conveying-produkte-verschleisschutz-schwerer-verschleissschutz-16x12.webp 16w\" sizes=\"(max-width: 2000px) 100vw, 2000px\" \/>\t\t\t\t\t\t\t\t\t\t\t\t\t\t\t<\/div>\n\t\t\t\t<\/div>\n\t\t\t\t<\/div>\n\t\t\t\t\t<\/div>\n\t\t\t\t<\/div>\n\t\t<div class=\"elementor-element elementor-element-d19b281 e-flex e-con-boxed e-con e-parent\" data-id=\"d19b281\" data-element_type=\"container\" data-e-type=\"container\" data-settings=\"{&quot;background_background&quot;:&quot;classic&quot;}\">\n\t\t\t\t\t<div class=\"e-con-inner\">\n\t\t\t\t<div class=\"elementor-element elementor-element-4a34745d elementor-widget elementor-widget-heading\" data-id=\"4a34745d\" data-element_type=\"widget\" data-e-type=\"widget\" data-widget_type=\"heading.default\">\n\t\t\t\t<div class=\"elementor-widget-container\">\n\t\t\t\t\t<h2 class=\"elementor-heading-title elementor-size-default\">Reliable performance in tough environments<\/h2>\t\t\t\t<\/div>\n\t\t\t\t<\/div>\n\t\t\t\t<div class=\"elementor-element elementor-element-389ca78c elementor-widget elementor-widget-text-editor\" data-id=\"389ca78c\" data-element_type=\"widget\" data-e-type=\"widget\" data-widget_type=\"text-editor.default\">\n\t\t\t\t<div class=\"elementor-widget-container\">\n\t\t\t\t\t\t\t\t\t<p style=\"font-weight: 400\">Our heavy-duty liners provide you with optimum impact and wear protection solutions. They come with a bonding layer or mechanical attachment system for easy installation. By eliminating unnecessary maintenance and repair costs, they multiply the economics of your machinery and equipment.<\/p>\t\t\t\t\t\t\t\t<\/div>\n\t\t\t\t<\/div>\n\t\t\t\t\t<\/div>\n\t\t\t\t<\/div>\n\t\t<div class=\"elementor-element elementor-element-ec26c17 e-flex e-con-boxed e-con e-parent\" data-id=\"ec26c17\" data-element_type=\"container\" data-e-type=\"container\" data-settings=\"{&quot;background_background&quot;:&quot;classic&quot;}\">\n\t\t\t\t\t<div class=\"e-con-inner\">\n\t\t\t\t<div class=\"elementor-element elementor-element-00988df elementor-widget elementor-widget-heading\" data-id=\"00988df\" data-element_type=\"widget\" data-e-type=\"widget\" data-widget_type=\"heading.default\">\n\t\t\t\t<div class=\"elementor-widget-container\">\n\t\t\t\t\t<h2 class=\"elementor-heading-title elementor-size-default\">Have we piqued your interest?<\/h2>\t\t\t\t<\/div>\n\t\t\t\t<\/div>\n\t\t\t\t<div class=\"elementor-element elementor-element-587a834 elementor-widget elementor-widget-text-editor\" data-id=\"587a834\" data-element_type=\"widget\" data-e-type=\"widget\" data-widget_type=\"text-editor.default\">\n\t\t\t\t<div class=\"elementor-widget-container\">\n\t\t\t\t\t\t\t\t\t<p>Check out our product catalog for more information.<\/p>\t\t\t\t\t\t\t\t<\/div>\n\t\t\t\t<\/div>\n\t\t\t\t<div class=\"elementor-element elementor-element-6d730ba rema-button elementor-widget elementor-widget-button\" data-id=\"6d730ba\" data-element_type=\"widget\" data-e-type=\"widget\" data-widget_type=\"button.default\">\n\t\t\t\t<div class=\"elementor-widget-container\">\n\t\t\t\t\t\t\t\t\t<div class=\"elementor-button-wrapper\">\n\t\t\t\t\t<a class=\"elementor-button elementor-button-link elementor-size-sm\" href=\"https:\/\/kis.rema-tiptop.net\/catalog\/RTT\/Catalog.aspx?LanguageID=EN&#038;L=3&#038;LL=N&#038;GLS0=2&#038;GLS1=2&#038;GLS2=0&#038;GLS3=0&#038;PLS0=0\">\n\t\t\t\t\t\t<span class=\"elementor-button-content-wrapper\">\n\t\t\t\t\t\t\t\t\t<span class=\"elementor-button-text\">Product catalog<\/span>\n\t\t\t\t\t<\/span>\n\t\t\t\t\t<\/a>\n\t\t\t\t<\/div>\n\t\t\t\t\t\t\t\t<\/div>\n\t\t\t\t<\/div>\n\t\t\t\t\t<\/div>\n\t\t\t\t<\/div>\n\t\t<div class=\"elementor-element elementor-element-35f0032a e-con-full e-flex e-con e-parent\" data-id=\"35f0032a\" data-element_type=\"container\" data-e-type=\"container\" data-settings=\"{&quot;background_background&quot;:&quot;classic&quot;}\">\n\t\t<div class=\"elementor-element elementor-element-512ae85d e-con-full e-flex e-con e-child\" data-id=\"512ae85d\" data-element_type=\"container\" data-e-type=\"container\" data-settings=\"{&quot;background_background&quot;:&quot;classic&quot;}\">\n\t\t<div class=\"elementor-element elementor-element-6c8416b8 e-con-full cta-inner e-flex e-con e-child\" data-id=\"6c8416b8\" data-element_type=\"container\" data-e-type=\"container\">\n\t\t\t\t<div class=\"elementor-element elementor-element-5d24fd06 elementor-widget__width-initial elementor-widget elementor-widget-heading\" data-id=\"5d24fd06\" data-element_type=\"widget\" data-e-type=\"widget\" data-widget_type=\"heading.default\">\n\t\t\t\t<div class=\"elementor-widget-container\">\n\t\t\t\t\t<h2 class=\"elementor-heading-title elementor-size-default\">Your local contact<\/h2>\t\t\t\t<\/div>\n\t\t\t\t<\/div>\n\t\t\t\t<div class=\"elementor-element elementor-element-46b4a827 elementor-widget elementor-widget-text-editor\" data-id=\"46b4a827\" data-element_type=\"widget\" data-e-type=\"widget\" data-widget_type=\"text-editor.default\">\n\t\t\t\t<div class=\"elementor-widget-container\">\n\t\t\t\t\t\t\t\t\t<p style=\"font-weight: 400\">We are close to you \u2013 worldwide.<\/p><p style=\"font-weight: 400\">With our contact finder you will find local REMAsters that match your requirements. \nWe look forward to hearing from you!<\/p>\t\t\t\t\t\t\t\t<\/div>\n\t\t\t\t<\/div>\n\t\t\t\t<div class=\"elementor-element elementor-element-4ac8cacb elementor-align-center rema-button contact-button elementor-widget elementor-widget-button\" data-id=\"4ac8cacb\" data-element_type=\"widget\" data-e-type=\"widget\" data-widget_type=\"button.default\">\n\t\t\t\t<div class=\"elementor-widget-container\">\n\t\t\t\t\t\t\t\t\t<div class=\"elementor-button-wrapper\">\n\t\t\t\t\t<a class=\"elementor-button elementor-button-link elementor-size-sm\" href=\"https:\/\/rema-tiptop.de\/en\/contact-finder\/\">\n\t\t\t\t\t\t<span class=\"elementor-button-content-wrapper\">\n\t\t\t\t\t\t\t\t\t<span class=\"elementor-button-text\">Find your local contact<\/span>\n\t\t\t\t\t<\/span>\n\t\t\t\t\t<\/a>\n\t\t\t\t<\/div>\n\t\t\t\t\t\t\t\t<\/div>\n\t\t\t\t<\/div>\n\t\t\t\t<\/div>\n\t\t\t\t<\/div>\n\t\t<div class=\"elementor-element elementor-element-2a34c628 e-con-full e-flex e-con e-child\" data-id=\"2a34c628\" data-element_type=\"container\" data-e-type=\"container\">\n\t\t\t\t<\/div>\n\t\t<div class=\"elementor-element elementor-element-7ad37a6a e-con-full elementor-hidden-desktop elementor-hidden-tablet e-flex e-con e-child\" data-id=\"7ad37a6a\" data-element_type=\"container\" data-e-type=\"container\" data-settings=\"{&quot;background_background&quot;:&quot;classic&quot;}\">\n\t\t\t\t<\/div>\n\t\t\t\t<\/div>\n\t\t\t\t<\/div>","protected":false},"excerpt":{"rendered":"<p>Schwerer Verschlei\u00df\u00adschutz Zuverl\u00e4ssige Leistung in anspruchsvollen Umgebungen Unsere hochverschlei\u00dffesten Auskleidungen sind optimale L\u00f6sungen f\u00fcr Aufprall- und Verschlei\u00dfschutz. Sie sind mit einer Klebeschicht oder einem mechanischen Befestigungssystem ausgestattet, was die Installation erleichtert. Durch die Reduzierung unn\u00f6tiger Wartungs- und Reparaturkosten steigern sie die Wirtschaftlichkeit Ihrer Maschinen und Anlagen erheblich. Haben wir Ihr Interesse geweckt? Detaillierte Informationen finden [&hellip;]<\/p>\n","protected":false},"author":9,"featured_media":0,"parent":12158,"menu_order":0,"comment_status":"closed","ping_status":"closed","template":"","meta":{"_acf_changed":false,"footnotes":""},"class_list":["post-12502","page","type-page","status-publish","hentry"],"acf":[],"yoast_head":"<!-- This site is optimized with the Yoast SEO plugin v27.3 - https:\/\/yoast.com\/product\/yoast-seo-wordpress\/ -->\n<title>Schwerer Verschlei\u00dfschutz<\/title>\n<meta name=\"description\" content=\"REMA TIP TOP schwerer Verschlei\u00dfschutz: verschlei\u00dffeste Auskleidungen f\u00fcr Aufprallschutz, reduzieren Wartungs- und Reparaturkosten.\" \/>\n<meta name=\"robots\" content=\"index, follow, max-snippet:-1, max-image-preview:large, max-video-preview:-1\" \/>\n<link rel=\"canonical\" href=\"https:\/\/rema-tiptop.de\/en\/products-services\/rema-conveying\/products\/wear-protection\/heavy-duty-liners\/\" \/>\n<meta property=\"og:locale\" content=\"en_US\" \/>\n<meta property=\"og:type\" content=\"article\" \/>\n<meta property=\"og:title\" content=\"Schwerer Verschlei\u00dfschutz\" \/>\n<meta property=\"og:description\" content=\"REMA TIP TOP schwerer Verschlei\u00dfschutz: verschlei\u00dffeste Auskleidungen f\u00fcr Aufprallschutz, reduzieren Wartungs- und Reparaturkosten.\" \/>\n<meta property=\"og:url\" content=\"https:\/\/rema-tiptop.de\/en\/products-services\/rema-conveying\/products\/wear-protection\/heavy-duty-liners\/\" \/>\n<meta property=\"og:site_name\" content=\"REMA TIP TOP\" \/>\n<meta property=\"article:modified_time\" content=\"2025-11-21T11:34:49+00:00\" \/>\n<meta property=\"og:image\" content=\"https:\/\/staging.rema-tiptop.de\/wp-content\/uploads\/2025\/02\/rema-conveying-produkte-verschleisschutz-schwerer-verschleissschutz.webp\" \/>\n<meta name=\"twitter:card\" content=\"summary_large_image\" \/>\n<meta name=\"twitter:label1\" content=\"Est. reading time\" \/>\n\t<meta name=\"twitter:data1\" content=\"1 minute\" \/>\n<script type=\"application\/ld+json\" class=\"yoast-schema-graph\">{\"@context\":\"https:\\\/\\\/schema.org\",\"@graph\":[{\"@type\":\"WebPage\",\"@id\":\"https:\\\/\\\/rema-tiptop.de\\\/produkte-services\\\/rema-conveying\\\/produktuebersicht\\\/verschleissschutz\\\/schwerer-verschleissschutz\\\/\",\"url\":\"https:\\\/\\\/rema-tiptop.de\\\/produkte-services\\\/rema-conveying\\\/produktuebersicht\\\/verschleissschutz\\\/schwerer-verschleissschutz\\\/\",\"name\":\"Schwerer Verschlei\u00dfschutz\",\"isPartOf\":{\"@id\":\"https:\\\/\\\/rema-tiptop.de\\\/#website\"},\"primaryImageOfPage\":{\"@id\":\"https:\\\/\\\/rema-tiptop.de\\\/produkte-services\\\/rema-conveying\\\/produktuebersicht\\\/verschleissschutz\\\/schwerer-verschleissschutz\\\/#primaryimage\"},\"image\":{\"@id\":\"https:\\\/\\\/rema-tiptop.de\\\/produkte-services\\\/rema-conveying\\\/produktuebersicht\\\/verschleissschutz\\\/schwerer-verschleissschutz\\\/#primaryimage\"},\"thumbnailUrl\":\"https:\\\/\\\/staging.rema-tiptop.de\\\/wp-content\\\/uploads\\\/2025\\\/02\\\/rema-conveying-produkte-verschleisschutz-schwerer-verschleissschutz.webp\",\"datePublished\":\"2024-12-05T09:32:00+00:00\",\"dateModified\":\"2025-11-21T11:34:49+00:00\",\"description\":\"REMA TIP TOP schwerer Verschlei\u00dfschutz: verschlei\u00dffeste Auskleidungen f\u00fcr Aufprallschutz, reduzieren Wartungs- und Reparaturkosten.\",\"breadcrumb\":{\"@id\":\"https:\\\/\\\/rema-tiptop.de\\\/produkte-services\\\/rema-conveying\\\/produktuebersicht\\\/verschleissschutz\\\/schwerer-verschleissschutz\\\/#breadcrumb\"},\"inLanguage\":\"en-US\",\"potentialAction\":[{\"@type\":\"ReadAction\",\"target\":[\"https:\\\/\\\/rema-tiptop.de\\\/produkte-services\\\/rema-conveying\\\/produktuebersicht\\\/verschleissschutz\\\/schwerer-verschleissschutz\\\/\"]}]},{\"@type\":\"ImageObject\",\"inLanguage\":\"en-US\",\"@id\":\"https:\\\/\\\/rema-tiptop.de\\\/produkte-services\\\/rema-conveying\\\/produktuebersicht\\\/verschleissschutz\\\/schwerer-verschleissschutz\\\/#primaryimage\",\"url\":\"https:\\\/\\\/staging.rema-tiptop.de\\\/wp-content\\\/uploads\\\/2025\\\/02\\\/rema-conveying-produkte-verschleisschutz-schwerer-verschleissschutz.webp\",\"contentUrl\":\"https:\\\/\\\/staging.rema-tiptop.de\\\/wp-content\\\/uploads\\\/2025\\\/02\\\/rema-conveying-produkte-verschleisschutz-schwerer-verschleissschutz.webp\"},{\"@type\":\"BreadcrumbList\",\"@id\":\"https:\\\/\\\/rema-tiptop.de\\\/produkte-services\\\/rema-conveying\\\/produktuebersicht\\\/verschleissschutz\\\/schwerer-verschleissschutz\\\/#breadcrumb\",\"itemListElement\":[{\"@type\":\"ListItem\",\"position\":1,\"name\":\"Startseite\",\"item\":\"https:\\\/\\\/rema-tiptop.de\\\/\"},{\"@type\":\"ListItem\",\"position\":2,\"name\":\"Produkte &amp; Services\",\"item\":\"https:\\\/\\\/rema-tiptop.de\\\/produkte-services\\\/\"},{\"@type\":\"ListItem\",\"position\":3,\"name\":\"REMA Conveying\",\"item\":\"https:\\\/\\\/rema-tiptop.de\\\/produkte-services\\\/rema-conveying\\\/\"},{\"@type\":\"ListItem\",\"position\":4,\"name\":\"Produkt\u00fcbersicht\",\"item\":\"https:\\\/\\\/rema-tiptop.de\\\/produkte-services\\\/rema-conveying\\\/produktuebersicht\\\/\"},{\"@type\":\"ListItem\",\"position\":5,\"name\":\"Verschlei\u00dfschutz\",\"item\":\"https:\\\/\\\/rema-tiptop.de\\\/produkte-services\\\/rema-conveying\\\/produktuebersicht\\\/verschleissschutz\\\/\"},{\"@type\":\"ListItem\",\"position\":6,\"name\":\"Schwerer Verschlei\u00dfschutz\"}]},{\"@type\":\"WebSite\",\"@id\":\"https:\\\/\\\/rema-tiptop.de\\\/#website\",\"url\":\"https:\\\/\\\/rema-tiptop.de\\\/\",\"name\":\"REMA TIP TOP\",\"description\":\"\",\"publisher\":{\"@id\":\"https:\\\/\\\/rema-tiptop.de\\\/#organization\"},\"potentialAction\":[{\"@type\":\"SearchAction\",\"target\":{\"@type\":\"EntryPoint\",\"urlTemplate\":\"https:\\\/\\\/rema-tiptop.de\\\/?s={search_term_string}\"},\"query-input\":{\"@type\":\"PropertyValueSpecification\",\"valueRequired\":true,\"valueName\":\"search_term_string\"}}],\"inLanguage\":\"en-US\"},{\"@type\":\"Organization\",\"@id\":\"https:\\\/\\\/rema-tiptop.de\\\/#organization\",\"name\":\"REMA TIP TOP\",\"url\":\"https:\\\/\\\/rema-tiptop.de\\\/\",\"logo\":{\"@type\":\"ImageObject\",\"inLanguage\":\"en-US\",\"@id\":\"https:\\\/\\\/rema-tiptop.de\\\/#\\\/schema\\\/logo\\\/image\\\/\",\"url\":\"https:\\\/\\\/rema-tiptop.de\\\/wp-content\\\/uploads\\\/2024\\\/11\\\/rtt-logo-mit-bg.svg\",\"contentUrl\":\"https:\\\/\\\/rema-tiptop.de\\\/wp-content\\\/uploads\\\/2024\\\/11\\\/rtt-logo-mit-bg.svg\",\"width\":108,\"height\":83,\"caption\":\"REMA TIP TOP\"},\"image\":{\"@id\":\"https:\\\/\\\/rema-tiptop.de\\\/#\\\/schema\\\/logo\\\/image\\\/\"}}]}<\/script>\n<!-- \/ Yoast SEO plugin. -->","yoast_head_json":{"title":"Heavy Duty Liners","description":"REMA TIP TOP heavy-duty wear protection: wear-resistant linings for impact protection, reducing maintenance and repair costs.","robots":{"index":"index","follow":"follow","max-snippet":"max-snippet:-1","max-image-preview":"max-image-preview:large","max-video-preview":"max-video-preview:-1"},"canonical":"https:\/\/rema-tiptop.de\/en\/products-services\/rema-conveying\/products\/wear-protection\/heavy-duty-liners\/","og_locale":"en_US","og_type":"article","og_title":"Schwerer Verschlei\u00dfschutz","og_description":"REMA TIP TOP schwerer Verschlei\u00dfschutz: verschlei\u00dffeste Auskleidungen f\u00fcr Aufprallschutz, reduzieren Wartungs- und Reparaturkosten.","og_url":"https:\/\/rema-tiptop.de\/en\/products-services\/rema-conveying\/products\/wear-protection\/heavy-duty-liners\/","og_site_name":"REMA TIP TOP","article_modified_time":"2025-11-21T11:34:49+00:00","og_image":[{"url":"https:\/\/staging.rema-tiptop.de\/wp-content\/uploads\/2025\/02\/rema-conveying-produkte-verschleisschutz-schwerer-verschleissschutz.webp","type":"","width":"","height":""}],"twitter_card":"summary_large_image","twitter_misc":{"Est. reading time":"1 minute"},"schema":{"@context":"https:\/\/schema.org","@graph":[{"@type":"WebPage","@id":"https:\/\/rema-tiptop.de\/produkte-services\/rema-conveying\/produktuebersicht\/verschleissschutz\/schwerer-verschleissschutz\/","url":"https:\/\/rema-tiptop.de\/produkte-services\/rema-conveying\/produktuebersicht\/verschleissschutz\/schwerer-verschleissschutz\/","name":"Heavy Duty Liners","isPartOf":{"@id":"https:\/\/rema-tiptop.de\/#website"},"primaryImageOfPage":{"@id":"https:\/\/rema-tiptop.de\/produkte-services\/rema-conveying\/produktuebersicht\/verschleissschutz\/schwerer-verschleissschutz\/#primaryimage"},"image":{"@id":"https:\/\/rema-tiptop.de\/produkte-services\/rema-conveying\/produktuebersicht\/verschleissschutz\/schwerer-verschleissschutz\/#primaryimage"},"thumbnailUrl":"https:\/\/staging.rema-tiptop.de\/wp-content\/uploads\/2025\/02\/rema-conveying-produkte-verschleisschutz-schwerer-verschleissschutz.webp","datePublished":"2024-12-05T09:32:00+00:00","dateModified":"2025-11-21T11:34:49+00:00","description":"REMA TIP TOP heavy-duty wear protection: wear-resistant linings for impact protection, reducing maintenance and repair costs.","breadcrumb":{"@id":"https:\/\/rema-tiptop.de\/produkte-services\/rema-conveying\/produktuebersicht\/verschleissschutz\/schwerer-verschleissschutz\/#breadcrumb"},"inLanguage":"en-US","potentialAction":[{"@type":"ReadAction","target":["https:\/\/rema-tiptop.de\/produkte-services\/rema-conveying\/produktuebersicht\/verschleissschutz\/schwerer-verschleissschutz\/"]}]},{"@type":"ImageObject","inLanguage":"en-US","@id":"https:\/\/rema-tiptop.de\/produkte-services\/rema-conveying\/produktuebersicht\/verschleissschutz\/schwerer-verschleissschutz\/#primaryimage","url":"https:\/\/staging.rema-tiptop.de\/wp-content\/uploads\/2025\/02\/rema-conveying-produkte-verschleisschutz-schwerer-verschleissschutz.webp","contentUrl":"https:\/\/staging.rema-tiptop.de\/wp-content\/uploads\/2025\/02\/rema-conveying-produkte-verschleisschutz-schwerer-verschleissschutz.webp"},{"@type":"BreadcrumbList","@id":"https:\/\/rema-tiptop.de\/produkte-services\/rema-conveying\/produktuebersicht\/verschleissschutz\/schwerer-verschleissschutz\/#breadcrumb","itemListElement":[{"@type":"ListItem","position":1,"name":"Startseite","item":"https:\/\/rema-tiptop.de\/"},{"@type":"ListItem","position":2,"name":"Produkte &amp; Services","item":"https:\/\/rema-tiptop.de\/produkte-services\/"},{"@type":"ListItem","position":3,"name":"REMA Conveying","item":"https:\/\/rema-tiptop.de\/produkte-services\/rema-conveying\/"},{"@type":"ListItem","position":4,"name":"Produkt\u00fcbersicht","item":"https:\/\/rema-tiptop.de\/produkte-services\/rema-conveying\/produktuebersicht\/"},{"@type":"ListItem","position":5,"name":"Verschlei\u00dfschutz","item":"https:\/\/rema-tiptop.de\/produkte-services\/rema-conveying\/produktuebersicht\/verschleissschutz\/"},{"@type":"ListItem","position":6,"name":"Schwerer Verschlei\u00dfschutz"}]},{"@type":"WebSite","@id":"https:\/\/rema-tiptop.de\/#website","url":"https:\/\/rema-tiptop.de\/","name":"REMA TIP TOP","description":"","publisher":{"@id":"https:\/\/rema-tiptop.de\/#organization"},"potentialAction":[{"@type":"SearchAction","target":{"@type":"EntryPoint","urlTemplate":"https:\/\/rema-tiptop.de\/?s={search_term_string}"},"query-input":{"@type":"PropertyValueSpecification","valueRequired":true,"valueName":"search_term_string"}}],"inLanguage":"en-US"},{"@type":"Organization","@id":"https:\/\/rema-tiptop.de\/#organization","name":"REMA TIP TOP","url":"https:\/\/rema-tiptop.de\/","logo":{"@type":"ImageObject","inLanguage":"en-US","@id":"https:\/\/rema-tiptop.de\/#\/schema\/logo\/image\/","url":"https:\/\/rema-tiptop.de\/wp-content\/uploads\/2024\/11\/rtt-logo-mit-bg.svg","contentUrl":"https:\/\/rema-tiptop.de\/wp-content\/uploads\/2024\/11\/rtt-logo-mit-bg.svg","width":108,"height":83,"caption":"REMA TIP TOP"},"image":{"@id":"https:\/\/rema-tiptop.de\/#\/schema\/logo\/image\/"}}]}},"_links":{"self":[{"href":"https:\/\/rema-tiptop.de\/en\/wp-json\/wp\/v2\/pages\/12502","targetHints":{"allow":["GET"]}}],"collection":[{"href":"https:\/\/rema-tiptop.de\/en\/wp-json\/wp\/v2\/pages"}],"about":[{"href":"https:\/\/rema-tiptop.de\/en\/wp-json\/wp\/v2\/types\/page"}],"author":[{"embeddable":true,"href":"https:\/\/rema-tiptop.de\/en\/wp-json\/wp\/v2\/users\/9"}],"replies":[{"embeddable":true,"href":"https:\/\/rema-tiptop.de\/en\/wp-json\/wp\/v2\/comments?post=12502"}],"version-history":[{"count":32,"href":"https:\/\/rema-tiptop.de\/en\/wp-json\/wp\/v2\/pages\/12502\/revisions"}],"predecessor-version":[{"id":20412,"href":"https:\/\/rema-tiptop.de\/en\/wp-json\/wp\/v2\/pages\/12502\/revisions\/20412"}],"up":[{"embeddable":true,"href":"https:\/\/rema-tiptop.de\/en\/wp-json\/wp\/v2\/pages\/12158"}],"wp:attachment":[{"href":"https:\/\/rema-tiptop.de\/en\/wp-json\/wp\/v2\/media?parent=12502"}],"curies":[{"name":"wp","href":"https:\/\/api.w.org\/{rel}","templated":true}]}}