{"id":139,"date":"2024-06-19T08:44:53","date_gmt":"2024-06-19T08:44:53","guid":{"rendered":"https:\/\/rema-tiptop.de\/?page_id=139"},"modified":"2025-11-18T15:49:49","modified_gmt":"2025-11-18T14:49:49","slug":"logistics-solutions","status":"publish","type":"page","link":"https:\/\/rema-tiptop.de\/en\/industrial-solutions\/logistics-solutions\/","title":{"rendered":"Logistics Solutions"},"content":{"rendered":"<div data-elementor-type=\"wp-page\" data-elementor-id=\"139\" class=\"elementor elementor-139\" data-elementor-post-type=\"page\">\n\t\t\t\t<div class=\"elementor-element elementor-element-4eb8503b e-flex e-con-boxed e-con e-parent\" data-id=\"4eb8503b\" data-element_type=\"container\" data-e-type=\"container\" data-settings=\"{&quot;background_background&quot;:&quot;classic&quot;}\">\n\t\t\t\t\t<div class=\"e-con-inner\">\n\t\t<div class=\"elementor-element elementor-element-6fc5579b e-con-full e-flex e-con e-child\" data-id=\"6fc5579b\" data-element_type=\"container\" data-e-type=\"container\">\n\t\t<div class=\"elementor-element elementor-element-ae473ff e-con-full e-flex e-con e-child\" data-id=\"ae473ff\" data-element_type=\"container\" data-e-type=\"container\">\n\t\t\t\t<div class=\"elementor-element elementor-element-715b7def elementor-widget elementor-widget-heading\" data-id=\"715b7def\" data-element_type=\"widget\" data-e-type=\"widget\" data-widget_type=\"heading.default\">\n\t\t\t\t<div class=\"elementor-widget-container\">\n\t\t\t\t\t<h1 class=\"elementor-heading-title elementor-size-default\">Logistics Solutions<\/h1>\t\t\t\t<\/div>\n\t\t\t\t<\/div>\n\t\t\t\t<div class=\"elementor-element elementor-element-52372cd1 elementor-widget elementor-widget-text-editor\" data-id=\"52372cd1\" data-element_type=\"widget\" data-e-type=\"widget\" data-widget_type=\"text-editor.default\">\n\t\t\t\t<div class=\"elementor-widget-container\">\n\t\t\t\t\t\t\t\t\t<p style=\"font-weight: 400\">From tire repair and conveyor systems to protective coatings for transporting acids and corrosives.<\/p>\t\t\t\t\t\t\t\t<\/div>\n\t\t\t\t<\/div>\n\t\t\t\t<\/div>\n\t\t\t\t<\/div>\n\t\t<div class=\"elementor-element elementor-element-77ba923 e-con-full e-flex e-con e-child\" data-id=\"77ba923\" data-element_type=\"container\" data-e-type=\"container\">\n\t\t\t\t<div class=\"elementor-element elementor-element-2207fc73 elementor-widget elementor-widget-image\" data-id=\"2207fc73\" data-element_type=\"widget\" data-e-type=\"widget\" data-widget_type=\"image.default\">\n\t\t\t\t<div class=\"elementor-widget-container\">\n\t\t\t\t\t\t\t\t\t\t\t\t\t\t\t<img decoding=\"async\" src=\"https:\/\/rema-tiptop.de\/wp-content\/uploads\/elementor\/thumbs\/industrial-solutions-logistik-r13ko8ph4ofcs96ez12pplhsw8jg0zbe27n69ctg82.webp\" title=\"industrial-solutions-logistics\" alt=\"Ein F\u00f6rderband aus der Logistik, welches Pakete transportiert\" loading=\"lazy\" \/>\t\t\t\t\t\t\t\t\t\t\t\t\t\t\t<\/div>\n\t\t\t\t<\/div>\n\t\t\t\t<\/div>\n\t\t\t\t\t<\/div>\n\t\t\t\t<\/div>\n\t\t<div class=\"elementor-element elementor-element-65a2961f e-flex e-con-boxed e-con e-parent\" data-id=\"65a2961f\" data-element_type=\"container\" data-e-type=\"container\" data-settings=\"{&quot;background_background&quot;:&quot;classic&quot;}\">\n\t\t\t\t\t<div class=\"e-con-inner\">\n\t\t\t\t<div class=\"elementor-element elementor-element-c0dbdf1 elementor-widget elementor-widget-heading\" data-id=\"c0dbdf1\" data-element_type=\"widget\" data-e-type=\"widget\" data-widget_type=\"heading.default\">\n\t\t\t\t<div class=\"elementor-widget-container\">\n\t\t\t\t\t<h2 class=\"elementor-heading-title elementor-size-default\">Minimizing downtime and loss<\/h2>\t\t\t\t<\/div>\n\t\t\t\t<\/div>\n\t\t\t\t<div class=\"elementor-element elementor-element-5167b79e elementor-widget elementor-widget-text-editor\" data-id=\"5167b79e\" data-element_type=\"widget\" data-e-type=\"widget\" data-widget_type=\"text-editor.default\">\n\t\t\t\t<div class=\"elementor-widget-container\">\n\t\t\t\t\t\t\t\t\t<p style=\"font-weight: 400\">In logistics, the reliability of the means of transport is crucial. REMA TIP TOP offers sophisticated solutions ranging from tire repair and advanced conveyor technology to special coatings for the transport of corrosive substances. Our technologies protect vehicles from wear and corrosion, significantly reducing downtime and operating costs.<\/p><p style=\"font-weight: 400\">Our innovative conveyor belt and tire repair solutions maximize the efficiency of your processes and extend the life of your equipment. In logistics and distribution centers, our high-quality conveyor belts ensure smooth material flow, while customized maintenance services reduce operating costs. In addition, our corrosion-resistant materials for rail tankers provide reliable protection against chemical attack. REMA TIP TOP relies on innovative technologies and close cooperation with customers to develop future-proof logistics solutions that increase your competitiveness.<\/p>\t\t\t\t\t\t\t\t<\/div>\n\t\t\t\t<\/div>\n\t\t\t\t\t<\/div>\n\t\t\t\t<\/div>\n\t\t<div class=\"elementor-element elementor-element-dec630e e-flex e-con-boxed e-con e-parent\" data-id=\"dec630e\" data-element_type=\"container\" data-e-type=\"container\" data-settings=\"{&quot;background_background&quot;:&quot;classic&quot;}\">\n\t\t\t\t\t<div class=\"e-con-inner\">\n\t\t\t\t<div class=\"elementor-element elementor-element-08a25a5 elementor-widget elementor-widget-heading\" data-id=\"08a25a5\" data-element_type=\"widget\" data-e-type=\"widget\" data-widget_type=\"heading.default\">\n\t\t\t\t<div class=\"elementor-widget-container\">\n\t\t\t\t\t<h2 class=\"elementor-heading-title elementor-size-default\">Fields of application<\/h2>\t\t\t\t<\/div>\n\t\t\t\t<\/div>\n\t\t\t\t<div class=\"elementor-element elementor-element-b57cfe7 rema-list elementor-widget elementor-widget-text-editor\" data-id=\"b57cfe7\" data-element_type=\"widget\" data-e-type=\"widget\" data-widget_type=\"text-editor.default\">\n\t\t\t\t<div class=\"elementor-widget-container\">\n\t\t\t\t\t\t\t\t\t<ul><li style=\"font-weight: 400\">Logistics centers<\/li><li style=\"font-weight: 400\">Distribution centers<\/li><li style=\"font-weight: 400\">Fleet management<\/li><li style=\"font-weight: 400\">Tank trucks<\/li><\/ul>\t\t\t\t\t\t\t\t<\/div>\n\t\t\t\t<\/div>\n\t\t\t\t\t<\/div>\n\t\t\t\t<\/div>\n\t\t<div class=\"elementor-element elementor-element-7d382f0c e-con-full e-flex e-con e-parent\" data-id=\"7d382f0c\" data-element_type=\"container\" data-e-type=\"container\" data-settings=\"{&quot;background_background&quot;:&quot;classic&quot;}\">\n\t\t<div class=\"elementor-element elementor-element-9350b07 e-con-full e-flex e-con e-child\" data-id=\"9350b07\" data-element_type=\"container\" data-e-type=\"container\" data-settings=\"{&quot;background_background&quot;:&quot;classic&quot;}\">\n\t\t<div class=\"elementor-element elementor-element-201d4fc4 e-con-full cta-inner e-flex e-con e-child\" data-id=\"201d4fc4\" data-element_type=\"container\" data-e-type=\"container\">\n\t\t\t\t<div class=\"elementor-element elementor-element-1f46b9d9 elementor-widget__width-initial elementor-widget elementor-widget-heading\" data-id=\"1f46b9d9\" data-element_type=\"widget\" data-e-type=\"widget\" data-widget_type=\"heading.default\">\n\t\t\t\t<div class=\"elementor-widget-container\">\n\t\t\t\t\t<h2 class=\"elementor-heading-title elementor-size-default\">Your local contact<\/h2>\t\t\t\t<\/div>\n\t\t\t\t<\/div>\n\t\t\t\t<div class=\"elementor-element elementor-element-2010f0a4 elementor-widget elementor-widget-text-editor\" data-id=\"2010f0a4\" data-element_type=\"widget\" data-e-type=\"widget\" data-widget_type=\"text-editor.default\">\n\t\t\t\t<div class=\"elementor-widget-container\">\n\t\t\t\t\t\t\t\t\t<p style=\"font-weight: 400\">We are close to you \u2013 worldwide.<\/p><p style=\"font-weight: 400\">With our contact finder you will find local REMAsters that match your requirements. \nWe look forward to hearing from you!<\/p>\t\t\t\t\t\t\t\t<\/div>\n\t\t\t\t<\/div>\n\t\t\t\t<div class=\"elementor-element elementor-element-362703b0 elementor-align-center rema-button contact-button elementor-widget elementor-widget-button\" data-id=\"362703b0\" data-element_type=\"widget\" data-e-type=\"widget\" data-widget_type=\"button.default\">\n\t\t\t\t<div class=\"elementor-widget-container\">\n\t\t\t\t\t\t\t\t\t<div class=\"elementor-button-wrapper\">\n\t\t\t\t\t<a class=\"elementor-button elementor-button-link elementor-size-sm\" href=\"https:\/\/rema-tiptop.de\/en\/contact-finder\/\">\n\t\t\t\t\t\t<span class=\"elementor-button-content-wrapper\">\n\t\t\t\t\t\t\t\t\t<span class=\"elementor-button-text\">Find your local contact<\/span>\n\t\t\t\t\t<\/span>\n\t\t\t\t\t<\/a>\n\t\t\t\t<\/div>\n\t\t\t\t\t\t\t\t<\/div>\n\t\t\t\t<\/div>\n\t\t\t\t<\/div>\n\t\t\t\t<\/div>\n\t\t<div class=\"elementor-element elementor-element-164ddf10 e-con-full e-flex e-con e-child\" data-id=\"164ddf10\" data-element_type=\"container\" data-e-type=\"container\">\n\t\t\t\t<\/div>\n\t\t<div class=\"elementor-element elementor-element-4ff89aa4 e-con-full elementor-hidden-desktop elementor-hidden-tablet e-flex e-con e-child\" data-id=\"4ff89aa4\" data-element_type=\"container\" data-e-type=\"container\" data-settings=\"{&quot;background_background&quot;:&quot;classic&quot;}\">\n\t\t\t\t<\/div>\n\t\t\t\t<\/div>\n\t\t\t\t<\/div>","protected":false},"excerpt":{"rendered":"<p>Logistik Von Reifenreparatur \u00fcber F\u00f6rdertechnik bis hin zu Schutzbeschichtungen f\u00fcr den Transport von S\u00e4uren und korrosiven Stoffen. Ausfallzeiten und Verluste minimieren In der Logistik ist die Zuverl\u00e4ssigkeit der Transportmittel von entscheidender Bedeutung. REMA TIP TOP bietet hochentwickelte L\u00f6sungen, die Reifenreparatur, fortschrittliche F\u00f6rdertechnik und spezielle Beschichtungen f\u00fcr den Transport korrosiver Stoffe umfassen. Unsere Technologien sch\u00fctzen Fahrzeuge [&hellip;]<\/p>\n","protected":false},"author":1,"featured_media":0,"parent":55,"menu_order":0,"comment_status":"closed","ping_status":"closed","template":"","meta":{"_acf_changed":false,"footnotes":""},"class_list":["post-139","page","type-page","status-publish","hentry"],"acf":[],"yoast_head":"<!-- This site is optimized with the Yoast SEO plugin v27.3 - https:\/\/yoast.com\/product\/yoast-seo-wordpress\/ -->\n<title>Logistik - REMA TIP TOP<\/title>\n<meta name=\"description\" content=\"REMA TIP TOP Logistikl\u00f6sungen: F\u00f6rdertechnik, Reifenservice und Beschichtungen f\u00fcr sichere, effiziente Material- und Warenfl\u00fcsse.\" \/>\n<meta name=\"robots\" content=\"index, follow, max-snippet:-1, max-image-preview:large, max-video-preview:-1\" \/>\n<link rel=\"canonical\" href=\"https:\/\/rema-tiptop.de\/en\/industrial-solutions\/logistics-solutions\/\" \/>\n<meta property=\"og:locale\" content=\"en_US\" \/>\n<meta property=\"og:type\" content=\"article\" \/>\n<meta property=\"og:title\" content=\"Logistik - REMA TIP TOP\" \/>\n<meta property=\"og:description\" content=\"REMA TIP TOP Logistikl\u00f6sungen: F\u00f6rdertechnik, Reifenservice und Beschichtungen f\u00fcr sichere, effiziente Material- und Warenfl\u00fcsse.\" \/>\n<meta property=\"og:url\" content=\"https:\/\/rema-tiptop.de\/en\/industrial-solutions\/logistics-solutions\/\" \/>\n<meta property=\"og:site_name\" content=\"REMA TIP TOP\" \/>\n<meta property=\"article:modified_time\" content=\"2025-11-18T14:49:49+00:00\" \/>\n<meta property=\"og:image\" content=\"https:\/\/staging.rema-tiptop.de\/wp-content\/uploads\/elementor\/thumbs\/industrial-solutions-logistik-r13ko8ph4ofcs96ez12pplhsw8jg0zbe27n69ctg82.webp\" \/>\n<meta name=\"twitter:card\" content=\"summary_large_image\" \/>\n<meta name=\"twitter:label1\" content=\"Est. reading time\" \/>\n\t<meta name=\"twitter:data1\" content=\"2 minutes\" \/>\n<script type=\"application\/ld+json\" class=\"yoast-schema-graph\">{\"@context\":\"https:\\\/\\\/schema.org\",\"@graph\":[{\"@type\":\"WebPage\",\"@id\":\"https:\\\/\\\/rema-tiptop.de\\\/industrial-solutions\\\/logistik\\\/\",\"url\":\"https:\\\/\\\/rema-tiptop.de\\\/industrial-solutions\\\/logistik\\\/\",\"name\":\"Logistik - REMA TIP TOP\",\"isPartOf\":{\"@id\":\"https:\\\/\\\/rema-tiptop.de\\\/#website\"},\"primaryImageOfPage\":{\"@id\":\"https:\\\/\\\/rema-tiptop.de\\\/industrial-solutions\\\/logistik\\\/#primaryimage\"},\"image\":{\"@id\":\"https:\\\/\\\/rema-tiptop.de\\\/industrial-solutions\\\/logistik\\\/#primaryimage\"},\"thumbnailUrl\":\"https:\\\/\\\/staging.rema-tiptop.de\\\/wp-content\\\/uploads\\\/elementor\\\/thumbs\\\/industrial-solutions-logistik-r13ko8ph4ofcs96ez12pplhsw8jg0zbe27n69ctg82.webp\",\"datePublished\":\"2024-06-19T08:44:53+00:00\",\"dateModified\":\"2025-11-18T14:49:49+00:00\",\"description\":\"REMA TIP TOP Logistikl\u00f6sungen: F\u00f6rdertechnik, Reifenservice und Beschichtungen f\u00fcr sichere, effiziente Material- und Warenfl\u00fcsse.\",\"breadcrumb\":{\"@id\":\"https:\\\/\\\/rema-tiptop.de\\\/industrial-solutions\\\/logistik\\\/#breadcrumb\"},\"inLanguage\":\"en-US\",\"potentialAction\":[{\"@type\":\"ReadAction\",\"target\":[\"https:\\\/\\\/rema-tiptop.de\\\/industrial-solutions\\\/logistik\\\/\"]}]},{\"@type\":\"ImageObject\",\"inLanguage\":\"en-US\",\"@id\":\"https:\\\/\\\/rema-tiptop.de\\\/industrial-solutions\\\/logistik\\\/#primaryimage\",\"url\":\"https:\\\/\\\/staging.rema-tiptop.de\\\/wp-content\\\/uploads\\\/elementor\\\/thumbs\\\/industrial-solutions-logistik-r13ko8ph4ofcs96ez12pplhsw8jg0zbe27n69ctg82.webp\",\"contentUrl\":\"https:\\\/\\\/staging.rema-tiptop.de\\\/wp-content\\\/uploads\\\/elementor\\\/thumbs\\\/industrial-solutions-logistik-r13ko8ph4ofcs96ez12pplhsw8jg0zbe27n69ctg82.webp\"},{\"@type\":\"BreadcrumbList\",\"@id\":\"https:\\\/\\\/rema-tiptop.de\\\/industrial-solutions\\\/logistik\\\/#breadcrumb\",\"itemListElement\":[{\"@type\":\"ListItem\",\"position\":1,\"name\":\"Startseite\",\"item\":\"https:\\\/\\\/rema-tiptop.de\\\/\"},{\"@type\":\"ListItem\",\"position\":2,\"name\":\"Industrial Solutions\",\"item\":\"https:\\\/\\\/rema-tiptop.de\\\/industrial-solutions\\\/\"},{\"@type\":\"ListItem\",\"position\":3,\"name\":\"Logistik\"}]},{\"@type\":\"WebSite\",\"@id\":\"https:\\\/\\\/rema-tiptop.de\\\/#website\",\"url\":\"https:\\\/\\\/rema-tiptop.de\\\/\",\"name\":\"REMA TIP TOP\",\"description\":\"\",\"publisher\":{\"@id\":\"https:\\\/\\\/rema-tiptop.de\\\/#organization\"},\"potentialAction\":[{\"@type\":\"SearchAction\",\"target\":{\"@type\":\"EntryPoint\",\"urlTemplate\":\"https:\\\/\\\/rema-tiptop.de\\\/?s={search_term_string}\"},\"query-input\":{\"@type\":\"PropertyValueSpecification\",\"valueRequired\":true,\"valueName\":\"search_term_string\"}}],\"inLanguage\":\"en-US\"},{\"@type\":\"Organization\",\"@id\":\"https:\\\/\\\/rema-tiptop.de\\\/#organization\",\"name\":\"REMA TIP TOP\",\"url\":\"https:\\\/\\\/rema-tiptop.de\\\/\",\"logo\":{\"@type\":\"ImageObject\",\"inLanguage\":\"en-US\",\"@id\":\"https:\\\/\\\/rema-tiptop.de\\\/#\\\/schema\\\/logo\\\/image\\\/\",\"url\":\"https:\\\/\\\/rema-tiptop.de\\\/wp-content\\\/uploads\\\/2024\\\/11\\\/rtt-logo-mit-bg.svg\",\"contentUrl\":\"https:\\\/\\\/rema-tiptop.de\\\/wp-content\\\/uploads\\\/2024\\\/11\\\/rtt-logo-mit-bg.svg\",\"width\":108,\"height\":83,\"caption\":\"REMA TIP TOP\"},\"image\":{\"@id\":\"https:\\\/\\\/rema-tiptop.de\\\/#\\\/schema\\\/logo\\\/image\\\/\"}}]}<\/script>\n<!-- \/ Yoast SEO plugin. -->","yoast_head_json":{"title":"Logistics Solutions - REMA TIP TOP","description":"REMA TIP TOP logistics solutions: Conveyor technology, tire service and coatings for safe, efficient material and goods flows.","robots":{"index":"index","follow":"follow","max-snippet":"max-snippet:-1","max-image-preview":"max-image-preview:large","max-video-preview":"max-video-preview:-1"},"canonical":"https:\/\/rema-tiptop.de\/en\/industrial-solutions\/logistics-solutions\/","og_locale":"en_US","og_type":"article","og_title":"Logistik - REMA TIP TOP","og_description":"REMA TIP TOP Logistikl\u00f6sungen: F\u00f6rdertechnik, Reifenservice und Beschichtungen f\u00fcr sichere, effiziente Material- und Warenfl\u00fcsse.","og_url":"https:\/\/rema-tiptop.de\/en\/industrial-solutions\/logistics-solutions\/","og_site_name":"REMA TIP TOP","article_modified_time":"2025-11-18T14:49:49+00:00","og_image":[{"url":"https:\/\/staging.rema-tiptop.de\/wp-content\/uploads\/elementor\/thumbs\/industrial-solutions-logistik-r13ko8ph4ofcs96ez12pplhsw8jg0zbe27n69ctg82.webp","type":"","width":"","height":""}],"twitter_card":"summary_large_image","twitter_misc":{"Est. reading time":"2 minutes"},"schema":{"@context":"https:\/\/schema.org","@graph":[{"@type":"WebPage","@id":"https:\/\/rema-tiptop.de\/industrial-solutions\/logistik\/","url":"https:\/\/rema-tiptop.de\/industrial-solutions\/logistik\/","name":"Logistics Solutions - REMA TIP TOP","isPartOf":{"@id":"https:\/\/rema-tiptop.de\/#website"},"primaryImageOfPage":{"@id":"https:\/\/rema-tiptop.de\/industrial-solutions\/logistik\/#primaryimage"},"image":{"@id":"https:\/\/rema-tiptop.de\/industrial-solutions\/logistik\/#primaryimage"},"thumbnailUrl":"https:\/\/staging.rema-tiptop.de\/wp-content\/uploads\/elementor\/thumbs\/industrial-solutions-logistik-r13ko8ph4ofcs96ez12pplhsw8jg0zbe27n69ctg82.webp","datePublished":"2024-06-19T08:44:53+00:00","dateModified":"2025-11-18T14:49:49+00:00","description":"REMA TIP TOP logistics solutions: Conveyor technology, tire service and coatings for safe, efficient material and goods flows.","breadcrumb":{"@id":"https:\/\/rema-tiptop.de\/industrial-solutions\/logistik\/#breadcrumb"},"inLanguage":"en-US","potentialAction":[{"@type":"ReadAction","target":["https:\/\/rema-tiptop.de\/industrial-solutions\/logistik\/"]}]},{"@type":"ImageObject","inLanguage":"en-US","@id":"https:\/\/rema-tiptop.de\/industrial-solutions\/logistik\/#primaryimage","url":"https:\/\/staging.rema-tiptop.de\/wp-content\/uploads\/elementor\/thumbs\/industrial-solutions-logistik-r13ko8ph4ofcs96ez12pplhsw8jg0zbe27n69ctg82.webp","contentUrl":"https:\/\/staging.rema-tiptop.de\/wp-content\/uploads\/elementor\/thumbs\/industrial-solutions-logistik-r13ko8ph4ofcs96ez12pplhsw8jg0zbe27n69ctg82.webp"},{"@type":"BreadcrumbList","@id":"https:\/\/rema-tiptop.de\/industrial-solutions\/logistik\/#breadcrumb","itemListElement":[{"@type":"ListItem","position":1,"name":"Startseite","item":"https:\/\/rema-tiptop.de\/"},{"@type":"ListItem","position":2,"name":"Industrial Solutions","item":"https:\/\/rema-tiptop.de\/industrial-solutions\/"},{"@type":"ListItem","position":3,"name":"Logistik"}]},{"@type":"WebSite","@id":"https:\/\/rema-tiptop.de\/#website","url":"https:\/\/rema-tiptop.de\/","name":"REMA TIP TOP","description":"","publisher":{"@id":"https:\/\/rema-tiptop.de\/#organization"},"potentialAction":[{"@type":"SearchAction","target":{"@type":"EntryPoint","urlTemplate":"https:\/\/rema-tiptop.de\/?s={search_term_string}"},"query-input":{"@type":"PropertyValueSpecification","valueRequired":true,"valueName":"search_term_string"}}],"inLanguage":"en-US"},{"@type":"Organization","@id":"https:\/\/rema-tiptop.de\/#organization","name":"REMA TIP TOP","url":"https:\/\/rema-tiptop.de\/","logo":{"@type":"ImageObject","inLanguage":"en-US","@id":"https:\/\/rema-tiptop.de\/#\/schema\/logo\/image\/","url":"https:\/\/rema-tiptop.de\/wp-content\/uploads\/2024\/11\/rtt-logo-mit-bg.svg","contentUrl":"https:\/\/rema-tiptop.de\/wp-content\/uploads\/2024\/11\/rtt-logo-mit-bg.svg","width":108,"height":83,"caption":"REMA TIP TOP"},"image":{"@id":"https:\/\/rema-tiptop.de\/#\/schema\/logo\/image\/"}}]}},"_links":{"self":[{"href":"https:\/\/rema-tiptop.de\/en\/wp-json\/wp\/v2\/pages\/139","targetHints":{"allow":["GET"]}}],"collection":[{"href":"https:\/\/rema-tiptop.de\/en\/wp-json\/wp\/v2\/pages"}],"about":[{"href":"https:\/\/rema-tiptop.de\/en\/wp-json\/wp\/v2\/types\/page"}],"author":[{"embeddable":true,"href":"https:\/\/rema-tiptop.de\/en\/wp-json\/wp\/v2\/users\/1"}],"replies":[{"embeddable":true,"href":"https:\/\/rema-tiptop.de\/en\/wp-json\/wp\/v2\/comments?post=139"}],"version-history":[{"count":14,"href":"https:\/\/rema-tiptop.de\/en\/wp-json\/wp\/v2\/pages\/139\/revisions"}],"predecessor-version":[{"id":20336,"href":"https:\/\/rema-tiptop.de\/en\/wp-json\/wp\/v2\/pages\/139\/revisions\/20336"}],"up":[{"embeddable":true,"href":"https:\/\/rema-tiptop.de\/en\/wp-json\/wp\/v2\/pages\/55"}],"wp:attachment":[{"href":"https:\/\/rema-tiptop.de\/en\/wp-json\/wp\/v2\/media?parent=139"}],"curies":[{"name":"wp","href":"https:\/\/api.w.org\/{rel}","templated":true}]}}