{"id":14466,"date":"2024-12-20T15:48:24","date_gmt":"2024-12-20T14:48:24","guid":{"rendered":"https:\/\/staging.rema-tiptop.de\/?page_id=14466"},"modified":"2025-11-21T13:01:23","modified_gmt":"2025-11-21T12:01:23","slug":"agriculture","status":"publish","type":"page","link":"https:\/\/rema-tiptop.de\/en\/products-services\/rema-motion\/products\/tire-repair-material\/agriculture\/","title":{"rendered":"Agriculture"},"content":{"rendered":"<div data-elementor-type=\"wp-page\" data-elementor-id=\"14466\" class=\"elementor elementor-14466\" data-elementor-post-type=\"page\">\n\t\t\t\t<div class=\"elementor-element elementor-element-1de0c870 e-flex e-con-boxed e-con e-parent\" data-id=\"1de0c870\" data-element_type=\"container\" data-e-type=\"container\" data-settings=\"{&quot;background_background&quot;:&quot;classic&quot;}\">\n\t\t\t\t\t<div class=\"e-con-inner\">\n\t\t<div class=\"elementor-element elementor-element-37477e7c e-con-full e-flex e-con e-child\" data-id=\"37477e7c\" data-element_type=\"container\" data-e-type=\"container\">\n\t\t\t\t<div class=\"elementor-element elementor-element-23ee5add elementor-widget elementor-widget-heading\" data-id=\"23ee5add\" data-element_type=\"widget\" data-e-type=\"widget\" data-widget_type=\"heading.default\">\n\t\t\t\t<div class=\"elementor-widget-container\">\n\t\t\t\t\t<h1 class=\"elementor-heading-title elementor-size-default\">Agriculture<\/h1>\t\t\t\t<\/div>\n\t\t\t\t<\/div>\n\t\t\t\t<\/div>\n\t\t<div class=\"elementor-element elementor-element-12d006a e-con-full e-flex e-con e-child\" data-id=\"12d006a\" data-element_type=\"container\" data-e-type=\"container\">\n\t\t\t\t<div class=\"elementor-element elementor-element-257b7f03 elementor-widget elementor-widget-image\" data-id=\"257b7f03\" data-element_type=\"widget\" data-e-type=\"widget\" data-widget_type=\"image.default\">\n\t\t\t\t<div class=\"elementor-widget-container\">\n\t\t\t\t\t\t\t\t\t\t\t\t\t\t\t<img fetchpriority=\"high\" decoding=\"async\" width=\"1024\" height=\"768\" src=\"https:\/\/rema-tiptop.de\/wp-content\/uploads\/2025\/01\/rema-motion-reparaturmaterial-as-1024x768.webp\" class=\"attachment-large size-large wp-image-15459\" alt=\"Picture of REMA MOTION tire repair material AS\" srcset=\"https:\/\/rema-tiptop.de\/wp-content\/uploads\/2025\/01\/rema-motion-reparaturmaterial-as-1024x768.webp 1024w, https:\/\/rema-tiptop.de\/wp-content\/uploads\/2025\/01\/rema-motion-reparaturmaterial-as-300x225.webp 300w, https:\/\/rema-tiptop.de\/wp-content\/uploads\/2025\/01\/rema-motion-reparaturmaterial-as-768x576.webp 768w, https:\/\/rema-tiptop.de\/wp-content\/uploads\/2025\/01\/rema-motion-reparaturmaterial-as-1536x1152.webp 1536w, https:\/\/rema-tiptop.de\/wp-content\/uploads\/2025\/01\/rema-motion-reparaturmaterial-as-16x12.webp 16w, https:\/\/rema-tiptop.de\/wp-content\/uploads\/2025\/01\/rema-motion-reparaturmaterial-as.webp 2000w\" sizes=\"(max-width: 1024px) 100vw, 1024px\" \/>\t\t\t\t\t\t\t\t\t\t\t\t\t\t\t<\/div>\n\t\t\t\t<\/div>\n\t\t\t\t<\/div>\n\t\t\t\t\t<\/div>\n\t\t\t\t<\/div>\n\t\t<div class=\"elementor-element elementor-element-7f9319ba e-flex e-con-boxed e-con e-parent\" data-id=\"7f9319ba\" data-element_type=\"container\" data-e-type=\"container\" data-settings=\"{&quot;background_background&quot;:&quot;classic&quot;}\">\n\t\t\t\t\t<div class=\"e-con-inner\">\n\t\t\t\t<div class=\"elementor-element elementor-element-33a05e2d elementor-widget elementor-widget-heading\" data-id=\"33a05e2d\" data-element_type=\"widget\" data-e-type=\"widget\" data-widget_type=\"heading.default\">\n\t\t\t\t<div class=\"elementor-widget-container\">\n\t\t\t\t\t<h2 class=\"elementor-heading-title elementor-size-default\">Prolonging Tire Service Life\n<\/h2>\t\t\t\t<\/div>\n\t\t\t\t<\/div>\n\t\t\t\t<div class=\"elementor-element elementor-element-3596b5cc elementor-widget elementor-widget-text-editor\" data-id=\"3596b5cc\" data-element_type=\"widget\" data-e-type=\"widget\" data-widget_type=\"text-editor.default\">\n\t\t\t\t<div class=\"elementor-widget-container\">\n\t\t\t\t\t\t\t\t\t<p>Proper repair can significantly extend the life of a damaged agricultural tire. We offer our clients a comprehensive range of repair materials and tools for almost all types of damage.<\/p><p>At the same time, highly qualified specialists in consulting and training ensure that workshops worldwide have access to the latest knowledge in damage assessment and tire repair. This knowledge, combined with our REMA TIP TOP products, allows to keep agricultural tires in service as long as possible.<\/p><p>For detailed product information, please contact your local REMA TIP TOP representative.<\/p>\t\t\t\t\t\t\t\t<\/div>\n\t\t\t\t<\/div>\n\t\t\t\t\t<\/div>\n\t\t\t\t<\/div>\n\t\t<div class=\"elementor-element elementor-element-7875048e e-flex e-con-boxed e-con e-parent\" data-id=\"7875048e\" data-element_type=\"container\" data-e-type=\"container\" data-settings=\"{&quot;background_background&quot;:&quot;classic&quot;}\">\n\t\t\t\t\t<div class=\"e-con-inner\">\n\t\t\t\t<div class=\"elementor-element elementor-element-5375a5ba elementor-widget elementor-widget-heading\" data-id=\"5375a5ba\" data-element_type=\"widget\" data-e-type=\"widget\" data-widget_type=\"heading.default\">\n\t\t\t\t<div class=\"elementor-widget-container\">\n\t\t\t\t\t<h2 class=\"elementor-heading-title elementor-size-default\">Have we piqued your interest?<\/h2>\t\t\t\t<\/div>\n\t\t\t\t<\/div>\n\t\t\t\t<div class=\"elementor-element elementor-element-7c62fe elementor-widget elementor-widget-text-editor\" data-id=\"7c62fe\" data-element_type=\"widget\" data-e-type=\"widget\" data-widget_type=\"text-editor.default\">\n\t\t\t\t<div class=\"elementor-widget-container\">\n\t\t\t\t\t\t\t\t\t<p>Check out our product catalog for more information.<\/p>\t\t\t\t\t\t\t\t<\/div>\n\t\t\t\t<\/div>\n\t\t\t\t<div class=\"elementor-element elementor-element-2e8963d6 rema-button elementor-widget elementor-widget-button\" data-id=\"2e8963d6\" data-element_type=\"widget\" data-e-type=\"widget\" data-widget_type=\"button.default\">\n\t\t\t\t<div class=\"elementor-widget-container\">\n\t\t\t\t\t\t\t\t\t<div class=\"elementor-button-wrapper\">\n\t\t\t\t\t<a class=\"elementor-button elementor-button-link elementor-size-sm\" href=\"https:\/\/kis.rema-tiptop.net\/catalog\/RTT\/Catalog.aspx?LanguageID=EN&amp;L=2&amp;LL=N&amp;GLS0=1\" target=\"_blank\">\n\t\t\t\t\t\t<span class=\"elementor-button-content-wrapper\">\n\t\t\t\t\t\t\t\t\t<span class=\"elementor-button-text\">Product catalog<\/span>\n\t\t\t\t\t<\/span>\n\t\t\t\t\t<\/a>\n\t\t\t\t<\/div>\n\t\t\t\t\t\t\t\t<\/div>\n\t\t\t\t<\/div>\n\t\t\t\t\t<\/div>\n\t\t\t\t<\/div>\n\t\t<div class=\"elementor-element elementor-element-7bd1908d e-con-full e-flex e-con e-parent\" data-id=\"7bd1908d\" data-element_type=\"container\" data-e-type=\"container\" data-settings=\"{&quot;background_background&quot;:&quot;classic&quot;}\">\n\t\t<div class=\"elementor-element elementor-element-782043f0 e-con-full e-flex e-con e-child\" data-id=\"782043f0\" data-element_type=\"container\" data-e-type=\"container\" data-settings=\"{&quot;background_background&quot;:&quot;classic&quot;}\">\n\t\t<div class=\"elementor-element elementor-element-69673756 e-con-full cta-inner e-flex e-con e-child\" data-id=\"69673756\" data-element_type=\"container\" data-e-type=\"container\">\n\t\t\t\t<div class=\"elementor-element elementor-element-76e4e322 elementor-widget__width-initial elementor-widget elementor-widget-heading\" data-id=\"76e4e322\" data-element_type=\"widget\" data-e-type=\"widget\" data-widget_type=\"heading.default\">\n\t\t\t\t<div class=\"elementor-widget-container\">\n\t\t\t\t\t<h2 class=\"elementor-heading-title elementor-size-default\">Your local contact<\/h2>\t\t\t\t<\/div>\n\t\t\t\t<\/div>\n\t\t\t\t<div class=\"elementor-element elementor-element-24fbaee1 elementor-widget elementor-widget-text-editor\" data-id=\"24fbaee1\" data-element_type=\"widget\" data-e-type=\"widget\" data-widget_type=\"text-editor.default\">\n\t\t\t\t<div class=\"elementor-widget-container\">\n\t\t\t\t\t\t\t\t\t<p style=\"font-weight: 400\">We are close to you \u2013 worldwide.<\/p><p style=\"font-weight: 400\">With our contact finder you will find local REMAsters that match your requirements. \nWe look forward to hearing from you!<\/p>\t\t\t\t\t\t\t\t<\/div>\n\t\t\t\t<\/div>\n\t\t\t\t<div class=\"elementor-element elementor-element-345b7153 elementor-align-center rema-button contact-button elementor-widget elementor-widget-button\" data-id=\"345b7153\" data-element_type=\"widget\" data-e-type=\"widget\" data-widget_type=\"button.default\">\n\t\t\t\t<div class=\"elementor-widget-container\">\n\t\t\t\t\t\t\t\t\t<div class=\"elementor-button-wrapper\">\n\t\t\t\t\t<a class=\"elementor-button elementor-button-link elementor-size-sm\" href=\"https:\/\/rema-tiptop.de\/en\/contact-finder\/\">\n\t\t\t\t\t\t<span class=\"elementor-button-content-wrapper\">\n\t\t\t\t\t\t\t\t\t<span class=\"elementor-button-text\">Find your local contact<\/span>\n\t\t\t\t\t<\/span>\n\t\t\t\t\t<\/a>\n\t\t\t\t<\/div>\n\t\t\t\t\t\t\t\t<\/div>\n\t\t\t\t<\/div>\n\t\t\t\t<\/div>\n\t\t\t\t<\/div>\n\t\t<div class=\"elementor-element elementor-element-32c81921 e-con-full e-flex e-con e-child\" data-id=\"32c81921\" data-element_type=\"container\" data-e-type=\"container\">\n\t\t\t\t<\/div>\n\t\t<div class=\"elementor-element elementor-element-4404afbf e-con-full elementor-hidden-desktop elementor-hidden-tablet e-flex e-con e-child\" data-id=\"4404afbf\" data-element_type=\"container\" data-e-type=\"container\" data-settings=\"{&quot;background_background&quot;:&quot;classic&quot;}\">\n\t\t\t\t<\/div>\n\t\t\t\t<\/div>\n\t\t\t\t<\/div>","protected":false},"excerpt":{"rendered":"<p>Ackerschlepper Verl\u00e4ngerung der Lebensdauer Eine fachgerechte Reparatur kann die Lebensdauer eines besch\u00e4digten Ackerschlepper-Reifens sp\u00fcrbar verl\u00e4ngern. Wir bieten unseren Kunden ein umfassendes Sortiment an Reparaturmaterialien und Werkzeugen f\u00fcr nahezu alle Schadensarten. Gleichzeitig sorgen hochqualifizierte Spezialistinnen und Spezialisten in Beratungen und Schulungen daf\u00fcr, dass Werkst\u00e4tten weltweit auf die neuesten Erkenntnisse in der Schadensbeurteilung und Reifenreparatur zugreifen k\u00f6nnen. [&hellip;]<\/p>\n","protected":false},"author":9,"featured_media":0,"parent":7222,"menu_order":0,"comment_status":"closed","ping_status":"closed","template":"","meta":{"_acf_changed":false,"footnotes":""},"class_list":["post-14466","page","type-page","status-publish","hentry"],"acf":[],"yoast_head":"<!-- This site is optimized with the Yoast SEO plugin v27.3 - https:\/\/yoast.com\/product\/yoast-seo-wordpress\/ -->\n<title>AS-Reifen: Reparaturmaterialien, Werkzeuge, Beratung<\/title>\n<meta name=\"description\" content=\"REMA TIP TOP Reifenreparatur Ackerschlepper: Reparaturmaterial und Werkzeuge f\u00fcr fast alle Schadensarten, verl\u00e4ngert Reifenlebensdauer.\" \/>\n<meta name=\"robots\" content=\"index, follow, max-snippet:-1, max-image-preview:large, max-video-preview:-1\" \/>\n<link rel=\"canonical\" href=\"https:\/\/rema-tiptop.de\/en\/products-services\/rema-motion\/products\/tire-repair-material\/agriculture\/\" \/>\n<meta property=\"og:locale\" content=\"en_US\" \/>\n<meta property=\"og:type\" content=\"article\" \/>\n<meta property=\"og:title\" content=\"AS-Reifen: Reparaturmaterialien, Werkzeuge, Beratung\" \/>\n<meta property=\"og:description\" content=\"REMA TIP TOP Reifenreparatur Ackerschlepper: Reparaturmaterial und Werkzeuge f\u00fcr fast alle Schadensarten, verl\u00e4ngert Reifenlebensdauer.\" \/>\n<meta property=\"og:url\" content=\"https:\/\/rema-tiptop.de\/en\/products-services\/rema-motion\/products\/tire-repair-material\/agriculture\/\" \/>\n<meta property=\"og:site_name\" content=\"REMA TIP TOP\" \/>\n<meta property=\"article:modified_time\" content=\"2025-11-21T12:01:23+00:00\" \/>\n<meta property=\"og:image\" content=\"https:\/\/rema-tiptop.de\/wp-content\/uploads\/2025\/01\/rema-motion-reparaturmaterial-as-1024x768.webp\" \/>\n<meta name=\"twitter:card\" content=\"summary_large_image\" \/>\n<meta name=\"twitter:label1\" content=\"Est. reading time\" \/>\n\t<meta name=\"twitter:data1\" content=\"1 minute\" \/>\n<script type=\"application\/ld+json\" class=\"yoast-schema-graph\">{\"@context\":\"https:\\\/\\\/schema.org\",\"@graph\":[{\"@type\":\"WebPage\",\"@id\":\"https:\\\/\\\/rema-tiptop.de\\\/produkte-services\\\/rema-motion\\\/produktuebersicht\\\/reifenreparaturmaterial\\\/ackerschlepper\\\/\",\"url\":\"https:\\\/\\\/rema-tiptop.de\\\/produkte-services\\\/rema-motion\\\/produktuebersicht\\\/reifenreparaturmaterial\\\/ackerschlepper\\\/\",\"name\":\"AS-Reifen: Reparaturmaterialien, Werkzeuge, Beratung\",\"isPartOf\":{\"@id\":\"https:\\\/\\\/rema-tiptop.de\\\/#website\"},\"primaryImageOfPage\":{\"@id\":\"https:\\\/\\\/rema-tiptop.de\\\/produkte-services\\\/rema-motion\\\/produktuebersicht\\\/reifenreparaturmaterial\\\/ackerschlepper\\\/#primaryimage\"},\"image\":{\"@id\":\"https:\\\/\\\/rema-tiptop.de\\\/produkte-services\\\/rema-motion\\\/produktuebersicht\\\/reifenreparaturmaterial\\\/ackerschlepper\\\/#primaryimage\"},\"thumbnailUrl\":\"https:\\\/\\\/rema-tiptop.de\\\/wp-content\\\/uploads\\\/2025\\\/01\\\/rema-motion-reparaturmaterial-as-1024x768.webp\",\"datePublished\":\"2024-12-20T14:48:24+00:00\",\"dateModified\":\"2025-11-21T12:01:23+00:00\",\"description\":\"REMA TIP TOP Reifenreparatur Ackerschlepper: Reparaturmaterial und Werkzeuge f\u00fcr fast alle Schadensarten, verl\u00e4ngert Reifenlebensdauer.\",\"breadcrumb\":{\"@id\":\"https:\\\/\\\/rema-tiptop.de\\\/produkte-services\\\/rema-motion\\\/produktuebersicht\\\/reifenreparaturmaterial\\\/ackerschlepper\\\/#breadcrumb\"},\"inLanguage\":\"en-US\",\"potentialAction\":[{\"@type\":\"ReadAction\",\"target\":[\"https:\\\/\\\/rema-tiptop.de\\\/produkte-services\\\/rema-motion\\\/produktuebersicht\\\/reifenreparaturmaterial\\\/ackerschlepper\\\/\"]}]},{\"@type\":\"ImageObject\",\"inLanguage\":\"en-US\",\"@id\":\"https:\\\/\\\/rema-tiptop.de\\\/produkte-services\\\/rema-motion\\\/produktuebersicht\\\/reifenreparaturmaterial\\\/ackerschlepper\\\/#primaryimage\",\"url\":\"https:\\\/\\\/rema-tiptop.de\\\/wp-content\\\/uploads\\\/2025\\\/01\\\/rema-motion-reparaturmaterial-as-1024x768.webp\",\"contentUrl\":\"https:\\\/\\\/rema-tiptop.de\\\/wp-content\\\/uploads\\\/2025\\\/01\\\/rema-motion-reparaturmaterial-as-1024x768.webp\"},{\"@type\":\"BreadcrumbList\",\"@id\":\"https:\\\/\\\/rema-tiptop.de\\\/produkte-services\\\/rema-motion\\\/produktuebersicht\\\/reifenreparaturmaterial\\\/ackerschlepper\\\/#breadcrumb\",\"itemListElement\":[{\"@type\":\"ListItem\",\"position\":1,\"name\":\"Startseite\",\"item\":\"https:\\\/\\\/rema-tiptop.de\\\/\"},{\"@type\":\"ListItem\",\"position\":2,\"name\":\"Produkte &amp; Services\",\"item\":\"https:\\\/\\\/rema-tiptop.de\\\/produkte-services\\\/\"},{\"@type\":\"ListItem\",\"position\":3,\"name\":\"REMA Motion\",\"item\":\"https:\\\/\\\/rema-tiptop.de\\\/produkte-services\\\/rema-motion\\\/\"},{\"@type\":\"ListItem\",\"position\":4,\"name\":\"Produkt\u00fcbersicht\",\"item\":\"https:\\\/\\\/rema-tiptop.de\\\/produkte-services\\\/rema-motion\\\/produktuebersicht\\\/\"},{\"@type\":\"ListItem\",\"position\":5,\"name\":\"Reifenreparaturmaterial\",\"item\":\"https:\\\/\\\/rema-tiptop.de\\\/produkte-services\\\/rema-motion\\\/produktuebersicht\\\/reifenreparaturmaterial\\\/\"},{\"@type\":\"ListItem\",\"position\":6,\"name\":\"Ackerschlepper\"}]},{\"@type\":\"WebSite\",\"@id\":\"https:\\\/\\\/rema-tiptop.de\\\/#website\",\"url\":\"https:\\\/\\\/rema-tiptop.de\\\/\",\"name\":\"REMA TIP TOP\",\"description\":\"\",\"publisher\":{\"@id\":\"https:\\\/\\\/rema-tiptop.de\\\/#organization\"},\"potentialAction\":[{\"@type\":\"SearchAction\",\"target\":{\"@type\":\"EntryPoint\",\"urlTemplate\":\"https:\\\/\\\/rema-tiptop.de\\\/?s={search_term_string}\"},\"query-input\":{\"@type\":\"PropertyValueSpecification\",\"valueRequired\":true,\"valueName\":\"search_term_string\"}}],\"inLanguage\":\"en-US\"},{\"@type\":\"Organization\",\"@id\":\"https:\\\/\\\/rema-tiptop.de\\\/#organization\",\"name\":\"REMA TIP TOP\",\"url\":\"https:\\\/\\\/rema-tiptop.de\\\/\",\"logo\":{\"@type\":\"ImageObject\",\"inLanguage\":\"en-US\",\"@id\":\"https:\\\/\\\/rema-tiptop.de\\\/#\\\/schema\\\/logo\\\/image\\\/\",\"url\":\"https:\\\/\\\/rema-tiptop.de\\\/wp-content\\\/uploads\\\/2024\\\/11\\\/rtt-logo-mit-bg.svg\",\"contentUrl\":\"https:\\\/\\\/rema-tiptop.de\\\/wp-content\\\/uploads\\\/2024\\\/11\\\/rtt-logo-mit-bg.svg\",\"width\":108,\"height\":83,\"caption\":\"REMA TIP TOP\"},\"image\":{\"@id\":\"https:\\\/\\\/rema-tiptop.de\\\/#\\\/schema\\\/logo\\\/image\\\/\"}}]}<\/script>\n<!-- \/ Yoast SEO plugin. -->","yoast_head_json":{"title":"Agriculture - REMA TIP TOP","description":"REMA TIP TOP Tire Repair for Agricultural Tractors: Repair materials and tools for almost all types of damage, extends tire life.","robots":{"index":"index","follow":"follow","max-snippet":"max-snippet:-1","max-image-preview":"max-image-preview:large","max-video-preview":"max-video-preview:-1"},"canonical":"https:\/\/rema-tiptop.de\/en\/products-services\/rema-motion\/products\/tire-repair-material\/agriculture\/","og_locale":"en_US","og_type":"article","og_title":"AS-Reifen: Reparaturmaterialien, Werkzeuge, Beratung","og_description":"REMA TIP TOP Reifenreparatur Ackerschlepper: Reparaturmaterial und Werkzeuge f\u00fcr fast alle Schadensarten, verl\u00e4ngert Reifenlebensdauer.","og_url":"https:\/\/rema-tiptop.de\/en\/products-services\/rema-motion\/products\/tire-repair-material\/agriculture\/","og_site_name":"REMA TIP TOP","article_modified_time":"2025-11-21T12:01:23+00:00","og_image":[{"url":"https:\/\/rema-tiptop.de\/wp-content\/uploads\/2025\/01\/rema-motion-reparaturmaterial-as-1024x768.webp","type":"","width":"","height":""}],"twitter_card":"summary_large_image","twitter_misc":{"Est. reading time":"1 minute"},"schema":{"@context":"https:\/\/schema.org","@graph":[{"@type":"WebPage","@id":"https:\/\/rema-tiptop.de\/produkte-services\/rema-motion\/produktuebersicht\/reifenreparaturmaterial\/ackerschlepper\/","url":"https:\/\/rema-tiptop.de\/produkte-services\/rema-motion\/produktuebersicht\/reifenreparaturmaterial\/ackerschlepper\/","name":"Agriculture - REMA TIP TOP","isPartOf":{"@id":"https:\/\/rema-tiptop.de\/#website"},"primaryImageOfPage":{"@id":"https:\/\/rema-tiptop.de\/produkte-services\/rema-motion\/produktuebersicht\/reifenreparaturmaterial\/ackerschlepper\/#primaryimage"},"image":{"@id":"https:\/\/rema-tiptop.de\/produkte-services\/rema-motion\/produktuebersicht\/reifenreparaturmaterial\/ackerschlepper\/#primaryimage"},"thumbnailUrl":"https:\/\/rema-tiptop.de\/wp-content\/uploads\/2025\/01\/rema-motion-reparaturmaterial-as-1024x768.webp","datePublished":"2024-12-20T14:48:24+00:00","dateModified":"2025-11-21T12:01:23+00:00","description":"REMA TIP TOP Tire Repair for Agricultural Tractors: Repair materials and tools for almost all types of damage, extends tire life.","breadcrumb":{"@id":"https:\/\/rema-tiptop.de\/produkte-services\/rema-motion\/produktuebersicht\/reifenreparaturmaterial\/ackerschlepper\/#breadcrumb"},"inLanguage":"en-US","potentialAction":[{"@type":"ReadAction","target":["https:\/\/rema-tiptop.de\/produkte-services\/rema-motion\/produktuebersicht\/reifenreparaturmaterial\/ackerschlepper\/"]}]},{"@type":"ImageObject","inLanguage":"en-US","@id":"https:\/\/rema-tiptop.de\/produkte-services\/rema-motion\/produktuebersicht\/reifenreparaturmaterial\/ackerschlepper\/#primaryimage","url":"https:\/\/rema-tiptop.de\/wp-content\/uploads\/2025\/01\/rema-motion-reparaturmaterial-as-1024x768.webp","contentUrl":"https:\/\/rema-tiptop.de\/wp-content\/uploads\/2025\/01\/rema-motion-reparaturmaterial-as-1024x768.webp"},{"@type":"BreadcrumbList","@id":"https:\/\/rema-tiptop.de\/produkte-services\/rema-motion\/produktuebersicht\/reifenreparaturmaterial\/ackerschlepper\/#breadcrumb","itemListElement":[{"@type":"ListItem","position":1,"name":"Startseite","item":"https:\/\/rema-tiptop.de\/"},{"@type":"ListItem","position":2,"name":"Produkte &amp; Services","item":"https:\/\/rema-tiptop.de\/produkte-services\/"},{"@type":"ListItem","position":3,"name":"REMA Motion","item":"https:\/\/rema-tiptop.de\/produkte-services\/rema-motion\/"},{"@type":"ListItem","position":4,"name":"Produkt\u00fcbersicht","item":"https:\/\/rema-tiptop.de\/produkte-services\/rema-motion\/produktuebersicht\/"},{"@type":"ListItem","position":5,"name":"Reifenreparaturmaterial","item":"https:\/\/rema-tiptop.de\/produkte-services\/rema-motion\/produktuebersicht\/reifenreparaturmaterial\/"},{"@type":"ListItem","position":6,"name":"Ackerschlepper"}]},{"@type":"WebSite","@id":"https:\/\/rema-tiptop.de\/#website","url":"https:\/\/rema-tiptop.de\/","name":"REMA TIP TOP","description":"","publisher":{"@id":"https:\/\/rema-tiptop.de\/#organization"},"potentialAction":[{"@type":"SearchAction","target":{"@type":"EntryPoint","urlTemplate":"https:\/\/rema-tiptop.de\/?s={search_term_string}"},"query-input":{"@type":"PropertyValueSpecification","valueRequired":true,"valueName":"search_term_string"}}],"inLanguage":"en-US"},{"@type":"Organization","@id":"https:\/\/rema-tiptop.de\/#organization","name":"REMA TIP TOP","url":"https:\/\/rema-tiptop.de\/","logo":{"@type":"ImageObject","inLanguage":"en-US","@id":"https:\/\/rema-tiptop.de\/#\/schema\/logo\/image\/","url":"https:\/\/rema-tiptop.de\/wp-content\/uploads\/2024\/11\/rtt-logo-mit-bg.svg","contentUrl":"https:\/\/rema-tiptop.de\/wp-content\/uploads\/2024\/11\/rtt-logo-mit-bg.svg","width":108,"height":83,"caption":"REMA TIP TOP"},"image":{"@id":"https:\/\/rema-tiptop.de\/#\/schema\/logo\/image\/"}}]}},"_links":{"self":[{"href":"https:\/\/rema-tiptop.de\/en\/wp-json\/wp\/v2\/pages\/14466","targetHints":{"allow":["GET"]}}],"collection":[{"href":"https:\/\/rema-tiptop.de\/en\/wp-json\/wp\/v2\/pages"}],"about":[{"href":"https:\/\/rema-tiptop.de\/en\/wp-json\/wp\/v2\/types\/page"}],"author":[{"embeddable":true,"href":"https:\/\/rema-tiptop.de\/en\/wp-json\/wp\/v2\/users\/9"}],"replies":[{"embeddable":true,"href":"https:\/\/rema-tiptop.de\/en\/wp-json\/wp\/v2\/comments?post=14466"}],"version-history":[{"count":27,"href":"https:\/\/rema-tiptop.de\/en\/wp-json\/wp\/v2\/pages\/14466\/revisions"}],"predecessor-version":[{"id":20424,"href":"https:\/\/rema-tiptop.de\/en\/wp-json\/wp\/v2\/pages\/14466\/revisions\/20424"}],"up":[{"embeddable":true,"href":"https:\/\/rema-tiptop.de\/en\/wp-json\/wp\/v2\/pages\/7222"}],"wp:attachment":[{"href":"https:\/\/rema-tiptop.de\/en\/wp-json\/wp\/v2\/media?parent=14466"}],"curies":[{"name":"wp","href":"https:\/\/api.w.org\/{rel}","templated":true}]}}