{"id":153,"date":"2024-06-19T08:46:22","date_gmt":"2024-06-19T08:46:22","guid":{"rendered":"https:\/\/rema-tiptop.de\/?page_id=153"},"modified":"2025-11-18T15:51:32","modified_gmt":"2025-11-18T14:51:32","slug":"recycling","status":"publish","type":"page","link":"https:\/\/rema-tiptop.de\/en\/industrial-solutions\/recycling\/","title":{"rendered":"Recycling"},"content":{"rendered":"<div data-elementor-type=\"wp-page\" data-elementor-id=\"153\" class=\"elementor elementor-153\" data-elementor-post-type=\"page\">\n\t\t\t\t<div class=\"elementor-element elementor-element-62c81c1 e-flex e-con-boxed e-con e-parent\" data-id=\"62c81c1\" data-element_type=\"container\" data-e-type=\"container\" data-settings=\"{&quot;background_background&quot;:&quot;classic&quot;}\">\n\t\t\t\t\t<div class=\"e-con-inner\">\n\t\t<div class=\"elementor-element elementor-element-716d977 e-con-full e-flex e-con e-child\" data-id=\"716d977\" data-element_type=\"container\" data-e-type=\"container\">\n\t\t<div class=\"elementor-element elementor-element-44036ed7 e-con-full e-flex e-con e-child\" data-id=\"44036ed7\" data-element_type=\"container\" data-e-type=\"container\">\n\t\t\t\t<div class=\"elementor-element elementor-element-3cbc24ab elementor-widget elementor-widget-heading\" data-id=\"3cbc24ab\" data-element_type=\"widget\" data-e-type=\"widget\" data-widget_type=\"heading.default\">\n\t\t\t\t<div class=\"elementor-widget-container\">\n\t\t\t\t\t<h1 class=\"elementor-heading-title elementor-size-default\">Recycling<\/h1>\t\t\t\t<\/div>\n\t\t\t\t<\/div>\n\t\t\t\t<div class=\"elementor-element elementor-element-a6ff1a2 elementor-widget elementor-widget-text-editor\" data-id=\"a6ff1a2\" data-element_type=\"widget\" data-e-type=\"widget\" data-widget_type=\"text-editor.default\">\n\t\t\t\t<div class=\"elementor-widget-container\">\n\t\t\t\t\t\t\t\t\t<p style=\"font-weight: 400\">Premium conveyor belts that resist impact, cuts, abrasion, chemicals, oil and grease.<\/p>\t\t\t\t\t\t\t\t<\/div>\n\t\t\t\t<\/div>\n\t\t\t\t<\/div>\n\t\t\t\t<\/div>\n\t\t<div class=\"elementor-element elementor-element-109e79c e-con-full e-flex e-con e-child\" data-id=\"109e79c\" data-element_type=\"container\" data-e-type=\"container\">\n\t\t\t\t<div class=\"elementor-element elementor-element-3f9c3681 elementor-widget elementor-widget-image\" data-id=\"3f9c3681\" data-element_type=\"widget\" data-e-type=\"widget\" data-widget_type=\"image.default\">\n\t\t\t\t<div class=\"elementor-widget-container\">\n\t\t\t\t\t\t\t\t\t\t\t\t\t\t\t<img decoding=\"async\" src=\"https:\/\/rema-tiptop.de\/wp-content\/uploads\/elementor\/thumbs\/industrial-solutions-recyclingindustrie-1-r15c5zqmi3g3jizwsk3ikancmsd4zsl7bmmxvppnc2.webp\" title=\"industrial-solutions-recycling industry\" alt=\"Ein F\u00f6rderband aus der Recyclingindustrie, welches mit Abfall gef\u00fcllt ist\" loading=\"lazy\" \/>\t\t\t\t\t\t\t\t\t\t\t\t\t\t\t<\/div>\n\t\t\t\t<\/div>\n\t\t\t\t<\/div>\n\t\t\t\t\t<\/div>\n\t\t\t\t<\/div>\n\t\t<div class=\"elementor-element elementor-element-2da74957 e-flex e-con-boxed e-con e-parent\" data-id=\"2da74957\" data-element_type=\"container\" data-e-type=\"container\" data-settings=\"{&quot;background_background&quot;:&quot;classic&quot;}\">\n\t\t\t\t\t<div class=\"e-con-inner\">\n\t\t\t\t<div class=\"elementor-element elementor-element-3eeae2e1 elementor-widget elementor-widget-heading\" data-id=\"3eeae2e1\" data-element_type=\"widget\" data-e-type=\"widget\" data-widget_type=\"heading.default\">\n\t\t\t\t<div class=\"elementor-widget-container\">\n\t\t\t\t\t<h2 class=\"elementor-heading-title elementor-size-default\">Conveyor belts for any material<\/h2>\t\t\t\t<\/div>\n\t\t\t\t<\/div>\n\t\t\t\t<div class=\"elementor-element elementor-element-33133d0e elementor-widget elementor-widget-text-editor\" data-id=\"33133d0e\" data-element_type=\"widget\" data-e-type=\"widget\" data-widget_type=\"text-editor.default\">\n\t\t\t\t<div class=\"elementor-widget-container\">\n\t\t\t\t\t\t\t\t\t<div><p>In a world where sustainable waste separation and recycling is becoming increasingly important, REMA TIP TOP is positioning itself as a leading supplier of advanced conveyor solutions. Our specially designed conveyor belts are indispensable components in recycling machines and make a significant contribution to efficient, fast and sustainable waste treatment. They are specially designed to withstand the high loads in recycling plants and are resistant to impact, cuts, wear and aggressive chemicals, oils and greases.<\/p><\/div>\t\t\t\t\t\t\t\t<\/div>\n\t\t\t\t<\/div>\n\t\t\t\t<div class=\"elementor-element elementor-element-f4820df readmorebtn elementor-widget elementor-widget-n-accordion\" data-id=\"f4820df\" data-element_type=\"widget\" data-e-type=\"widget\" data-settings=\"{&quot;default_state&quot;:&quot;all_collapsed&quot;,&quot;n_accordion_animation_duration&quot;:{&quot;unit&quot;:&quot;ms&quot;,&quot;size&quot;:&quot;300&quot;,&quot;sizes&quot;:[]},&quot;max_items_expended&quot;:&quot;one&quot;}\" data-widget_type=\"nested-accordion.default\">\n\t\t\t\t<div class=\"elementor-widget-container\">\n\t\t\t\t\t\t\t<div class=\"e-n-accordion\" aria-label=\"We offer a wide range of highly effective solutions, from polyurea coatings, rubber liners and carbon bricks to epoxy resins and ceramic coatings. Our products are specifically designed to safely and reliably protect your infrastructure under demanding conditions - resistant to chemical attack, high temperatures and pressures.\">\n\t\t\t\t\t\t<details id=\"test-title\" class=\"e-n-accordion-item\" >\n\t\t\t\t<summary class=\"e-n-accordion-item-title\" data-accordion-index=\"1\" tabindex=\"0\" aria-expanded=\"false\" aria-controls=\"test-title\" >\n\t\t\t\t\t<span class='e-n-accordion-item-title-header'><div class=\"e-n-accordion-item-title-text\"> Show more <\/div><\/span>\n\t\t\t\t\t\t\t\t\t<\/summary>\n\t\t\t\t<div role=\"region\" aria-labelledby=\"test-title\" class=\"elementor-element elementor-element-10f710f5 e-con-full e-flex e-con e-child\" data-id=\"10f710f5\" data-element_type=\"container\" data-e-type=\"container\">\n\t\t\t\t<div class=\"elementor-element elementor-element-35cadf18 elementor-widget elementor-widget-text-editor\" data-id=\"35cadf18\" data-element_type=\"widget\" data-e-type=\"widget\" data-widget_type=\"text-editor.default\">\n\t\t\t\t<div class=\"elementor-widget-container\">\n\t\t\t\t\t\t\t\t\t<p style=\"font-weight: 400\">Our extensive experience in the development of specialty belts and our innovative wear and corrosion protection solutions ensure maximum system availability. We work closely with you to develop exclusive solutions that optimize your processes while reducing your operating costs. Benefit from our preventive maintenance strategy and our professional damage and wear solutions to maximize the longevity and efficiency of your recycling equipment.<\/p>\t\t\t\t\t\t\t\t<\/div>\n\t\t\t\t<\/div>\n\t\t<div role=\"region\" aria-labelledby=\"test-title\" class=\"elementor-element elementor-element-dae2181 e-flex e-con-boxed e-con e-child\" data-id=\"dae2181\" data-element_type=\"container\" data-e-type=\"container\">\n\t\t\t\t\t<div class=\"e-con-inner\">\n\t\t\t\t<div class=\"elementor-element elementor-element-402d7163 elementor-widget elementor-widget-text-editor\" data-id=\"402d7163\" data-element_type=\"widget\" data-e-type=\"widget\" data-widget_type=\"text-editor.default\">\n\t\t\t\t<div class=\"elementor-widget-container\">\n\t\t\t\t\t\t\t\t\t<p>Lorem ipsum dolor sit amet, consectetur adipiscing elit. Ut elit tellus, luctus nec ullamcorper mattis, pulvinar dapibus leo.<\/p>\t\t\t\t\t\t\t\t<\/div>\n\t\t\t\t<\/div>\n\t\t\t\t\t<\/div>\n\t\t\t\t<\/div>\n\t\t\t\t<\/div>\n\t\t\t\t\t<\/details>\n\t\t\t\t\t<\/div>\n\t\t\t\t\t\t<\/div>\n\t\t\t\t<\/div>\n\t\t\t\t\t<\/div>\n\t\t\t\t<\/div>\n\t\t<div class=\"elementor-element elementor-element-e80e642 e-flex e-con-boxed e-con e-parent\" data-id=\"e80e642\" data-element_type=\"container\" data-e-type=\"container\" data-settings=\"{&quot;background_background&quot;:&quot;classic&quot;}\">\n\t\t\t\t\t<div class=\"e-con-inner\">\n\t\t\t\t<div class=\"elementor-element elementor-element-5caba02a elementor-widget elementor-widget-heading\" data-id=\"5caba02a\" data-element_type=\"widget\" data-e-type=\"widget\" data-widget_type=\"heading.default\">\n\t\t\t\t<div class=\"elementor-widget-container\">\n\t\t\t\t\t<h2 class=\"elementor-heading-title elementor-size-default\">Fields of application<\/h2>\t\t\t\t<\/div>\n\t\t\t\t<\/div>\n\t\t\t\t<div class=\"elementor-element elementor-element-71578797 rema-list elementor-widget elementor-widget-text-editor\" data-id=\"71578797\" data-element_type=\"widget\" data-e-type=\"widget\" data-widget_type=\"text-editor.default\">\n\t\t\t\t<div class=\"elementor-widget-container\">\n\t\t\t\t\t\t\t\t\t<ul><li style=\"font-weight: 400\">Electronic scrap<\/li><li style=\"font-weight: 400\">Glass<\/li><li style=\"font-weight: 400\">Metal<\/li><li style=\"font-weight: 400\">Organic waste<\/li><li style=\"font-weight: 400\">Plastic waste<\/li><li style=\"font-weight: 400\">Waste paper &amp; cardboard<\/li><\/ul>\t\t\t\t\t\t\t\t<\/div>\n\t\t\t\t<\/div>\n\t\t\t\t\t<\/div>\n\t\t\t\t<\/div>\n\t\t<div class=\"elementor-element elementor-element-6efaf525 e-con-full e-flex e-con e-parent\" data-id=\"6efaf525\" data-element_type=\"container\" data-e-type=\"container\" data-settings=\"{&quot;background_background&quot;:&quot;classic&quot;}\">\n\t\t<div class=\"elementor-element elementor-element-73c17694 e-con-full e-flex e-con e-child\" data-id=\"73c17694\" data-element_type=\"container\" data-e-type=\"container\" data-settings=\"{&quot;background_background&quot;:&quot;classic&quot;}\">\n\t\t<div class=\"elementor-element elementor-element-776e845f e-con-full cta-inner e-flex e-con e-child\" data-id=\"776e845f\" data-element_type=\"container\" data-e-type=\"container\">\n\t\t\t\t<div class=\"elementor-element elementor-element-8abd70f elementor-widget__width-initial elementor-widget elementor-widget-heading\" data-id=\"8abd70f\" data-element_type=\"widget\" data-e-type=\"widget\" data-widget_type=\"heading.default\">\n\t\t\t\t<div class=\"elementor-widget-container\">\n\t\t\t\t\t<h2 class=\"elementor-heading-title elementor-size-default\">Your local contact<\/h2>\t\t\t\t<\/div>\n\t\t\t\t<\/div>\n\t\t\t\t<div class=\"elementor-element elementor-element-5f0907b9 elementor-widget elementor-widget-text-editor\" data-id=\"5f0907b9\" data-element_type=\"widget\" data-e-type=\"widget\" data-widget_type=\"text-editor.default\">\n\t\t\t\t<div class=\"elementor-widget-container\">\n\t\t\t\t\t\t\t\t\t<p style=\"font-weight: 400\">We are close to you \u2013 worldwide.<\/p><p style=\"font-weight: 400\">With our contact finder you will find local REMAsters that match your requirements. \nWe look forward to hearing from you!<\/p>\t\t\t\t\t\t\t\t<\/div>\n\t\t\t\t<\/div>\n\t\t\t\t<div class=\"elementor-element elementor-element-567aad05 elementor-align-center rema-button contact-button elementor-widget elementor-widget-button\" data-id=\"567aad05\" data-element_type=\"widget\" data-e-type=\"widget\" data-widget_type=\"button.default\">\n\t\t\t\t<div class=\"elementor-widget-container\">\n\t\t\t\t\t\t\t\t\t<div class=\"elementor-button-wrapper\">\n\t\t\t\t\t<a class=\"elementor-button elementor-button-link elementor-size-sm\" href=\"https:\/\/rema-tiptop.de\/en\/contact-finder\/\">\n\t\t\t\t\t\t<span class=\"elementor-button-content-wrapper\">\n\t\t\t\t\t\t\t\t\t<span class=\"elementor-button-text\">Find your local contact<\/span>\n\t\t\t\t\t<\/span>\n\t\t\t\t\t<\/a>\n\t\t\t\t<\/div>\n\t\t\t\t\t\t\t\t<\/div>\n\t\t\t\t<\/div>\n\t\t\t\t<\/div>\n\t\t\t\t<\/div>\n\t\t<div class=\"elementor-element elementor-element-29c046f8 e-con-full e-flex e-con e-child\" data-id=\"29c046f8\" data-element_type=\"container\" data-e-type=\"container\">\n\t\t\t\t<\/div>\n\t\t<div class=\"elementor-element elementor-element-6b4821fc e-con-full elementor-hidden-desktop elementor-hidden-tablet e-flex e-con e-child\" data-id=\"6b4821fc\" data-element_type=\"container\" data-e-type=\"container\" data-settings=\"{&quot;background_background&quot;:&quot;classic&quot;}\">\n\t\t\t\t<\/div>\n\t\t\t\t<\/div>\n\t\t\t\t<\/div>","protected":false},"excerpt":{"rendered":"<p>Recyclingindustrie Erstklassige F\u00f6rderb\u00e4nder resistent gegen Aufpr\u00e4lle, Schnitte, Abnutzung, chemische Substanzen, \u00d6l und Fett. F\u00f6rderb\u00e4nder f\u00fcr jedes Material In einer Welt, in der nachhaltige Abfalltrennung und Recycling zunehmend an Bedeutung gewinnen, positioniert sich REMA TIP TOP als f\u00fchrender Anbieter von fortschrittlichen F\u00f6rderl\u00f6sungen. Unsere speziell entwickelten F\u00f6rderb\u00e4nder sind unverzichtbare Komponenten in Recyclingmaschinen und tragen wesentlich zu einer [&hellip;]<\/p>\n","protected":false},"author":1,"featured_media":0,"parent":55,"menu_order":0,"comment_status":"closed","ping_status":"closed","template":"","meta":{"_acf_changed":false,"footnotes":""},"class_list":["post-153","page","type-page","status-publish","hentry"],"acf":[],"yoast_head":"<!-- This site is optimized with the Yoast SEO plugin v27.3 - https:\/\/yoast.com\/product\/yoast-seo-wordpress\/ -->\n<title>Recyclingindustrie - REMA TIP TOP<\/title>\n<meta name=\"description\" content=\"REMA TIP TOP F\u00f6rderb\u00e4nder f\u00fcr die Recyclingindustrie: verschlei\u00dffest, schnitt- und chemikalienbest\u00e4ndig f\u00fcr effiziente Abfalltrennung.\" \/>\n<meta name=\"robots\" content=\"index, follow, max-snippet:-1, max-image-preview:large, max-video-preview:-1\" \/>\n<link rel=\"canonical\" href=\"https:\/\/rema-tiptop.de\/en\/industrial-solutions\/recycling\/\" \/>\n<meta property=\"og:locale\" content=\"en_US\" \/>\n<meta property=\"og:type\" content=\"article\" \/>\n<meta property=\"og:title\" content=\"Recyclingindustrie - REMA TIP TOP\" \/>\n<meta property=\"og:description\" content=\"REMA TIP TOP F\u00f6rderb\u00e4nder f\u00fcr die Recyclingindustrie: verschlei\u00dffest, schnitt- und chemikalienbest\u00e4ndig f\u00fcr effiziente Abfalltrennung.\" \/>\n<meta property=\"og:url\" content=\"https:\/\/rema-tiptop.de\/en\/industrial-solutions\/recycling\/\" \/>\n<meta property=\"og:site_name\" content=\"REMA TIP TOP\" \/>\n<meta property=\"article:modified_time\" content=\"2025-11-18T14:51:32+00:00\" \/>\n<meta property=\"og:image\" content=\"https:\/\/staging.rema-tiptop.de\/wp-content\/uploads\/elementor\/thumbs\/industrial-solutions-recyclingindustrie-1-r15c5zqmi3g3jizwsk3ikancmsd4zsl7bmmxvppnc2.webp\" \/>\n<meta name=\"twitter:card\" content=\"summary_large_image\" \/>\n<meta name=\"twitter:label1\" content=\"Est. reading time\" \/>\n\t<meta name=\"twitter:data1\" content=\"2 minutes\" \/>\n<script type=\"application\/ld+json\" class=\"yoast-schema-graph\">{\"@context\":\"https:\\\/\\\/schema.org\",\"@graph\":[{\"@type\":\"WebPage\",\"@id\":\"https:\\\/\\\/rema-tiptop.de\\\/industrial-solutions\\\/recyclingindustrie\\\/\",\"url\":\"https:\\\/\\\/rema-tiptop.de\\\/industrial-solutions\\\/recyclingindustrie\\\/\",\"name\":\"Recyclingindustrie - REMA TIP TOP\",\"isPartOf\":{\"@id\":\"https:\\\/\\\/rema-tiptop.de\\\/#website\"},\"primaryImageOfPage\":{\"@id\":\"https:\\\/\\\/rema-tiptop.de\\\/industrial-solutions\\\/recyclingindustrie\\\/#primaryimage\"},\"image\":{\"@id\":\"https:\\\/\\\/rema-tiptop.de\\\/industrial-solutions\\\/recyclingindustrie\\\/#primaryimage\"},\"thumbnailUrl\":\"https:\\\/\\\/staging.rema-tiptop.de\\\/wp-content\\\/uploads\\\/elementor\\\/thumbs\\\/industrial-solutions-recyclingindustrie-1-r15c5zqmi3g3jizwsk3ikancmsd4zsl7bmmxvppnc2.webp\",\"datePublished\":\"2024-06-19T08:46:22+00:00\",\"dateModified\":\"2025-11-18T14:51:32+00:00\",\"description\":\"REMA TIP TOP F\u00f6rderb\u00e4nder f\u00fcr die Recyclingindustrie: verschlei\u00dffest, schnitt- und chemikalienbest\u00e4ndig f\u00fcr effiziente Abfalltrennung.\",\"breadcrumb\":{\"@id\":\"https:\\\/\\\/rema-tiptop.de\\\/industrial-solutions\\\/recyclingindustrie\\\/#breadcrumb\"},\"inLanguage\":\"en-US\",\"potentialAction\":[{\"@type\":\"ReadAction\",\"target\":[\"https:\\\/\\\/rema-tiptop.de\\\/industrial-solutions\\\/recyclingindustrie\\\/\"]}]},{\"@type\":\"ImageObject\",\"inLanguage\":\"en-US\",\"@id\":\"https:\\\/\\\/rema-tiptop.de\\\/industrial-solutions\\\/recyclingindustrie\\\/#primaryimage\",\"url\":\"https:\\\/\\\/staging.rema-tiptop.de\\\/wp-content\\\/uploads\\\/elementor\\\/thumbs\\\/industrial-solutions-recyclingindustrie-1-r15c5zqmi3g3jizwsk3ikancmsd4zsl7bmmxvppnc2.webp\",\"contentUrl\":\"https:\\\/\\\/staging.rema-tiptop.de\\\/wp-content\\\/uploads\\\/elementor\\\/thumbs\\\/industrial-solutions-recyclingindustrie-1-r15c5zqmi3g3jizwsk3ikancmsd4zsl7bmmxvppnc2.webp\"},{\"@type\":\"BreadcrumbList\",\"@id\":\"https:\\\/\\\/rema-tiptop.de\\\/industrial-solutions\\\/recyclingindustrie\\\/#breadcrumb\",\"itemListElement\":[{\"@type\":\"ListItem\",\"position\":1,\"name\":\"Startseite\",\"item\":\"https:\\\/\\\/rema-tiptop.de\\\/\"},{\"@type\":\"ListItem\",\"position\":2,\"name\":\"Industrial Solutions\",\"item\":\"https:\\\/\\\/rema-tiptop.de\\\/industrial-solutions\\\/\"},{\"@type\":\"ListItem\",\"position\":3,\"name\":\"Recyclingindustrie\"}]},{\"@type\":\"WebSite\",\"@id\":\"https:\\\/\\\/rema-tiptop.de\\\/#website\",\"url\":\"https:\\\/\\\/rema-tiptop.de\\\/\",\"name\":\"REMA TIP TOP\",\"description\":\"\",\"publisher\":{\"@id\":\"https:\\\/\\\/rema-tiptop.de\\\/#organization\"},\"potentialAction\":[{\"@type\":\"SearchAction\",\"target\":{\"@type\":\"EntryPoint\",\"urlTemplate\":\"https:\\\/\\\/rema-tiptop.de\\\/?s={search_term_string}\"},\"query-input\":{\"@type\":\"PropertyValueSpecification\",\"valueRequired\":true,\"valueName\":\"search_term_string\"}}],\"inLanguage\":\"en-US\"},{\"@type\":\"Organization\",\"@id\":\"https:\\\/\\\/rema-tiptop.de\\\/#organization\",\"name\":\"REMA TIP TOP\",\"url\":\"https:\\\/\\\/rema-tiptop.de\\\/\",\"logo\":{\"@type\":\"ImageObject\",\"inLanguage\":\"en-US\",\"@id\":\"https:\\\/\\\/rema-tiptop.de\\\/#\\\/schema\\\/logo\\\/image\\\/\",\"url\":\"https:\\\/\\\/rema-tiptop.de\\\/wp-content\\\/uploads\\\/2024\\\/11\\\/rtt-logo-mit-bg.svg\",\"contentUrl\":\"https:\\\/\\\/rema-tiptop.de\\\/wp-content\\\/uploads\\\/2024\\\/11\\\/rtt-logo-mit-bg.svg\",\"width\":108,\"height\":83,\"caption\":\"REMA TIP TOP\"},\"image\":{\"@id\":\"https:\\\/\\\/rema-tiptop.de\\\/#\\\/schema\\\/logo\\\/image\\\/\"}}]}<\/script>\n<!-- \/ Yoast SEO plugin. -->","yoast_head_json":{"title":"Recycling - REMA TIP TOP","description":"REMA TIP TOP conveyor belts for the recycling industry: wear-resistant, cut-resistant and chemical-resistant for efficient waste separation.","robots":{"index":"index","follow":"follow","max-snippet":"max-snippet:-1","max-image-preview":"max-image-preview:large","max-video-preview":"max-video-preview:-1"},"canonical":"https:\/\/rema-tiptop.de\/en\/industrial-solutions\/recycling\/","og_locale":"en_US","og_type":"article","og_title":"Recyclingindustrie - REMA TIP TOP","og_description":"REMA TIP TOP F\u00f6rderb\u00e4nder f\u00fcr die Recyclingindustrie: verschlei\u00dffest, schnitt- und chemikalienbest\u00e4ndig f\u00fcr effiziente Abfalltrennung.","og_url":"https:\/\/rema-tiptop.de\/en\/industrial-solutions\/recycling\/","og_site_name":"REMA TIP TOP","article_modified_time":"2025-11-18T14:51:32+00:00","og_image":[{"url":"https:\/\/staging.rema-tiptop.de\/wp-content\/uploads\/elementor\/thumbs\/industrial-solutions-recyclingindustrie-1-r15c5zqmi3g3jizwsk3ikancmsd4zsl7bmmxvppnc2.webp","type":"","width":"","height":""}],"twitter_card":"summary_large_image","twitter_misc":{"Est. reading time":"2 minutes"},"schema":{"@context":"https:\/\/schema.org","@graph":[{"@type":"WebPage","@id":"https:\/\/rema-tiptop.de\/industrial-solutions\/recyclingindustrie\/","url":"https:\/\/rema-tiptop.de\/industrial-solutions\/recyclingindustrie\/","name":"Recycling - REMA TIP TOP","isPartOf":{"@id":"https:\/\/rema-tiptop.de\/#website"},"primaryImageOfPage":{"@id":"https:\/\/rema-tiptop.de\/industrial-solutions\/recyclingindustrie\/#primaryimage"},"image":{"@id":"https:\/\/rema-tiptop.de\/industrial-solutions\/recyclingindustrie\/#primaryimage"},"thumbnailUrl":"https:\/\/staging.rema-tiptop.de\/wp-content\/uploads\/elementor\/thumbs\/industrial-solutions-recyclingindustrie-1-r15c5zqmi3g3jizwsk3ikancmsd4zsl7bmmxvppnc2.webp","datePublished":"2024-06-19T08:46:22+00:00","dateModified":"2025-11-18T14:51:32+00:00","description":"REMA TIP TOP conveyor belts for the recycling industry: wear-resistant, cut-resistant and chemical-resistant for efficient waste separation.","breadcrumb":{"@id":"https:\/\/rema-tiptop.de\/industrial-solutions\/recyclingindustrie\/#breadcrumb"},"inLanguage":"en-US","potentialAction":[{"@type":"ReadAction","target":["https:\/\/rema-tiptop.de\/industrial-solutions\/recyclingindustrie\/"]}]},{"@type":"ImageObject","inLanguage":"en-US","@id":"https:\/\/rema-tiptop.de\/industrial-solutions\/recyclingindustrie\/#primaryimage","url":"https:\/\/staging.rema-tiptop.de\/wp-content\/uploads\/elementor\/thumbs\/industrial-solutions-recyclingindustrie-1-r15c5zqmi3g3jizwsk3ikancmsd4zsl7bmmxvppnc2.webp","contentUrl":"https:\/\/staging.rema-tiptop.de\/wp-content\/uploads\/elementor\/thumbs\/industrial-solutions-recyclingindustrie-1-r15c5zqmi3g3jizwsk3ikancmsd4zsl7bmmxvppnc2.webp"},{"@type":"BreadcrumbList","@id":"https:\/\/rema-tiptop.de\/industrial-solutions\/recyclingindustrie\/#breadcrumb","itemListElement":[{"@type":"ListItem","position":1,"name":"Startseite","item":"https:\/\/rema-tiptop.de\/"},{"@type":"ListItem","position":2,"name":"Industrial Solutions","item":"https:\/\/rema-tiptop.de\/industrial-solutions\/"},{"@type":"ListItem","position":3,"name":"Recyclingindustrie"}]},{"@type":"WebSite","@id":"https:\/\/rema-tiptop.de\/#website","url":"https:\/\/rema-tiptop.de\/","name":"REMA TIP TOP","description":"","publisher":{"@id":"https:\/\/rema-tiptop.de\/#organization"},"potentialAction":[{"@type":"SearchAction","target":{"@type":"EntryPoint","urlTemplate":"https:\/\/rema-tiptop.de\/?s={search_term_string}"},"query-input":{"@type":"PropertyValueSpecification","valueRequired":true,"valueName":"search_term_string"}}],"inLanguage":"en-US"},{"@type":"Organization","@id":"https:\/\/rema-tiptop.de\/#organization","name":"REMA TIP TOP","url":"https:\/\/rema-tiptop.de\/","logo":{"@type":"ImageObject","inLanguage":"en-US","@id":"https:\/\/rema-tiptop.de\/#\/schema\/logo\/image\/","url":"https:\/\/rema-tiptop.de\/wp-content\/uploads\/2024\/11\/rtt-logo-mit-bg.svg","contentUrl":"https:\/\/rema-tiptop.de\/wp-content\/uploads\/2024\/11\/rtt-logo-mit-bg.svg","width":108,"height":83,"caption":"REMA TIP TOP"},"image":{"@id":"https:\/\/rema-tiptop.de\/#\/schema\/logo\/image\/"}}]}},"_links":{"self":[{"href":"https:\/\/rema-tiptop.de\/en\/wp-json\/wp\/v2\/pages\/153","targetHints":{"allow":["GET"]}}],"collection":[{"href":"https:\/\/rema-tiptop.de\/en\/wp-json\/wp\/v2\/pages"}],"about":[{"href":"https:\/\/rema-tiptop.de\/en\/wp-json\/wp\/v2\/types\/page"}],"author":[{"embeddable":true,"href":"https:\/\/rema-tiptop.de\/en\/wp-json\/wp\/v2\/users\/1"}],"replies":[{"embeddable":true,"href":"https:\/\/rema-tiptop.de\/en\/wp-json\/wp\/v2\/comments?post=153"}],"version-history":[{"count":20,"href":"https:\/\/rema-tiptop.de\/en\/wp-json\/wp\/v2\/pages\/153\/revisions"}],"predecessor-version":[{"id":20337,"href":"https:\/\/rema-tiptop.de\/en\/wp-json\/wp\/v2\/pages\/153\/revisions\/20337"}],"up":[{"embeddable":true,"href":"https:\/\/rema-tiptop.de\/en\/wp-json\/wp\/v2\/pages\/55"}],"wp:attachment":[{"href":"https:\/\/rema-tiptop.de\/en\/wp-json\/wp\/v2\/media?parent=153"}],"curies":[{"name":"wp","href":"https:\/\/api.w.org\/{rel}","templated":true}]}}