{"id":155,"date":"2024-06-19T08:46:38","date_gmt":"2024-06-19T08:46:38","guid":{"rendered":"https:\/\/rema-tiptop.de\/?page_id=155"},"modified":"2025-11-18T15:45:30","modified_gmt":"2025-11-18T14:45:30","slug":"chemicals","status":"publish","type":"page","link":"https:\/\/rema-tiptop.de\/en\/industrial-solutions\/chemicals\/","title":{"rendered":"Chemicals"},"content":{"rendered":"<div data-elementor-type=\"wp-page\" data-elementor-id=\"155\" class=\"elementor elementor-155\" data-elementor-post-type=\"page\">\n\t\t\t\t<div class=\"elementor-element elementor-element-3ab7da6c e-flex e-con-boxed e-con e-parent\" data-id=\"3ab7da6c\" data-element_type=\"container\" data-e-type=\"container\" data-settings=\"{&quot;background_background&quot;:&quot;classic&quot;}\">\n\t\t\t\t\t<div class=\"e-con-inner\">\n\t\t<div class=\"elementor-element elementor-element-7fc57440 e-con-full e-flex e-con e-child\" data-id=\"7fc57440\" data-element_type=\"container\" data-e-type=\"container\">\n\t\t<div class=\"elementor-element elementor-element-47e497c2 e-con-full e-flex e-con e-child\" data-id=\"47e497c2\" data-element_type=\"container\" data-e-type=\"container\">\n\t\t\t\t<div class=\"elementor-element elementor-element-160afa6b elementor-widget elementor-widget-heading\" data-id=\"160afa6b\" data-element_type=\"widget\" data-e-type=\"widget\" data-widget_type=\"heading.default\">\n\t\t\t\t<div class=\"elementor-widget-container\">\n\t\t\t\t\t<h1 class=\"elementor-heading-title elementor-size-default\">Chemicals<\/h1>\t\t\t\t<\/div>\n\t\t\t\t<\/div>\n\t\t\t\t<div class=\"elementor-element elementor-element-54b1e689 elementor-widget elementor-widget-text-editor\" data-id=\"54b1e689\" data-element_type=\"widget\" data-e-type=\"widget\" data-widget_type=\"text-editor.default\">\n\t\t\t\t<div class=\"elementor-widget-container\">\n\t\t\t\t\t\t\t\t\t<p style=\"font-weight: 400\">Rubber linings, coatings, acid proofing and conveyor belts for the chemical industry.<\/p>\t\t\t\t\t\t\t\t<\/div>\n\t\t\t\t<\/div>\n\t\t\t\t<\/div>\n\t\t\t\t<\/div>\n\t\t<div class=\"elementor-element elementor-element-691fa6c3 e-con-full e-flex e-con e-child\" data-id=\"691fa6c3\" data-element_type=\"container\" data-e-type=\"container\">\n\t\t\t\t<div class=\"elementor-element elementor-element-1fb0b11c elementor-widget elementor-widget-image\" data-id=\"1fb0b11c\" data-element_type=\"widget\" data-e-type=\"widget\" data-widget_type=\"image.default\">\n\t\t\t\t<div class=\"elementor-widget-container\">\n\t\t\t\t\t\t\t\t\t\t\t\t\t\t\t<img decoding=\"async\" src=\"https:\/\/rema-tiptop.de\/wp-content\/uploads\/elementor\/thumbs\/industrial-solutions-chemieindustrie-r13ko16rm0527dhc6xtp5ne455kibehjd6faf54llu.webp\" title=\"industrial-solutions-chemical industry\" alt=\"Ein Anlagenbild aus der Chemieindustrie\" loading=\"lazy\" \/>\t\t\t\t\t\t\t\t\t\t\t\t\t\t\t<\/div>\n\t\t\t\t<\/div>\n\t\t\t\t<\/div>\n\t\t\t\t\t<\/div>\n\t\t\t\t<\/div>\n\t\t<div class=\"elementor-element elementor-element-6d68e97 e-flex e-con-boxed e-con e-parent\" data-id=\"6d68e97\" data-element_type=\"container\" data-e-type=\"container\" data-settings=\"{&quot;background_background&quot;:&quot;classic&quot;}\">\n\t\t\t\t\t<div class=\"e-con-inner\">\n\t\t\t\t<div class=\"elementor-element elementor-element-25675040 elementor-widget elementor-widget-heading\" data-id=\"25675040\" data-element_type=\"widget\" data-e-type=\"widget\" data-widget_type=\"heading.default\">\n\t\t\t\t<div class=\"elementor-widget-container\">\n\t\t\t\t\t<h2 class=\"elementor-heading-title elementor-size-default\">World-class corrosion protection<\/h2>\t\t\t\t<\/div>\n\t\t\t\t<\/div>\n\t\t\t\t<div class=\"elementor-element elementor-element-69a33eaa elementor-widget elementor-widget-text-editor\" data-id=\"69a33eaa\" data-element_type=\"widget\" data-e-type=\"widget\" data-widget_type=\"text-editor.default\">\n\t\t\t\t<div class=\"elementor-widget-container\">\n\t\t\t\t\t\t\t\t\t<p style=\"font-weight: 400;\">The chemical industry faces many challenges, from maintaining high safety standards to ensuring operational profitability. In this demanding market environment, REMA TIP TOP offers first-class corrosion protection and specialized conveyor solutions tailored to the individual needs of the industry.<\/p><p>Many years of cooperation with the chemical industry and the extensive experience of our chemists enable us to offer rubber coatings and our acid protection for every company and every application.<\/p>\t\t\t\t\t\t\t\t<\/div>\n\t\t\t\t<\/div>\n\t\t\t\t\t<\/div>\n\t\t\t\t<\/div>\n\t\t<div class=\"elementor-element elementor-element-6c82addc e-flex e-con-boxed e-con e-parent\" data-id=\"6c82addc\" data-element_type=\"container\" data-e-type=\"container\" data-settings=\"{&quot;background_background&quot;:&quot;classic&quot;}\">\n\t\t\t\t\t<div class=\"e-con-inner\">\n\t\t\t\t<div class=\"elementor-element elementor-element-1dd8bf0d elementor-widget elementor-widget-heading\" data-id=\"1dd8bf0d\" data-element_type=\"widget\" data-e-type=\"widget\" data-widget_type=\"heading.default\">\n\t\t\t\t<div class=\"elementor-widget-container\">\n\t\t\t\t\t<h2 class=\"elementor-heading-title elementor-size-default\">Fields of application<\/h2>\t\t\t\t<\/div>\n\t\t\t\t<\/div>\n\t\t\t\t<div class=\"elementor-element elementor-element-274c89d rema-list elementor-widget elementor-widget-text-editor\" data-id=\"274c89d\" data-element_type=\"widget\" data-e-type=\"widget\" data-widget_type=\"text-editor.default\">\n\t\t\t\t<div class=\"elementor-widget-container\">\n\t\t\t\t\t\t\t\t\t<ul><li style=\"font-weight: 400\">Chemical production<\/li><li style=\"font-weight: 400\">Chemical treatment\/refining<\/li><li style=\"font-weight: 400\">Fertilizers<\/li><li style=\"font-weight: 400\">Petrochemical<\/li><\/ul>\t\t\t\t\t\t\t\t<\/div>\n\t\t\t\t<\/div>\n\t\t\t\t\t<\/div>\n\t\t\t\t<\/div>\n\t\t<div class=\"elementor-element elementor-element-47ba4423 e-con-full e-flex e-con e-parent\" data-id=\"47ba4423\" data-element_type=\"container\" data-e-type=\"container\" data-settings=\"{&quot;background_background&quot;:&quot;classic&quot;}\">\n\t\t<div class=\"elementor-element elementor-element-225b1300 e-con-full e-flex e-con e-child\" data-id=\"225b1300\" data-element_type=\"container\" data-e-type=\"container\" data-settings=\"{&quot;background_background&quot;:&quot;classic&quot;}\">\n\t\t<div class=\"elementor-element elementor-element-27419923 e-con-full cta-inner e-flex e-con e-child\" data-id=\"27419923\" data-element_type=\"container\" data-e-type=\"container\">\n\t\t\t\t<div class=\"elementor-element elementor-element-744f077e elementor-widget__width-initial elementor-widget elementor-widget-heading\" data-id=\"744f077e\" data-element_type=\"widget\" data-e-type=\"widget\" data-widget_type=\"heading.default\">\n\t\t\t\t<div class=\"elementor-widget-container\">\n\t\t\t\t\t<h2 class=\"elementor-heading-title elementor-size-default\">Your local contact<\/h2>\t\t\t\t<\/div>\n\t\t\t\t<\/div>\n\t\t\t\t<div class=\"elementor-element elementor-element-2da794b6 elementor-widget elementor-widget-text-editor\" data-id=\"2da794b6\" data-element_type=\"widget\" data-e-type=\"widget\" data-widget_type=\"text-editor.default\">\n\t\t\t\t<div class=\"elementor-widget-container\">\n\t\t\t\t\t\t\t\t\t<p style=\"font-weight: 400\">We are close to you \u2013 worldwide.<\/p><p style=\"font-weight: 400\">With our contact finder you will find local REMAsters that match your requirements. \nWe look forward to hearing from you!<\/p>\t\t\t\t\t\t\t\t<\/div>\n\t\t\t\t<\/div>\n\t\t\t\t<div class=\"elementor-element elementor-element-2b1df2e2 elementor-align-center rema-button contact-button elementor-widget elementor-widget-button\" data-id=\"2b1df2e2\" data-element_type=\"widget\" data-e-type=\"widget\" data-widget_type=\"button.default\">\n\t\t\t\t<div class=\"elementor-widget-container\">\n\t\t\t\t\t\t\t\t\t<div class=\"elementor-button-wrapper\">\n\t\t\t\t\t<a class=\"elementor-button elementor-button-link elementor-size-sm\" href=\"https:\/\/rema-tiptop.de\/en\/contact-finder\/\">\n\t\t\t\t\t\t<span class=\"elementor-button-content-wrapper\">\n\t\t\t\t\t\t\t\t\t<span class=\"elementor-button-text\">Find your local contact<\/span>\n\t\t\t\t\t<\/span>\n\t\t\t\t\t<\/a>\n\t\t\t\t<\/div>\n\t\t\t\t\t\t\t\t<\/div>\n\t\t\t\t<\/div>\n\t\t\t\t<\/div>\n\t\t\t\t<\/div>\n\t\t<div class=\"elementor-element elementor-element-66f3b2 e-con-full e-flex e-con e-child\" data-id=\"66f3b2\" data-element_type=\"container\" data-e-type=\"container\">\n\t\t\t\t<\/div>\n\t\t<div class=\"elementor-element elementor-element-3743a8e4 e-con-full elementor-hidden-desktop elementor-hidden-tablet e-flex e-con e-child\" data-id=\"3743a8e4\" data-element_type=\"container\" data-e-type=\"container\" data-settings=\"{&quot;background_background&quot;:&quot;classic&quot;}\">\n\t\t\t\t<\/div>\n\t\t\t\t<\/div>\n\t\t\t\t<\/div>","protected":false},"excerpt":{"rendered":"<p>Chemieindustrie Gummierungen, Beschichtungen, S\u00e4ureschutz und Transportb\u00e4nder f\u00fcr die chemische Industrie. Erstklassiger Korrosionsschutz Die Chemieindustrie steht vor vielf\u00e4ltigen Herausforderungen, von der Gew\u00e4hrleistung hoher Sicherheitsstandards bis hin zur Sicherung der betrieblichen Rentabilit\u00e4t. In diesem anspruchsvollen Marktumfeld bietet REMA TIP TOP erstklassigen Korrosionsschutz und spezialisierte Transportl\u00f6sungen, die auf die individuellen Bed\u00fcrfnisse der Branche zugeschnitten sind. Die langj\u00e4hrige Zusammenarbeit [&hellip;]<\/p>\n","protected":false},"author":1,"featured_media":0,"parent":55,"menu_order":0,"comment_status":"closed","ping_status":"closed","template":"","meta":{"_acf_changed":false,"footnotes":""},"class_list":["post-155","page","type-page","status-publish","hentry"],"acf":[],"yoast_head":"<!-- This site is optimized with the Yoast SEO plugin v27.3 - https:\/\/yoast.com\/product\/yoast-seo-wordpress\/ -->\n<title>Chemieindustrie - REMA TIP TOP<\/title>\n<meta name=\"description\" content=\"REMA TIP TOP: Korrosionsschutz, Gummierungen und Beschichtungen f\u00fcr sichere, effiziente Anlagen in der Chemieindustrie.\" \/>\n<meta name=\"robots\" content=\"index, follow, max-snippet:-1, max-image-preview:large, max-video-preview:-1\" \/>\n<link rel=\"canonical\" href=\"https:\/\/rema-tiptop.de\/en\/industrial-solutions\/chemicals\/\" \/>\n<meta property=\"og:locale\" content=\"en_US\" \/>\n<meta property=\"og:type\" content=\"article\" \/>\n<meta property=\"og:title\" content=\"Chemieindustrie - REMA TIP TOP\" \/>\n<meta property=\"og:description\" content=\"REMA TIP TOP: Korrosionsschutz, Gummierungen und Beschichtungen f\u00fcr sichere, effiziente Anlagen in der Chemieindustrie.\" \/>\n<meta property=\"og:url\" content=\"https:\/\/rema-tiptop.de\/en\/industrial-solutions\/chemicals\/\" \/>\n<meta property=\"og:site_name\" content=\"REMA TIP TOP\" \/>\n<meta property=\"article:modified_time\" content=\"2025-11-18T14:45:30+00:00\" \/>\n<meta property=\"og:image\" content=\"https:\/\/staging.rema-tiptop.de\/wp-content\/uploads\/elementor\/thumbs\/industrial-solutions-chemieindustrie-r13ko16rm0527dhc6xtp5ne455kibehjd6faf54llu.webp\" \/>\n<meta name=\"twitter:card\" content=\"summary_large_image\" \/>\n<meta name=\"twitter:label1\" content=\"Est. reading time\" \/>\n\t<meta name=\"twitter:data1\" content=\"1 minute\" \/>\n<script type=\"application\/ld+json\" class=\"yoast-schema-graph\">{\"@context\":\"https:\\\/\\\/schema.org\",\"@graph\":[{\"@type\":\"WebPage\",\"@id\":\"https:\\\/\\\/rema-tiptop.de\\\/industrial-solutions\\\/chemieindustrie\\\/\",\"url\":\"https:\\\/\\\/rema-tiptop.de\\\/industrial-solutions\\\/chemieindustrie\\\/\",\"name\":\"Chemieindustrie - REMA TIP TOP\",\"isPartOf\":{\"@id\":\"https:\\\/\\\/rema-tiptop.de\\\/#website\"},\"primaryImageOfPage\":{\"@id\":\"https:\\\/\\\/rema-tiptop.de\\\/industrial-solutions\\\/chemieindustrie\\\/#primaryimage\"},\"image\":{\"@id\":\"https:\\\/\\\/rema-tiptop.de\\\/industrial-solutions\\\/chemieindustrie\\\/#primaryimage\"},\"thumbnailUrl\":\"https:\\\/\\\/staging.rema-tiptop.de\\\/wp-content\\\/uploads\\\/elementor\\\/thumbs\\\/industrial-solutions-chemieindustrie-r13ko16rm0527dhc6xtp5ne455kibehjd6faf54llu.webp\",\"datePublished\":\"2024-06-19T08:46:38+00:00\",\"dateModified\":\"2025-11-18T14:45:30+00:00\",\"description\":\"REMA TIP TOP: Korrosionsschutz, Gummierungen und Beschichtungen f\u00fcr sichere, effiziente Anlagen in der Chemieindustrie.\",\"breadcrumb\":{\"@id\":\"https:\\\/\\\/rema-tiptop.de\\\/industrial-solutions\\\/chemieindustrie\\\/#breadcrumb\"},\"inLanguage\":\"en-US\",\"potentialAction\":[{\"@type\":\"ReadAction\",\"target\":[\"https:\\\/\\\/rema-tiptop.de\\\/industrial-solutions\\\/chemieindustrie\\\/\"]}]},{\"@type\":\"ImageObject\",\"inLanguage\":\"en-US\",\"@id\":\"https:\\\/\\\/rema-tiptop.de\\\/industrial-solutions\\\/chemieindustrie\\\/#primaryimage\",\"url\":\"https:\\\/\\\/staging.rema-tiptop.de\\\/wp-content\\\/uploads\\\/elementor\\\/thumbs\\\/industrial-solutions-chemieindustrie-r13ko16rm0527dhc6xtp5ne455kibehjd6faf54llu.webp\",\"contentUrl\":\"https:\\\/\\\/staging.rema-tiptop.de\\\/wp-content\\\/uploads\\\/elementor\\\/thumbs\\\/industrial-solutions-chemieindustrie-r13ko16rm0527dhc6xtp5ne455kibehjd6faf54llu.webp\"},{\"@type\":\"BreadcrumbList\",\"@id\":\"https:\\\/\\\/rema-tiptop.de\\\/industrial-solutions\\\/chemieindustrie\\\/#breadcrumb\",\"itemListElement\":[{\"@type\":\"ListItem\",\"position\":1,\"name\":\"Startseite\",\"item\":\"https:\\\/\\\/rema-tiptop.de\\\/\"},{\"@type\":\"ListItem\",\"position\":2,\"name\":\"Industrial Solutions\",\"item\":\"https:\\\/\\\/rema-tiptop.de\\\/industrial-solutions\\\/\"},{\"@type\":\"ListItem\",\"position\":3,\"name\":\"Chemieindustrie\"}]},{\"@type\":\"WebSite\",\"@id\":\"https:\\\/\\\/rema-tiptop.de\\\/#website\",\"url\":\"https:\\\/\\\/rema-tiptop.de\\\/\",\"name\":\"REMA TIP TOP\",\"description\":\"\",\"publisher\":{\"@id\":\"https:\\\/\\\/rema-tiptop.de\\\/#organization\"},\"potentialAction\":[{\"@type\":\"SearchAction\",\"target\":{\"@type\":\"EntryPoint\",\"urlTemplate\":\"https:\\\/\\\/rema-tiptop.de\\\/?s={search_term_string}\"},\"query-input\":{\"@type\":\"PropertyValueSpecification\",\"valueRequired\":true,\"valueName\":\"search_term_string\"}}],\"inLanguage\":\"en-US\"},{\"@type\":\"Organization\",\"@id\":\"https:\\\/\\\/rema-tiptop.de\\\/#organization\",\"name\":\"REMA TIP TOP\",\"url\":\"https:\\\/\\\/rema-tiptop.de\\\/\",\"logo\":{\"@type\":\"ImageObject\",\"inLanguage\":\"en-US\",\"@id\":\"https:\\\/\\\/rema-tiptop.de\\\/#\\\/schema\\\/logo\\\/image\\\/\",\"url\":\"https:\\\/\\\/rema-tiptop.de\\\/wp-content\\\/uploads\\\/2024\\\/11\\\/rtt-logo-mit-bg.svg\",\"contentUrl\":\"https:\\\/\\\/rema-tiptop.de\\\/wp-content\\\/uploads\\\/2024\\\/11\\\/rtt-logo-mit-bg.svg\",\"width\":108,\"height\":83,\"caption\":\"REMA TIP TOP\"},\"image\":{\"@id\":\"https:\\\/\\\/rema-tiptop.de\\\/#\\\/schema\\\/logo\\\/image\\\/\"}}]}<\/script>\n<!-- \/ Yoast SEO plugin. -->","yoast_head_json":{"title":"Chemicals - REMA TIP TOP","description":"REMA TIP TOP: Corrosion protection, rubber linings and coatings for safe, efficient plants in the chemical industry.","robots":{"index":"index","follow":"follow","max-snippet":"max-snippet:-1","max-image-preview":"max-image-preview:large","max-video-preview":"max-video-preview:-1"},"canonical":"https:\/\/rema-tiptop.de\/en\/industrial-solutions\/chemicals\/","og_locale":"en_US","og_type":"article","og_title":"Chemieindustrie - REMA TIP TOP","og_description":"REMA TIP TOP: Korrosionsschutz, Gummierungen und Beschichtungen f\u00fcr sichere, effiziente Anlagen in der Chemieindustrie.","og_url":"https:\/\/rema-tiptop.de\/en\/industrial-solutions\/chemicals\/","og_site_name":"REMA TIP TOP","article_modified_time":"2025-11-18T14:45:30+00:00","og_image":[{"url":"https:\/\/staging.rema-tiptop.de\/wp-content\/uploads\/elementor\/thumbs\/industrial-solutions-chemieindustrie-r13ko16rm0527dhc6xtp5ne455kibehjd6faf54llu.webp","type":"","width":"","height":""}],"twitter_card":"summary_large_image","twitter_misc":{"Est. reading time":"1 minute"},"schema":{"@context":"https:\/\/schema.org","@graph":[{"@type":"WebPage","@id":"https:\/\/rema-tiptop.de\/industrial-solutions\/chemieindustrie\/","url":"https:\/\/rema-tiptop.de\/industrial-solutions\/chemieindustrie\/","name":"Chemicals - REMA TIP TOP","isPartOf":{"@id":"https:\/\/rema-tiptop.de\/#website"},"primaryImageOfPage":{"@id":"https:\/\/rema-tiptop.de\/industrial-solutions\/chemieindustrie\/#primaryimage"},"image":{"@id":"https:\/\/rema-tiptop.de\/industrial-solutions\/chemieindustrie\/#primaryimage"},"thumbnailUrl":"https:\/\/staging.rema-tiptop.de\/wp-content\/uploads\/elementor\/thumbs\/industrial-solutions-chemieindustrie-r13ko16rm0527dhc6xtp5ne455kibehjd6faf54llu.webp","datePublished":"2024-06-19T08:46:38+00:00","dateModified":"2025-11-18T14:45:30+00:00","description":"REMA TIP TOP: Corrosion protection, rubber linings and coatings for safe, efficient plants in the chemical industry.","breadcrumb":{"@id":"https:\/\/rema-tiptop.de\/industrial-solutions\/chemieindustrie\/#breadcrumb"},"inLanguage":"en-US","potentialAction":[{"@type":"ReadAction","target":["https:\/\/rema-tiptop.de\/industrial-solutions\/chemieindustrie\/"]}]},{"@type":"ImageObject","inLanguage":"en-US","@id":"https:\/\/rema-tiptop.de\/industrial-solutions\/chemieindustrie\/#primaryimage","url":"https:\/\/staging.rema-tiptop.de\/wp-content\/uploads\/elementor\/thumbs\/industrial-solutions-chemieindustrie-r13ko16rm0527dhc6xtp5ne455kibehjd6faf54llu.webp","contentUrl":"https:\/\/staging.rema-tiptop.de\/wp-content\/uploads\/elementor\/thumbs\/industrial-solutions-chemieindustrie-r13ko16rm0527dhc6xtp5ne455kibehjd6faf54llu.webp"},{"@type":"BreadcrumbList","@id":"https:\/\/rema-tiptop.de\/industrial-solutions\/chemieindustrie\/#breadcrumb","itemListElement":[{"@type":"ListItem","position":1,"name":"Startseite","item":"https:\/\/rema-tiptop.de\/"},{"@type":"ListItem","position":2,"name":"Industrial Solutions","item":"https:\/\/rema-tiptop.de\/industrial-solutions\/"},{"@type":"ListItem","position":3,"name":"Chemieindustrie"}]},{"@type":"WebSite","@id":"https:\/\/rema-tiptop.de\/#website","url":"https:\/\/rema-tiptop.de\/","name":"REMA TIP TOP","description":"","publisher":{"@id":"https:\/\/rema-tiptop.de\/#organization"},"potentialAction":[{"@type":"SearchAction","target":{"@type":"EntryPoint","urlTemplate":"https:\/\/rema-tiptop.de\/?s={search_term_string}"},"query-input":{"@type":"PropertyValueSpecification","valueRequired":true,"valueName":"search_term_string"}}],"inLanguage":"en-US"},{"@type":"Organization","@id":"https:\/\/rema-tiptop.de\/#organization","name":"REMA TIP TOP","url":"https:\/\/rema-tiptop.de\/","logo":{"@type":"ImageObject","inLanguage":"en-US","@id":"https:\/\/rema-tiptop.de\/#\/schema\/logo\/image\/","url":"https:\/\/rema-tiptop.de\/wp-content\/uploads\/2024\/11\/rtt-logo-mit-bg.svg","contentUrl":"https:\/\/rema-tiptop.de\/wp-content\/uploads\/2024\/11\/rtt-logo-mit-bg.svg","width":108,"height":83,"caption":"REMA TIP TOP"},"image":{"@id":"https:\/\/rema-tiptop.de\/#\/schema\/logo\/image\/"}}]}},"_links":{"self":[{"href":"https:\/\/rema-tiptop.de\/en\/wp-json\/wp\/v2\/pages\/155","targetHints":{"allow":["GET"]}}],"collection":[{"href":"https:\/\/rema-tiptop.de\/en\/wp-json\/wp\/v2\/pages"}],"about":[{"href":"https:\/\/rema-tiptop.de\/en\/wp-json\/wp\/v2\/types\/page"}],"author":[{"embeddable":true,"href":"https:\/\/rema-tiptop.de\/en\/wp-json\/wp\/v2\/users\/1"}],"replies":[{"embeddable":true,"href":"https:\/\/rema-tiptop.de\/en\/wp-json\/wp\/v2\/comments?post=155"}],"version-history":[{"count":17,"href":"https:\/\/rema-tiptop.de\/en\/wp-json\/wp\/v2\/pages\/155\/revisions"}],"predecessor-version":[{"id":20333,"href":"https:\/\/rema-tiptop.de\/en\/wp-json\/wp\/v2\/pages\/155\/revisions\/20333"}],"up":[{"embeddable":true,"href":"https:\/\/rema-tiptop.de\/en\/wp-json\/wp\/v2\/pages\/55"}],"wp:attachment":[{"href":"https:\/\/rema-tiptop.de\/en\/wp-json\/wp\/v2\/media?parent=155"}],"curies":[{"name":"wp","href":"https:\/\/api.w.org\/{rel}","templated":true}]}}