{"id":159,"date":"2024-06-19T08:47:23","date_gmt":"2024-06-19T08:47:23","guid":{"rendered":"https:\/\/rema-tiptop.de\/?page_id=159"},"modified":"2025-11-18T15:57:44","modified_gmt":"2025-11-18T14:57:44","slug":"water-treatment","status":"publish","type":"page","link":"https:\/\/rema-tiptop.de\/en\/industrial-solutions\/water-treatment\/","title":{"rendered":"Water Treatment"},"content":{"rendered":"<div data-elementor-type=\"wp-page\" data-elementor-id=\"159\" class=\"elementor elementor-159\" data-elementor-post-type=\"page\">\n\t\t\t\t<div class=\"elementor-element elementor-element-d1c9a03 e-flex e-con-boxed e-con e-parent\" data-id=\"d1c9a03\" data-element_type=\"container\" data-e-type=\"container\" data-settings=\"{&quot;background_background&quot;:&quot;classic&quot;}\">\n\t\t\t\t\t<div class=\"e-con-inner\">\n\t\t<div class=\"elementor-element elementor-element-72f12a38 e-con-full e-flex e-con e-child\" data-id=\"72f12a38\" data-element_type=\"container\" data-e-type=\"container\">\n\t\t<div class=\"elementor-element elementor-element-52195771 e-con-full e-flex e-con e-child\" data-id=\"52195771\" data-element_type=\"container\" data-e-type=\"container\">\n\t\t\t\t<div class=\"elementor-element elementor-element-125aba1f elementor-widget elementor-widget-heading\" data-id=\"125aba1f\" data-element_type=\"widget\" data-e-type=\"widget\" data-widget_type=\"heading.default\">\n\t\t\t\t<div class=\"elementor-widget-container\">\n\t\t\t\t\t<h1 class=\"elementor-heading-title elementor-size-default\">Water Treatment<\/h1>\t\t\t\t<\/div>\n\t\t\t\t<\/div>\n\t\t\t\t<div class=\"elementor-element elementor-element-3b4578c8 elementor-widget elementor-widget-text-editor\" data-id=\"3b4578c8\" data-element_type=\"widget\" data-e-type=\"widget\" data-widget_type=\"text-editor.default\">\n\t\t\t\t<div class=\"elementor-widget-container\">\n\t\t\t\t\t\t\t\t\t<p style=\"font-weight: 400\">Innovative coating systems for the protection of basins, sludge thickeners, scrapers, wastewater pipes and much more.<\/p>\t\t\t\t\t\t\t\t<\/div>\n\t\t\t\t<\/div>\n\t\t\t\t<\/div>\n\t\t\t\t<\/div>\n\t\t<div class=\"elementor-element elementor-element-60f7fc5a e-con-full e-flex e-con e-child\" data-id=\"60f7fc5a\" data-element_type=\"container\" data-e-type=\"container\">\n\t\t\t\t<div class=\"elementor-element elementor-element-448e5d90 elementor-widget elementor-widget-image\" data-id=\"448e5d90\" data-element_type=\"widget\" data-e-type=\"widget\" data-widget_type=\"image.default\">\n\t\t\t\t<div class=\"elementor-widget-container\">\n\t\t\t\t\t\t\t\t\t\t\t\t\t\t\t<img decoding=\"async\" src=\"https:\/\/rema-tiptop.de\/wp-content\/uploads\/elementor\/thumbs\/industrial-solutions-wasserwirtschaft-r15c5qc8lr38bfdkbg18vd0qoxngutjvyc432y3l2a.webp\" title=\"industrial-solutions-water-management\" alt=\"Aufnahme von Kl\u00e4rbecken aus der Wasserwirtschaft\" loading=\"lazy\" \/>\t\t\t\t\t\t\t\t\t\t\t\t\t\t\t<\/div>\n\t\t\t\t<\/div>\n\t\t\t\t<\/div>\n\t\t\t\t\t<\/div>\n\t\t\t\t<\/div>\n\t\t<div class=\"elementor-element elementor-element-1676216f e-flex e-con-boxed e-con e-parent\" data-id=\"1676216f\" data-element_type=\"container\" data-e-type=\"container\" data-settings=\"{&quot;background_background&quot;:&quot;classic&quot;}\">\n\t\t\t\t\t<div class=\"e-con-inner\">\n\t\t\t\t<div class=\"elementor-element elementor-element-4343bee6 elementor-widget elementor-widget-heading\" data-id=\"4343bee6\" data-element_type=\"widget\" data-e-type=\"widget\" data-widget_type=\"heading.default\">\n\t\t\t\t<div class=\"elementor-widget-container\">\n\t\t\t\t\t<h2 class=\"elementor-heading-title elementor-size-default\">Protection for basins and wastewater pipes<\/h2>\t\t\t\t<\/div>\n\t\t\t\t<\/div>\n\t\t\t\t<div class=\"elementor-element elementor-element-4042f2af elementor-widget elementor-widget-text-editor\" data-id=\"4042f2af\" data-element_type=\"widget\" data-e-type=\"widget\" data-widget_type=\"text-editor.default\">\n\t\t\t\t<div class=\"elementor-widget-container\">\n\t\t\t\t\t\t\t\t\t<div><p>In water treatment, rubber lining and coating systems play an important role in ensuring the longevity and functionality of critical equipment and infrastructure. These systems are essential to ensure continuous and safe water supply and treatment. REMA TIP TOP offers specially developed, customized rubber lining and coating solutions to meet the diverse requirements of this industry.<\/p><\/div><div><p>Our high-quality coating systems protect a wide range of plant components such as tanks, sludge thickeners, scrapers and sewer pipes. Designed for reliable operation in the harshest environments, they provide robust protection against chemical, mechanical and abrasive attack. With our expertise, we protect and optimize your water infrastructure and ensure water quality for future generations.<\/p><\/div>\t\t\t\t\t\t\t\t<\/div>\n\t\t\t\t<\/div>\n\t\t\t\t\t<\/div>\n\t\t\t\t<\/div>\n\t\t<div class=\"elementor-element elementor-element-64e8240e e-flex e-con-boxed e-con e-parent\" data-id=\"64e8240e\" data-element_type=\"container\" data-e-type=\"container\" data-settings=\"{&quot;background_background&quot;:&quot;classic&quot;}\">\n\t\t\t\t\t<div class=\"e-con-inner\">\n\t\t\t\t<div class=\"elementor-element elementor-element-70e611b8 elementor-widget elementor-widget-heading\" data-id=\"70e611b8\" data-element_type=\"widget\" data-e-type=\"widget\" data-widget_type=\"heading.default\">\n\t\t\t\t<div class=\"elementor-widget-container\">\n\t\t\t\t\t<h2 class=\"elementor-heading-title elementor-size-default\">Fields of application<\/h2>\t\t\t\t<\/div>\n\t\t\t\t<\/div>\n\t\t\t\t<div class=\"elementor-element elementor-element-1e7550aa rema-list elementor-widget elementor-widget-text-editor\" data-id=\"1e7550aa\" data-element_type=\"widget\" data-e-type=\"widget\" data-widget_type=\"text-editor.default\">\n\t\t\t\t<div class=\"elementor-widget-container\">\n\t\t\t\t\t\t\t\t\t<ul><li style=\"font-weight: 400\">Seawater desalination<\/li><li style=\"font-weight: 400\">Industrial wastewater<\/li><li style=\"font-weight: 400\">Potable water<\/li><li style=\"font-weight: 400\">Wastewater treatment<\/li><li style=\"font-weight: 400\">Water treatment<\/li><\/ul>\t\t\t\t\t\t\t\t<\/div>\n\t\t\t\t<\/div>\n\t\t\t\t\t<\/div>\n\t\t\t\t<\/div>\n\t\t<div class=\"elementor-element elementor-element-5f6fb01b e-con-full e-flex e-con e-parent\" data-id=\"5f6fb01b\" data-element_type=\"container\" data-e-type=\"container\" data-settings=\"{&quot;background_background&quot;:&quot;classic&quot;}\">\n\t\t<div class=\"elementor-element elementor-element-7c0faf78 e-con-full e-flex e-con e-child\" data-id=\"7c0faf78\" data-element_type=\"container\" data-e-type=\"container\" data-settings=\"{&quot;background_background&quot;:&quot;classic&quot;}\">\n\t\t<div class=\"elementor-element elementor-element-1c2bd622 e-con-full cta-inner e-flex e-con e-child\" data-id=\"1c2bd622\" data-element_type=\"container\" data-e-type=\"container\">\n\t\t\t\t<div class=\"elementor-element elementor-element-22a21307 elementor-widget__width-initial elementor-widget elementor-widget-heading\" data-id=\"22a21307\" data-element_type=\"widget\" data-e-type=\"widget\" data-widget_type=\"heading.default\">\n\t\t\t\t<div class=\"elementor-widget-container\">\n\t\t\t\t\t<h2 class=\"elementor-heading-title elementor-size-default\">Your local contact<\/h2>\t\t\t\t<\/div>\n\t\t\t\t<\/div>\n\t\t\t\t<div class=\"elementor-element elementor-element-782a1f79 elementor-widget elementor-widget-text-editor\" data-id=\"782a1f79\" data-element_type=\"widget\" data-e-type=\"widget\" data-widget_type=\"text-editor.default\">\n\t\t\t\t<div class=\"elementor-widget-container\">\n\t\t\t\t\t\t\t\t\t<p style=\"font-weight: 400\">We are close to you \u2013 worldwide.<\/p><p style=\"font-weight: 400\">With our contact finder you will find local REMAsters that match your requirements. \nWe look forward to hearing from you!<\/p>\t\t\t\t\t\t\t\t<\/div>\n\t\t\t\t<\/div>\n\t\t\t\t<div class=\"elementor-element elementor-element-2b41d19a elementor-align-center rema-button contact-button elementor-widget elementor-widget-button\" data-id=\"2b41d19a\" data-element_type=\"widget\" data-e-type=\"widget\" data-widget_type=\"button.default\">\n\t\t\t\t<div class=\"elementor-widget-container\">\n\t\t\t\t\t\t\t\t\t<div class=\"elementor-button-wrapper\">\n\t\t\t\t\t<a class=\"elementor-button elementor-button-link elementor-size-sm\" href=\"https:\/\/rema-tiptop.de\/en\/contact-finder\/\">\n\t\t\t\t\t\t<span class=\"elementor-button-content-wrapper\">\n\t\t\t\t\t\t\t\t\t<span class=\"elementor-button-text\">Find your local contact<\/span>\n\t\t\t\t\t<\/span>\n\t\t\t\t\t<\/a>\n\t\t\t\t<\/div>\n\t\t\t\t\t\t\t\t<\/div>\n\t\t\t\t<\/div>\n\t\t\t\t<\/div>\n\t\t\t\t<\/div>\n\t\t<div class=\"elementor-element elementor-element-4af7146c e-con-full e-flex e-con e-child\" data-id=\"4af7146c\" data-element_type=\"container\" data-e-type=\"container\">\n\t\t\t\t<\/div>\n\t\t<div class=\"elementor-element elementor-element-1e824f3 e-con-full elementor-hidden-desktop elementor-hidden-tablet e-flex e-con e-child\" data-id=\"1e824f3\" data-element_type=\"container\" data-e-type=\"container\" data-settings=\"{&quot;background_background&quot;:&quot;classic&quot;}\">\n\t\t\t\t<\/div>\n\t\t\t\t<\/div>\n\t\t\t\t<\/div>","protected":false},"excerpt":{"rendered":"<p>Wasserwirtschaft Innovative Beschichtungssysteme f\u00fcr den Schutz von Becken, Schlammeindickern, R\u00e4umern, Abwasserleitungen und vielem mehr. Schutz f\u00fcr Becken und Abwasserleitungen In der Wasserwirtschaft spielen Gummierungs- und Beschichtungssysteme eine entscheidende Rolle, um die Langlebigkeit und Funktionalit\u00e4t kritischer Anlagen und Infrastrukturen zu gew\u00e4hrleisten. Diese Systeme sind unerl\u00e4sslich, um eine kontinuierliche und sichere Wasserversorgung und -aufbereitung zu gew\u00e4hrleisten. REMA [&hellip;]<\/p>\n","protected":false},"author":1,"featured_media":0,"parent":55,"menu_order":0,"comment_status":"closed","ping_status":"closed","template":"","meta":{"_acf_changed":false,"footnotes":""},"class_list":["post-159","page","type-page","status-publish","hentry"],"acf":[],"yoast_head":"<!-- This site is optimized with the Yoast SEO plugin v27.3 - https:\/\/yoast.com\/product\/yoast-seo-wordpress\/ -->\n<title>Wasserwirtschaft - REMA TIP TOP<\/title>\n<meta name=\"description\" content=\"REMA TIP TOP: Innovative Beschichtungssysteme f\u00fcr Wasserwirtschaft \u2013 Schutz von Becken, Kl\u00e4rbecken, R\u00e4umern und Abwasserleitungen.\" \/>\n<meta name=\"robots\" content=\"index, follow, max-snippet:-1, max-image-preview:large, max-video-preview:-1\" \/>\n<link rel=\"canonical\" href=\"https:\/\/rema-tiptop.de\/en\/industrial-solutions\/water-treatment\/\" \/>\n<meta property=\"og:locale\" content=\"en_US\" \/>\n<meta property=\"og:type\" content=\"article\" \/>\n<meta property=\"og:title\" content=\"Wasserwirtschaft - REMA TIP TOP\" \/>\n<meta property=\"og:description\" content=\"REMA TIP TOP: Innovative Beschichtungssysteme f\u00fcr Wasserwirtschaft \u2013 Schutz von Becken, Kl\u00e4rbecken, R\u00e4umern und Abwasserleitungen.\" \/>\n<meta property=\"og:url\" content=\"https:\/\/rema-tiptop.de\/en\/industrial-solutions\/water-treatment\/\" \/>\n<meta property=\"og:site_name\" content=\"REMA TIP TOP\" \/>\n<meta property=\"article:modified_time\" content=\"2025-11-18T14:57:44+00:00\" \/>\n<meta property=\"og:image\" content=\"https:\/\/staging.rema-tiptop.de\/wp-content\/uploads\/elementor\/thumbs\/industrial-solutions-wasserwirtschaft-r15c5qc8lr38bfdkbg18vd0qoxngutjvyc432y3l2a.webp\" \/>\n<meta name=\"twitter:card\" content=\"summary_large_image\" \/>\n<meta name=\"twitter:label1\" content=\"Est. reading time\" \/>\n\t<meta name=\"twitter:data1\" content=\"2 minutes\" \/>\n<script type=\"application\/ld+json\" class=\"yoast-schema-graph\">{\"@context\":\"https:\\\/\\\/schema.org\",\"@graph\":[{\"@type\":\"WebPage\",\"@id\":\"https:\\\/\\\/rema-tiptop.de\\\/industrial-solutions\\\/wasserwirtschaft\\\/\",\"url\":\"https:\\\/\\\/rema-tiptop.de\\\/industrial-solutions\\\/wasserwirtschaft\\\/\",\"name\":\"Wasserwirtschaft - REMA TIP TOP\",\"isPartOf\":{\"@id\":\"https:\\\/\\\/rema-tiptop.de\\\/#website\"},\"primaryImageOfPage\":{\"@id\":\"https:\\\/\\\/rema-tiptop.de\\\/industrial-solutions\\\/wasserwirtschaft\\\/#primaryimage\"},\"image\":{\"@id\":\"https:\\\/\\\/rema-tiptop.de\\\/industrial-solutions\\\/wasserwirtschaft\\\/#primaryimage\"},\"thumbnailUrl\":\"https:\\\/\\\/staging.rema-tiptop.de\\\/wp-content\\\/uploads\\\/elementor\\\/thumbs\\\/industrial-solutions-wasserwirtschaft-r15c5qc8lr38bfdkbg18vd0qoxngutjvyc432y3l2a.webp\",\"datePublished\":\"2024-06-19T08:47:23+00:00\",\"dateModified\":\"2025-11-18T14:57:44+00:00\",\"description\":\"REMA TIP TOP: Innovative Beschichtungssysteme f\u00fcr Wasserwirtschaft \u2013 Schutz von Becken, Kl\u00e4rbecken, R\u00e4umern und Abwasserleitungen.\",\"breadcrumb\":{\"@id\":\"https:\\\/\\\/rema-tiptop.de\\\/industrial-solutions\\\/wasserwirtschaft\\\/#breadcrumb\"},\"inLanguage\":\"en-US\",\"potentialAction\":[{\"@type\":\"ReadAction\",\"target\":[\"https:\\\/\\\/rema-tiptop.de\\\/industrial-solutions\\\/wasserwirtschaft\\\/\"]}]},{\"@type\":\"ImageObject\",\"inLanguage\":\"en-US\",\"@id\":\"https:\\\/\\\/rema-tiptop.de\\\/industrial-solutions\\\/wasserwirtschaft\\\/#primaryimage\",\"url\":\"https:\\\/\\\/staging.rema-tiptop.de\\\/wp-content\\\/uploads\\\/elementor\\\/thumbs\\\/industrial-solutions-wasserwirtschaft-r15c5qc8lr38bfdkbg18vd0qoxngutjvyc432y3l2a.webp\",\"contentUrl\":\"https:\\\/\\\/staging.rema-tiptop.de\\\/wp-content\\\/uploads\\\/elementor\\\/thumbs\\\/industrial-solutions-wasserwirtschaft-r15c5qc8lr38bfdkbg18vd0qoxngutjvyc432y3l2a.webp\"},{\"@type\":\"BreadcrumbList\",\"@id\":\"https:\\\/\\\/rema-tiptop.de\\\/industrial-solutions\\\/wasserwirtschaft\\\/#breadcrumb\",\"itemListElement\":[{\"@type\":\"ListItem\",\"position\":1,\"name\":\"Startseite\",\"item\":\"https:\\\/\\\/rema-tiptop.de\\\/\"},{\"@type\":\"ListItem\",\"position\":2,\"name\":\"Industrial Solutions\",\"item\":\"https:\\\/\\\/rema-tiptop.de\\\/industrial-solutions\\\/\"},{\"@type\":\"ListItem\",\"position\":3,\"name\":\"Wasserwirtschaft\"}]},{\"@type\":\"WebSite\",\"@id\":\"https:\\\/\\\/rema-tiptop.de\\\/#website\",\"url\":\"https:\\\/\\\/rema-tiptop.de\\\/\",\"name\":\"REMA TIP TOP\",\"description\":\"\",\"publisher\":{\"@id\":\"https:\\\/\\\/rema-tiptop.de\\\/#organization\"},\"potentialAction\":[{\"@type\":\"SearchAction\",\"target\":{\"@type\":\"EntryPoint\",\"urlTemplate\":\"https:\\\/\\\/rema-tiptop.de\\\/?s={search_term_string}\"},\"query-input\":{\"@type\":\"PropertyValueSpecification\",\"valueRequired\":true,\"valueName\":\"search_term_string\"}}],\"inLanguage\":\"en-US\"},{\"@type\":\"Organization\",\"@id\":\"https:\\\/\\\/rema-tiptop.de\\\/#organization\",\"name\":\"REMA TIP TOP\",\"url\":\"https:\\\/\\\/rema-tiptop.de\\\/\",\"logo\":{\"@type\":\"ImageObject\",\"inLanguage\":\"en-US\",\"@id\":\"https:\\\/\\\/rema-tiptop.de\\\/#\\\/schema\\\/logo\\\/image\\\/\",\"url\":\"https:\\\/\\\/rema-tiptop.de\\\/wp-content\\\/uploads\\\/2024\\\/11\\\/rtt-logo-mit-bg.svg\",\"contentUrl\":\"https:\\\/\\\/rema-tiptop.de\\\/wp-content\\\/uploads\\\/2024\\\/11\\\/rtt-logo-mit-bg.svg\",\"width\":108,\"height\":83,\"caption\":\"REMA TIP TOP\"},\"image\":{\"@id\":\"https:\\\/\\\/rema-tiptop.de\\\/#\\\/schema\\\/logo\\\/image\\\/\"}}]}<\/script>\n<!-- \/ Yoast SEO plugin. -->","yoast_head_json":{"title":"Water Treatment - REMA TIP TOP","description":"REMA TIP TOP: Innovative coating systems for water management \u2013 protection of basins, settling tanks, scrapers and wastewater pipes.","robots":{"index":"index","follow":"follow","max-snippet":"max-snippet:-1","max-image-preview":"max-image-preview:large","max-video-preview":"max-video-preview:-1"},"canonical":"https:\/\/rema-tiptop.de\/en\/industrial-solutions\/water-treatment\/","og_locale":"en_US","og_type":"article","og_title":"Wasserwirtschaft - REMA TIP TOP","og_description":"REMA TIP TOP: Innovative Beschichtungssysteme f\u00fcr Wasserwirtschaft \u2013 Schutz von Becken, Kl\u00e4rbecken, R\u00e4umern und Abwasserleitungen.","og_url":"https:\/\/rema-tiptop.de\/en\/industrial-solutions\/water-treatment\/","og_site_name":"REMA TIP TOP","article_modified_time":"2025-11-18T14:57:44+00:00","og_image":[{"url":"https:\/\/staging.rema-tiptop.de\/wp-content\/uploads\/elementor\/thumbs\/industrial-solutions-wasserwirtschaft-r15c5qc8lr38bfdkbg18vd0qoxngutjvyc432y3l2a.webp","type":"","width":"","height":""}],"twitter_card":"summary_large_image","twitter_misc":{"Est. reading time":"2 minutes"},"schema":{"@context":"https:\/\/schema.org","@graph":[{"@type":"WebPage","@id":"https:\/\/rema-tiptop.de\/industrial-solutions\/wasserwirtschaft\/","url":"https:\/\/rema-tiptop.de\/industrial-solutions\/wasserwirtschaft\/","name":"Water Treatment - REMA TIP TOP","isPartOf":{"@id":"https:\/\/rema-tiptop.de\/#website"},"primaryImageOfPage":{"@id":"https:\/\/rema-tiptop.de\/industrial-solutions\/wasserwirtschaft\/#primaryimage"},"image":{"@id":"https:\/\/rema-tiptop.de\/industrial-solutions\/wasserwirtschaft\/#primaryimage"},"thumbnailUrl":"https:\/\/staging.rema-tiptop.de\/wp-content\/uploads\/elementor\/thumbs\/industrial-solutions-wasserwirtschaft-r15c5qc8lr38bfdkbg18vd0qoxngutjvyc432y3l2a.webp","datePublished":"2024-06-19T08:47:23+00:00","dateModified":"2025-11-18T14:57:44+00:00","description":"REMA TIP TOP: Innovative coating systems for water management \u2013 protection of basins, settling tanks, scrapers and wastewater pipes.","breadcrumb":{"@id":"https:\/\/rema-tiptop.de\/industrial-solutions\/wasserwirtschaft\/#breadcrumb"},"inLanguage":"en-US","potentialAction":[{"@type":"ReadAction","target":["https:\/\/rema-tiptop.de\/industrial-solutions\/wasserwirtschaft\/"]}]},{"@type":"ImageObject","inLanguage":"en-US","@id":"https:\/\/rema-tiptop.de\/industrial-solutions\/wasserwirtschaft\/#primaryimage","url":"https:\/\/staging.rema-tiptop.de\/wp-content\/uploads\/elementor\/thumbs\/industrial-solutions-wasserwirtschaft-r15c5qc8lr38bfdkbg18vd0qoxngutjvyc432y3l2a.webp","contentUrl":"https:\/\/staging.rema-tiptop.de\/wp-content\/uploads\/elementor\/thumbs\/industrial-solutions-wasserwirtschaft-r15c5qc8lr38bfdkbg18vd0qoxngutjvyc432y3l2a.webp"},{"@type":"BreadcrumbList","@id":"https:\/\/rema-tiptop.de\/industrial-solutions\/wasserwirtschaft\/#breadcrumb","itemListElement":[{"@type":"ListItem","position":1,"name":"Startseite","item":"https:\/\/rema-tiptop.de\/"},{"@type":"ListItem","position":2,"name":"Industrial Solutions","item":"https:\/\/rema-tiptop.de\/industrial-solutions\/"},{"@type":"ListItem","position":3,"name":"Wasserwirtschaft"}]},{"@type":"WebSite","@id":"https:\/\/rema-tiptop.de\/#website","url":"https:\/\/rema-tiptop.de\/","name":"REMA TIP TOP","description":"","publisher":{"@id":"https:\/\/rema-tiptop.de\/#organization"},"potentialAction":[{"@type":"SearchAction","target":{"@type":"EntryPoint","urlTemplate":"https:\/\/rema-tiptop.de\/?s={search_term_string}"},"query-input":{"@type":"PropertyValueSpecification","valueRequired":true,"valueName":"search_term_string"}}],"inLanguage":"en-US"},{"@type":"Organization","@id":"https:\/\/rema-tiptop.de\/#organization","name":"REMA TIP TOP","url":"https:\/\/rema-tiptop.de\/","logo":{"@type":"ImageObject","inLanguage":"en-US","@id":"https:\/\/rema-tiptop.de\/#\/schema\/logo\/image\/","url":"https:\/\/rema-tiptop.de\/wp-content\/uploads\/2024\/11\/rtt-logo-mit-bg.svg","contentUrl":"https:\/\/rema-tiptop.de\/wp-content\/uploads\/2024\/11\/rtt-logo-mit-bg.svg","width":108,"height":83,"caption":"REMA TIP TOP"},"image":{"@id":"https:\/\/rema-tiptop.de\/#\/schema\/logo\/image\/"}}]}},"_links":{"self":[{"href":"https:\/\/rema-tiptop.de\/en\/wp-json\/wp\/v2\/pages\/159","targetHints":{"allow":["GET"]}}],"collection":[{"href":"https:\/\/rema-tiptop.de\/en\/wp-json\/wp\/v2\/pages"}],"about":[{"href":"https:\/\/rema-tiptop.de\/en\/wp-json\/wp\/v2\/types\/page"}],"author":[{"embeddable":true,"href":"https:\/\/rema-tiptop.de\/en\/wp-json\/wp\/v2\/users\/1"}],"replies":[{"embeddable":true,"href":"https:\/\/rema-tiptop.de\/en\/wp-json\/wp\/v2\/comments?post=159"}],"version-history":[{"count":14,"href":"https:\/\/rema-tiptop.de\/en\/wp-json\/wp\/v2\/pages\/159\/revisions"}],"predecessor-version":[{"id":20340,"href":"https:\/\/rema-tiptop.de\/en\/wp-json\/wp\/v2\/pages\/159\/revisions\/20340"}],"up":[{"embeddable":true,"href":"https:\/\/rema-tiptop.de\/en\/wp-json\/wp\/v2\/pages\/55"}],"wp:attachment":[{"href":"https:\/\/rema-tiptop.de\/en\/wp-json\/wp\/v2\/media?parent=159"}],"curies":[{"name":"wp","href":"https:\/\/api.w.org\/{rel}","templated":true}]}}