{"id":161,"date":"2024-06-19T08:47:31","date_gmt":"2024-06-19T08:47:31","guid":{"rendered":"https:\/\/rema-tiptop.de\/?page_id=161"},"modified":"2025-11-18T15:47:53","modified_gmt":"2025-11-18T14:47:53","slug":"food-processing","status":"publish","type":"page","link":"https:\/\/rema-tiptop.de\/en\/industrial-solutions\/food-processing\/","title":{"rendered":"Food Processing"},"content":{"rendered":"<div data-elementor-type=\"wp-page\" data-elementor-id=\"161\" class=\"elementor elementor-161\" data-elementor-post-type=\"page\">\n\t\t\t\t<div class=\"elementor-element elementor-element-72b7099a e-flex e-con-boxed e-con e-parent\" data-id=\"72b7099a\" data-element_type=\"container\" data-e-type=\"container\" data-settings=\"{&quot;background_background&quot;:&quot;classic&quot;}\">\n\t\t\t\t\t<div class=\"e-con-inner\">\n\t\t<div class=\"elementor-element elementor-element-368a1d43 e-con-full e-flex e-con e-child\" data-id=\"368a1d43\" data-element_type=\"container\" data-e-type=\"container\">\n\t\t<div class=\"elementor-element elementor-element-548d1920 e-con-full e-flex e-con e-child\" data-id=\"548d1920\" data-element_type=\"container\" data-e-type=\"container\">\n\t\t\t\t<div class=\"elementor-element elementor-element-6b92b88d elementor-widget elementor-widget-heading\" data-id=\"6b92b88d\" data-element_type=\"widget\" data-e-type=\"widget\" data-widget_type=\"heading.default\">\n\t\t\t\t<div class=\"elementor-widget-container\">\n\t\t\t\t\t<h1 class=\"elementor-heading-title elementor-size-default\">Food Processing<\/h1>\t\t\t\t<\/div>\n\t\t\t\t<\/div>\n\t\t\t\t<div class=\"elementor-element elementor-element-2ad046cb elementor-widget elementor-widget-text-editor\" data-id=\"2ad046cb\" data-element_type=\"widget\" data-e-type=\"widget\" data-widget_type=\"text-editor.default\">\n\t\t\t\t<div class=\"elementor-widget-container\">\n\t\t\t\t\t\t\t\t\t<p style=\"font-weight: 400\">Seamless coatings to comply with food legislation.<\/p>\t\t\t\t\t\t\t\t<\/div>\n\t\t\t\t<\/div>\n\t\t\t\t<\/div>\n\t\t\t\t<\/div>\n\t\t<div class=\"elementor-element elementor-element-57c2332d e-con-full e-flex e-con e-child\" data-id=\"57c2332d\" data-element_type=\"container\" data-e-type=\"container\">\n\t\t\t\t<div class=\"elementor-element elementor-element-41ba8740 elementor-widget elementor-widget-image\" data-id=\"41ba8740\" data-element_type=\"widget\" data-e-type=\"widget\" data-widget_type=\"image.default\">\n\t\t\t\t<div class=\"elementor-widget-container\">\n\t\t\t\t\t\t\t\t\t\t\t\t\t\t\t<img decoding=\"async\" src=\"https:\/\/rema-tiptop.de\/wp-content\/uploads\/elementor\/thumbs\/industrial-solutions-lebensmittelindustrie-r13ko6tsr0cs5195a09gklyvpgspll3xdyc7asw8ki.webp\" title=\"industrial-solutions-food industry\" alt=\"Pl\u00e4tzchen auf einem F\u00f6rderband aus der Lebensmittelindustrie\" loading=\"lazy\" \/>\t\t\t\t\t\t\t\t\t\t\t\t\t\t\t<\/div>\n\t\t\t\t<\/div>\n\t\t\t\t<\/div>\n\t\t\t\t\t<\/div>\n\t\t\t\t<\/div>\n\t\t<div class=\"elementor-element elementor-element-1725b155 e-flex e-con-boxed e-con e-parent\" data-id=\"1725b155\" data-element_type=\"container\" data-e-type=\"container\" data-settings=\"{&quot;background_background&quot;:&quot;classic&quot;}\">\n\t\t\t\t\t<div class=\"e-con-inner\">\n\t\t\t\t<div class=\"elementor-element elementor-element-61185681 elementor-widget elementor-widget-heading\" data-id=\"61185681\" data-element_type=\"widget\" data-e-type=\"widget\" data-widget_type=\"heading.default\">\n\t\t\t\t<div class=\"elementor-widget-container\">\n\t\t\t\t\t<h2 class=\"elementor-heading-title elementor-size-default\">Hygienic and easy to clean<\/h2>\t\t\t\t<\/div>\n\t\t\t\t<\/div>\n\t\t\t\t<div class=\"elementor-element elementor-element-bb17fa2 elementor-widget elementor-widget-text-editor\" data-id=\"bb17fa2\" data-element_type=\"widget\" data-e-type=\"widget\" data-widget_type=\"text-editor.default\">\n\t\t\t\t<div class=\"elementor-widget-container\">\n\t\t\t\t\t\t\t\t\t<p style=\"font-weight: 400\">In the food industry, where hygiene is paramount and customer requirements and expectations are particularly high, REMA TIP TOP offers tailor-made solutions for safe and efficient food production. Our product range includes seamless coatings and high-quality conveyor belts that comply with the strictest food regulations. These belts are hygienic, oil and grease resistant, cut resistant and temperature resistant. Our innovative conveyor and modular belts, conveyor chains and timing belts are ideal for processing, cooling, slicing and packaging food.<\/p><p style=\"font-weight: 400\">REMA TIP TOP goes beyond meeting industry standards by offering plant engineering and comprehensive consulting services - from design and installation to retrofit and repair. Our goal is to improve the productivity and sustainability of your equipment and minimize operating costs through continuous innovation and technical support.<\/p>\t\t\t\t\t\t\t\t<\/div>\n\t\t\t\t<\/div>\n\t\t\t\t\t<\/div>\n\t\t\t\t<\/div>\n\t\t<div class=\"elementor-element elementor-element-4cf5d606 e-flex e-con-boxed e-con e-parent\" data-id=\"4cf5d606\" data-element_type=\"container\" data-e-type=\"container\" data-settings=\"{&quot;background_background&quot;:&quot;classic&quot;}\">\n\t\t\t\t\t<div class=\"e-con-inner\">\n\t\t\t\t<div class=\"elementor-element elementor-element-46d2a6bd elementor-widget elementor-widget-heading\" data-id=\"46d2a6bd\" data-element_type=\"widget\" data-e-type=\"widget\" data-widget_type=\"heading.default\">\n\t\t\t\t<div class=\"elementor-widget-container\">\n\t\t\t\t\t<h2 class=\"elementor-heading-title elementor-size-default\">Fields of application<\/h2>\t\t\t\t<\/div>\n\t\t\t\t<\/div>\n\t\t\t\t<div class=\"elementor-element elementor-element-6f4a3c7e rema-list elementor-widget elementor-widget-text-editor\" data-id=\"6f4a3c7e\" data-element_type=\"widget\" data-e-type=\"widget\" data-widget_type=\"text-editor.default\">\n\t\t\t\t<div class=\"elementor-widget-container\">\n\t\t\t\t\t\t\t\t\t<ul><li style=\"font-weight: 400\">Food processing<\/li><li style=\"font-weight: 400\">Beverage industry<\/li><li style=\"font-weight: 400\">Animal feed<\/li><\/ul>\t\t\t\t\t\t\t\t<\/div>\n\t\t\t\t<\/div>\n\t\t\t\t\t<\/div>\n\t\t\t\t<\/div>\n\t\t<div class=\"elementor-element elementor-element-4dd07e84 e-con-full e-flex e-con e-parent\" data-id=\"4dd07e84\" data-element_type=\"container\" data-e-type=\"container\" data-settings=\"{&quot;background_background&quot;:&quot;classic&quot;}\">\n\t\t<div class=\"elementor-element elementor-element-2ce9c69 e-con-full e-flex e-con e-child\" data-id=\"2ce9c69\" data-element_type=\"container\" data-e-type=\"container\" data-settings=\"{&quot;background_background&quot;:&quot;classic&quot;}\">\n\t\t<div class=\"elementor-element elementor-element-7b61fd00 e-con-full cta-inner e-flex e-con e-child\" data-id=\"7b61fd00\" data-element_type=\"container\" data-e-type=\"container\">\n\t\t\t\t<div class=\"elementor-element elementor-element-19fca976 elementor-widget__width-initial elementor-widget elementor-widget-heading\" data-id=\"19fca976\" data-element_type=\"widget\" data-e-type=\"widget\" data-widget_type=\"heading.default\">\n\t\t\t\t<div class=\"elementor-widget-container\">\n\t\t\t\t\t<h2 class=\"elementor-heading-title elementor-size-default\">Your local contact<\/h2>\t\t\t\t<\/div>\n\t\t\t\t<\/div>\n\t\t\t\t<div class=\"elementor-element elementor-element-3c624c67 elementor-widget elementor-widget-text-editor\" data-id=\"3c624c67\" data-element_type=\"widget\" data-e-type=\"widget\" data-widget_type=\"text-editor.default\">\n\t\t\t\t<div class=\"elementor-widget-container\">\n\t\t\t\t\t\t\t\t\t<p style=\"font-weight: 400\">We are close to you \u2013 worldwide.<\/p><p style=\"font-weight: 400\">With our contact finder you will find local REMAsters that match your requirements. \nWe look forward to hearing from you!<\/p>\t\t\t\t\t\t\t\t<\/div>\n\t\t\t\t<\/div>\n\t\t\t\t<div class=\"elementor-element elementor-element-1e5ea3d1 elementor-align-center rema-button contact-button elementor-widget elementor-widget-button\" data-id=\"1e5ea3d1\" data-element_type=\"widget\" data-e-type=\"widget\" data-widget_type=\"button.default\">\n\t\t\t\t<div class=\"elementor-widget-container\">\n\t\t\t\t\t\t\t\t\t<div class=\"elementor-button-wrapper\">\n\t\t\t\t\t<a class=\"elementor-button elementor-button-link elementor-size-sm\" href=\"https:\/\/rema-tiptop.de\/en\/contact-finder\/\">\n\t\t\t\t\t\t<span class=\"elementor-button-content-wrapper\">\n\t\t\t\t\t\t\t\t\t<span class=\"elementor-button-text\">Find your local contact<\/span>\n\t\t\t\t\t<\/span>\n\t\t\t\t\t<\/a>\n\t\t\t\t<\/div>\n\t\t\t\t\t\t\t\t<\/div>\n\t\t\t\t<\/div>\n\t\t\t\t<\/div>\n\t\t\t\t<\/div>\n\t\t<div class=\"elementor-element elementor-element-203197e5 e-con-full e-flex e-con e-child\" data-id=\"203197e5\" data-element_type=\"container\" data-e-type=\"container\">\n\t\t\t\t<\/div>\n\t\t<div class=\"elementor-element elementor-element-48c0ece0 e-con-full elementor-hidden-desktop elementor-hidden-tablet e-flex e-con e-child\" data-id=\"48c0ece0\" data-element_type=\"container\" data-e-type=\"container\" data-settings=\"{&quot;background_background&quot;:&quot;classic&quot;}\">\n\t\t\t\t<\/div>\n\t\t\t\t<\/div>\n\t\t\t\t<\/div>","protected":false},"excerpt":{"rendered":"<p>Lebensmittelindustrie Fugenlose Beschichtungen, um den Lebensmittelgesetzen zu entsprechen. Hygienisch und besonders leicht zu reinigen In der Lebensmittelindustrie, wo Hygiene oberste Priorit\u00e4t hat und die Anforderungen sowie Kundenerwartungen besonders hoch sind, bietet REMA TIP TOP ma\u00dfgeschneiderte L\u00f6sungen f\u00fcr eine sichere und effiziente Lebensmittelproduktion. Unser Produktangebot umfasst fugenlose Beschichtungen und hochwertige Transportb\u00e4nder, die den strengen Lebensmittelvorschriften entsprechen. [&hellip;]<\/p>\n","protected":false},"author":1,"featured_media":0,"parent":55,"menu_order":0,"comment_status":"closed","ping_status":"closed","template":"","meta":{"_acf_changed":false,"footnotes":""},"class_list":["post-161","page","type-page","status-publish","hentry"],"acf":[],"yoast_head":"<!-- This site is optimized with the Yoast SEO plugin v27.3 - https:\/\/yoast.com\/product\/yoast-seo-wordpress\/ -->\n<title>Lebensmittelindustrie - REMA TIP TOP<\/title>\n<meta name=\"description\" content=\"REMA TIP TOP L\u00f6sungen f\u00fcr die Lebensmittelindustrie: hygienische F\u00f6rdertechnik und Verschlei\u00dfschutz f\u00fcr sichere Prozesse.\" \/>\n<meta name=\"robots\" content=\"index, follow, max-snippet:-1, max-image-preview:large, max-video-preview:-1\" \/>\n<link rel=\"canonical\" href=\"https:\/\/rema-tiptop.de\/en\/industrial-solutions\/food-processing\/\" \/>\n<meta property=\"og:locale\" content=\"en_US\" \/>\n<meta property=\"og:type\" content=\"article\" \/>\n<meta property=\"og:title\" content=\"Lebensmittelindustrie - REMA TIP TOP\" \/>\n<meta property=\"og:description\" content=\"REMA TIP TOP L\u00f6sungen f\u00fcr die Lebensmittelindustrie: hygienische F\u00f6rdertechnik und Verschlei\u00dfschutz f\u00fcr sichere Prozesse.\" \/>\n<meta property=\"og:url\" content=\"https:\/\/rema-tiptop.de\/en\/industrial-solutions\/food-processing\/\" \/>\n<meta property=\"og:site_name\" content=\"REMA TIP TOP\" \/>\n<meta property=\"article:modified_time\" content=\"2025-11-18T14:47:53+00:00\" \/>\n<meta property=\"og:image\" content=\"https:\/\/staging.rema-tiptop.de\/wp-content\/uploads\/elementor\/thumbs\/industrial-solutions-lebensmittelindustrie-r13ko6tsr0cs5195a09gklyvpgspll3xdyc7asw8ki.webp\" \/>\n<meta name=\"twitter:card\" content=\"summary_large_image\" \/>\n<meta name=\"twitter:label1\" content=\"Est. reading time\" \/>\n\t<meta name=\"twitter:data1\" content=\"2 minutes\" \/>\n<script type=\"application\/ld+json\" class=\"yoast-schema-graph\">{\"@context\":\"https:\\\/\\\/schema.org\",\"@graph\":[{\"@type\":\"WebPage\",\"@id\":\"https:\\\/\\\/rema-tiptop.de\\\/industrial-solutions\\\/lebensmittelindustrie\\\/\",\"url\":\"https:\\\/\\\/rema-tiptop.de\\\/industrial-solutions\\\/lebensmittelindustrie\\\/\",\"name\":\"Lebensmittelindustrie - REMA TIP TOP\",\"isPartOf\":{\"@id\":\"https:\\\/\\\/rema-tiptop.de\\\/#website\"},\"primaryImageOfPage\":{\"@id\":\"https:\\\/\\\/rema-tiptop.de\\\/industrial-solutions\\\/lebensmittelindustrie\\\/#primaryimage\"},\"image\":{\"@id\":\"https:\\\/\\\/rema-tiptop.de\\\/industrial-solutions\\\/lebensmittelindustrie\\\/#primaryimage\"},\"thumbnailUrl\":\"https:\\\/\\\/staging.rema-tiptop.de\\\/wp-content\\\/uploads\\\/elementor\\\/thumbs\\\/industrial-solutions-lebensmittelindustrie-r13ko6tsr0cs5195a09gklyvpgspll3xdyc7asw8ki.webp\",\"datePublished\":\"2024-06-19T08:47:31+00:00\",\"dateModified\":\"2025-11-18T14:47:53+00:00\",\"description\":\"REMA TIP TOP L\u00f6sungen f\u00fcr die Lebensmittelindustrie: hygienische F\u00f6rdertechnik und Verschlei\u00dfschutz f\u00fcr sichere Prozesse.\",\"breadcrumb\":{\"@id\":\"https:\\\/\\\/rema-tiptop.de\\\/industrial-solutions\\\/lebensmittelindustrie\\\/#breadcrumb\"},\"inLanguage\":\"en-US\",\"potentialAction\":[{\"@type\":\"ReadAction\",\"target\":[\"https:\\\/\\\/rema-tiptop.de\\\/industrial-solutions\\\/lebensmittelindustrie\\\/\"]}]},{\"@type\":\"ImageObject\",\"inLanguage\":\"en-US\",\"@id\":\"https:\\\/\\\/rema-tiptop.de\\\/industrial-solutions\\\/lebensmittelindustrie\\\/#primaryimage\",\"url\":\"https:\\\/\\\/staging.rema-tiptop.de\\\/wp-content\\\/uploads\\\/elementor\\\/thumbs\\\/industrial-solutions-lebensmittelindustrie-r13ko6tsr0cs5195a09gklyvpgspll3xdyc7asw8ki.webp\",\"contentUrl\":\"https:\\\/\\\/staging.rema-tiptop.de\\\/wp-content\\\/uploads\\\/elementor\\\/thumbs\\\/industrial-solutions-lebensmittelindustrie-r13ko6tsr0cs5195a09gklyvpgspll3xdyc7asw8ki.webp\"},{\"@type\":\"BreadcrumbList\",\"@id\":\"https:\\\/\\\/rema-tiptop.de\\\/industrial-solutions\\\/lebensmittelindustrie\\\/#breadcrumb\",\"itemListElement\":[{\"@type\":\"ListItem\",\"position\":1,\"name\":\"Startseite\",\"item\":\"https:\\\/\\\/rema-tiptop.de\\\/\"},{\"@type\":\"ListItem\",\"position\":2,\"name\":\"Industrial Solutions\",\"item\":\"https:\\\/\\\/rema-tiptop.de\\\/industrial-solutions\\\/\"},{\"@type\":\"ListItem\",\"position\":3,\"name\":\"Lebensmittelindustrie\"}]},{\"@type\":\"WebSite\",\"@id\":\"https:\\\/\\\/rema-tiptop.de\\\/#website\",\"url\":\"https:\\\/\\\/rema-tiptop.de\\\/\",\"name\":\"REMA TIP TOP\",\"description\":\"\",\"publisher\":{\"@id\":\"https:\\\/\\\/rema-tiptop.de\\\/#organization\"},\"potentialAction\":[{\"@type\":\"SearchAction\",\"target\":{\"@type\":\"EntryPoint\",\"urlTemplate\":\"https:\\\/\\\/rema-tiptop.de\\\/?s={search_term_string}\"},\"query-input\":{\"@type\":\"PropertyValueSpecification\",\"valueRequired\":true,\"valueName\":\"search_term_string\"}}],\"inLanguage\":\"en-US\"},{\"@type\":\"Organization\",\"@id\":\"https:\\\/\\\/rema-tiptop.de\\\/#organization\",\"name\":\"REMA TIP TOP\",\"url\":\"https:\\\/\\\/rema-tiptop.de\\\/\",\"logo\":{\"@type\":\"ImageObject\",\"inLanguage\":\"en-US\",\"@id\":\"https:\\\/\\\/rema-tiptop.de\\\/#\\\/schema\\\/logo\\\/image\\\/\",\"url\":\"https:\\\/\\\/rema-tiptop.de\\\/wp-content\\\/uploads\\\/2024\\\/11\\\/rtt-logo-mit-bg.svg\",\"contentUrl\":\"https:\\\/\\\/rema-tiptop.de\\\/wp-content\\\/uploads\\\/2024\\\/11\\\/rtt-logo-mit-bg.svg\",\"width\":108,\"height\":83,\"caption\":\"REMA TIP TOP\"},\"image\":{\"@id\":\"https:\\\/\\\/rema-tiptop.de\\\/#\\\/schema\\\/logo\\\/image\\\/\"}}]}<\/script>\n<!-- \/ Yoast SEO plugin. -->","yoast_head_json":{"title":"Food Processing - REMA TIP TOP","description":"REMA TIP TOP solutions for the food industry: hygienic conveying technology and wear protection for safe processes.","robots":{"index":"index","follow":"follow","max-snippet":"max-snippet:-1","max-image-preview":"max-image-preview:large","max-video-preview":"max-video-preview:-1"},"canonical":"https:\/\/rema-tiptop.de\/en\/industrial-solutions\/food-processing\/","og_locale":"en_US","og_type":"article","og_title":"Lebensmittelindustrie - REMA TIP TOP","og_description":"REMA TIP TOP L\u00f6sungen f\u00fcr die Lebensmittelindustrie: hygienische F\u00f6rdertechnik und Verschlei\u00dfschutz f\u00fcr sichere Prozesse.","og_url":"https:\/\/rema-tiptop.de\/en\/industrial-solutions\/food-processing\/","og_site_name":"REMA TIP TOP","article_modified_time":"2025-11-18T14:47:53+00:00","og_image":[{"url":"https:\/\/staging.rema-tiptop.de\/wp-content\/uploads\/elementor\/thumbs\/industrial-solutions-lebensmittelindustrie-r13ko6tsr0cs5195a09gklyvpgspll3xdyc7asw8ki.webp","type":"","width":"","height":""}],"twitter_card":"summary_large_image","twitter_misc":{"Est. reading time":"2 minutes"},"schema":{"@context":"https:\/\/schema.org","@graph":[{"@type":"WebPage","@id":"https:\/\/rema-tiptop.de\/industrial-solutions\/lebensmittelindustrie\/","url":"https:\/\/rema-tiptop.de\/industrial-solutions\/lebensmittelindustrie\/","name":"Food Processing - REMA TIP TOP","isPartOf":{"@id":"https:\/\/rema-tiptop.de\/#website"},"primaryImageOfPage":{"@id":"https:\/\/rema-tiptop.de\/industrial-solutions\/lebensmittelindustrie\/#primaryimage"},"image":{"@id":"https:\/\/rema-tiptop.de\/industrial-solutions\/lebensmittelindustrie\/#primaryimage"},"thumbnailUrl":"https:\/\/staging.rema-tiptop.de\/wp-content\/uploads\/elementor\/thumbs\/industrial-solutions-lebensmittelindustrie-r13ko6tsr0cs5195a09gklyvpgspll3xdyc7asw8ki.webp","datePublished":"2024-06-19T08:47:31+00:00","dateModified":"2025-11-18T14:47:53+00:00","description":"REMA TIP TOP solutions for the food industry: hygienic conveying technology and wear protection for safe processes.","breadcrumb":{"@id":"https:\/\/rema-tiptop.de\/industrial-solutions\/lebensmittelindustrie\/#breadcrumb"},"inLanguage":"en-US","potentialAction":[{"@type":"ReadAction","target":["https:\/\/rema-tiptop.de\/industrial-solutions\/lebensmittelindustrie\/"]}]},{"@type":"ImageObject","inLanguage":"en-US","@id":"https:\/\/rema-tiptop.de\/industrial-solutions\/lebensmittelindustrie\/#primaryimage","url":"https:\/\/staging.rema-tiptop.de\/wp-content\/uploads\/elementor\/thumbs\/industrial-solutions-lebensmittelindustrie-r13ko6tsr0cs5195a09gklyvpgspll3xdyc7asw8ki.webp","contentUrl":"https:\/\/staging.rema-tiptop.de\/wp-content\/uploads\/elementor\/thumbs\/industrial-solutions-lebensmittelindustrie-r13ko6tsr0cs5195a09gklyvpgspll3xdyc7asw8ki.webp"},{"@type":"BreadcrumbList","@id":"https:\/\/rema-tiptop.de\/industrial-solutions\/lebensmittelindustrie\/#breadcrumb","itemListElement":[{"@type":"ListItem","position":1,"name":"Startseite","item":"https:\/\/rema-tiptop.de\/"},{"@type":"ListItem","position":2,"name":"Industrial Solutions","item":"https:\/\/rema-tiptop.de\/industrial-solutions\/"},{"@type":"ListItem","position":3,"name":"Lebensmittelindustrie"}]},{"@type":"WebSite","@id":"https:\/\/rema-tiptop.de\/#website","url":"https:\/\/rema-tiptop.de\/","name":"REMA TIP TOP","description":"","publisher":{"@id":"https:\/\/rema-tiptop.de\/#organization"},"potentialAction":[{"@type":"SearchAction","target":{"@type":"EntryPoint","urlTemplate":"https:\/\/rema-tiptop.de\/?s={search_term_string}"},"query-input":{"@type":"PropertyValueSpecification","valueRequired":true,"valueName":"search_term_string"}}],"inLanguage":"en-US"},{"@type":"Organization","@id":"https:\/\/rema-tiptop.de\/#organization","name":"REMA TIP TOP","url":"https:\/\/rema-tiptop.de\/","logo":{"@type":"ImageObject","inLanguage":"en-US","@id":"https:\/\/rema-tiptop.de\/#\/schema\/logo\/image\/","url":"https:\/\/rema-tiptop.de\/wp-content\/uploads\/2024\/11\/rtt-logo-mit-bg.svg","contentUrl":"https:\/\/rema-tiptop.de\/wp-content\/uploads\/2024\/11\/rtt-logo-mit-bg.svg","width":108,"height":83,"caption":"REMA TIP TOP"},"image":{"@id":"https:\/\/rema-tiptop.de\/#\/schema\/logo\/image\/"}}]}},"_links":{"self":[{"href":"https:\/\/rema-tiptop.de\/en\/wp-json\/wp\/v2\/pages\/161","targetHints":{"allow":["GET"]}}],"collection":[{"href":"https:\/\/rema-tiptop.de\/en\/wp-json\/wp\/v2\/pages"}],"about":[{"href":"https:\/\/rema-tiptop.de\/en\/wp-json\/wp\/v2\/types\/page"}],"author":[{"embeddable":true,"href":"https:\/\/rema-tiptop.de\/en\/wp-json\/wp\/v2\/users\/1"}],"replies":[{"embeddable":true,"href":"https:\/\/rema-tiptop.de\/en\/wp-json\/wp\/v2\/comments?post=161"}],"version-history":[{"count":14,"href":"https:\/\/rema-tiptop.de\/en\/wp-json\/wp\/v2\/pages\/161\/revisions"}],"predecessor-version":[{"id":20335,"href":"https:\/\/rema-tiptop.de\/en\/wp-json\/wp\/v2\/pages\/161\/revisions\/20335"}],"up":[{"embeddable":true,"href":"https:\/\/rema-tiptop.de\/en\/wp-json\/wp\/v2\/pages\/55"}],"wp:attachment":[{"href":"https:\/\/rema-tiptop.de\/en\/wp-json\/wp\/v2\/media?parent=161"}],"curies":[{"name":"wp","href":"https:\/\/api.w.org\/{rel}","templated":true}]}}