{"id":7394,"date":"2024-11-25T14:06:52","date_gmt":"2024-11-25T13:06:52","guid":{"rendered":"https:\/\/cgav1103ds.tiptop.de\/?page_id=7394"},"modified":"2025-11-21T12:44:19","modified_gmt":"2025-11-21T11:44:19","slug":"hand-cleaner","status":"publish","type":"page","link":"https:\/\/rema-tiptop.de\/en\/products-services\/rema-motion\/products\/hand-cleaner\/","title":{"rendered":"Hand Cleaner"},"content":{"rendered":"<div data-elementor-type=\"wp-page\" data-elementor-id=\"7394\" class=\"elementor elementor-7394\" data-elementor-post-type=\"page\">\n\t\t\t\t<div class=\"elementor-element elementor-element-6526926e e-flex e-con-boxed e-con e-parent\" data-id=\"6526926e\" data-element_type=\"container\" data-e-type=\"container\" data-settings=\"{&quot;background_background&quot;:&quot;classic&quot;}\">\n\t\t\t\t\t<div class=\"e-con-inner\">\n\t\t<div class=\"elementor-element elementor-element-770cfa1c e-con-full e-flex e-con e-child\" data-id=\"770cfa1c\" data-element_type=\"container\" data-e-type=\"container\">\n\t\t\t\t<div class=\"elementor-element elementor-element-47e2c4fc elementor-widget elementor-widget-heading\" data-id=\"47e2c4fc\" data-element_type=\"widget\" data-e-type=\"widget\" data-widget_type=\"heading.default\">\n\t\t\t\t<div class=\"elementor-widget-container\">\n\t\t\t\t\t<h1 class=\"elementor-heading-title elementor-size-default\">Hand Cleaner<\/h1>\t\t\t\t<\/div>\n\t\t\t\t<\/div>\n\t\t\t\t<\/div>\n\t\t<div class=\"elementor-element elementor-element-76e971df e-con-full e-flex e-con e-child\" data-id=\"76e971df\" data-element_type=\"container\" data-e-type=\"container\">\n\t\t\t\t<div class=\"elementor-element elementor-element-735c5209 elementor-widget elementor-widget-image\" data-id=\"735c5209\" data-element_type=\"widget\" data-e-type=\"widget\" data-widget_type=\"image.default\">\n\t\t\t\t<div class=\"elementor-widget-container\">\n\t\t\t\t\t\t\t\t\t\t\t\t\t\t\t<img fetchpriority=\"high\" decoding=\"async\" width=\"1024\" height=\"768\" src=\"https:\/\/rema-tiptop.de\/wp-content\/uploads\/2024\/12\/rema-motion-handreiniger-1024x768.webp\" class=\"attachment-large size-large wp-image-14349\" alt=\"H\u00e4nde, die Handreiniger aus einer Tube in die Handfl\u00e4che geben.\" srcset=\"https:\/\/rema-tiptop.de\/wp-content\/uploads\/2024\/12\/rema-motion-handreiniger-1024x768.webp 1024w, https:\/\/rema-tiptop.de\/wp-content\/uploads\/2024\/12\/rema-motion-handreiniger-300x225.webp 300w, https:\/\/rema-tiptop.de\/wp-content\/uploads\/2024\/12\/rema-motion-handreiniger-768x576.webp 768w, https:\/\/rema-tiptop.de\/wp-content\/uploads\/2024\/12\/rema-motion-handreiniger-1536x1152.webp 1536w, https:\/\/rema-tiptop.de\/wp-content\/uploads\/2024\/12\/rema-motion-handreiniger-16x12.webp 16w, https:\/\/rema-tiptop.de\/wp-content\/uploads\/2024\/12\/rema-motion-handreiniger.webp 2000w\" sizes=\"(max-width: 1024px) 100vw, 1024px\" \/>\t\t\t\t\t\t\t\t\t\t\t\t\t\t\t<\/div>\n\t\t\t\t<\/div>\n\t\t\t\t<\/div>\n\t\t\t\t\t<\/div>\n\t\t\t\t<\/div>\n\t\t<div class=\"elementor-element elementor-element-3870d1c6 e-flex e-con-boxed e-con e-parent\" data-id=\"3870d1c6\" data-element_type=\"container\" data-e-type=\"container\" data-settings=\"{&quot;background_background&quot;:&quot;classic&quot;}\">\n\t\t\t\t\t<div class=\"e-con-inner\">\n\t\t\t\t<div class=\"elementor-element elementor-element-6cce7bb2 elementor-widget elementor-widget-heading\" data-id=\"6cce7bb2\" data-element_type=\"widget\" data-e-type=\"widget\" data-widget_type=\"heading.default\">\n\t\t\t\t<div class=\"elementor-widget-container\">\n\t\t\t\t\t<h2 class=\"elementor-heading-title elementor-size-default\">Solutions for Different Conditions<\/h2>\t\t\t\t<\/div>\n\t\t\t\t<\/div>\n\t\t\t\t<div class=\"elementor-element elementor-element-7575bb48 elementor-widget elementor-widget-text-editor\" data-id=\"7575bb48\" data-element_type=\"widget\" data-e-type=\"widget\" data-widget_type=\"text-editor.default\">\n\t\t\t\t<div class=\"elementor-widget-container\">\n\t\t\t\t\t\t\t\t\t<p style=\"font-weight: 400\">REMA TIP TOP offers a variety of hand cleaning solutions for different conditions. These hand cleaners are developed in our own laboratories and tested in the field. REMA TIP TOP hand cleaners are made from high quality raw materials to thoroughly remove soot, paint, ink, tar, bitumen, underseal, etc. without damaging the skin. We even offer cleaners that can be used without water and are dermatologically tested.<\/p>\t\t\t\t\t\t\t\t<\/div>\n\t\t\t\t<\/div>\n\t\t\t\t\t<\/div>\n\t\t\t\t<\/div>\n\t\t<div class=\"elementor-element elementor-element-dff662b e-flex e-con-boxed e-con e-parent\" data-id=\"dff662b\" data-element_type=\"container\" data-e-type=\"container\" data-settings=\"{&quot;background_background&quot;:&quot;classic&quot;}\">\n\t\t\t\t\t<div class=\"e-con-inner\">\n\t\t\t\t<div class=\"elementor-element elementor-element-ca4bb59 elementor-widget elementor-widget-heading\" data-id=\"ca4bb59\" data-element_type=\"widget\" data-e-type=\"widget\" data-widget_type=\"heading.default\">\n\t\t\t\t<div class=\"elementor-widget-container\">\n\t\t\t\t\t<h2 class=\"elementor-heading-title elementor-size-default\">Have we piqued your interest?<\/h2>\t\t\t\t<\/div>\n\t\t\t\t<\/div>\n\t\t\t\t<div class=\"elementor-element elementor-element-0708882 elementor-widget elementor-widget-text-editor\" data-id=\"0708882\" data-element_type=\"widget\" data-e-type=\"widget\" data-widget_type=\"text-editor.default\">\n\t\t\t\t<div class=\"elementor-widget-container\">\n\t\t\t\t\t\t\t\t\t<p>Check out our product catalog for more information.<\/p>\t\t\t\t\t\t\t\t<\/div>\n\t\t\t\t<\/div>\n\t\t\t\t<div class=\"elementor-element elementor-element-992b0d7 rema-button elementor-widget elementor-widget-button\" data-id=\"992b0d7\" data-element_type=\"widget\" data-e-type=\"widget\" data-widget_type=\"button.default\">\n\t\t\t\t<div class=\"elementor-widget-container\">\n\t\t\t\t\t\t\t\t\t<div class=\"elementor-button-wrapper\">\n\t\t\t\t\t<a class=\"elementor-button elementor-button-link elementor-size-sm\" href=\"https:\/\/kis.rema-tiptop.net\/catalog\/RTT\/Catalog.aspx?LanguageID=EN&amp;L=2&amp;LL=N&amp;GLS0=1\" target=\"_blank\">\n\t\t\t\t\t\t<span class=\"elementor-button-content-wrapper\">\n\t\t\t\t\t\t\t\t\t<span class=\"elementor-button-text\">Product catalog<\/span>\n\t\t\t\t\t<\/span>\n\t\t\t\t\t<\/a>\n\t\t\t\t<\/div>\n\t\t\t\t\t\t\t\t<\/div>\n\t\t\t\t<\/div>\n\t\t\t\t\t<\/div>\n\t\t\t\t<\/div>\n\t\t<div class=\"elementor-element elementor-element-5617ab9b e-con-full e-flex e-con e-parent\" data-id=\"5617ab9b\" data-element_type=\"container\" data-e-type=\"container\" data-settings=\"{&quot;background_background&quot;:&quot;classic&quot;}\">\n\t\t<div class=\"elementor-element elementor-element-7a3a177d e-con-full e-flex e-con e-child\" data-id=\"7a3a177d\" data-element_type=\"container\" data-e-type=\"container\" data-settings=\"{&quot;background_background&quot;:&quot;classic&quot;}\">\n\t\t<div class=\"elementor-element elementor-element-615587b5 e-con-full cta-inner e-flex e-con e-child\" data-id=\"615587b5\" data-element_type=\"container\" data-e-type=\"container\">\n\t\t\t\t<div class=\"elementor-element elementor-element-58e43f5b elementor-widget__width-initial elementor-widget elementor-widget-heading\" data-id=\"58e43f5b\" data-element_type=\"widget\" data-e-type=\"widget\" data-widget_type=\"heading.default\">\n\t\t\t\t<div class=\"elementor-widget-container\">\n\t\t\t\t\t<h2 class=\"elementor-heading-title elementor-size-default\">Your local contact<\/h2>\t\t\t\t<\/div>\n\t\t\t\t<\/div>\n\t\t\t\t<div class=\"elementor-element elementor-element-518dc75e elementor-widget elementor-widget-text-editor\" data-id=\"518dc75e\" data-element_type=\"widget\" data-e-type=\"widget\" data-widget_type=\"text-editor.default\">\n\t\t\t\t<div class=\"elementor-widget-container\">\n\t\t\t\t\t\t\t\t\t<p style=\"font-weight: 400\">We are close to you \u2013 worldwide.<\/p><p style=\"font-weight: 400\">With our contact finder you will find local REMAsters that match your requirements. \nWe look forward to hearing from you!<\/p>\t\t\t\t\t\t\t\t<\/div>\n\t\t\t\t<\/div>\n\t\t\t\t<div class=\"elementor-element elementor-element-54a361c0 elementor-align-center rema-button contact-button elementor-widget elementor-widget-button\" data-id=\"54a361c0\" data-element_type=\"widget\" data-e-type=\"widget\" data-widget_type=\"button.default\">\n\t\t\t\t<div class=\"elementor-widget-container\">\n\t\t\t\t\t\t\t\t\t<div class=\"elementor-button-wrapper\">\n\t\t\t\t\t<a class=\"elementor-button elementor-button-link elementor-size-sm\" href=\"https:\/\/rema-tiptop.de\/en\/contact-finder\/\">\n\t\t\t\t\t\t<span class=\"elementor-button-content-wrapper\">\n\t\t\t\t\t\t\t\t\t<span class=\"elementor-button-text\">Find your local contact<\/span>\n\t\t\t\t\t<\/span>\n\t\t\t\t\t<\/a>\n\t\t\t\t<\/div>\n\t\t\t\t\t\t\t\t<\/div>\n\t\t\t\t<\/div>\n\t\t\t\t<\/div>\n\t\t\t\t<\/div>\n\t\t<div class=\"elementor-element elementor-element-26472363 e-con-full e-flex e-con e-child\" data-id=\"26472363\" data-element_type=\"container\" data-e-type=\"container\">\n\t\t\t\t<\/div>\n\t\t<div class=\"elementor-element elementor-element-302533dd e-con-full elementor-hidden-desktop elementor-hidden-tablet e-flex e-con e-child\" data-id=\"302533dd\" data-element_type=\"container\" data-e-type=\"container\" data-settings=\"{&quot;background_background&quot;:&quot;classic&quot;}\">\n\t\t\t\t<\/div>\n\t\t\t\t<\/div>\n\t\t\t\t<\/div>","protected":false},"excerpt":{"rendered":"<p>Handreiniger L\u00f6sungen f\u00fcr verschiedene Anforderungen REMA TIP TOP bietet eine Vielzahl von Handreinigungsl\u00f6sungen f\u00fcr unterschiedliche Bedingungen. Diese Handreiniger werden in unseren eigenen Laboren entwickelt und in der Praxis getestet. Sie bestehen aus hochwertigen Rohstoffen und entfernen gr\u00fcndlich sowie hautschonend Ru\u00df, Farbe, Tinte, Teer, Bitumen, Unterbodenschutz und vieles mehr. Dar\u00fcber hinaus bieten wir Reiniger an, die [&hellip;]<\/p>\n","protected":false},"author":1,"featured_media":0,"parent":7206,"menu_order":0,"comment_status":"closed","ping_status":"closed","template":"","meta":{"_acf_changed":false,"footnotes":""},"class_list":["post-7394","page","type-page","status-publish","hentry"],"acf":[],"yoast_head":"<!-- This site is optimized with the Yoast SEO plugin v27.3 - https:\/\/yoast.com\/product\/yoast-seo-wordpress\/ -->\n<title>Handreiniger Werkstatt: Hautschonend und hochwertig<\/title>\n<meta name=\"description\" content=\"REMA TIP TOP Handreiniger: hautschonend, leistungsstark, entfernt Ru\u00df, Farbe, \u00d6l &amp; Teer \u2013 teils ohne Wasser, dermatologisch getestet.\" \/>\n<meta name=\"robots\" content=\"index, follow, max-snippet:-1, max-image-preview:large, max-video-preview:-1\" \/>\n<link rel=\"canonical\" href=\"https:\/\/rema-tiptop.de\/en\/products-services\/rema-motion\/products\/hand-cleaner\/\" \/>\n<meta property=\"og:locale\" content=\"en_US\" \/>\n<meta property=\"og:type\" content=\"article\" \/>\n<meta property=\"og:title\" content=\"Handreiniger Werkstatt: Hautschonend und hochwertig\" \/>\n<meta property=\"og:description\" content=\"REMA TIP TOP Handreiniger: hautschonend, leistungsstark, entfernt Ru\u00df, Farbe, \u00d6l &amp; Teer \u2013 teils ohne Wasser, dermatologisch getestet.\" \/>\n<meta property=\"og:url\" content=\"https:\/\/rema-tiptop.de\/en\/products-services\/rema-motion\/products\/hand-cleaner\/\" \/>\n<meta property=\"og:site_name\" content=\"REMA TIP TOP\" \/>\n<meta property=\"article:modified_time\" content=\"2025-11-21T11:44:19+00:00\" \/>\n<meta property=\"og:image\" content=\"https:\/\/staging.rema-tiptop.de\/wp-content\/uploads\/2024\/12\/rema-motion-handreiniger-1024x768.webp\" \/>\n<meta name=\"twitter:card\" content=\"summary_large_image\" \/>\n<meta name=\"twitter:label1\" content=\"Est. reading time\" \/>\n\t<meta name=\"twitter:data1\" content=\"1 minute\" \/>\n<script type=\"application\/ld+json\" class=\"yoast-schema-graph\">{\"@context\":\"https:\\\/\\\/schema.org\",\"@graph\":[{\"@type\":\"WebPage\",\"@id\":\"https:\\\/\\\/rema-tiptop.de\\\/produkte-services\\\/rema-motion\\\/produktuebersicht\\\/handreiniger\\\/\",\"url\":\"https:\\\/\\\/rema-tiptop.de\\\/produkte-services\\\/rema-motion\\\/produktuebersicht\\\/handreiniger\\\/\",\"name\":\"Handreiniger Werkstatt: Hautschonend und hochwertig\",\"isPartOf\":{\"@id\":\"https:\\\/\\\/rema-tiptop.de\\\/#website\"},\"primaryImageOfPage\":{\"@id\":\"https:\\\/\\\/rema-tiptop.de\\\/produkte-services\\\/rema-motion\\\/produktuebersicht\\\/handreiniger\\\/#primaryimage\"},\"image\":{\"@id\":\"https:\\\/\\\/rema-tiptop.de\\\/produkte-services\\\/rema-motion\\\/produktuebersicht\\\/handreiniger\\\/#primaryimage\"},\"thumbnailUrl\":\"https:\\\/\\\/staging.rema-tiptop.de\\\/wp-content\\\/uploads\\\/2024\\\/12\\\/rema-motion-handreiniger-1024x768.webp\",\"datePublished\":\"2024-11-25T13:06:52+00:00\",\"dateModified\":\"2025-11-21T11:44:19+00:00\",\"description\":\"REMA TIP TOP Handreiniger: hautschonend, leistungsstark, entfernt Ru\u00df, Farbe, \u00d6l & Teer \u2013 teils ohne Wasser, dermatologisch getestet.\",\"breadcrumb\":{\"@id\":\"https:\\\/\\\/rema-tiptop.de\\\/produkte-services\\\/rema-motion\\\/produktuebersicht\\\/handreiniger\\\/#breadcrumb\"},\"inLanguage\":\"en-US\",\"potentialAction\":[{\"@type\":\"ReadAction\",\"target\":[\"https:\\\/\\\/rema-tiptop.de\\\/produkte-services\\\/rema-motion\\\/produktuebersicht\\\/handreiniger\\\/\"]}]},{\"@type\":\"ImageObject\",\"inLanguage\":\"en-US\",\"@id\":\"https:\\\/\\\/rema-tiptop.de\\\/produkte-services\\\/rema-motion\\\/produktuebersicht\\\/handreiniger\\\/#primaryimage\",\"url\":\"https:\\\/\\\/staging.rema-tiptop.de\\\/wp-content\\\/uploads\\\/2024\\\/12\\\/rema-motion-handreiniger-1024x768.webp\",\"contentUrl\":\"https:\\\/\\\/staging.rema-tiptop.de\\\/wp-content\\\/uploads\\\/2024\\\/12\\\/rema-motion-handreiniger-1024x768.webp\"},{\"@type\":\"BreadcrumbList\",\"@id\":\"https:\\\/\\\/rema-tiptop.de\\\/produkte-services\\\/rema-motion\\\/produktuebersicht\\\/handreiniger\\\/#breadcrumb\",\"itemListElement\":[{\"@type\":\"ListItem\",\"position\":1,\"name\":\"Startseite\",\"item\":\"https:\\\/\\\/rema-tiptop.de\\\/\"},{\"@type\":\"ListItem\",\"position\":2,\"name\":\"Produkte &amp; Services\",\"item\":\"https:\\\/\\\/rema-tiptop.de\\\/produkte-services\\\/\"},{\"@type\":\"ListItem\",\"position\":3,\"name\":\"REMA Motion\",\"item\":\"https:\\\/\\\/rema-tiptop.de\\\/produkte-services\\\/rema-motion\\\/\"},{\"@type\":\"ListItem\",\"position\":4,\"name\":\"Produkt\u00fcbersicht\",\"item\":\"https:\\\/\\\/rema-tiptop.de\\\/produkte-services\\\/rema-motion\\\/produktuebersicht\\\/\"},{\"@type\":\"ListItem\",\"position\":5,\"name\":\"Handreiniger\"}]},{\"@type\":\"WebSite\",\"@id\":\"https:\\\/\\\/rema-tiptop.de\\\/#website\",\"url\":\"https:\\\/\\\/rema-tiptop.de\\\/\",\"name\":\"REMA TIP TOP\",\"description\":\"\",\"publisher\":{\"@id\":\"https:\\\/\\\/rema-tiptop.de\\\/#organization\"},\"potentialAction\":[{\"@type\":\"SearchAction\",\"target\":{\"@type\":\"EntryPoint\",\"urlTemplate\":\"https:\\\/\\\/rema-tiptop.de\\\/?s={search_term_string}\"},\"query-input\":{\"@type\":\"PropertyValueSpecification\",\"valueRequired\":true,\"valueName\":\"search_term_string\"}}],\"inLanguage\":\"en-US\"},{\"@type\":\"Organization\",\"@id\":\"https:\\\/\\\/rema-tiptop.de\\\/#organization\",\"name\":\"REMA TIP TOP\",\"url\":\"https:\\\/\\\/rema-tiptop.de\\\/\",\"logo\":{\"@type\":\"ImageObject\",\"inLanguage\":\"en-US\",\"@id\":\"https:\\\/\\\/rema-tiptop.de\\\/#\\\/schema\\\/logo\\\/image\\\/\",\"url\":\"https:\\\/\\\/rema-tiptop.de\\\/wp-content\\\/uploads\\\/2024\\\/11\\\/rtt-logo-mit-bg.svg\",\"contentUrl\":\"https:\\\/\\\/rema-tiptop.de\\\/wp-content\\\/uploads\\\/2024\\\/11\\\/rtt-logo-mit-bg.svg\",\"width\":108,\"height\":83,\"caption\":\"REMA TIP TOP\"},\"image\":{\"@id\":\"https:\\\/\\\/rema-tiptop.de\\\/#\\\/schema\\\/logo\\\/image\\\/\"}}]}<\/script>\n<!-- \/ Yoast SEO plugin. -->","yoast_head_json":{"title":"Hand Cleaner - REMA TIP TOP","description":"REMA TIP TOP hand cleaner: gentle on the skin, powerful, removes soot, paint, oil &amp; tar \u2013 partly without water, dermatologically tested.","robots":{"index":"index","follow":"follow","max-snippet":"max-snippet:-1","max-image-preview":"max-image-preview:large","max-video-preview":"max-video-preview:-1"},"canonical":"https:\/\/rema-tiptop.de\/en\/products-services\/rema-motion\/products\/hand-cleaner\/","og_locale":"en_US","og_type":"article","og_title":"Handreiniger Werkstatt: Hautschonend und hochwertig","og_description":"REMA TIP TOP Handreiniger: hautschonend, leistungsstark, entfernt Ru\u00df, Farbe, \u00d6l & Teer \u2013 teils ohne Wasser, dermatologisch getestet.","og_url":"https:\/\/rema-tiptop.de\/en\/products-services\/rema-motion\/products\/hand-cleaner\/","og_site_name":"REMA TIP TOP","article_modified_time":"2025-11-21T11:44:19+00:00","og_image":[{"url":"https:\/\/staging.rema-tiptop.de\/wp-content\/uploads\/2024\/12\/rema-motion-handreiniger-1024x768.webp","type":"","width":"","height":""}],"twitter_card":"summary_large_image","twitter_misc":{"Est. reading time":"1 minute"},"schema":{"@context":"https:\/\/schema.org","@graph":[{"@type":"WebPage","@id":"https:\/\/rema-tiptop.de\/produkte-services\/rema-motion\/produktuebersicht\/handreiniger\/","url":"https:\/\/rema-tiptop.de\/produkte-services\/rema-motion\/produktuebersicht\/handreiniger\/","name":"Hand Cleaner - REMA TIP TOP","isPartOf":{"@id":"https:\/\/rema-tiptop.de\/#website"},"primaryImageOfPage":{"@id":"https:\/\/rema-tiptop.de\/produkte-services\/rema-motion\/produktuebersicht\/handreiniger\/#primaryimage"},"image":{"@id":"https:\/\/rema-tiptop.de\/produkte-services\/rema-motion\/produktuebersicht\/handreiniger\/#primaryimage"},"thumbnailUrl":"https:\/\/staging.rema-tiptop.de\/wp-content\/uploads\/2024\/12\/rema-motion-handreiniger-1024x768.webp","datePublished":"2024-11-25T13:06:52+00:00","dateModified":"2025-11-21T11:44:19+00:00","description":"REMA TIP TOP hand cleaner: gentle on the skin, powerful, removes soot, paint, oil &amp; tar \u2013 partly without water, dermatologically tested.","breadcrumb":{"@id":"https:\/\/rema-tiptop.de\/produkte-services\/rema-motion\/produktuebersicht\/handreiniger\/#breadcrumb"},"inLanguage":"en-US","potentialAction":[{"@type":"ReadAction","target":["https:\/\/rema-tiptop.de\/produkte-services\/rema-motion\/produktuebersicht\/handreiniger\/"]}]},{"@type":"ImageObject","inLanguage":"en-US","@id":"https:\/\/rema-tiptop.de\/produkte-services\/rema-motion\/produktuebersicht\/handreiniger\/#primaryimage","url":"https:\/\/staging.rema-tiptop.de\/wp-content\/uploads\/2024\/12\/rema-motion-handreiniger-1024x768.webp","contentUrl":"https:\/\/staging.rema-tiptop.de\/wp-content\/uploads\/2024\/12\/rema-motion-handreiniger-1024x768.webp"},{"@type":"BreadcrumbList","@id":"https:\/\/rema-tiptop.de\/produkte-services\/rema-motion\/produktuebersicht\/handreiniger\/#breadcrumb","itemListElement":[{"@type":"ListItem","position":1,"name":"Startseite","item":"https:\/\/rema-tiptop.de\/"},{"@type":"ListItem","position":2,"name":"Produkte &amp; Services","item":"https:\/\/rema-tiptop.de\/produkte-services\/"},{"@type":"ListItem","position":3,"name":"REMA Motion","item":"https:\/\/rema-tiptop.de\/produkte-services\/rema-motion\/"},{"@type":"ListItem","position":4,"name":"Produkt\u00fcbersicht","item":"https:\/\/rema-tiptop.de\/produkte-services\/rema-motion\/produktuebersicht\/"},{"@type":"ListItem","position":5,"name":"Handreiniger"}]},{"@type":"WebSite","@id":"https:\/\/rema-tiptop.de\/#website","url":"https:\/\/rema-tiptop.de\/","name":"REMA TIP TOP","description":"","publisher":{"@id":"https:\/\/rema-tiptop.de\/#organization"},"potentialAction":[{"@type":"SearchAction","target":{"@type":"EntryPoint","urlTemplate":"https:\/\/rema-tiptop.de\/?s={search_term_string}"},"query-input":{"@type":"PropertyValueSpecification","valueRequired":true,"valueName":"search_term_string"}}],"inLanguage":"en-US"},{"@type":"Organization","@id":"https:\/\/rema-tiptop.de\/#organization","name":"REMA TIP TOP","url":"https:\/\/rema-tiptop.de\/","logo":{"@type":"ImageObject","inLanguage":"en-US","@id":"https:\/\/rema-tiptop.de\/#\/schema\/logo\/image\/","url":"https:\/\/rema-tiptop.de\/wp-content\/uploads\/2024\/11\/rtt-logo-mit-bg.svg","contentUrl":"https:\/\/rema-tiptop.de\/wp-content\/uploads\/2024\/11\/rtt-logo-mit-bg.svg","width":108,"height":83,"caption":"REMA TIP TOP"},"image":{"@id":"https:\/\/rema-tiptop.de\/#\/schema\/logo\/image\/"}}]}},"_links":{"self":[{"href":"https:\/\/rema-tiptop.de\/en\/wp-json\/wp\/v2\/pages\/7394","targetHints":{"allow":["GET"]}}],"collection":[{"href":"https:\/\/rema-tiptop.de\/en\/wp-json\/wp\/v2\/pages"}],"about":[{"href":"https:\/\/rema-tiptop.de\/en\/wp-json\/wp\/v2\/types\/page"}],"author":[{"embeddable":true,"href":"https:\/\/rema-tiptop.de\/en\/wp-json\/wp\/v2\/users\/1"}],"replies":[{"embeddable":true,"href":"https:\/\/rema-tiptop.de\/en\/wp-json\/wp\/v2\/comments?post=7394"}],"version-history":[{"count":16,"href":"https:\/\/rema-tiptop.de\/en\/wp-json\/wp\/v2\/pages\/7394\/revisions"}],"predecessor-version":[{"id":20417,"href":"https:\/\/rema-tiptop.de\/en\/wp-json\/wp\/v2\/pages\/7394\/revisions\/20417"}],"up":[{"embeddable":true,"href":"https:\/\/rema-tiptop.de\/en\/wp-json\/wp\/v2\/pages\/7206"}],"wp:attachment":[{"href":"https:\/\/rema-tiptop.de\/en\/wp-json\/wp\/v2\/media?parent=7394"}],"curies":[{"name":"wp","href":"https:\/\/api.w.org\/{rel}","templated":true}]}}