{"id":7608,"date":"2024-11-25T16:05:02","date_gmt":"2024-11-25T15:05:02","guid":{"rendered":"https:\/\/cgav1103ds.tiptop.de\/?page_id=7608"},"modified":"2025-11-21T13:03:01","modified_gmt":"2025-11-21T12:03:01","slug":"bicycle","status":"publish","type":"page","link":"https:\/\/rema-tiptop.de\/en\/products-services\/rema-motion\/products\/tire-repair-material\/bicycle\/","title":{"rendered":"Bicycle"},"content":{"rendered":"<div data-elementor-type=\"wp-page\" data-elementor-id=\"7608\" class=\"elementor elementor-7608\" data-elementor-post-type=\"page\">\n\t\t\t\t<div class=\"elementor-element elementor-element-23e7eb8b e-flex e-con-boxed e-con e-parent\" data-id=\"23e7eb8b\" data-element_type=\"container\" data-e-type=\"container\" data-settings=\"{&quot;background_background&quot;:&quot;classic&quot;}\">\n\t\t\t\t\t<div class=\"e-con-inner\">\n\t\t<div class=\"elementor-element elementor-element-3fe49ec5 e-con-full e-flex e-con e-child\" data-id=\"3fe49ec5\" data-element_type=\"container\" data-e-type=\"container\">\n\t\t\t\t<div class=\"elementor-element elementor-element-4cff5ed3 elementor-widget elementor-widget-heading\" data-id=\"4cff5ed3\" data-element_type=\"widget\" data-e-type=\"widget\" data-widget_type=\"heading.default\">\n\t\t\t\t<div class=\"elementor-widget-container\">\n\t\t\t\t\t<h1 class=\"elementor-heading-title elementor-size-default\">Bicycle<\/h1>\t\t\t\t<\/div>\n\t\t\t\t<\/div>\n\t\t\t\t<\/div>\n\t\t<div class=\"elementor-element elementor-element-5af714c e-con-full e-flex e-con e-child\" data-id=\"5af714c\" data-element_type=\"container\" data-e-type=\"container\">\n\t\t\t\t<div class=\"elementor-element elementor-element-2d9aaf1d elementor-widget elementor-widget-image\" data-id=\"2d9aaf1d\" data-element_type=\"widget\" data-e-type=\"widget\" data-widget_type=\"image.default\">\n\t\t\t\t<div class=\"elementor-widget-container\">\n\t\t\t\t\t\t\t\t\t\t\t\t\t\t\t<img fetchpriority=\"high\" decoding=\"async\" width=\"1024\" height=\"768\" src=\"https:\/\/rema-tiptop.de\/wp-content\/uploads\/2024\/12\/rema-motion-reifenreparaturmaterial-fahrrad-1024x768.webp\" class=\"attachment-large size-large wp-image-14224\" alt=\"Picture of REMA MOTION tire repair material bicycle\" srcset=\"https:\/\/rema-tiptop.de\/wp-content\/uploads\/2024\/12\/rema-motion-reifenreparaturmaterial-fahrrad-1024x768.webp 1024w, https:\/\/rema-tiptop.de\/wp-content\/uploads\/2024\/12\/rema-motion-reifenreparaturmaterial-fahrrad-300x225.webp 300w, https:\/\/rema-tiptop.de\/wp-content\/uploads\/2024\/12\/rema-motion-reifenreparaturmaterial-fahrrad-768x576.webp 768w, https:\/\/rema-tiptop.de\/wp-content\/uploads\/2024\/12\/rema-motion-reifenreparaturmaterial-fahrrad-1536x1152.webp 1536w, https:\/\/rema-tiptop.de\/wp-content\/uploads\/2024\/12\/rema-motion-reifenreparaturmaterial-fahrrad-16x12.webp 16w, https:\/\/rema-tiptop.de\/wp-content\/uploads\/2024\/12\/rema-motion-reifenreparaturmaterial-fahrrad.webp 2000w\" sizes=\"(max-width: 1024px) 100vw, 1024px\" \/>\t\t\t\t\t\t\t\t\t\t\t\t\t\t\t<\/div>\n\t\t\t\t<\/div>\n\t\t\t\t<\/div>\n\t\t\t\t\t<\/div>\n\t\t\t\t<\/div>\n\t\t<div class=\"elementor-element elementor-element-6224c303 e-flex e-con-boxed e-con e-parent\" data-id=\"6224c303\" data-element_type=\"container\" data-e-type=\"container\" data-settings=\"{&quot;background_background&quot;:&quot;classic&quot;}\">\n\t\t\t\t\t<div class=\"e-con-inner\">\n\t\t\t\t<div class=\"elementor-element elementor-element-915ea04 elementor-widget elementor-widget-heading\" data-id=\"915ea04\" data-element_type=\"widget\" data-e-type=\"widget\" data-widget_type=\"heading.default\">\n\t\t\t\t<div class=\"elementor-widget-container\">\n\t\t\t\t\t<h2 class=\"elementor-heading-title elementor-size-default\">Always on the Move<\/h2>\t\t\t\t<\/div>\n\t\t\t\t<\/div>\n\t\t\t\t<div class=\"elementor-element elementor-element-196aada8 elementor-widget elementor-widget-text-editor\" data-id=\"196aada8\" data-element_type=\"widget\" data-e-type=\"widget\" data-widget_type=\"text-editor.default\">\n\t\t\t\t<div class=\"elementor-widget-container\">\n\t\t\t\t\t\t\t\t\t<p>In addition to the world's best-known bicycle repair material - the little green repair kit \u2013 we offer high-quality bicycle care and outdoor products, safe reflectors, workshop equipment and bike stands. All products in the range meet high quality and safety standards and are subject to intensive quality control.<\/p>\t\t\t\t\t\t\t\t<\/div>\n\t\t\t\t<\/div>\n\t\t\t\t\t<\/div>\n\t\t\t\t<\/div>\n\t\t<div class=\"elementor-element elementor-element-66ce0901 e-flex e-con-boxed e-con e-parent\" data-id=\"66ce0901\" data-element_type=\"container\" data-e-type=\"container\" data-settings=\"{&quot;background_background&quot;:&quot;classic&quot;}\">\n\t\t\t\t\t<div class=\"e-con-inner\">\n\t\t\t\t<div class=\"elementor-element elementor-element-4520bcd9 elementor-widget elementor-widget-heading\" data-id=\"4520bcd9\" data-element_type=\"widget\" data-e-type=\"widget\" data-widget_type=\"heading.default\">\n\t\t\t\t<div class=\"elementor-widget-container\">\n\t\t\t\t\t<h2 class=\"elementor-heading-title elementor-size-default\">Have we piqued your interest?<\/h2>\t\t\t\t<\/div>\n\t\t\t\t<\/div>\n\t\t\t\t<div class=\"elementor-element elementor-element-2627cdba elementor-widget elementor-widget-text-editor\" data-id=\"2627cdba\" data-element_type=\"widget\" data-e-type=\"widget\" data-widget_type=\"text-editor.default\">\n\t\t\t\t<div class=\"elementor-widget-container\">\n\t\t\t\t\t\t\t\t\t<p>Check out our product catalog for more information.<\/p>\t\t\t\t\t\t\t\t<\/div>\n\t\t\t\t<\/div>\n\t\t\t\t<div class=\"elementor-element elementor-element-fbf06f5 rema-button elementor-widget elementor-widget-button\" data-id=\"fbf06f5\" data-element_type=\"widget\" data-e-type=\"widget\" data-widget_type=\"button.default\">\n\t\t\t\t<div class=\"elementor-widget-container\">\n\t\t\t\t\t\t\t\t\t<div class=\"elementor-button-wrapper\">\n\t\t\t\t\t<a class=\"elementor-button elementor-button-link elementor-size-sm\" href=\"https:\/\/kis.rema-tiptop.net\/catalog\/RTT\/Catalog.aspx?LanguageID=EN&amp;L=2&amp;LL=N&amp;GLS0=1\" target=\"_blank\">\n\t\t\t\t\t\t<span class=\"elementor-button-content-wrapper\">\n\t\t\t\t\t\t\t\t\t<span class=\"elementor-button-text\">Product catalog<\/span>\n\t\t\t\t\t<\/span>\n\t\t\t\t\t<\/a>\n\t\t\t\t<\/div>\n\t\t\t\t\t\t\t\t<\/div>\n\t\t\t\t<\/div>\n\t\t\t\t\t<\/div>\n\t\t\t\t<\/div>\n\t\t<div class=\"elementor-element elementor-element-446c454c e-con-full e-flex e-con e-parent\" data-id=\"446c454c\" data-element_type=\"container\" data-e-type=\"container\" data-settings=\"{&quot;background_background&quot;:&quot;classic&quot;}\">\n\t\t<div class=\"elementor-element elementor-element-7f19fe4b e-con-full e-flex e-con e-child\" data-id=\"7f19fe4b\" data-element_type=\"container\" data-e-type=\"container\" data-settings=\"{&quot;background_background&quot;:&quot;classic&quot;}\">\n\t\t<div class=\"elementor-element elementor-element-30c77e4a e-con-full cta-inner e-flex e-con e-child\" data-id=\"30c77e4a\" data-element_type=\"container\" data-e-type=\"container\">\n\t\t\t\t<div class=\"elementor-element elementor-element-387cf5d9 elementor-widget__width-initial elementor-widget elementor-widget-heading\" data-id=\"387cf5d9\" data-element_type=\"widget\" data-e-type=\"widget\" data-widget_type=\"heading.default\">\n\t\t\t\t<div class=\"elementor-widget-container\">\n\t\t\t\t\t<h2 class=\"elementor-heading-title elementor-size-default\">Your local contact<\/h2>\t\t\t\t<\/div>\n\t\t\t\t<\/div>\n\t\t\t\t<div class=\"elementor-element elementor-element-5f5dd136 elementor-widget elementor-widget-text-editor\" data-id=\"5f5dd136\" data-element_type=\"widget\" data-e-type=\"widget\" data-widget_type=\"text-editor.default\">\n\t\t\t\t<div class=\"elementor-widget-container\">\n\t\t\t\t\t\t\t\t\t<p style=\"font-weight: 400\">We are close to you \u2013 worldwide.<\/p><p style=\"font-weight: 400\">With our contact finder you will find local REMAsters that match your requirements. \nWe look forward to hearing from you!<\/p>\t\t\t\t\t\t\t\t<\/div>\n\t\t\t\t<\/div>\n\t\t\t\t<div class=\"elementor-element elementor-element-15fa3b6 elementor-align-center rema-button contact-button elementor-widget elementor-widget-button\" data-id=\"15fa3b6\" data-element_type=\"widget\" data-e-type=\"widget\" data-widget_type=\"button.default\">\n\t\t\t\t<div class=\"elementor-widget-container\">\n\t\t\t\t\t\t\t\t\t<div class=\"elementor-button-wrapper\">\n\t\t\t\t\t<a class=\"elementor-button elementor-button-link elementor-size-sm\" href=\"https:\/\/rema-tiptop.de\/en\/contact-finder\/\">\n\t\t\t\t\t\t<span class=\"elementor-button-content-wrapper\">\n\t\t\t\t\t\t\t\t\t<span class=\"elementor-button-text\">Find your local contact<\/span>\n\t\t\t\t\t<\/span>\n\t\t\t\t\t<\/a>\n\t\t\t\t<\/div>\n\t\t\t\t\t\t\t\t<\/div>\n\t\t\t\t<\/div>\n\t\t\t\t<\/div>\n\t\t\t\t<\/div>\n\t\t<div class=\"elementor-element elementor-element-3fb1a256 e-con-full e-flex e-con e-child\" data-id=\"3fb1a256\" data-element_type=\"container\" data-e-type=\"container\">\n\t\t\t\t<\/div>\n\t\t<div class=\"elementor-element elementor-element-768a1b5b e-con-full elementor-hidden-desktop elementor-hidden-tablet e-flex e-con e-child\" data-id=\"768a1b5b\" data-element_type=\"container\" data-e-type=\"container\" data-settings=\"{&quot;background_background&quot;:&quot;classic&quot;}\">\n\t\t\t\t<\/div>\n\t\t\t\t<\/div>\n\t\t\t\t<\/div>","protected":false},"excerpt":{"rendered":"<p>Fahrrad Immer in Bewegung Neben dem bekanntesten Fahrradreparaturmaterial der Welt &#8211; dem kleinen gr\u00fcnen Reparatur-Set \u2013 umfasst unser Sortiment hochwertige Fahrradpflege- und Outdoor-Artikel, sichere Reflektor Produkte, Werkstattausr\u00fcstung und Fahrradst\u00e4nder. Alle unsere Produkte erf\u00fcllen hohe Qualit\u00e4ts- und Sicherheitsstandards und unterliegen einer intensiven Qualit\u00e4tskontrolle. Haben wir Ihr Interesse geweckt? Detaillierte Informationen finden Sie in unserem Produktkatalog. Weiter [&hellip;]<\/p>\n","protected":false},"author":1,"featured_media":0,"parent":7222,"menu_order":0,"comment_status":"closed","ping_status":"closed","template":"","meta":{"_acf_changed":false,"footnotes":""},"class_list":["post-7608","page","type-page","status-publish","hentry"],"acf":[],"yoast_head":"<!-- This site is optimized with the Yoast SEO plugin v27.3 - https:\/\/yoast.com\/product\/yoast-seo-wordpress\/ -->\n<title>Reifenreparatur Fahrrad: Flickzeug-Set und mehr<\/title>\n<meta name=\"description\" content=\"REMA TIP TOP Fahrrad-Reifenreparatur: kleines gr\u00fcnes Flickzeug-Set, Fahrradpflege, Reflektoren, Werkstattausr\u00fcstung und Fahrradst\u00e4nder, uvm.\" \/>\n<meta name=\"robots\" content=\"index, follow, max-snippet:-1, max-image-preview:large, max-video-preview:-1\" \/>\n<link rel=\"canonical\" href=\"https:\/\/rema-tiptop.de\/en\/products-services\/rema-motion\/products\/tire-repair-material\/bicycle\/\" \/>\n<meta property=\"og:locale\" content=\"en_US\" \/>\n<meta property=\"og:type\" content=\"article\" \/>\n<meta property=\"og:title\" content=\"Reifenreparatur Fahrrad: Flickzeug-Set und mehr\" \/>\n<meta property=\"og:description\" content=\"REMA TIP TOP Fahrrad-Reifenreparatur: kleines gr\u00fcnes Flickzeug-Set, Fahrradpflege, Reflektoren, Werkstattausr\u00fcstung und Fahrradst\u00e4nder, uvm.\" \/>\n<meta property=\"og:url\" content=\"https:\/\/rema-tiptop.de\/en\/products-services\/rema-motion\/products\/tire-repair-material\/bicycle\/\" \/>\n<meta property=\"og:site_name\" content=\"REMA TIP TOP\" \/>\n<meta property=\"article:modified_time\" content=\"2025-11-21T12:03:01+00:00\" \/>\n<meta property=\"og:image\" content=\"https:\/\/rema-tiptop.de\/wp-content\/uploads\/2024\/12\/rema-motion-reifenreparaturmaterial-fahrrad-1024x768.webp\" \/>\n<meta name=\"twitter:card\" content=\"summary_large_image\" \/>\n<meta name=\"twitter:label1\" content=\"Est. reading time\" \/>\n\t<meta name=\"twitter:data1\" content=\"1 minute\" \/>\n<script type=\"application\/ld+json\" class=\"yoast-schema-graph\">{\"@context\":\"https:\\\/\\\/schema.org\",\"@graph\":[{\"@type\":\"WebPage\",\"@id\":\"https:\\\/\\\/rema-tiptop.de\\\/produkte-services\\\/rema-motion\\\/produktuebersicht\\\/reifenreparaturmaterial\\\/fahrrad\\\/\",\"url\":\"https:\\\/\\\/rema-tiptop.de\\\/produkte-services\\\/rema-motion\\\/produktuebersicht\\\/reifenreparaturmaterial\\\/fahrrad\\\/\",\"name\":\"Reifenreparatur Fahrrad: Flickzeug-Set und mehr\",\"isPartOf\":{\"@id\":\"https:\\\/\\\/rema-tiptop.de\\\/#website\"},\"primaryImageOfPage\":{\"@id\":\"https:\\\/\\\/rema-tiptop.de\\\/produkte-services\\\/rema-motion\\\/produktuebersicht\\\/reifenreparaturmaterial\\\/fahrrad\\\/#primaryimage\"},\"image\":{\"@id\":\"https:\\\/\\\/rema-tiptop.de\\\/produkte-services\\\/rema-motion\\\/produktuebersicht\\\/reifenreparaturmaterial\\\/fahrrad\\\/#primaryimage\"},\"thumbnailUrl\":\"https:\\\/\\\/rema-tiptop.de\\\/wp-content\\\/uploads\\\/2024\\\/12\\\/rema-motion-reifenreparaturmaterial-fahrrad-1024x768.webp\",\"datePublished\":\"2024-11-25T15:05:02+00:00\",\"dateModified\":\"2025-11-21T12:03:01+00:00\",\"description\":\"REMA TIP TOP Fahrrad-Reifenreparatur: kleines gr\u00fcnes Flickzeug-Set, Fahrradpflege, Reflektoren, Werkstattausr\u00fcstung und Fahrradst\u00e4nder, uvm.\",\"breadcrumb\":{\"@id\":\"https:\\\/\\\/rema-tiptop.de\\\/produkte-services\\\/rema-motion\\\/produktuebersicht\\\/reifenreparaturmaterial\\\/fahrrad\\\/#breadcrumb\"},\"inLanguage\":\"en-US\",\"potentialAction\":[{\"@type\":\"ReadAction\",\"target\":[\"https:\\\/\\\/rema-tiptop.de\\\/produkte-services\\\/rema-motion\\\/produktuebersicht\\\/reifenreparaturmaterial\\\/fahrrad\\\/\"]}]},{\"@type\":\"ImageObject\",\"inLanguage\":\"en-US\",\"@id\":\"https:\\\/\\\/rema-tiptop.de\\\/produkte-services\\\/rema-motion\\\/produktuebersicht\\\/reifenreparaturmaterial\\\/fahrrad\\\/#primaryimage\",\"url\":\"https:\\\/\\\/rema-tiptop.de\\\/wp-content\\\/uploads\\\/2024\\\/12\\\/rema-motion-reifenreparaturmaterial-fahrrad-1024x768.webp\",\"contentUrl\":\"https:\\\/\\\/rema-tiptop.de\\\/wp-content\\\/uploads\\\/2024\\\/12\\\/rema-motion-reifenreparaturmaterial-fahrrad-1024x768.webp\"},{\"@type\":\"BreadcrumbList\",\"@id\":\"https:\\\/\\\/rema-tiptop.de\\\/produkte-services\\\/rema-motion\\\/produktuebersicht\\\/reifenreparaturmaterial\\\/fahrrad\\\/#breadcrumb\",\"itemListElement\":[{\"@type\":\"ListItem\",\"position\":1,\"name\":\"Startseite\",\"item\":\"https:\\\/\\\/rema-tiptop.de\\\/\"},{\"@type\":\"ListItem\",\"position\":2,\"name\":\"Produkte &amp; Services\",\"item\":\"https:\\\/\\\/rema-tiptop.de\\\/produkte-services\\\/\"},{\"@type\":\"ListItem\",\"position\":3,\"name\":\"REMA Motion\",\"item\":\"https:\\\/\\\/rema-tiptop.de\\\/produkte-services\\\/rema-motion\\\/\"},{\"@type\":\"ListItem\",\"position\":4,\"name\":\"Produkt\u00fcbersicht\",\"item\":\"https:\\\/\\\/rema-tiptop.de\\\/produkte-services\\\/rema-motion\\\/produktuebersicht\\\/\"},{\"@type\":\"ListItem\",\"position\":5,\"name\":\"Reifenreparaturmaterial\",\"item\":\"https:\\\/\\\/rema-tiptop.de\\\/produkte-services\\\/rema-motion\\\/produktuebersicht\\\/reifenreparaturmaterial\\\/\"},{\"@type\":\"ListItem\",\"position\":6,\"name\":\"Fahrrad\"}]},{\"@type\":\"WebSite\",\"@id\":\"https:\\\/\\\/rema-tiptop.de\\\/#website\",\"url\":\"https:\\\/\\\/rema-tiptop.de\\\/\",\"name\":\"REMA TIP TOP\",\"description\":\"\",\"publisher\":{\"@id\":\"https:\\\/\\\/rema-tiptop.de\\\/#organization\"},\"potentialAction\":[{\"@type\":\"SearchAction\",\"target\":{\"@type\":\"EntryPoint\",\"urlTemplate\":\"https:\\\/\\\/rema-tiptop.de\\\/?s={search_term_string}\"},\"query-input\":{\"@type\":\"PropertyValueSpecification\",\"valueRequired\":true,\"valueName\":\"search_term_string\"}}],\"inLanguage\":\"en-US\"},{\"@type\":\"Organization\",\"@id\":\"https:\\\/\\\/rema-tiptop.de\\\/#organization\",\"name\":\"REMA TIP TOP\",\"url\":\"https:\\\/\\\/rema-tiptop.de\\\/\",\"logo\":{\"@type\":\"ImageObject\",\"inLanguage\":\"en-US\",\"@id\":\"https:\\\/\\\/rema-tiptop.de\\\/#\\\/schema\\\/logo\\\/image\\\/\",\"url\":\"https:\\\/\\\/rema-tiptop.de\\\/wp-content\\\/uploads\\\/2024\\\/11\\\/rtt-logo-mit-bg.svg\",\"contentUrl\":\"https:\\\/\\\/rema-tiptop.de\\\/wp-content\\\/uploads\\\/2024\\\/11\\\/rtt-logo-mit-bg.svg\",\"width\":108,\"height\":83,\"caption\":\"REMA TIP TOP\"},\"image\":{\"@id\":\"https:\\\/\\\/rema-tiptop.de\\\/#\\\/schema\\\/logo\\\/image\\\/\"}}]}<\/script>\n<!-- \/ Yoast SEO plugin. -->","yoast_head_json":{"title":"Bicycle Tire Repair: Repair Kit and More","description":"REMA TIP TOP bicycle tire repair: small green puncture repair kit, bicycle care products, reflectors, workshop equipment and bicycle stand, and much more.","robots":{"index":"index","follow":"follow","max-snippet":"max-snippet:-1","max-image-preview":"max-image-preview:large","max-video-preview":"max-video-preview:-1"},"canonical":"https:\/\/rema-tiptop.de\/en\/products-services\/rema-motion\/products\/tire-repair-material\/bicycle\/","og_locale":"en_US","og_type":"article","og_title":"Reifenreparatur Fahrrad: Flickzeug-Set und mehr","og_description":"REMA TIP TOP Fahrrad-Reifenreparatur: kleines gr\u00fcnes Flickzeug-Set, Fahrradpflege, Reflektoren, Werkstattausr\u00fcstung und Fahrradst\u00e4nder, uvm.","og_url":"https:\/\/rema-tiptop.de\/en\/products-services\/rema-motion\/products\/tire-repair-material\/bicycle\/","og_site_name":"REMA TIP TOP","article_modified_time":"2025-11-21T12:03:01+00:00","og_image":[{"url":"https:\/\/rema-tiptop.de\/wp-content\/uploads\/2024\/12\/rema-motion-reifenreparaturmaterial-fahrrad-1024x768.webp","type":"","width":"","height":""}],"twitter_card":"summary_large_image","twitter_misc":{"Est. reading time":"1 minute"},"schema":{"@context":"https:\/\/schema.org","@graph":[{"@type":"WebPage","@id":"https:\/\/rema-tiptop.de\/produkte-services\/rema-motion\/produktuebersicht\/reifenreparaturmaterial\/fahrrad\/","url":"https:\/\/rema-tiptop.de\/produkte-services\/rema-motion\/produktuebersicht\/reifenreparaturmaterial\/fahrrad\/","name":"Bicycle Tire Repair: Repair Kit and More","isPartOf":{"@id":"https:\/\/rema-tiptop.de\/#website"},"primaryImageOfPage":{"@id":"https:\/\/rema-tiptop.de\/produkte-services\/rema-motion\/produktuebersicht\/reifenreparaturmaterial\/fahrrad\/#primaryimage"},"image":{"@id":"https:\/\/rema-tiptop.de\/produkte-services\/rema-motion\/produktuebersicht\/reifenreparaturmaterial\/fahrrad\/#primaryimage"},"thumbnailUrl":"https:\/\/rema-tiptop.de\/wp-content\/uploads\/2024\/12\/rema-motion-reifenreparaturmaterial-fahrrad-1024x768.webp","datePublished":"2024-11-25T15:05:02+00:00","dateModified":"2025-11-21T12:03:01+00:00","description":"REMA TIP TOP bicycle tire repair: small green puncture repair kit, bicycle care products, reflectors, workshop equipment and bicycle stand, and much more.","breadcrumb":{"@id":"https:\/\/rema-tiptop.de\/produkte-services\/rema-motion\/produktuebersicht\/reifenreparaturmaterial\/fahrrad\/#breadcrumb"},"inLanguage":"en-US","potentialAction":[{"@type":"ReadAction","target":["https:\/\/rema-tiptop.de\/produkte-services\/rema-motion\/produktuebersicht\/reifenreparaturmaterial\/fahrrad\/"]}]},{"@type":"ImageObject","inLanguage":"en-US","@id":"https:\/\/rema-tiptop.de\/produkte-services\/rema-motion\/produktuebersicht\/reifenreparaturmaterial\/fahrrad\/#primaryimage","url":"https:\/\/rema-tiptop.de\/wp-content\/uploads\/2024\/12\/rema-motion-reifenreparaturmaterial-fahrrad-1024x768.webp","contentUrl":"https:\/\/rema-tiptop.de\/wp-content\/uploads\/2024\/12\/rema-motion-reifenreparaturmaterial-fahrrad-1024x768.webp"},{"@type":"BreadcrumbList","@id":"https:\/\/rema-tiptop.de\/produkte-services\/rema-motion\/produktuebersicht\/reifenreparaturmaterial\/fahrrad\/#breadcrumb","itemListElement":[{"@type":"ListItem","position":1,"name":"Startseite","item":"https:\/\/rema-tiptop.de\/"},{"@type":"ListItem","position":2,"name":"Produkte &amp; Services","item":"https:\/\/rema-tiptop.de\/produkte-services\/"},{"@type":"ListItem","position":3,"name":"REMA Motion","item":"https:\/\/rema-tiptop.de\/produkte-services\/rema-motion\/"},{"@type":"ListItem","position":4,"name":"Produkt\u00fcbersicht","item":"https:\/\/rema-tiptop.de\/produkte-services\/rema-motion\/produktuebersicht\/"},{"@type":"ListItem","position":5,"name":"Reifenreparaturmaterial","item":"https:\/\/rema-tiptop.de\/produkte-services\/rema-motion\/produktuebersicht\/reifenreparaturmaterial\/"},{"@type":"ListItem","position":6,"name":"Fahrrad"}]},{"@type":"WebSite","@id":"https:\/\/rema-tiptop.de\/#website","url":"https:\/\/rema-tiptop.de\/","name":"REMA TIP TOP","description":"","publisher":{"@id":"https:\/\/rema-tiptop.de\/#organization"},"potentialAction":[{"@type":"SearchAction","target":{"@type":"EntryPoint","urlTemplate":"https:\/\/rema-tiptop.de\/?s={search_term_string}"},"query-input":{"@type":"PropertyValueSpecification","valueRequired":true,"valueName":"search_term_string"}}],"inLanguage":"en-US"},{"@type":"Organization","@id":"https:\/\/rema-tiptop.de\/#organization","name":"REMA TIP TOP","url":"https:\/\/rema-tiptop.de\/","logo":{"@type":"ImageObject","inLanguage":"en-US","@id":"https:\/\/rema-tiptop.de\/#\/schema\/logo\/image\/","url":"https:\/\/rema-tiptop.de\/wp-content\/uploads\/2024\/11\/rtt-logo-mit-bg.svg","contentUrl":"https:\/\/rema-tiptop.de\/wp-content\/uploads\/2024\/11\/rtt-logo-mit-bg.svg","width":108,"height":83,"caption":"REMA TIP TOP"},"image":{"@id":"https:\/\/rema-tiptop.de\/#\/schema\/logo\/image\/"}}]}},"_links":{"self":[{"href":"https:\/\/rema-tiptop.de\/en\/wp-json\/wp\/v2\/pages\/7608","targetHints":{"allow":["GET"]}}],"collection":[{"href":"https:\/\/rema-tiptop.de\/en\/wp-json\/wp\/v2\/pages"}],"about":[{"href":"https:\/\/rema-tiptop.de\/en\/wp-json\/wp\/v2\/types\/page"}],"author":[{"embeddable":true,"href":"https:\/\/rema-tiptop.de\/en\/wp-json\/wp\/v2\/users\/1"}],"replies":[{"embeddable":true,"href":"https:\/\/rema-tiptop.de\/en\/wp-json\/wp\/v2\/comments?post=7608"}],"version-history":[{"count":29,"href":"https:\/\/rema-tiptop.de\/en\/wp-json\/wp\/v2\/pages\/7608\/revisions"}],"predecessor-version":[{"id":19089,"href":"https:\/\/rema-tiptop.de\/en\/wp-json\/wp\/v2\/pages\/7608\/revisions\/19089"}],"up":[{"embeddable":true,"href":"https:\/\/rema-tiptop.de\/en\/wp-json\/wp\/v2\/pages\/7222"}],"wp:attachment":[{"href":"https:\/\/rema-tiptop.de\/en\/wp-json\/wp\/v2\/media?parent=7608"}],"curies":[{"name":"wp","href":"https:\/\/api.w.org\/{rel}","templated":true}]}}