{"id":7662,"date":"2024-11-25T16:20:34","date_gmt":"2024-11-25T15:20:34","guid":{"rendered":"https:\/\/cgav1103ds.tiptop.de\/?page_id=7662"},"modified":"2025-11-21T13:40:22","modified_gmt":"2025-11-21T12:40:22","slug":"washing","status":"publish","type":"page","link":"https:\/\/rema-tiptop.de\/en\/products-services\/rema-motion\/products\/workshop-equipment\/washing\/","title":{"rendered":"Washing"},"content":{"rendered":"<div data-elementor-type=\"wp-page\" data-elementor-id=\"7662\" class=\"elementor elementor-7662\" data-elementor-post-type=\"page\">\n\t\t\t\t<div class=\"elementor-element elementor-element-639d47c9 e-flex e-con-boxed e-con e-parent\" data-id=\"639d47c9\" data-element_type=\"container\" data-e-type=\"container\" data-settings=\"{&quot;background_background&quot;:&quot;classic&quot;}\">\n\t\t\t\t\t<div class=\"e-con-inner\">\n\t\t<div class=\"elementor-element elementor-element-36889a68 e-con-full e-flex e-con e-child\" data-id=\"36889a68\" data-element_type=\"container\" data-e-type=\"container\">\n\t\t\t\t<div class=\"elementor-element elementor-element-2e0a3915 elementor-widget elementor-widget-heading\" data-id=\"2e0a3915\" data-element_type=\"widget\" data-e-type=\"widget\" data-widget_type=\"heading.default\">\n\t\t\t\t<div class=\"elementor-widget-container\">\n\t\t\t\t\t<h1 class=\"elementor-heading-title elementor-size-default\">Washing<\/h1>\t\t\t\t<\/div>\n\t\t\t\t<\/div>\n\t\t\t\t<\/div>\n\t\t<div class=\"elementor-element elementor-element-17b34e58 e-con-full e-flex e-con e-child\" data-id=\"17b34e58\" data-element_type=\"container\" data-e-type=\"container\">\n\t\t\t\t<div class=\"elementor-element elementor-element-2f4018e9 elementor-widget elementor-widget-image\" data-id=\"2f4018e9\" data-element_type=\"widget\" data-e-type=\"widget\" data-widget_type=\"image.default\">\n\t\t\t\t<div class=\"elementor-widget-container\">\n\t\t\t\t\t\t\t\t\t\t\t\t\t\t\t<img fetchpriority=\"high\" decoding=\"async\" width=\"1024\" height=\"768\" src=\"https:\/\/rema-tiptop.de\/wp-content\/uploads\/2024\/12\/rema-motion-werkstattausruestung-waschen-1024x768.webp\" class=\"attachment-large size-large wp-image-14222\" alt=\"Image of REMA MOTION workshop equipment washing\" srcset=\"https:\/\/rema-tiptop.de\/wp-content\/uploads\/2024\/12\/rema-motion-werkstattausruestung-waschen-1024x768.webp 1024w, https:\/\/rema-tiptop.de\/wp-content\/uploads\/2024\/12\/rema-motion-werkstattausruestung-waschen-300x225.webp 300w, https:\/\/rema-tiptop.de\/wp-content\/uploads\/2024\/12\/rema-motion-werkstattausruestung-waschen-768x576.webp 768w, https:\/\/rema-tiptop.de\/wp-content\/uploads\/2024\/12\/rema-motion-werkstattausruestung-waschen-1536x1152.webp 1536w, https:\/\/rema-tiptop.de\/wp-content\/uploads\/2024\/12\/rema-motion-werkstattausruestung-waschen-16x12.webp 16w, https:\/\/rema-tiptop.de\/wp-content\/uploads\/2024\/12\/rema-motion-werkstattausruestung-waschen.webp 2000w\" sizes=\"(max-width: 1024px) 100vw, 1024px\" \/>\t\t\t\t\t\t\t\t\t\t\t\t\t\t\t<\/div>\n\t\t\t\t<\/div>\n\t\t\t\t<\/div>\n\t\t\t\t\t<\/div>\n\t\t\t\t<\/div>\n\t\t<div class=\"elementor-element elementor-element-3c6c9710 e-flex e-con-boxed e-con e-parent\" data-id=\"3c6c9710\" data-element_type=\"container\" data-e-type=\"container\" data-settings=\"{&quot;background_background&quot;:&quot;classic&quot;}\">\n\t\t\t\t\t<div class=\"e-con-inner\">\n\t\t\t\t<div class=\"elementor-element elementor-element-64c36ad9 elementor-widget elementor-widget-heading\" data-id=\"64c36ad9\" data-element_type=\"widget\" data-e-type=\"widget\" data-widget_type=\"heading.default\">\n\t\t\t\t<div class=\"elementor-widget-container\">\n\t\t\t\t\t<h2 class=\"elementor-heading-title elementor-size-default\">Simple and Environmentally Friendly<\/h2>\t\t\t\t<\/div>\n\t\t\t\t<\/div>\n\t\t\t\t<div class=\"elementor-element elementor-element-106b8ad9 elementor-widget elementor-widget-text-editor\" data-id=\"106b8ad9\" data-element_type=\"widget\" data-e-type=\"widget\" data-widget_type=\"text-editor.default\">\n\t\t\t\t<div class=\"elementor-widget-container\">\n\t\t\t\t\t\t\t\t\t<p style=\"font-weight: 400\">Our customers benefit from the excellent price\/performance ratio of our efficient REMA TIP TOP wheel washers for steel and alloy wheels, along with a full range of accessories. The systems are easy to use and feature environmentally friendly cleaning methods that use very little water. Our trained specialists are quick, flexible and competent.<\/p>\t\t\t\t\t\t\t\t<\/div>\n\t\t\t\t<\/div>\n\t\t\t\t\t<\/div>\n\t\t\t\t<\/div>\n\t\t<div class=\"elementor-element elementor-element-1b86cca7 e-con-full e-flex e-con e-parent\" data-id=\"1b86cca7\" data-element_type=\"container\" data-e-type=\"container\" data-settings=\"{&quot;background_background&quot;:&quot;classic&quot;}\">\n\t\t<div class=\"elementor-element elementor-element-6dabca4d e-con-full e-flex e-con e-child\" data-id=\"6dabca4d\" data-element_type=\"container\" data-e-type=\"container\" data-settings=\"{&quot;background_background&quot;:&quot;classic&quot;}\">\n\t\t<div class=\"elementor-element elementor-element-1f1cbe17 e-con-full cta-inner e-flex e-con e-child\" data-id=\"1f1cbe17\" data-element_type=\"container\" data-e-type=\"container\">\n\t\t\t\t<div class=\"elementor-element elementor-element-4a5e75ab elementor-widget__width-initial elementor-widget elementor-widget-heading\" data-id=\"4a5e75ab\" data-element_type=\"widget\" data-e-type=\"widget\" data-widget_type=\"heading.default\">\n\t\t\t\t<div class=\"elementor-widget-container\">\n\t\t\t\t\t<h2 class=\"elementor-heading-title elementor-size-default\">Your local contact<\/h2>\t\t\t\t<\/div>\n\t\t\t\t<\/div>\n\t\t\t\t<div class=\"elementor-element elementor-element-503f4f7a elementor-widget elementor-widget-text-editor\" data-id=\"503f4f7a\" data-element_type=\"widget\" data-e-type=\"widget\" data-widget_type=\"text-editor.default\">\n\t\t\t\t<div class=\"elementor-widget-container\">\n\t\t\t\t\t\t\t\t\t<p style=\"font-weight: 400\">We are close to you \u2013 worldwide.<\/p><p style=\"font-weight: 400\">With our contact finder you will find local REMAsters that match your requirements. \nWe look forward to hearing from you!<\/p>\t\t\t\t\t\t\t\t<\/div>\n\t\t\t\t<\/div>\n\t\t\t\t<div class=\"elementor-element elementor-element-83ccd8c elementor-align-center rema-button contact-button elementor-widget elementor-widget-button\" data-id=\"83ccd8c\" data-element_type=\"widget\" data-e-type=\"widget\" data-widget_type=\"button.default\">\n\t\t\t\t<div class=\"elementor-widget-container\">\n\t\t\t\t\t\t\t\t\t<div class=\"elementor-button-wrapper\">\n\t\t\t\t\t<a class=\"elementor-button elementor-button-link elementor-size-sm\" href=\"https:\/\/rema-tiptop.de\/en\/contact-finder\/\">\n\t\t\t\t\t\t<span class=\"elementor-button-content-wrapper\">\n\t\t\t\t\t\t\t\t\t<span class=\"elementor-button-text\">Find your local contact<\/span>\n\t\t\t\t\t<\/span>\n\t\t\t\t\t<\/a>\n\t\t\t\t<\/div>\n\t\t\t\t\t\t\t\t<\/div>\n\t\t\t\t<\/div>\n\t\t\t\t<\/div>\n\t\t\t\t<\/div>\n\t\t<div class=\"elementor-element elementor-element-8c3cfef e-con-full e-flex e-con e-child\" data-id=\"8c3cfef\" data-element_type=\"container\" data-e-type=\"container\">\n\t\t\t\t<\/div>\n\t\t<div class=\"elementor-element elementor-element-6c35ca0b e-con-full elementor-hidden-desktop elementor-hidden-tablet e-flex e-con e-child\" data-id=\"6c35ca0b\" data-element_type=\"container\" data-e-type=\"container\" data-settings=\"{&quot;background_background&quot;:&quot;classic&quot;}\">\n\t\t\t\t<\/div>\n\t\t\t\t<\/div>\n\t\t\t\t<\/div>","protected":false},"excerpt":{"rendered":"<p>Waschen Einfach und umweltschonend Unsere Kunden profitieren von dem hervorragenden Preis-Leistungs-Verh\u00e4ltnis unserer effizienten REMA TIP TOP Radwaschanlagen f\u00fcr Stahl- und Leichtmetallr\u00e4der sowie dem kompletten Zubeh\u00f6rprogramm. Die Anlagen sind einfach zu bedienen und zeichnen sich durch umweltschonende Reinigungsmethoden mit geringem Wasserverbrauch aus. Unser geschultes Fachpersonal ber\u00e4t Sie schnell, flexibel und kompetent. Ihr Kontakt zu uns Wo [&hellip;]<\/p>\n","protected":false},"author":1,"featured_media":0,"parent":7331,"menu_order":0,"comment_status":"closed","ping_status":"closed","template":"","meta":{"_acf_changed":false,"footnotes":""},"class_list":["post-7662","page","type-page","status-publish","hentry"],"acf":[],"yoast_head":"<!-- This site is optimized with the Yoast SEO plugin v27.3 - https:\/\/yoast.com\/product\/yoast-seo-wordpress\/ -->\n<title>Radwaschanlagen f\u00fcr Stahl- und Leichtmetallr\u00e4der<\/title>\n<meta name=\"description\" content=\"REMA TIP TOP Radwaschanlagen: effiziente Reinigung f\u00fcr Stahl- und Leichtmetallr\u00e4der, umweltschonend, wasserarm und einfach zu bedienen.\" \/>\n<meta name=\"robots\" content=\"index, follow, max-snippet:-1, max-image-preview:large, max-video-preview:-1\" \/>\n<link rel=\"canonical\" href=\"https:\/\/rema-tiptop.de\/en\/products-services\/rema-motion\/products\/workshop-equipment\/washing\/\" \/>\n<meta property=\"og:locale\" content=\"en_US\" \/>\n<meta property=\"og:type\" content=\"article\" \/>\n<meta property=\"og:title\" content=\"Radwaschanlagen f\u00fcr Stahl- und Leichtmetallr\u00e4der\" \/>\n<meta property=\"og:description\" content=\"REMA TIP TOP Radwaschanlagen: effiziente Reinigung f\u00fcr Stahl- und Leichtmetallr\u00e4der, umweltschonend, wasserarm und einfach zu bedienen.\" \/>\n<meta property=\"og:url\" content=\"https:\/\/rema-tiptop.de\/en\/products-services\/rema-motion\/products\/workshop-equipment\/washing\/\" \/>\n<meta property=\"og:site_name\" content=\"REMA TIP TOP\" \/>\n<meta property=\"article:modified_time\" content=\"2025-11-21T12:40:22+00:00\" \/>\n<meta property=\"og:image\" content=\"https:\/\/rema-tiptop.de\/wp-content\/uploads\/2024\/12\/rema-motion-werkstattausruestung-waschen-1024x768.webp\" \/>\n<meta name=\"twitter:card\" content=\"summary_large_image\" \/>\n<meta name=\"twitter:label1\" content=\"Est. reading time\" \/>\n\t<meta name=\"twitter:data1\" content=\"1 minute\" \/>\n<script type=\"application\/ld+json\" class=\"yoast-schema-graph\">{\"@context\":\"https:\\\/\\\/schema.org\",\"@graph\":[{\"@type\":\"WebPage\",\"@id\":\"https:\\\/\\\/rema-tiptop.de\\\/produkte-services\\\/rema-motion\\\/produktuebersicht\\\/werkstattausruestung\\\/waschen\\\/\",\"url\":\"https:\\\/\\\/rema-tiptop.de\\\/produkte-services\\\/rema-motion\\\/produktuebersicht\\\/werkstattausruestung\\\/waschen\\\/\",\"name\":\"Radwaschanlagen f\u00fcr Stahl- und Leichtmetallr\u00e4der\",\"isPartOf\":{\"@id\":\"https:\\\/\\\/rema-tiptop.de\\\/#website\"},\"primaryImageOfPage\":{\"@id\":\"https:\\\/\\\/rema-tiptop.de\\\/produkte-services\\\/rema-motion\\\/produktuebersicht\\\/werkstattausruestung\\\/waschen\\\/#primaryimage\"},\"image\":{\"@id\":\"https:\\\/\\\/rema-tiptop.de\\\/produkte-services\\\/rema-motion\\\/produktuebersicht\\\/werkstattausruestung\\\/waschen\\\/#primaryimage\"},\"thumbnailUrl\":\"https:\\\/\\\/rema-tiptop.de\\\/wp-content\\\/uploads\\\/2024\\\/12\\\/rema-motion-werkstattausruestung-waschen-1024x768.webp\",\"datePublished\":\"2024-11-25T15:20:34+00:00\",\"dateModified\":\"2025-11-21T12:40:22+00:00\",\"description\":\"REMA TIP TOP Radwaschanlagen: effiziente Reinigung f\u00fcr Stahl- und Leichtmetallr\u00e4der, umweltschonend, wasserarm und einfach zu bedienen.\",\"breadcrumb\":{\"@id\":\"https:\\\/\\\/rema-tiptop.de\\\/produkte-services\\\/rema-motion\\\/produktuebersicht\\\/werkstattausruestung\\\/waschen\\\/#breadcrumb\"},\"inLanguage\":\"en-US\",\"potentialAction\":[{\"@type\":\"ReadAction\",\"target\":[\"https:\\\/\\\/rema-tiptop.de\\\/produkte-services\\\/rema-motion\\\/produktuebersicht\\\/werkstattausruestung\\\/waschen\\\/\"]}]},{\"@type\":\"ImageObject\",\"inLanguage\":\"en-US\",\"@id\":\"https:\\\/\\\/rema-tiptop.de\\\/produkte-services\\\/rema-motion\\\/produktuebersicht\\\/werkstattausruestung\\\/waschen\\\/#primaryimage\",\"url\":\"https:\\\/\\\/rema-tiptop.de\\\/wp-content\\\/uploads\\\/2024\\\/12\\\/rema-motion-werkstattausruestung-waschen-1024x768.webp\",\"contentUrl\":\"https:\\\/\\\/rema-tiptop.de\\\/wp-content\\\/uploads\\\/2024\\\/12\\\/rema-motion-werkstattausruestung-waschen-1024x768.webp\"},{\"@type\":\"BreadcrumbList\",\"@id\":\"https:\\\/\\\/rema-tiptop.de\\\/produkte-services\\\/rema-motion\\\/produktuebersicht\\\/werkstattausruestung\\\/waschen\\\/#breadcrumb\",\"itemListElement\":[{\"@type\":\"ListItem\",\"position\":1,\"name\":\"Startseite\",\"item\":\"https:\\\/\\\/rema-tiptop.de\\\/\"},{\"@type\":\"ListItem\",\"position\":2,\"name\":\"Produkte &amp; Services\",\"item\":\"https:\\\/\\\/rema-tiptop.de\\\/produkte-services\\\/\"},{\"@type\":\"ListItem\",\"position\":3,\"name\":\"REMA Motion\",\"item\":\"https:\\\/\\\/rema-tiptop.de\\\/produkte-services\\\/rema-motion\\\/\"},{\"@type\":\"ListItem\",\"position\":4,\"name\":\"Produkt\u00fcbersicht\",\"item\":\"https:\\\/\\\/rema-tiptop.de\\\/produkte-services\\\/rema-motion\\\/produktuebersicht\\\/\"},{\"@type\":\"ListItem\",\"position\":5,\"name\":\"Werkstattausr\u00fcstung\",\"item\":\"https:\\\/\\\/rema-tiptop.de\\\/produkte-services\\\/rema-motion\\\/produktuebersicht\\\/werkstattausruestung\\\/\"},{\"@type\":\"ListItem\",\"position\":6,\"name\":\"Waschen\"}]},{\"@type\":\"WebSite\",\"@id\":\"https:\\\/\\\/rema-tiptop.de\\\/#website\",\"url\":\"https:\\\/\\\/rema-tiptop.de\\\/\",\"name\":\"REMA TIP TOP\",\"description\":\"\",\"publisher\":{\"@id\":\"https:\\\/\\\/rema-tiptop.de\\\/#organization\"},\"potentialAction\":[{\"@type\":\"SearchAction\",\"target\":{\"@type\":\"EntryPoint\",\"urlTemplate\":\"https:\\\/\\\/rema-tiptop.de\\\/?s={search_term_string}\"},\"query-input\":{\"@type\":\"PropertyValueSpecification\",\"valueRequired\":true,\"valueName\":\"search_term_string\"}}],\"inLanguage\":\"en-US\"},{\"@type\":\"Organization\",\"@id\":\"https:\\\/\\\/rema-tiptop.de\\\/#organization\",\"name\":\"REMA TIP TOP\",\"url\":\"https:\\\/\\\/rema-tiptop.de\\\/\",\"logo\":{\"@type\":\"ImageObject\",\"inLanguage\":\"en-US\",\"@id\":\"https:\\\/\\\/rema-tiptop.de\\\/#\\\/schema\\\/logo\\\/image\\\/\",\"url\":\"https:\\\/\\\/rema-tiptop.de\\\/wp-content\\\/uploads\\\/2024\\\/11\\\/rtt-logo-mit-bg.svg\",\"contentUrl\":\"https:\\\/\\\/rema-tiptop.de\\\/wp-content\\\/uploads\\\/2024\\\/11\\\/rtt-logo-mit-bg.svg\",\"width\":108,\"height\":83,\"caption\":\"REMA TIP TOP\"},\"image\":{\"@id\":\"https:\\\/\\\/rema-tiptop.de\\\/#\\\/schema\\\/logo\\\/image\\\/\"}}]}<\/script>\n<!-- \/ Yoast SEO plugin. -->","yoast_head_json":{"title":"Washing - REMA TIP TOP","description":"REMA TIP TOP wheel washing systems: efficient cleaning for steel and alloy wheels, environmentally friendly, low water consumption and easy to use.","robots":{"index":"index","follow":"follow","max-snippet":"max-snippet:-1","max-image-preview":"max-image-preview:large","max-video-preview":"max-video-preview:-1"},"canonical":"https:\/\/rema-tiptop.de\/en\/products-services\/rema-motion\/products\/workshop-equipment\/washing\/","og_locale":"en_US","og_type":"article","og_title":"Radwaschanlagen f\u00fcr Stahl- und Leichtmetallr\u00e4der","og_description":"REMA TIP TOP Radwaschanlagen: effiziente Reinigung f\u00fcr Stahl- und Leichtmetallr\u00e4der, umweltschonend, wasserarm und einfach zu bedienen.","og_url":"https:\/\/rema-tiptop.de\/en\/products-services\/rema-motion\/products\/workshop-equipment\/washing\/","og_site_name":"REMA TIP TOP","article_modified_time":"2025-11-21T12:40:22+00:00","og_image":[{"url":"https:\/\/rema-tiptop.de\/wp-content\/uploads\/2024\/12\/rema-motion-werkstattausruestung-waschen-1024x768.webp","type":"","width":"","height":""}],"twitter_card":"summary_large_image","twitter_misc":{"Est. reading time":"1 minute"},"schema":{"@context":"https:\/\/schema.org","@graph":[{"@type":"WebPage","@id":"https:\/\/rema-tiptop.de\/produkte-services\/rema-motion\/produktuebersicht\/werkstattausruestung\/waschen\/","url":"https:\/\/rema-tiptop.de\/produkte-services\/rema-motion\/produktuebersicht\/werkstattausruestung\/waschen\/","name":"Washing - REMA TIP TOP","isPartOf":{"@id":"https:\/\/rema-tiptop.de\/#website"},"primaryImageOfPage":{"@id":"https:\/\/rema-tiptop.de\/produkte-services\/rema-motion\/produktuebersicht\/werkstattausruestung\/waschen\/#primaryimage"},"image":{"@id":"https:\/\/rema-tiptop.de\/produkte-services\/rema-motion\/produktuebersicht\/werkstattausruestung\/waschen\/#primaryimage"},"thumbnailUrl":"https:\/\/rema-tiptop.de\/wp-content\/uploads\/2024\/12\/rema-motion-werkstattausruestung-waschen-1024x768.webp","datePublished":"2024-11-25T15:20:34+00:00","dateModified":"2025-11-21T12:40:22+00:00","description":"REMA TIP TOP wheel washing systems: efficient cleaning for steel and alloy wheels, environmentally friendly, low water consumption and easy to use.","breadcrumb":{"@id":"https:\/\/rema-tiptop.de\/produkte-services\/rema-motion\/produktuebersicht\/werkstattausruestung\/waschen\/#breadcrumb"},"inLanguage":"en-US","potentialAction":[{"@type":"ReadAction","target":["https:\/\/rema-tiptop.de\/produkte-services\/rema-motion\/produktuebersicht\/werkstattausruestung\/waschen\/"]}]},{"@type":"ImageObject","inLanguage":"en-US","@id":"https:\/\/rema-tiptop.de\/produkte-services\/rema-motion\/produktuebersicht\/werkstattausruestung\/waschen\/#primaryimage","url":"https:\/\/rema-tiptop.de\/wp-content\/uploads\/2024\/12\/rema-motion-werkstattausruestung-waschen-1024x768.webp","contentUrl":"https:\/\/rema-tiptop.de\/wp-content\/uploads\/2024\/12\/rema-motion-werkstattausruestung-waschen-1024x768.webp"},{"@type":"BreadcrumbList","@id":"https:\/\/rema-tiptop.de\/produkte-services\/rema-motion\/produktuebersicht\/werkstattausruestung\/waschen\/#breadcrumb","itemListElement":[{"@type":"ListItem","position":1,"name":"Startseite","item":"https:\/\/rema-tiptop.de\/"},{"@type":"ListItem","position":2,"name":"Produkte &amp; Services","item":"https:\/\/rema-tiptop.de\/produkte-services\/"},{"@type":"ListItem","position":3,"name":"REMA Motion","item":"https:\/\/rema-tiptop.de\/produkte-services\/rema-motion\/"},{"@type":"ListItem","position":4,"name":"Produkt\u00fcbersicht","item":"https:\/\/rema-tiptop.de\/produkte-services\/rema-motion\/produktuebersicht\/"},{"@type":"ListItem","position":5,"name":"Werkstattausr\u00fcstung","item":"https:\/\/rema-tiptop.de\/produkte-services\/rema-motion\/produktuebersicht\/werkstattausruestung\/"},{"@type":"ListItem","position":6,"name":"Waschen"}]},{"@type":"WebSite","@id":"https:\/\/rema-tiptop.de\/#website","url":"https:\/\/rema-tiptop.de\/","name":"REMA TIP TOP","description":"","publisher":{"@id":"https:\/\/rema-tiptop.de\/#organization"},"potentialAction":[{"@type":"SearchAction","target":{"@type":"EntryPoint","urlTemplate":"https:\/\/rema-tiptop.de\/?s={search_term_string}"},"query-input":{"@type":"PropertyValueSpecification","valueRequired":true,"valueName":"search_term_string"}}],"inLanguage":"en-US"},{"@type":"Organization","@id":"https:\/\/rema-tiptop.de\/#organization","name":"REMA TIP TOP","url":"https:\/\/rema-tiptop.de\/","logo":{"@type":"ImageObject","inLanguage":"en-US","@id":"https:\/\/rema-tiptop.de\/#\/schema\/logo\/image\/","url":"https:\/\/rema-tiptop.de\/wp-content\/uploads\/2024\/11\/rtt-logo-mit-bg.svg","contentUrl":"https:\/\/rema-tiptop.de\/wp-content\/uploads\/2024\/11\/rtt-logo-mit-bg.svg","width":108,"height":83,"caption":"REMA TIP TOP"},"image":{"@id":"https:\/\/rema-tiptop.de\/#\/schema\/logo\/image\/"}}]}},"_links":{"self":[{"href":"https:\/\/rema-tiptop.de\/en\/wp-json\/wp\/v2\/pages\/7662","targetHints":{"allow":["GET"]}}],"collection":[{"href":"https:\/\/rema-tiptop.de\/en\/wp-json\/wp\/v2\/pages"}],"about":[{"href":"https:\/\/rema-tiptop.de\/en\/wp-json\/wp\/v2\/types\/page"}],"author":[{"embeddable":true,"href":"https:\/\/rema-tiptop.de\/en\/wp-json\/wp\/v2\/users\/1"}],"replies":[{"embeddable":true,"href":"https:\/\/rema-tiptop.de\/en\/wp-json\/wp\/v2\/comments?post=7662"}],"version-history":[{"count":14,"href":"https:\/\/rema-tiptop.de\/en\/wp-json\/wp\/v2\/pages\/7662\/revisions"}],"predecessor-version":[{"id":20441,"href":"https:\/\/rema-tiptop.de\/en\/wp-json\/wp\/v2\/pages\/7662\/revisions\/20441"}],"up":[{"embeddable":true,"href":"https:\/\/rema-tiptop.de\/en\/wp-json\/wp\/v2\/pages\/7331"}],"wp:attachment":[{"href":"https:\/\/rema-tiptop.de\/en\/wp-json\/wp\/v2\/media?parent=7662"}],"curies":[{"name":"wp","href":"https:\/\/api.w.org\/{rel}","templated":true}]}}