{"id":7785,"date":"2024-11-25T17:36:24","date_gmt":"2024-11-25T16:36:24","guid":{"rendered":"https:\/\/cgav1103ds.tiptop.de\/?page_id=7785"},"modified":"2025-11-21T13:28:39","modified_gmt":"2025-11-21T12:28:39","slug":"weights","status":"publish","type":"page","link":"https:\/\/rema-tiptop.de\/en\/products-services\/rema-motion\/products\/consumables\/weights\/","title":{"rendered":"Weights"},"content":{"rendered":"<div data-elementor-type=\"wp-page\" data-elementor-id=\"7785\" class=\"elementor elementor-7785\" data-elementor-post-type=\"page\">\n\t\t\t\t<div class=\"elementor-element elementor-element-37e45ae9 e-flex e-con-boxed e-con e-parent\" data-id=\"37e45ae9\" data-element_type=\"container\" data-e-type=\"container\" data-settings=\"{&quot;background_background&quot;:&quot;classic&quot;}\">\n\t\t\t\t\t<div class=\"e-con-inner\">\n\t\t<div class=\"elementor-element elementor-element-6347a189 e-con-full e-flex e-con e-child\" data-id=\"6347a189\" data-element_type=\"container\" data-e-type=\"container\">\n\t\t\t\t<div class=\"elementor-element elementor-element-5a224118 elementor-widget elementor-widget-heading\" data-id=\"5a224118\" data-element_type=\"widget\" data-e-type=\"widget\" data-widget_type=\"heading.default\">\n\t\t\t\t<div class=\"elementor-widget-container\">\n\t\t\t\t\t<h1 class=\"elementor-heading-title elementor-size-default\">Weights<\/h1>\t\t\t\t<\/div>\n\t\t\t\t<\/div>\n\t\t\t\t<\/div>\n\t\t<div class=\"elementor-element elementor-element-584c3309 e-con-full e-flex e-con e-child\" data-id=\"584c3309\" data-element_type=\"container\" data-e-type=\"container\">\n\t\t\t\t<div class=\"elementor-element elementor-element-378116bc elementor-widget elementor-widget-image\" data-id=\"378116bc\" data-element_type=\"widget\" data-e-type=\"widget\" data-widget_type=\"image.default\">\n\t\t\t\t<div class=\"elementor-widget-container\">\n\t\t\t\t\t\t\t\t\t\t\t\t\t\t\t<img fetchpriority=\"high\" decoding=\"async\" width=\"1024\" height=\"768\" src=\"https:\/\/rema-tiptop.de\/wp-content\/uploads\/2024\/12\/rema-motion-verbrauchsmaterial-gewichte-1024x768.webp\" class=\"attachment-large size-large wp-image-14413\" alt=\"Rolle Klebegewichte und zwei Auswuchtgewichte f\u00fcr Reifen auf wei\u00dfem Hintergrund.\" srcset=\"https:\/\/rema-tiptop.de\/wp-content\/uploads\/2024\/12\/rema-motion-verbrauchsmaterial-gewichte-1024x768.webp 1024w, https:\/\/rema-tiptop.de\/wp-content\/uploads\/2024\/12\/rema-motion-verbrauchsmaterial-gewichte-300x225.webp 300w, https:\/\/rema-tiptop.de\/wp-content\/uploads\/2024\/12\/rema-motion-verbrauchsmaterial-gewichte-768x576.webp 768w, https:\/\/rema-tiptop.de\/wp-content\/uploads\/2024\/12\/rema-motion-verbrauchsmaterial-gewichte-1536x1152.webp 1536w, https:\/\/rema-tiptop.de\/wp-content\/uploads\/2024\/12\/rema-motion-verbrauchsmaterial-gewichte-16x12.webp 16w, https:\/\/rema-tiptop.de\/wp-content\/uploads\/2024\/12\/rema-motion-verbrauchsmaterial-gewichte.webp 2000w\" sizes=\"(max-width: 1024px) 100vw, 1024px\" \/>\t\t\t\t\t\t\t\t\t\t\t\t\t\t\t<\/div>\n\t\t\t\t<\/div>\n\t\t\t\t<\/div>\n\t\t\t\t\t<\/div>\n\t\t\t\t<\/div>\n\t\t<div class=\"elementor-element elementor-element-357e032e e-flex e-con-boxed e-con e-parent\" data-id=\"357e032e\" data-element_type=\"container\" data-e-type=\"container\" data-settings=\"{&quot;background_background&quot;:&quot;classic&quot;}\">\n\t\t\t\t\t<div class=\"e-con-inner\">\n\t\t\t\t<div class=\"elementor-element elementor-element-357a2d2c elementor-widget elementor-widget-heading\" data-id=\"357a2d2c\" data-element_type=\"widget\" data-e-type=\"widget\" data-widget_type=\"heading.default\">\n\t\t\t\t<div class=\"elementor-widget-container\">\n\t\t\t\t\t<h2 class=\"elementor-heading-title elementor-size-default\">Strict Quality Standards<\/h2>\t\t\t\t<\/div>\n\t\t\t\t<\/div>\n\t\t\t\t<div class=\"elementor-element elementor-element-d2214f1 elementor-widget elementor-widget-text-editor\" data-id=\"d2214f1\" data-element_type=\"widget\" data-e-type=\"widget\" data-widget_type=\"text-editor.default\">\n\t\t\t\t<div class=\"elementor-widget-container\">\n\t\t\t\t\t\t\t\t\t<p style=\"font-weight: 400\">REMA TIP TOP weights are manufactured to the highest quality standards to withstand extreme loads and conditions. We offer our customers innovative balance, adhesive and spoke weights as well as a wide range of accessories.<\/p>\t\t\t\t\t\t\t\t<\/div>\n\t\t\t\t<\/div>\n\t\t\t\t\t<\/div>\n\t\t\t\t<\/div>\n\t\t<div class=\"elementor-element elementor-element-742f5a26 e-con-full e-flex e-con e-parent\" data-id=\"742f5a26\" data-element_type=\"container\" data-e-type=\"container\" data-settings=\"{&quot;background_background&quot;:&quot;classic&quot;}\">\n\t\t<div class=\"elementor-element elementor-element-50295a28 e-con-full e-flex e-con e-child\" data-id=\"50295a28\" data-element_type=\"container\" data-e-type=\"container\" data-settings=\"{&quot;background_background&quot;:&quot;classic&quot;}\">\n\t\t<div class=\"elementor-element elementor-element-6f98d14c e-con-full cta-inner e-flex e-con e-child\" data-id=\"6f98d14c\" data-element_type=\"container\" data-e-type=\"container\">\n\t\t\t\t<div class=\"elementor-element elementor-element-b4763d2 elementor-widget__width-initial elementor-widget elementor-widget-heading\" data-id=\"b4763d2\" data-element_type=\"widget\" data-e-type=\"widget\" data-widget_type=\"heading.default\">\n\t\t\t\t<div class=\"elementor-widget-container\">\n\t\t\t\t\t<h2 class=\"elementor-heading-title elementor-size-default\">Your local contact<\/h2>\t\t\t\t<\/div>\n\t\t\t\t<\/div>\n\t\t\t\t<div class=\"elementor-element elementor-element-4efd155 elementor-widget elementor-widget-text-editor\" data-id=\"4efd155\" data-element_type=\"widget\" data-e-type=\"widget\" data-widget_type=\"text-editor.default\">\n\t\t\t\t<div class=\"elementor-widget-container\">\n\t\t\t\t\t\t\t\t\t<p style=\"font-weight: 400\">We are close to you \u2013 worldwide.<\/p><p style=\"font-weight: 400\">With our contact finder you will find local REMAsters that match your requirements. \nWe look forward to hearing from you!<\/p>\t\t\t\t\t\t\t\t<\/div>\n\t\t\t\t<\/div>\n\t\t\t\t<div class=\"elementor-element elementor-element-7fb91d8 elementor-align-center rema-button contact-button elementor-widget elementor-widget-button\" data-id=\"7fb91d8\" data-element_type=\"widget\" data-e-type=\"widget\" data-widget_type=\"button.default\">\n\t\t\t\t<div class=\"elementor-widget-container\">\n\t\t\t\t\t\t\t\t\t<div class=\"elementor-button-wrapper\">\n\t\t\t\t\t<a class=\"elementor-button elementor-button-link elementor-size-sm\" href=\"https:\/\/rema-tiptop.de\/en\/contact-finder\/\">\n\t\t\t\t\t\t<span class=\"elementor-button-content-wrapper\">\n\t\t\t\t\t\t\t\t\t<span class=\"elementor-button-text\">Find your local contact<\/span>\n\t\t\t\t\t<\/span>\n\t\t\t\t\t<\/a>\n\t\t\t\t<\/div>\n\t\t\t\t\t\t\t\t<\/div>\n\t\t\t\t<\/div>\n\t\t\t\t<\/div>\n\t\t\t\t<\/div>\n\t\t<div class=\"elementor-element elementor-element-385daa43 e-con-full e-flex e-con e-child\" data-id=\"385daa43\" data-element_type=\"container\" data-e-type=\"container\">\n\t\t\t\t<\/div>\n\t\t<div class=\"elementor-element elementor-element-2313406c e-con-full elementor-hidden-desktop elementor-hidden-tablet e-flex e-con e-child\" data-id=\"2313406c\" data-element_type=\"container\" data-e-type=\"container\" data-settings=\"{&quot;background_background&quot;:&quot;classic&quot;}\">\n\t\t\t\t<\/div>\n\t\t\t\t<\/div>\n\t\t\t\t<\/div>","protected":false},"excerpt":{"rendered":"<p>Gewichte Strenge Qualit\u00e4tsnormen REMA TIP TOP Gewichte werden nach strengen Qualit\u00e4tsnormen gefertigt und halten auch extremen Belastungen und Bedingungen stand. Wir bieten unseren Kunden innovative Ausgleichs-, Klebe- und Speichengewichte sowie das passende Zubeh\u00f6r in den verschiedensten Ausf\u00fchrungen. Ihr Kontakt zu uns Wo immer Sie sind \u2013 wir sind in Ihrer N\u00e4he. \u00dcber unsere weltweite Standortsuche [&hellip;]<\/p>\n","protected":false},"author":1,"featured_media":0,"parent":7349,"menu_order":0,"comment_status":"closed","ping_status":"closed","template":"","meta":{"_acf_changed":false,"footnotes":""},"class_list":["post-7785","page","type-page","status-publish","hentry"],"acf":[],"yoast_head":"<!-- This site is optimized with the Yoast SEO plugin v27.3 - https:\/\/yoast.com\/product\/yoast-seo-wordpress\/ -->\n<title>Klebegewichte, Ausgleichsgewichte und Speichengewichte<\/title>\n<meta name=\"description\" content=\"Klebe-, Ausgleichs- und Speichengewichte von REMA TIP TOP: pr\u00e4zises Auswuchten f\u00fcr Pkw-, SUV- und Lkw-R\u00e4der nach hohen Qualit\u00e4tsstandards.\" \/>\n<meta name=\"robots\" content=\"index, follow, max-snippet:-1, max-image-preview:large, max-video-preview:-1\" \/>\n<link rel=\"canonical\" href=\"https:\/\/rema-tiptop.de\/en\/products-services\/rema-motion\/products\/consumables\/weights\/\" \/>\n<meta property=\"og:locale\" content=\"en_US\" \/>\n<meta property=\"og:type\" content=\"article\" \/>\n<meta property=\"og:title\" content=\"Klebegewichte, Ausgleichsgewichte und Speichengewichte\" \/>\n<meta property=\"og:description\" content=\"Klebe-, Ausgleichs- und Speichengewichte von REMA TIP TOP: pr\u00e4zises Auswuchten f\u00fcr Pkw-, SUV- und Lkw-R\u00e4der nach hohen Qualit\u00e4tsstandards.\" \/>\n<meta property=\"og:url\" content=\"https:\/\/rema-tiptop.de\/en\/products-services\/rema-motion\/products\/consumables\/weights\/\" \/>\n<meta property=\"og:site_name\" content=\"REMA TIP TOP\" \/>\n<meta property=\"article:modified_time\" content=\"2025-11-21T12:28:39+00:00\" \/>\n<meta property=\"og:image\" content=\"https:\/\/rema-tiptop.de\/wp-content\/uploads\/2024\/12\/rema-motion-verbrauchsmaterial-gewichte-1024x768.webp\" \/>\n<meta name=\"twitter:card\" content=\"summary_large_image\" \/>\n<meta name=\"twitter:label1\" content=\"Est. reading time\" \/>\n\t<meta name=\"twitter:data1\" content=\"1 minute\" \/>\n<script type=\"application\/ld+json\" class=\"yoast-schema-graph\">{\"@context\":\"https:\\\/\\\/schema.org\",\"@graph\":[{\"@type\":\"WebPage\",\"@id\":\"https:\\\/\\\/rema-tiptop.de\\\/produkte-services\\\/rema-motion\\\/produktuebersicht\\\/verbrauchsmaterial\\\/gewichte\\\/\",\"url\":\"https:\\\/\\\/rema-tiptop.de\\\/produkte-services\\\/rema-motion\\\/produktuebersicht\\\/verbrauchsmaterial\\\/gewichte\\\/\",\"name\":\"Klebegewichte, Ausgleichsgewichte und Speichengewichte\",\"isPartOf\":{\"@id\":\"https:\\\/\\\/rema-tiptop.de\\\/#website\"},\"primaryImageOfPage\":{\"@id\":\"https:\\\/\\\/rema-tiptop.de\\\/produkte-services\\\/rema-motion\\\/produktuebersicht\\\/verbrauchsmaterial\\\/gewichte\\\/#primaryimage\"},\"image\":{\"@id\":\"https:\\\/\\\/rema-tiptop.de\\\/produkte-services\\\/rema-motion\\\/produktuebersicht\\\/verbrauchsmaterial\\\/gewichte\\\/#primaryimage\"},\"thumbnailUrl\":\"https:\\\/\\\/rema-tiptop.de\\\/wp-content\\\/uploads\\\/2024\\\/12\\\/rema-motion-verbrauchsmaterial-gewichte-1024x768.webp\",\"datePublished\":\"2024-11-25T16:36:24+00:00\",\"dateModified\":\"2025-11-21T12:28:39+00:00\",\"description\":\"Klebe-, Ausgleichs- und Speichengewichte von REMA TIP TOP: pr\u00e4zises Auswuchten f\u00fcr Pkw-, SUV- und Lkw-R\u00e4der nach hohen Qualit\u00e4tsstandards.\",\"breadcrumb\":{\"@id\":\"https:\\\/\\\/rema-tiptop.de\\\/produkte-services\\\/rema-motion\\\/produktuebersicht\\\/verbrauchsmaterial\\\/gewichte\\\/#breadcrumb\"},\"inLanguage\":\"en-US\",\"potentialAction\":[{\"@type\":\"ReadAction\",\"target\":[\"https:\\\/\\\/rema-tiptop.de\\\/produkte-services\\\/rema-motion\\\/produktuebersicht\\\/verbrauchsmaterial\\\/gewichte\\\/\"]}]},{\"@type\":\"ImageObject\",\"inLanguage\":\"en-US\",\"@id\":\"https:\\\/\\\/rema-tiptop.de\\\/produkte-services\\\/rema-motion\\\/produktuebersicht\\\/verbrauchsmaterial\\\/gewichte\\\/#primaryimage\",\"url\":\"https:\\\/\\\/rema-tiptop.de\\\/wp-content\\\/uploads\\\/2024\\\/12\\\/rema-motion-verbrauchsmaterial-gewichte-1024x768.webp\",\"contentUrl\":\"https:\\\/\\\/rema-tiptop.de\\\/wp-content\\\/uploads\\\/2024\\\/12\\\/rema-motion-verbrauchsmaterial-gewichte-1024x768.webp\"},{\"@type\":\"BreadcrumbList\",\"@id\":\"https:\\\/\\\/rema-tiptop.de\\\/produkte-services\\\/rema-motion\\\/produktuebersicht\\\/verbrauchsmaterial\\\/gewichte\\\/#breadcrumb\",\"itemListElement\":[{\"@type\":\"ListItem\",\"position\":1,\"name\":\"Startseite\",\"item\":\"https:\\\/\\\/rema-tiptop.de\\\/\"},{\"@type\":\"ListItem\",\"position\":2,\"name\":\"Produkte &amp; Services\",\"item\":\"https:\\\/\\\/rema-tiptop.de\\\/produkte-services\\\/\"},{\"@type\":\"ListItem\",\"position\":3,\"name\":\"REMA Motion\",\"item\":\"https:\\\/\\\/rema-tiptop.de\\\/produkte-services\\\/rema-motion\\\/\"},{\"@type\":\"ListItem\",\"position\":4,\"name\":\"Produkt\u00fcbersicht\",\"item\":\"https:\\\/\\\/rema-tiptop.de\\\/produkte-services\\\/rema-motion\\\/produktuebersicht\\\/\"},{\"@type\":\"ListItem\",\"position\":5,\"name\":\"Verbrauchsmaterial\",\"item\":\"https:\\\/\\\/rema-tiptop.de\\\/produkte-services\\\/rema-motion\\\/produktuebersicht\\\/verbrauchsmaterial\\\/\"},{\"@type\":\"ListItem\",\"position\":6,\"name\":\"Gewichte\"}]},{\"@type\":\"WebSite\",\"@id\":\"https:\\\/\\\/rema-tiptop.de\\\/#website\",\"url\":\"https:\\\/\\\/rema-tiptop.de\\\/\",\"name\":\"REMA TIP TOP\",\"description\":\"\",\"publisher\":{\"@id\":\"https:\\\/\\\/rema-tiptop.de\\\/#organization\"},\"potentialAction\":[{\"@type\":\"SearchAction\",\"target\":{\"@type\":\"EntryPoint\",\"urlTemplate\":\"https:\\\/\\\/rema-tiptop.de\\\/?s={search_term_string}\"},\"query-input\":{\"@type\":\"PropertyValueSpecification\",\"valueRequired\":true,\"valueName\":\"search_term_string\"}}],\"inLanguage\":\"en-US\"},{\"@type\":\"Organization\",\"@id\":\"https:\\\/\\\/rema-tiptop.de\\\/#organization\",\"name\":\"REMA TIP TOP\",\"url\":\"https:\\\/\\\/rema-tiptop.de\\\/\",\"logo\":{\"@type\":\"ImageObject\",\"inLanguage\":\"en-US\",\"@id\":\"https:\\\/\\\/rema-tiptop.de\\\/#\\\/schema\\\/logo\\\/image\\\/\",\"url\":\"https:\\\/\\\/rema-tiptop.de\\\/wp-content\\\/uploads\\\/2024\\\/11\\\/rtt-logo-mit-bg.svg\",\"contentUrl\":\"https:\\\/\\\/rema-tiptop.de\\\/wp-content\\\/uploads\\\/2024\\\/11\\\/rtt-logo-mit-bg.svg\",\"width\":108,\"height\":83,\"caption\":\"REMA TIP TOP\"},\"image\":{\"@id\":\"https:\\\/\\\/rema-tiptop.de\\\/#\\\/schema\\\/logo\\\/image\\\/\"}}]}<\/script>\n<!-- \/ Yoast SEO plugin. -->","yoast_head_json":{"title":"Weights - REMA TIP TOP","description":"Adhesive, balancing and spoke weights from REMA TIP TOP: precise balancing for car, SUV and truck wheels according to high quality standards.","robots":{"index":"index","follow":"follow","max-snippet":"max-snippet:-1","max-image-preview":"max-image-preview:large","max-video-preview":"max-video-preview:-1"},"canonical":"https:\/\/rema-tiptop.de\/en\/products-services\/rema-motion\/products\/consumables\/weights\/","og_locale":"en_US","og_type":"article","og_title":"Klebegewichte, Ausgleichsgewichte und Speichengewichte","og_description":"Klebe-, Ausgleichs- und Speichengewichte von REMA TIP TOP: pr\u00e4zises Auswuchten f\u00fcr Pkw-, SUV- und Lkw-R\u00e4der nach hohen Qualit\u00e4tsstandards.","og_url":"https:\/\/rema-tiptop.de\/en\/products-services\/rema-motion\/products\/consumables\/weights\/","og_site_name":"REMA TIP TOP","article_modified_time":"2025-11-21T12:28:39+00:00","og_image":[{"url":"https:\/\/rema-tiptop.de\/wp-content\/uploads\/2024\/12\/rema-motion-verbrauchsmaterial-gewichte-1024x768.webp","type":"","width":"","height":""}],"twitter_card":"summary_large_image","twitter_misc":{"Est. reading time":"1 minute"},"schema":{"@context":"https:\/\/schema.org","@graph":[{"@type":"WebPage","@id":"https:\/\/rema-tiptop.de\/produkte-services\/rema-motion\/produktuebersicht\/verbrauchsmaterial\/gewichte\/","url":"https:\/\/rema-tiptop.de\/produkte-services\/rema-motion\/produktuebersicht\/verbrauchsmaterial\/gewichte\/","name":"Weights - REMA TIP TOP","isPartOf":{"@id":"https:\/\/rema-tiptop.de\/#website"},"primaryImageOfPage":{"@id":"https:\/\/rema-tiptop.de\/produkte-services\/rema-motion\/produktuebersicht\/verbrauchsmaterial\/gewichte\/#primaryimage"},"image":{"@id":"https:\/\/rema-tiptop.de\/produkte-services\/rema-motion\/produktuebersicht\/verbrauchsmaterial\/gewichte\/#primaryimage"},"thumbnailUrl":"https:\/\/rema-tiptop.de\/wp-content\/uploads\/2024\/12\/rema-motion-verbrauchsmaterial-gewichte-1024x768.webp","datePublished":"2024-11-25T16:36:24+00:00","dateModified":"2025-11-21T12:28:39+00:00","description":"Adhesive, balancing and spoke weights from REMA TIP TOP: precise balancing for car, SUV and truck wheels according to high quality standards.","breadcrumb":{"@id":"https:\/\/rema-tiptop.de\/produkte-services\/rema-motion\/produktuebersicht\/verbrauchsmaterial\/gewichte\/#breadcrumb"},"inLanguage":"en-US","potentialAction":[{"@type":"ReadAction","target":["https:\/\/rema-tiptop.de\/produkte-services\/rema-motion\/produktuebersicht\/verbrauchsmaterial\/gewichte\/"]}]},{"@type":"ImageObject","inLanguage":"en-US","@id":"https:\/\/rema-tiptop.de\/produkte-services\/rema-motion\/produktuebersicht\/verbrauchsmaterial\/gewichte\/#primaryimage","url":"https:\/\/rema-tiptop.de\/wp-content\/uploads\/2024\/12\/rema-motion-verbrauchsmaterial-gewichte-1024x768.webp","contentUrl":"https:\/\/rema-tiptop.de\/wp-content\/uploads\/2024\/12\/rema-motion-verbrauchsmaterial-gewichte-1024x768.webp"},{"@type":"BreadcrumbList","@id":"https:\/\/rema-tiptop.de\/produkte-services\/rema-motion\/produktuebersicht\/verbrauchsmaterial\/gewichte\/#breadcrumb","itemListElement":[{"@type":"ListItem","position":1,"name":"Startseite","item":"https:\/\/rema-tiptop.de\/"},{"@type":"ListItem","position":2,"name":"Produkte &amp; Services","item":"https:\/\/rema-tiptop.de\/produkte-services\/"},{"@type":"ListItem","position":3,"name":"REMA Motion","item":"https:\/\/rema-tiptop.de\/produkte-services\/rema-motion\/"},{"@type":"ListItem","position":4,"name":"Produkt\u00fcbersicht","item":"https:\/\/rema-tiptop.de\/produkte-services\/rema-motion\/produktuebersicht\/"},{"@type":"ListItem","position":5,"name":"Verbrauchsmaterial","item":"https:\/\/rema-tiptop.de\/produkte-services\/rema-motion\/produktuebersicht\/verbrauchsmaterial\/"},{"@type":"ListItem","position":6,"name":"Gewichte"}]},{"@type":"WebSite","@id":"https:\/\/rema-tiptop.de\/#website","url":"https:\/\/rema-tiptop.de\/","name":"REMA TIP TOP","description":"","publisher":{"@id":"https:\/\/rema-tiptop.de\/#organization"},"potentialAction":[{"@type":"SearchAction","target":{"@type":"EntryPoint","urlTemplate":"https:\/\/rema-tiptop.de\/?s={search_term_string}"},"query-input":{"@type":"PropertyValueSpecification","valueRequired":true,"valueName":"search_term_string"}}],"inLanguage":"en-US"},{"@type":"Organization","@id":"https:\/\/rema-tiptop.de\/#organization","name":"REMA TIP TOP","url":"https:\/\/rema-tiptop.de\/","logo":{"@type":"ImageObject","inLanguage":"en-US","@id":"https:\/\/rema-tiptop.de\/#\/schema\/logo\/image\/","url":"https:\/\/rema-tiptop.de\/wp-content\/uploads\/2024\/11\/rtt-logo-mit-bg.svg","contentUrl":"https:\/\/rema-tiptop.de\/wp-content\/uploads\/2024\/11\/rtt-logo-mit-bg.svg","width":108,"height":83,"caption":"REMA TIP TOP"},"image":{"@id":"https:\/\/rema-tiptop.de\/#\/schema\/logo\/image\/"}}]}},"_links":{"self":[{"href":"https:\/\/rema-tiptop.de\/en\/wp-json\/wp\/v2\/pages\/7785","targetHints":{"allow":["GET"]}}],"collection":[{"href":"https:\/\/rema-tiptop.de\/en\/wp-json\/wp\/v2\/pages"}],"about":[{"href":"https:\/\/rema-tiptop.de\/en\/wp-json\/wp\/v2\/types\/page"}],"author":[{"embeddable":true,"href":"https:\/\/rema-tiptop.de\/en\/wp-json\/wp\/v2\/users\/1"}],"replies":[{"embeddable":true,"href":"https:\/\/rema-tiptop.de\/en\/wp-json\/wp\/v2\/comments?post=7785"}],"version-history":[{"count":18,"href":"https:\/\/rema-tiptop.de\/en\/wp-json\/wp\/v2\/pages\/7785\/revisions"}],"predecessor-version":[{"id":20434,"href":"https:\/\/rema-tiptop.de\/en\/wp-json\/wp\/v2\/pages\/7785\/revisions\/20434"}],"up":[{"embeddable":true,"href":"https:\/\/rema-tiptop.de\/en\/wp-json\/wp\/v2\/pages\/7349"}],"wp:attachment":[{"href":"https:\/\/rema-tiptop.de\/en\/wp-json\/wp\/v2\/media?parent=7785"}],"curies":[{"name":"wp","href":"https:\/\/api.w.org\/{rel}","templated":true}]}}