{"id":7807,"date":"2024-11-25T17:48:34","date_gmt":"2024-11-25T16:48:34","guid":{"rendered":"https:\/\/cgav1103ds.tiptop.de\/?page_id=7807"},"modified":"2025-11-21T13:27:21","modified_gmt":"2025-11-21T12:27:21","slug":"mtr-master-tire-repair","status":"publish","type":"page","link":"https:\/\/rema-tiptop.de\/en\/products-services\/rema-motion\/products\/service-concepts\/mtr-master-tire-repair\/","title":{"rendered":"MTR - MASTER TIRE REPAIR"},"content":{"rendered":"<div data-elementor-type=\"wp-page\" data-elementor-id=\"7807\" class=\"elementor elementor-7807\" data-elementor-post-type=\"page\">\n\t\t\t\t<div class=\"elementor-element elementor-element-571028ca e-flex e-con-boxed e-con e-parent\" data-id=\"571028ca\" data-element_type=\"container\" data-e-type=\"container\" data-settings=\"{&quot;background_background&quot;:&quot;classic&quot;}\">\n\t\t\t\t\t<div class=\"e-con-inner\">\n\t\t<div class=\"elementor-element elementor-element-2c78705d e-con-full e-flex e-con e-child\" data-id=\"2c78705d\" data-element_type=\"container\" data-e-type=\"container\">\n\t\t\t\t<div class=\"elementor-element elementor-element-35283b95 elementor-widget elementor-widget-heading\" data-id=\"35283b95\" data-element_type=\"widget\" data-e-type=\"widget\" data-widget_type=\"heading.default\">\n\t\t\t\t<div class=\"elementor-widget-container\">\n\t\t\t\t\t<h1 class=\"elementor-heading-title elementor-size-default\">MTR - MASTER TIRE REPAIR<\/h1>\t\t\t\t<\/div>\n\t\t\t\t<\/div>\n\t\t\t\t<\/div>\n\t\t<div class=\"elementor-element elementor-element-2d0ff1d4 e-con-full e-flex e-con e-child\" data-id=\"2d0ff1d4\" data-element_type=\"container\" data-e-type=\"container\">\n\t\t\t\t<div class=\"elementor-element elementor-element-22d20227 elementor-widget elementor-widget-image\" data-id=\"22d20227\" data-element_type=\"widget\" data-e-type=\"widget\" data-widget_type=\"image.default\">\n\t\t\t\t<div class=\"elementor-widget-container\">\n\t\t\t\t\t\t\t\t\t\t\t\t\t\t\t<img fetchpriority=\"high\" decoding=\"async\" width=\"1024\" height=\"768\" src=\"https:\/\/rema-tiptop.de\/wp-content\/uploads\/2024\/11\/querformat-allgemein-1024x768.png\" class=\"attachment-large size-large wp-image-8055\" alt=\"\" srcset=\"https:\/\/rema-tiptop.de\/wp-content\/uploads\/2024\/11\/querformat-allgemein-1024x768.png 1024w, https:\/\/rema-tiptop.de\/wp-content\/uploads\/2024\/11\/querformat-allgemein-300x225.png 300w, https:\/\/rema-tiptop.de\/wp-content\/uploads\/2024\/11\/querformat-allgemein-768x576.png 768w, https:\/\/rema-tiptop.de\/wp-content\/uploads\/2024\/11\/querformat-allgemein-1536x1152.png 1536w, https:\/\/rema-tiptop.de\/wp-content\/uploads\/2024\/11\/querformat-allgemein-16x12.png 16w, https:\/\/rema-tiptop.de\/wp-content\/uploads\/2024\/11\/elementor\/thumbs\/querformat-allgemein-qxrv9hej2l5toavpcy4mltlszdqex8764nfrlolnqa.png 635w, https:\/\/rema-tiptop.de\/wp-content\/uploads\/2024\/11\/querformat-allgemein.png 2000w\" sizes=\"(max-width: 1024px) 100vw, 1024px\" \/>\t\t\t\t\t\t\t\t\t\t\t\t\t\t\t<\/div>\n\t\t\t\t<\/div>\n\t\t\t\t<\/div>\n\t\t\t\t\t<\/div>\n\t\t\t\t<\/div>\n\t\t<div class=\"elementor-element elementor-element-14b2734f e-flex e-con-boxed e-con e-parent\" data-id=\"14b2734f\" data-element_type=\"container\" data-e-type=\"container\" data-settings=\"{&quot;background_background&quot;:&quot;classic&quot;}\">\n\t\t\t\t\t<div class=\"e-con-inner\">\n\t\t\t\t<div class=\"elementor-element elementor-element-6fcb580d elementor-widget elementor-widget-heading\" data-id=\"6fcb580d\" data-element_type=\"widget\" data-e-type=\"widget\" data-widget_type=\"heading.default\">\n\t\t\t\t<div class=\"elementor-widget-container\">\n\t\t\t\t\t<h2 class=\"elementor-heading-title elementor-size-default\">International Network of Experts<\/h2>\t\t\t\t<\/div>\n\t\t\t\t<\/div>\n\t\t\t\t<div class=\"elementor-element elementor-element-27ed6b98 elementor-widget elementor-widget-text-editor\" data-id=\"27ed6b98\" data-element_type=\"widget\" data-e-type=\"widget\" data-widget_type=\"text-editor.default\">\n\t\t\t\t<div class=\"elementor-widget-container\">\n\t\t\t\t\t\t\t\t\t<p style=\"font-weight: 400\">Our Master Tire Repair (MTR) model guarantees flawless, ultra-fast tire repairs. An international network of vulcanizers, tire dealers and workshops, tested and certified by REMA TIP TOP, is always ready to ensure the functionality and life expectancy of tires through the use of professional know-how and ISO 9001 certified quality repair materials. Whether you have a car, bus, truck, agricultural or construction vehicle, you will always get the best advice from our MTR System Partners.<\/p>\t\t\t\t\t\t\t\t<\/div>\n\t\t\t\t<\/div>\n\t\t\t\t\t<\/div>\n\t\t\t\t<\/div>\n\t\t<div class=\"elementor-element elementor-element-6bed09f0 e-con-full e-flex e-con e-parent\" data-id=\"6bed09f0\" data-element_type=\"container\" data-e-type=\"container\" data-settings=\"{&quot;background_background&quot;:&quot;classic&quot;}\">\n\t\t<div class=\"elementor-element elementor-element-7d7acca4 e-con-full e-flex e-con e-child\" data-id=\"7d7acca4\" data-element_type=\"container\" data-e-type=\"container\" data-settings=\"{&quot;background_background&quot;:&quot;classic&quot;}\">\n\t\t<div class=\"elementor-element elementor-element-132fc4d7 e-con-full e-flex e-con e-child\" data-id=\"132fc4d7\" data-element_type=\"container\" data-e-type=\"container\">\n\t\t\t\t<div class=\"elementor-element elementor-element-53d78a63 elementor-widget__width-initial elementor-widget elementor-widget-heading\" data-id=\"53d78a63\" data-element_type=\"widget\" data-e-type=\"widget\" data-widget_type=\"heading.default\">\n\t\t\t\t<div class=\"elementor-widget-container\">\n\t\t\t\t\t<h2 class=\"elementor-heading-title elementor-size-default\">Your local contact<\/h2>\t\t\t\t<\/div>\n\t\t\t\t<\/div>\n\t\t\t\t<div class=\"elementor-element elementor-element-333206d4 elementor-widget elementor-widget-text-editor\" data-id=\"333206d4\" data-element_type=\"widget\" data-e-type=\"widget\" data-widget_type=\"text-editor.default\">\n\t\t\t\t<div class=\"elementor-widget-container\">\n\t\t\t\t\t\t\t\t\t<p style=\"font-weight: 400\">We are close to you \u2013 worldwide.<\/p><p style=\"font-weight: 400\">With our contact finder you will find local REMAsters that match your requirements. \nWe look forward to hearing from you!<\/p>\t\t\t\t\t\t\t\t<\/div>\n\t\t\t\t<\/div>\n\t\t\t\t<div class=\"elementor-element elementor-element-9b67438 elementor-align-center rema-button contact-button elementor-widget elementor-widget-button\" data-id=\"9b67438\" data-element_type=\"widget\" data-e-type=\"widget\" data-widget_type=\"button.default\">\n\t\t\t\t<div class=\"elementor-widget-container\">\n\t\t\t\t\t\t\t\t\t<div class=\"elementor-button-wrapper\">\n\t\t\t\t\t<a class=\"elementor-button elementor-button-link elementor-size-sm\" href=\"https:\/\/rema-tiptop.de\/en\/contact-finder\/\">\n\t\t\t\t\t\t<span class=\"elementor-button-content-wrapper\">\n\t\t\t\t\t\t\t\t\t<span class=\"elementor-button-text\">Find your local contact<\/span>\n\t\t\t\t\t<\/span>\n\t\t\t\t\t<\/a>\n\t\t\t\t<\/div>\n\t\t\t\t\t\t\t\t<\/div>\n\t\t\t\t<\/div>\n\t\t\t\t<\/div>\n\t\t\t\t<\/div>\n\t\t<div class=\"elementor-element elementor-element-68d08eb8 e-con-full e-flex e-con e-child\" data-id=\"68d08eb8\" data-element_type=\"container\" data-e-type=\"container\" data-settings=\"{&quot;background_background&quot;:&quot;classic&quot;}\">\n\t\t\t\t<\/div>\n\t\t\t\t<\/div>\n\t\t\t\t<\/div>","protected":false},"excerpt":{"rendered":"<p>MTR \u2013 MASTER TIRE REPAIR Internationales Expertennetzwerk Unser Master-Tire-Repair-Modell (MTR) garantiert einwandfreie und schnellstm\u00f6gliche Reifenreparaturen. Ein internationales Netzwerk von REMA TIP TOP gepr\u00fcften und zertifizierten Vulkaniseuren, Reifenfachh\u00e4ndlern und Werkst\u00e4tten steht jederzeit bereit, um mit professionellem Know-how und ISO 9001 zertifiziertem Qualit\u00e4ts-Reparaturmaterial die Funktionsf\u00e4higkeit und Lebensdauer Ihrer Reifen zu sichern. Ob Pkw, Lkw, Bus, Land- oder [&hellip;]<\/p>\n","protected":false},"author":1,"featured_media":0,"parent":7360,"menu_order":0,"comment_status":"closed","ping_status":"closed","template":"","meta":{"_acf_changed":false,"footnotes":""},"class_list":["post-7807","page","type-page","status-publish","hentry"],"acf":[],"yoast_head":"<!-- This site is optimized with the Yoast SEO plugin v27.3 - https:\/\/yoast.com\/product\/yoast-seo-wordpress\/ -->\n<title>MTR \u2013 MASTER TIRE REPAIR - REMA TIP TOP<\/title>\n<meta name=\"description\" content=\"MTR \u2013 MASTER TIRE REPAIR von REMA TIP TOP: internationales Netzwerk zertifizierter Partner f\u00fcr schnelle, normgerechte Reifenreparaturen.\" \/>\n<meta name=\"robots\" content=\"index, follow, max-snippet:-1, max-image-preview:large, max-video-preview:-1\" \/>\n<link rel=\"canonical\" href=\"https:\/\/rema-tiptop.de\/en\/products-services\/rema-motion\/products\/service-concepts\/mtr-master-tire-repair\/\" \/>\n<meta property=\"og:locale\" content=\"en_US\" \/>\n<meta property=\"og:type\" content=\"article\" \/>\n<meta property=\"og:title\" content=\"MTR \u2013 MASTER TIRE REPAIR - REMA TIP TOP\" \/>\n<meta property=\"og:description\" content=\"MTR \u2013 MASTER TIRE REPAIR von REMA TIP TOP: internationales Netzwerk zertifizierter Partner f\u00fcr schnelle, normgerechte Reifenreparaturen.\" \/>\n<meta property=\"og:url\" content=\"https:\/\/rema-tiptop.de\/en\/products-services\/rema-motion\/products\/service-concepts\/mtr-master-tire-repair\/\" \/>\n<meta property=\"og:site_name\" content=\"REMA TIP TOP\" \/>\n<meta property=\"article:modified_time\" content=\"2025-11-21T12:27:21+00:00\" \/>\n<meta property=\"og:image\" content=\"https:\/\/staging.rema-tiptop.de\/wp-content\/uploads\/2024\/11\/querformat-allgemein-1024x768.png\" \/>\n<meta name=\"twitter:card\" content=\"summary_large_image\" \/>\n<meta name=\"twitter:label1\" content=\"Est. reading time\" \/>\n\t<meta name=\"twitter:data1\" content=\"1 minute\" \/>\n<script type=\"application\/ld+json\" class=\"yoast-schema-graph\">{\"@context\":\"https:\\\/\\\/schema.org\",\"@graph\":[{\"@type\":\"WebPage\",\"@id\":\"https:\\\/\\\/rema-tiptop.de\\\/produkte-services\\\/rema-motion\\\/produktuebersicht\\\/service-konzepte\\\/mtr-master-tire-repair\\\/\",\"url\":\"https:\\\/\\\/rema-tiptop.de\\\/produkte-services\\\/rema-motion\\\/produktuebersicht\\\/service-konzepte\\\/mtr-master-tire-repair\\\/\",\"name\":\"MTR \u2013 MASTER TIRE REPAIR - REMA TIP TOP\",\"isPartOf\":{\"@id\":\"https:\\\/\\\/rema-tiptop.de\\\/#website\"},\"primaryImageOfPage\":{\"@id\":\"https:\\\/\\\/rema-tiptop.de\\\/produkte-services\\\/rema-motion\\\/produktuebersicht\\\/service-konzepte\\\/mtr-master-tire-repair\\\/#primaryimage\"},\"image\":{\"@id\":\"https:\\\/\\\/rema-tiptop.de\\\/produkte-services\\\/rema-motion\\\/produktuebersicht\\\/service-konzepte\\\/mtr-master-tire-repair\\\/#primaryimage\"},\"thumbnailUrl\":\"https:\\\/\\\/staging.rema-tiptop.de\\\/wp-content\\\/uploads\\\/2024\\\/11\\\/querformat-allgemein-1024x768.png\",\"datePublished\":\"2024-11-25T16:48:34+00:00\",\"dateModified\":\"2025-11-21T12:27:21+00:00\",\"description\":\"MTR \u2013 MASTER TIRE REPAIR von REMA TIP TOP: internationales Netzwerk zertifizierter Partner f\u00fcr schnelle, normgerechte Reifenreparaturen.\",\"breadcrumb\":{\"@id\":\"https:\\\/\\\/rema-tiptop.de\\\/produkte-services\\\/rema-motion\\\/produktuebersicht\\\/service-konzepte\\\/mtr-master-tire-repair\\\/#breadcrumb\"},\"inLanguage\":\"en-US\",\"potentialAction\":[{\"@type\":\"ReadAction\",\"target\":[\"https:\\\/\\\/rema-tiptop.de\\\/produkte-services\\\/rema-motion\\\/produktuebersicht\\\/service-konzepte\\\/mtr-master-tire-repair\\\/\"]}]},{\"@type\":\"ImageObject\",\"inLanguage\":\"en-US\",\"@id\":\"https:\\\/\\\/rema-tiptop.de\\\/produkte-services\\\/rema-motion\\\/produktuebersicht\\\/service-konzepte\\\/mtr-master-tire-repair\\\/#primaryimage\",\"url\":\"https:\\\/\\\/staging.rema-tiptop.de\\\/wp-content\\\/uploads\\\/2024\\\/11\\\/querformat-allgemein-1024x768.png\",\"contentUrl\":\"https:\\\/\\\/staging.rema-tiptop.de\\\/wp-content\\\/uploads\\\/2024\\\/11\\\/querformat-allgemein-1024x768.png\"},{\"@type\":\"BreadcrumbList\",\"@id\":\"https:\\\/\\\/rema-tiptop.de\\\/produkte-services\\\/rema-motion\\\/produktuebersicht\\\/service-konzepte\\\/mtr-master-tire-repair\\\/#breadcrumb\",\"itemListElement\":[{\"@type\":\"ListItem\",\"position\":1,\"name\":\"Startseite\",\"item\":\"https:\\\/\\\/rema-tiptop.de\\\/\"},{\"@type\":\"ListItem\",\"position\":2,\"name\":\"Produkte &amp; Services\",\"item\":\"https:\\\/\\\/rema-tiptop.de\\\/produkte-services\\\/\"},{\"@type\":\"ListItem\",\"position\":3,\"name\":\"REMA Motion\",\"item\":\"https:\\\/\\\/rema-tiptop.de\\\/produkte-services\\\/rema-motion\\\/\"},{\"@type\":\"ListItem\",\"position\":4,\"name\":\"Produkt\u00fcbersicht\",\"item\":\"https:\\\/\\\/rema-tiptop.de\\\/produkte-services\\\/rema-motion\\\/produktuebersicht\\\/\"},{\"@type\":\"ListItem\",\"position\":5,\"name\":\"Service Konzepte\",\"item\":\"https:\\\/\\\/rema-tiptop.de\\\/produkte-services\\\/rema-motion\\\/produktuebersicht\\\/service-konzepte\\\/\"},{\"@type\":\"ListItem\",\"position\":6,\"name\":\"MTR \u2013 MASTER TIRE REPAIR\"}]},{\"@type\":\"WebSite\",\"@id\":\"https:\\\/\\\/rema-tiptop.de\\\/#website\",\"url\":\"https:\\\/\\\/rema-tiptop.de\\\/\",\"name\":\"REMA TIP TOP\",\"description\":\"\",\"publisher\":{\"@id\":\"https:\\\/\\\/rema-tiptop.de\\\/#organization\"},\"potentialAction\":[{\"@type\":\"SearchAction\",\"target\":{\"@type\":\"EntryPoint\",\"urlTemplate\":\"https:\\\/\\\/rema-tiptop.de\\\/?s={search_term_string}\"},\"query-input\":{\"@type\":\"PropertyValueSpecification\",\"valueRequired\":true,\"valueName\":\"search_term_string\"}}],\"inLanguage\":\"en-US\"},{\"@type\":\"Organization\",\"@id\":\"https:\\\/\\\/rema-tiptop.de\\\/#organization\",\"name\":\"REMA TIP TOP\",\"url\":\"https:\\\/\\\/rema-tiptop.de\\\/\",\"logo\":{\"@type\":\"ImageObject\",\"inLanguage\":\"en-US\",\"@id\":\"https:\\\/\\\/rema-tiptop.de\\\/#\\\/schema\\\/logo\\\/image\\\/\",\"url\":\"https:\\\/\\\/rema-tiptop.de\\\/wp-content\\\/uploads\\\/2024\\\/11\\\/rtt-logo-mit-bg.svg\",\"contentUrl\":\"https:\\\/\\\/rema-tiptop.de\\\/wp-content\\\/uploads\\\/2024\\\/11\\\/rtt-logo-mit-bg.svg\",\"width\":108,\"height\":83,\"caption\":\"REMA TIP TOP\"},\"image\":{\"@id\":\"https:\\\/\\\/rema-tiptop.de\\\/#\\\/schema\\\/logo\\\/image\\\/\"}}]}<\/script>\n<!-- \/ Yoast SEO plugin. -->","yoast_head_json":{"title":"MTR \u2013 MASTER TIRE REPAIR - REMA TIP TOP","description":"MTR \u2013 MASTER TIRE REPAIR by REMA TIP TOP: international network of certified partners for fast, standard-compliant tire repairs.","robots":{"index":"index","follow":"follow","max-snippet":"max-snippet:-1","max-image-preview":"max-image-preview:large","max-video-preview":"max-video-preview:-1"},"canonical":"https:\/\/rema-tiptop.de\/en\/products-services\/rema-motion\/products\/service-concepts\/mtr-master-tire-repair\/","og_locale":"en_US","og_type":"article","og_title":"MTR \u2013 MASTER TIRE REPAIR - REMA TIP TOP","og_description":"MTR \u2013 MASTER TIRE REPAIR von REMA TIP TOP: internationales Netzwerk zertifizierter Partner f\u00fcr schnelle, normgerechte Reifenreparaturen.","og_url":"https:\/\/rema-tiptop.de\/en\/products-services\/rema-motion\/products\/service-concepts\/mtr-master-tire-repair\/","og_site_name":"REMA TIP TOP","article_modified_time":"2025-11-21T12:27:21+00:00","og_image":[{"url":"https:\/\/staging.rema-tiptop.de\/wp-content\/uploads\/2024\/11\/querformat-allgemein-1024x768.png","type":"","width":"","height":""}],"twitter_card":"summary_large_image","twitter_misc":{"Est. reading time":"1 minute"},"schema":{"@context":"https:\/\/schema.org","@graph":[{"@type":"WebPage","@id":"https:\/\/rema-tiptop.de\/produkte-services\/rema-motion\/produktuebersicht\/service-konzepte\/mtr-master-tire-repair\/","url":"https:\/\/rema-tiptop.de\/produkte-services\/rema-motion\/produktuebersicht\/service-konzepte\/mtr-master-tire-repair\/","name":"MTR \u2013 MASTER TIRE REPAIR - REMA TIP TOP","isPartOf":{"@id":"https:\/\/rema-tiptop.de\/#website"},"primaryImageOfPage":{"@id":"https:\/\/rema-tiptop.de\/produkte-services\/rema-motion\/produktuebersicht\/service-konzepte\/mtr-master-tire-repair\/#primaryimage"},"image":{"@id":"https:\/\/rema-tiptop.de\/produkte-services\/rema-motion\/produktuebersicht\/service-konzepte\/mtr-master-tire-repair\/#primaryimage"},"thumbnailUrl":"https:\/\/staging.rema-tiptop.de\/wp-content\/uploads\/2024\/11\/querformat-allgemein-1024x768.png","datePublished":"2024-11-25T16:48:34+00:00","dateModified":"2025-11-21T12:27:21+00:00","description":"MTR \u2013 MASTER TIRE REPAIR by REMA TIP TOP: international network of certified partners for fast, standard-compliant tire repairs.","breadcrumb":{"@id":"https:\/\/rema-tiptop.de\/produkte-services\/rema-motion\/produktuebersicht\/service-konzepte\/mtr-master-tire-repair\/#breadcrumb"},"inLanguage":"en-US","potentialAction":[{"@type":"ReadAction","target":["https:\/\/rema-tiptop.de\/produkte-services\/rema-motion\/produktuebersicht\/service-konzepte\/mtr-master-tire-repair\/"]}]},{"@type":"ImageObject","inLanguage":"en-US","@id":"https:\/\/rema-tiptop.de\/produkte-services\/rema-motion\/produktuebersicht\/service-konzepte\/mtr-master-tire-repair\/#primaryimage","url":"https:\/\/staging.rema-tiptop.de\/wp-content\/uploads\/2024\/11\/querformat-allgemein-1024x768.png","contentUrl":"https:\/\/staging.rema-tiptop.de\/wp-content\/uploads\/2024\/11\/querformat-allgemein-1024x768.png"},{"@type":"BreadcrumbList","@id":"https:\/\/rema-tiptop.de\/produkte-services\/rema-motion\/produktuebersicht\/service-konzepte\/mtr-master-tire-repair\/#breadcrumb","itemListElement":[{"@type":"ListItem","position":1,"name":"Startseite","item":"https:\/\/rema-tiptop.de\/"},{"@type":"ListItem","position":2,"name":"Produkte &amp; Services","item":"https:\/\/rema-tiptop.de\/produkte-services\/"},{"@type":"ListItem","position":3,"name":"REMA Motion","item":"https:\/\/rema-tiptop.de\/produkte-services\/rema-motion\/"},{"@type":"ListItem","position":4,"name":"Produkt\u00fcbersicht","item":"https:\/\/rema-tiptop.de\/produkte-services\/rema-motion\/produktuebersicht\/"},{"@type":"ListItem","position":5,"name":"Service Konzepte","item":"https:\/\/rema-tiptop.de\/produkte-services\/rema-motion\/produktuebersicht\/service-konzepte\/"},{"@type":"ListItem","position":6,"name":"MTR \u2013 MASTER TIRE REPAIR"}]},{"@type":"WebSite","@id":"https:\/\/rema-tiptop.de\/#website","url":"https:\/\/rema-tiptop.de\/","name":"REMA TIP TOP","description":"","publisher":{"@id":"https:\/\/rema-tiptop.de\/#organization"},"potentialAction":[{"@type":"SearchAction","target":{"@type":"EntryPoint","urlTemplate":"https:\/\/rema-tiptop.de\/?s={search_term_string}"},"query-input":{"@type":"PropertyValueSpecification","valueRequired":true,"valueName":"search_term_string"}}],"inLanguage":"en-US"},{"@type":"Organization","@id":"https:\/\/rema-tiptop.de\/#organization","name":"REMA TIP TOP","url":"https:\/\/rema-tiptop.de\/","logo":{"@type":"ImageObject","inLanguage":"en-US","@id":"https:\/\/rema-tiptop.de\/#\/schema\/logo\/image\/","url":"https:\/\/rema-tiptop.de\/wp-content\/uploads\/2024\/11\/rtt-logo-mit-bg.svg","contentUrl":"https:\/\/rema-tiptop.de\/wp-content\/uploads\/2024\/11\/rtt-logo-mit-bg.svg","width":108,"height":83,"caption":"REMA TIP TOP"},"image":{"@id":"https:\/\/rema-tiptop.de\/#\/schema\/logo\/image\/"}}]}},"_links":{"self":[{"href":"https:\/\/rema-tiptop.de\/en\/wp-json\/wp\/v2\/pages\/7807","targetHints":{"allow":["GET"]}}],"collection":[{"href":"https:\/\/rema-tiptop.de\/en\/wp-json\/wp\/v2\/pages"}],"about":[{"href":"https:\/\/rema-tiptop.de\/en\/wp-json\/wp\/v2\/types\/page"}],"author":[{"embeddable":true,"href":"https:\/\/rema-tiptop.de\/en\/wp-json\/wp\/v2\/users\/1"}],"replies":[{"embeddable":true,"href":"https:\/\/rema-tiptop.de\/en\/wp-json\/wp\/v2\/comments?post=7807"}],"version-history":[{"count":10,"href":"https:\/\/rema-tiptop.de\/en\/wp-json\/wp\/v2\/pages\/7807\/revisions"}],"predecessor-version":[{"id":20431,"href":"https:\/\/rema-tiptop.de\/en\/wp-json\/wp\/v2\/pages\/7807\/revisions\/20431"}],"up":[{"embeddable":true,"href":"https:\/\/rema-tiptop.de\/en\/wp-json\/wp\/v2\/pages\/7360"}],"wp:attachment":[{"href":"https:\/\/rema-tiptop.de\/en\/wp-json\/wp\/v2\/media?parent=7807"}],"curies":[{"name":"wp","href":"https:\/\/api.w.org\/{rel}","templated":true}]}}