{"id":7828,"date":"2024-11-25T18:08:02","date_gmt":"2024-11-25T17:08:02","guid":{"rendered":"https:\/\/cgav1103ds.tiptop.de\/?page_id=7828"},"modified":"2025-11-21T12:49:23","modified_gmt":"2025-11-21T11:49:23","slug":"mounting-cream","status":"publish","type":"page","link":"https:\/\/rema-tiptop.de\/en\/products-services\/rema-motion\/products\/tire-mounting\/mounting-cream\/","title":{"rendered":"Mounting Cream"},"content":{"rendered":"<div data-elementor-type=\"wp-page\" data-elementor-id=\"7828\" class=\"elementor elementor-7828\" data-elementor-post-type=\"page\">\n\t\t\t\t<div class=\"elementor-element elementor-element-742184c4 e-flex e-con-boxed e-con e-parent\" data-id=\"742184c4\" data-element_type=\"container\" data-e-type=\"container\" data-settings=\"{&quot;background_background&quot;:&quot;classic&quot;}\">\n\t\t\t\t\t<div class=\"e-con-inner\">\n\t\t<div class=\"elementor-element elementor-element-2da49c3e e-con-full e-flex e-con e-child\" data-id=\"2da49c3e\" data-element_type=\"container\" data-e-type=\"container\">\n\t\t\t\t<div class=\"elementor-element elementor-element-40e6e108 elementor-widget elementor-widget-heading\" data-id=\"40e6e108\" data-element_type=\"widget\" data-e-type=\"widget\" data-widget_type=\"heading.default\">\n\t\t\t\t<div class=\"elementor-widget-container\">\n\t\t\t\t\t<h1 class=\"elementor-heading-title elementor-size-default\">Mounting Cream<\/h1>\t\t\t\t<\/div>\n\t\t\t\t<\/div>\n\t\t\t\t<\/div>\n\t\t<div class=\"elementor-element elementor-element-6eee6cef e-con-full e-flex e-con e-child\" data-id=\"6eee6cef\" data-element_type=\"container\" data-e-type=\"container\">\n\t\t\t\t<div class=\"elementor-element elementor-element-3c26e87d elementor-widget elementor-widget-image\" data-id=\"3c26e87d\" data-element_type=\"widget\" data-e-type=\"widget\" data-widget_type=\"image.default\">\n\t\t\t\t<div class=\"elementor-widget-container\">\n\t\t\t\t\t\t\t\t\t\t\t\t\t\t\t<img fetchpriority=\"high\" decoding=\"async\" width=\"1024\" height=\"768\" src=\"https:\/\/rema-tiptop.de\/wp-content\/uploads\/2024\/12\/rema-motion-reifenmontage-montagecreme-1024x768.webp\" class=\"attachment-large size-large wp-image-14142\" alt=\"Image of REMA MOTION tire mounting mounting cream\" srcset=\"https:\/\/rema-tiptop.de\/wp-content\/uploads\/2024\/12\/rema-motion-reifenmontage-montagecreme-1024x768.webp 1024w, https:\/\/rema-tiptop.de\/wp-content\/uploads\/2024\/12\/rema-motion-reifenmontage-montagecreme-300x225.webp 300w, https:\/\/rema-tiptop.de\/wp-content\/uploads\/2024\/12\/rema-motion-reifenmontage-montagecreme-768x576.webp 768w, https:\/\/rema-tiptop.de\/wp-content\/uploads\/2024\/12\/rema-motion-reifenmontage-montagecreme-1536x1152.webp 1536w, https:\/\/rema-tiptop.de\/wp-content\/uploads\/2024\/12\/rema-motion-reifenmontage-montagecreme-16x12.webp 16w, https:\/\/rema-tiptop.de\/wp-content\/uploads\/2024\/12\/rema-motion-reifenmontage-montagecreme.webp 2000w\" sizes=\"(max-width: 1024px) 100vw, 1024px\" \/>\t\t\t\t\t\t\t\t\t\t\t\t\t\t\t<\/div>\n\t\t\t\t<\/div>\n\t\t\t\t<\/div>\n\t\t\t\t\t<\/div>\n\t\t\t\t<\/div>\n\t\t<div class=\"elementor-element elementor-element-4e9e29fe e-flex e-con-boxed e-con e-parent\" data-id=\"4e9e29fe\" data-element_type=\"container\" data-e-type=\"container\" data-settings=\"{&quot;background_background&quot;:&quot;classic&quot;}\">\n\t\t\t\t\t<div class=\"e-con-inner\">\n\t\t\t\t<div class=\"elementor-element elementor-element-4b3df43 elementor-widget elementor-widget-heading\" data-id=\"4b3df43\" data-element_type=\"widget\" data-e-type=\"widget\" data-widget_type=\"heading.default\">\n\t\t\t\t<div class=\"elementor-widget-container\">\n\t\t\t\t\t<h2 class=\"elementor-heading-title elementor-size-default\">Fast Application to Large Areas<\/h2>\t\t\t\t<\/div>\n\t\t\t\t<\/div>\n\t\t\t\t<div class=\"elementor-element elementor-element-5b0818bc elementor-widget elementor-widget-text-editor\" data-id=\"5b0818bc\" data-element_type=\"widget\" data-e-type=\"widget\" data-widget_type=\"text-editor.default\">\n\t\t\t\t<div class=\"elementor-widget-container\">\n\t\t\t\t\t\t\t\t\t<p style=\"font-weight: 400\">For more specific applications, we offer mounting creams. A cream-like viscosity allows for quick application to large areas. The advantage of using a cream is that it can be easily applied in large quantities with a brush and spread evenly.<\/p>\t\t\t\t\t\t\t\t<\/div>\n\t\t\t\t<\/div>\n\t\t\t\t\t<\/div>\n\t\t\t\t<\/div>\n\t\t<div class=\"elementor-element elementor-element-8a2fdb4 e-flex e-con-boxed e-con e-parent\" data-id=\"8a2fdb4\" data-element_type=\"container\" data-e-type=\"container\" data-settings=\"{&quot;background_background&quot;:&quot;classic&quot;}\">\n\t\t\t\t\t<div class=\"e-con-inner\">\n\t\t\t\t<div class=\"elementor-element elementor-element-53e0619e elementor-widget elementor-widget-heading\" data-id=\"53e0619e\" data-element_type=\"widget\" data-e-type=\"widget\" data-widget_type=\"heading.default\">\n\t\t\t\t<div class=\"elementor-widget-container\">\n\t\t\t\t\t<h2 class=\"elementor-heading-title elementor-size-default\">Have we piqued your interest?<\/h2>\t\t\t\t<\/div>\n\t\t\t\t<\/div>\n\t\t\t\t<div class=\"elementor-element elementor-element-75b71fd4 elementor-widget elementor-widget-text-editor\" data-id=\"75b71fd4\" data-element_type=\"widget\" data-e-type=\"widget\" data-widget_type=\"text-editor.default\">\n\t\t\t\t<div class=\"elementor-widget-container\">\n\t\t\t\t\t\t\t\t\t<p>Check out our product catalog for more information.<\/p>\t\t\t\t\t\t\t\t<\/div>\n\t\t\t\t<\/div>\n\t\t\t\t<div class=\"elementor-element elementor-element-528ab3e8 rema-button elementor-widget elementor-widget-button\" data-id=\"528ab3e8\" data-element_type=\"widget\" data-e-type=\"widget\" data-widget_type=\"button.default\">\n\t\t\t\t<div class=\"elementor-widget-container\">\n\t\t\t\t\t\t\t\t\t<div class=\"elementor-button-wrapper\">\n\t\t\t\t\t<a class=\"elementor-button elementor-button-link elementor-size-sm\" href=\"https:\/\/kis.rema-tiptop.net\/catalog\/RTT\/Catalog.aspx?LanguageID=EN&amp;L=2&amp;LL=N&amp;GLS0=1\" target=\"_blank\">\n\t\t\t\t\t\t<span class=\"elementor-button-content-wrapper\">\n\t\t\t\t\t\t\t\t\t<span class=\"elementor-button-text\">Product catalog<\/span>\n\t\t\t\t\t<\/span>\n\t\t\t\t\t<\/a>\n\t\t\t\t<\/div>\n\t\t\t\t\t\t\t\t<\/div>\n\t\t\t\t<\/div>\n\t\t\t\t\t<\/div>\n\t\t\t\t<\/div>\n\t\t<div class=\"elementor-element elementor-element-5549c0e4 e-con-full e-flex e-con e-parent\" data-id=\"5549c0e4\" data-element_type=\"container\" data-e-type=\"container\" data-settings=\"{&quot;background_background&quot;:&quot;classic&quot;}\">\n\t\t<div class=\"elementor-element elementor-element-324da263 e-con-full e-flex e-con e-child\" data-id=\"324da263\" data-element_type=\"container\" data-e-type=\"container\" data-settings=\"{&quot;background_background&quot;:&quot;classic&quot;}\">\n\t\t<div class=\"elementor-element elementor-element-43b8d734 e-con-full cta-inner e-flex e-con e-child\" data-id=\"43b8d734\" data-element_type=\"container\" data-e-type=\"container\">\n\t\t\t\t<div class=\"elementor-element elementor-element-34265faa elementor-widget__width-initial elementor-widget elementor-widget-heading\" data-id=\"34265faa\" data-element_type=\"widget\" data-e-type=\"widget\" data-widget_type=\"heading.default\">\n\t\t\t\t<div class=\"elementor-widget-container\">\n\t\t\t\t\t<h2 class=\"elementor-heading-title elementor-size-default\">Your local contact<\/h2>\t\t\t\t<\/div>\n\t\t\t\t<\/div>\n\t\t\t\t<div class=\"elementor-element elementor-element-7c2a75e7 elementor-widget elementor-widget-text-editor\" data-id=\"7c2a75e7\" data-element_type=\"widget\" data-e-type=\"widget\" data-widget_type=\"text-editor.default\">\n\t\t\t\t<div class=\"elementor-widget-container\">\n\t\t\t\t\t\t\t\t\t<p style=\"font-weight: 400\">We are close to you \u2013 worldwide.<\/p><p style=\"font-weight: 400\">With our contact finder you will find local REMAsters that match your requirements. \nWe look forward to hearing from you!<\/p>\t\t\t\t\t\t\t\t<\/div>\n\t\t\t\t<\/div>\n\t\t\t\t<div class=\"elementor-element elementor-element-70511024 elementor-align-center rema-button contact-button elementor-widget elementor-widget-button\" data-id=\"70511024\" data-element_type=\"widget\" data-e-type=\"widget\" data-widget_type=\"button.default\">\n\t\t\t\t<div class=\"elementor-widget-container\">\n\t\t\t\t\t\t\t\t\t<div class=\"elementor-button-wrapper\">\n\t\t\t\t\t<a class=\"elementor-button elementor-button-link elementor-size-sm\" href=\"https:\/\/rema-tiptop.de\/en\/contact-finder\/\">\n\t\t\t\t\t\t<span class=\"elementor-button-content-wrapper\">\n\t\t\t\t\t\t\t\t\t<span class=\"elementor-button-text\">Find your local contact<\/span>\n\t\t\t\t\t<\/span>\n\t\t\t\t\t<\/a>\n\t\t\t\t<\/div>\n\t\t\t\t\t\t\t\t<\/div>\n\t\t\t\t<\/div>\n\t\t\t\t<\/div>\n\t\t\t\t<\/div>\n\t\t<div class=\"elementor-element elementor-element-4cd4141d e-con-full e-flex e-con e-child\" data-id=\"4cd4141d\" data-element_type=\"container\" data-e-type=\"container\">\n\t\t\t\t<\/div>\n\t\t<div class=\"elementor-element elementor-element-41e2de9e e-con-full elementor-hidden-desktop elementor-hidden-tablet e-flex e-con e-child\" data-id=\"41e2de9e\" data-element_type=\"container\" data-e-type=\"container\" data-settings=\"{&quot;background_background&quot;:&quot;classic&quot;}\">\n\t\t\t\t<\/div>\n\t\t\t\t<\/div>\n\t\t\t\t<\/div>","protected":false},"excerpt":{"rendered":"<p>Montagecreme Schnelle Anwendung auf gro\u00dfen Fl\u00e4chen F\u00fcr spezielle Anwendungen bieten wir Montagecremes. Eine cremeartige Viskosit\u00e4t erm\u00f6glicht schnelles Auftragen auf gro\u00dfen Fl\u00e4chen: sie kann leicht in gro\u00dfen Mengen mit einem Pinsel aufgetragen und gleichm\u00e4\u00dfig verteilt werden. Haben wir Ihr Interesse geweckt? Detaillierte Informationen finden Sie in unserem Produktkatalog. Weiter zum Produktkatalog Ihr Kontakt zu uns Wo [&hellip;]<\/p>\n","protected":false},"author":1,"featured_media":0,"parent":7382,"menu_order":0,"comment_status":"closed","ping_status":"closed","template":"","meta":{"_acf_changed":false,"footnotes":""},"class_list":["post-7828","page","type-page","status-publish","hentry"],"acf":[],"yoast_head":"<!-- This site is optimized with the Yoast SEO plugin v27.3 - https:\/\/yoast.com\/product\/yoast-seo-wordpress\/ -->\n<title>Montagecremes f\u00fcr gro\u00dfe Fl\u00e4chen<\/title>\n<meta name=\"description\" content=\"REMA TIP TOP Montagecreme: cremeartige Reifenmontagepaste f\u00fcr schnelles Auftragen auf gro\u00dfen Fl\u00e4chen \u2013 ideal f\u00fcr spezielle Anwendungen.\" \/>\n<meta name=\"robots\" content=\"index, follow, max-snippet:-1, max-image-preview:large, max-video-preview:-1\" \/>\n<link rel=\"canonical\" href=\"https:\/\/rema-tiptop.de\/en\/products-services\/rema-motion\/products\/tire-mounting\/mounting-cream\/\" \/>\n<meta property=\"og:locale\" content=\"en_US\" \/>\n<meta property=\"og:type\" content=\"article\" \/>\n<meta property=\"og:title\" content=\"Montagecremes f\u00fcr gro\u00dfe Fl\u00e4chen\" \/>\n<meta property=\"og:description\" content=\"REMA TIP TOP Montagecreme: cremeartige Reifenmontagepaste f\u00fcr schnelles Auftragen auf gro\u00dfen Fl\u00e4chen \u2013 ideal f\u00fcr spezielle Anwendungen.\" \/>\n<meta property=\"og:url\" content=\"https:\/\/rema-tiptop.de\/en\/products-services\/rema-motion\/products\/tire-mounting\/mounting-cream\/\" \/>\n<meta property=\"og:site_name\" content=\"REMA TIP TOP\" \/>\n<meta property=\"article:modified_time\" content=\"2025-11-21T11:49:23+00:00\" \/>\n<meta property=\"og:image\" content=\"https:\/\/rema-tiptop.de\/wp-content\/uploads\/2024\/12\/rema-motion-reifenmontage-montagecreme-1024x768.webp\" \/>\n<meta name=\"twitter:card\" content=\"summary_large_image\" \/>\n<meta name=\"twitter:label1\" content=\"Est. reading time\" \/>\n\t<meta name=\"twitter:data1\" content=\"1 minute\" \/>\n<script type=\"application\/ld+json\" class=\"yoast-schema-graph\">{\"@context\":\"https:\\\/\\\/schema.org\",\"@graph\":[{\"@type\":\"WebPage\",\"@id\":\"https:\\\/\\\/rema-tiptop.de\\\/produkte-services\\\/rema-motion\\\/produktuebersicht\\\/reifenmontage\\\/montagecreme\\\/\",\"url\":\"https:\\\/\\\/rema-tiptop.de\\\/produkte-services\\\/rema-motion\\\/produktuebersicht\\\/reifenmontage\\\/montagecreme\\\/\",\"name\":\"Montagecremes f\u00fcr gro\u00dfe Fl\u00e4chen\",\"isPartOf\":{\"@id\":\"https:\\\/\\\/rema-tiptop.de\\\/#website\"},\"primaryImageOfPage\":{\"@id\":\"https:\\\/\\\/rema-tiptop.de\\\/produkte-services\\\/rema-motion\\\/produktuebersicht\\\/reifenmontage\\\/montagecreme\\\/#primaryimage\"},\"image\":{\"@id\":\"https:\\\/\\\/rema-tiptop.de\\\/produkte-services\\\/rema-motion\\\/produktuebersicht\\\/reifenmontage\\\/montagecreme\\\/#primaryimage\"},\"thumbnailUrl\":\"https:\\\/\\\/rema-tiptop.de\\\/wp-content\\\/uploads\\\/2024\\\/12\\\/rema-motion-reifenmontage-montagecreme-1024x768.webp\",\"datePublished\":\"2024-11-25T17:08:02+00:00\",\"dateModified\":\"2025-11-21T11:49:23+00:00\",\"description\":\"REMA TIP TOP Montagecreme: cremeartige Reifenmontagepaste f\u00fcr schnelles Auftragen auf gro\u00dfen Fl\u00e4chen \u2013 ideal f\u00fcr spezielle Anwendungen.\",\"breadcrumb\":{\"@id\":\"https:\\\/\\\/rema-tiptop.de\\\/produkte-services\\\/rema-motion\\\/produktuebersicht\\\/reifenmontage\\\/montagecreme\\\/#breadcrumb\"},\"inLanguage\":\"en-US\",\"potentialAction\":[{\"@type\":\"ReadAction\",\"target\":[\"https:\\\/\\\/rema-tiptop.de\\\/produkte-services\\\/rema-motion\\\/produktuebersicht\\\/reifenmontage\\\/montagecreme\\\/\"]}]},{\"@type\":\"ImageObject\",\"inLanguage\":\"en-US\",\"@id\":\"https:\\\/\\\/rema-tiptop.de\\\/produkte-services\\\/rema-motion\\\/produktuebersicht\\\/reifenmontage\\\/montagecreme\\\/#primaryimage\",\"url\":\"https:\\\/\\\/rema-tiptop.de\\\/wp-content\\\/uploads\\\/2024\\\/12\\\/rema-motion-reifenmontage-montagecreme-1024x768.webp\",\"contentUrl\":\"https:\\\/\\\/rema-tiptop.de\\\/wp-content\\\/uploads\\\/2024\\\/12\\\/rema-motion-reifenmontage-montagecreme-1024x768.webp\"},{\"@type\":\"BreadcrumbList\",\"@id\":\"https:\\\/\\\/rema-tiptop.de\\\/produkte-services\\\/rema-motion\\\/produktuebersicht\\\/reifenmontage\\\/montagecreme\\\/#breadcrumb\",\"itemListElement\":[{\"@type\":\"ListItem\",\"position\":1,\"name\":\"Startseite\",\"item\":\"https:\\\/\\\/rema-tiptop.de\\\/\"},{\"@type\":\"ListItem\",\"position\":2,\"name\":\"Produkte &amp; Services\",\"item\":\"https:\\\/\\\/rema-tiptop.de\\\/produkte-services\\\/\"},{\"@type\":\"ListItem\",\"position\":3,\"name\":\"REMA Motion\",\"item\":\"https:\\\/\\\/rema-tiptop.de\\\/produkte-services\\\/rema-motion\\\/\"},{\"@type\":\"ListItem\",\"position\":4,\"name\":\"Produkt\u00fcbersicht\",\"item\":\"https:\\\/\\\/rema-tiptop.de\\\/produkte-services\\\/rema-motion\\\/produktuebersicht\\\/\"},{\"@type\":\"ListItem\",\"position\":5,\"name\":\"Reifenmontage\",\"item\":\"https:\\\/\\\/rema-tiptop.de\\\/produkte-services\\\/rema-motion\\\/produktuebersicht\\\/reifenmontage\\\/\"},{\"@type\":\"ListItem\",\"position\":6,\"name\":\"Montagecreme\"}]},{\"@type\":\"WebSite\",\"@id\":\"https:\\\/\\\/rema-tiptop.de\\\/#website\",\"url\":\"https:\\\/\\\/rema-tiptop.de\\\/\",\"name\":\"REMA TIP TOP\",\"description\":\"\",\"publisher\":{\"@id\":\"https:\\\/\\\/rema-tiptop.de\\\/#organization\"},\"potentialAction\":[{\"@type\":\"SearchAction\",\"target\":{\"@type\":\"EntryPoint\",\"urlTemplate\":\"https:\\\/\\\/rema-tiptop.de\\\/?s={search_term_string}\"},\"query-input\":{\"@type\":\"PropertyValueSpecification\",\"valueRequired\":true,\"valueName\":\"search_term_string\"}}],\"inLanguage\":\"en-US\"},{\"@type\":\"Organization\",\"@id\":\"https:\\\/\\\/rema-tiptop.de\\\/#organization\",\"name\":\"REMA TIP TOP\",\"url\":\"https:\\\/\\\/rema-tiptop.de\\\/\",\"logo\":{\"@type\":\"ImageObject\",\"inLanguage\":\"en-US\",\"@id\":\"https:\\\/\\\/rema-tiptop.de\\\/#\\\/schema\\\/logo\\\/image\\\/\",\"url\":\"https:\\\/\\\/rema-tiptop.de\\\/wp-content\\\/uploads\\\/2024\\\/11\\\/rtt-logo-mit-bg.svg\",\"contentUrl\":\"https:\\\/\\\/rema-tiptop.de\\\/wp-content\\\/uploads\\\/2024\\\/11\\\/rtt-logo-mit-bg.svg\",\"width\":108,\"height\":83,\"caption\":\"REMA TIP TOP\"},\"image\":{\"@id\":\"https:\\\/\\\/rema-tiptop.de\\\/#\\\/schema\\\/logo\\\/image\\\/\"}}]}<\/script>\n<!-- \/ Yoast SEO plugin. -->","yoast_head_json":{"title":"Mounting Cream - REMA TIP TOP","description":"REMA TIP TOP Mounting Cream: cream-like tire mounting paste for quick application on large surfaces \u2013 ideal for special applications.","robots":{"index":"index","follow":"follow","max-snippet":"max-snippet:-1","max-image-preview":"max-image-preview:large","max-video-preview":"max-video-preview:-1"},"canonical":"https:\/\/rema-tiptop.de\/en\/products-services\/rema-motion\/products\/tire-mounting\/mounting-cream\/","og_locale":"en_US","og_type":"article","og_title":"Montagecremes f\u00fcr gro\u00dfe Fl\u00e4chen","og_description":"REMA TIP TOP Montagecreme: cremeartige Reifenmontagepaste f\u00fcr schnelles Auftragen auf gro\u00dfen Fl\u00e4chen \u2013 ideal f\u00fcr spezielle Anwendungen.","og_url":"https:\/\/rema-tiptop.de\/en\/products-services\/rema-motion\/products\/tire-mounting\/mounting-cream\/","og_site_name":"REMA TIP TOP","article_modified_time":"2025-11-21T11:49:23+00:00","og_image":[{"url":"https:\/\/rema-tiptop.de\/wp-content\/uploads\/2024\/12\/rema-motion-reifenmontage-montagecreme-1024x768.webp","type":"","width":"","height":""}],"twitter_card":"summary_large_image","twitter_misc":{"Est. reading time":"1 minute"},"schema":{"@context":"https:\/\/schema.org","@graph":[{"@type":"WebPage","@id":"https:\/\/rema-tiptop.de\/produkte-services\/rema-motion\/produktuebersicht\/reifenmontage\/montagecreme\/","url":"https:\/\/rema-tiptop.de\/produkte-services\/rema-motion\/produktuebersicht\/reifenmontage\/montagecreme\/","name":"Mounting Cream - REMA TIP TOP","isPartOf":{"@id":"https:\/\/rema-tiptop.de\/#website"},"primaryImageOfPage":{"@id":"https:\/\/rema-tiptop.de\/produkte-services\/rema-motion\/produktuebersicht\/reifenmontage\/montagecreme\/#primaryimage"},"image":{"@id":"https:\/\/rema-tiptop.de\/produkte-services\/rema-motion\/produktuebersicht\/reifenmontage\/montagecreme\/#primaryimage"},"thumbnailUrl":"https:\/\/rema-tiptop.de\/wp-content\/uploads\/2024\/12\/rema-motion-reifenmontage-montagecreme-1024x768.webp","datePublished":"2024-11-25T17:08:02+00:00","dateModified":"2025-11-21T11:49:23+00:00","description":"REMA TIP TOP Mounting Cream: cream-like tire mounting paste for quick application on large surfaces \u2013 ideal for special applications.","breadcrumb":{"@id":"https:\/\/rema-tiptop.de\/produkte-services\/rema-motion\/produktuebersicht\/reifenmontage\/montagecreme\/#breadcrumb"},"inLanguage":"en-US","potentialAction":[{"@type":"ReadAction","target":["https:\/\/rema-tiptop.de\/produkte-services\/rema-motion\/produktuebersicht\/reifenmontage\/montagecreme\/"]}]},{"@type":"ImageObject","inLanguage":"en-US","@id":"https:\/\/rema-tiptop.de\/produkte-services\/rema-motion\/produktuebersicht\/reifenmontage\/montagecreme\/#primaryimage","url":"https:\/\/rema-tiptop.de\/wp-content\/uploads\/2024\/12\/rema-motion-reifenmontage-montagecreme-1024x768.webp","contentUrl":"https:\/\/rema-tiptop.de\/wp-content\/uploads\/2024\/12\/rema-motion-reifenmontage-montagecreme-1024x768.webp"},{"@type":"BreadcrumbList","@id":"https:\/\/rema-tiptop.de\/produkte-services\/rema-motion\/produktuebersicht\/reifenmontage\/montagecreme\/#breadcrumb","itemListElement":[{"@type":"ListItem","position":1,"name":"Startseite","item":"https:\/\/rema-tiptop.de\/"},{"@type":"ListItem","position":2,"name":"Produkte &amp; Services","item":"https:\/\/rema-tiptop.de\/produkte-services\/"},{"@type":"ListItem","position":3,"name":"REMA Motion","item":"https:\/\/rema-tiptop.de\/produkte-services\/rema-motion\/"},{"@type":"ListItem","position":4,"name":"Produkt\u00fcbersicht","item":"https:\/\/rema-tiptop.de\/produkte-services\/rema-motion\/produktuebersicht\/"},{"@type":"ListItem","position":5,"name":"Reifenmontage","item":"https:\/\/rema-tiptop.de\/produkte-services\/rema-motion\/produktuebersicht\/reifenmontage\/"},{"@type":"ListItem","position":6,"name":"Montagecreme"}]},{"@type":"WebSite","@id":"https:\/\/rema-tiptop.de\/#website","url":"https:\/\/rema-tiptop.de\/","name":"REMA TIP TOP","description":"","publisher":{"@id":"https:\/\/rema-tiptop.de\/#organization"},"potentialAction":[{"@type":"SearchAction","target":{"@type":"EntryPoint","urlTemplate":"https:\/\/rema-tiptop.de\/?s={search_term_string}"},"query-input":{"@type":"PropertyValueSpecification","valueRequired":true,"valueName":"search_term_string"}}],"inLanguage":"en-US"},{"@type":"Organization","@id":"https:\/\/rema-tiptop.de\/#organization","name":"REMA TIP TOP","url":"https:\/\/rema-tiptop.de\/","logo":{"@type":"ImageObject","inLanguage":"en-US","@id":"https:\/\/rema-tiptop.de\/#\/schema\/logo\/image\/","url":"https:\/\/rema-tiptop.de\/wp-content\/uploads\/2024\/11\/rtt-logo-mit-bg.svg","contentUrl":"https:\/\/rema-tiptop.de\/wp-content\/uploads\/2024\/11\/rtt-logo-mit-bg.svg","width":108,"height":83,"caption":"REMA TIP TOP"},"image":{"@id":"https:\/\/rema-tiptop.de\/#\/schema\/logo\/image\/"}}]}},"_links":{"self":[{"href":"https:\/\/rema-tiptop.de\/en\/wp-json\/wp\/v2\/pages\/7828","targetHints":{"allow":["GET"]}}],"collection":[{"href":"https:\/\/rema-tiptop.de\/en\/wp-json\/wp\/v2\/pages"}],"about":[{"href":"https:\/\/rema-tiptop.de\/en\/wp-json\/wp\/v2\/types\/page"}],"author":[{"embeddable":true,"href":"https:\/\/rema-tiptop.de\/en\/wp-json\/wp\/v2\/users\/1"}],"replies":[{"embeddable":true,"href":"https:\/\/rema-tiptop.de\/en\/wp-json\/wp\/v2\/comments?post=7828"}],"version-history":[{"count":18,"href":"https:\/\/rema-tiptop.de\/en\/wp-json\/wp\/v2\/pages\/7828\/revisions"}],"predecessor-version":[{"id":20420,"href":"https:\/\/rema-tiptop.de\/en\/wp-json\/wp\/v2\/pages\/7828\/revisions\/20420"}],"up":[{"embeddable":true,"href":"https:\/\/rema-tiptop.de\/en\/wp-json\/wp\/v2\/pages\/7382"}],"wp:attachment":[{"href":"https:\/\/rema-tiptop.de\/en\/wp-json\/wp\/v2\/media?parent=7828"}],"curies":[{"name":"wp","href":"https:\/\/api.w.org\/{rel}","templated":true}]}}