{"id":7968,"date":"2024-11-27T10:02:16","date_gmt":"2024-11-27T09:02:16","guid":{"rendered":"https:\/\/cgav1103ds.tiptop.de\/?page_id=7968"},"modified":"2025-11-24T15:50:34","modified_gmt":"2025-11-24T14:50:34","slug":"code-of-conduct","status":"publish","type":"page","link":"https:\/\/rema-tiptop.de\/en\/company\/compliance\/code-of-conduct\/","title":{"rendered":"Code of Conduct"},"content":{"rendered":"<div data-elementor-type=\"wp-page\" data-elementor-id=\"7968\" class=\"elementor elementor-7968\" data-elementor-post-type=\"page\">\n\t\t\t\t<div class=\"elementor-element elementor-element-42cd9d4d e-flex e-con-boxed e-con e-parent\" data-id=\"42cd9d4d\" data-element_type=\"container\" data-e-type=\"container\" data-settings=\"{&quot;background_background&quot;:&quot;classic&quot;}\">\n\t\t\t\t\t<div class=\"e-con-inner\">\n\t\t<div class=\"elementor-element elementor-element-3d0173ee e-con-full e-flex e-con e-child\" data-id=\"3d0173ee\" data-element_type=\"container\" data-e-type=\"container\">\n\t\t\t\t<div class=\"elementor-element elementor-element-61663f1c elementor-widget elementor-widget-heading\" data-id=\"61663f1c\" data-element_type=\"widget\" data-e-type=\"widget\" data-widget_type=\"heading.default\">\n\t\t\t\t<div class=\"elementor-widget-container\">\n\t\t\t\t\t<h1 class=\"elementor-heading-title elementor-size-default\">Code of Conduct<\/h1>\t\t\t\t<\/div>\n\t\t\t\t<\/div>\n\t\t\t\t<\/div>\n\t\t\t\t\t<\/div>\n\t\t\t\t<\/div>\n\t\t<div class=\"elementor-element elementor-element-40df27d e-flex e-con-boxed e-con e-parent\" data-id=\"40df27d\" data-element_type=\"container\" data-e-type=\"container\">\n\t\t\t\t\t<div class=\"e-con-inner\">\n\t\t\t\t<div class=\"elementor-element elementor-element-a3828df elementor-widget__width-initial elementor-widget elementor-widget-text-editor\" data-id=\"a3828df\" data-element_type=\"widget\" data-e-type=\"widget\" data-widget_type=\"text-editor.default\">\n\t\t\t\t<div class=\"elementor-widget-container\">\n\t\t\t\t\t\t\t\t\tAs a long-established company, we are committed to sustainability and continuous improvement. This means that we always strive for long-term success. Integrity and mutual respect are deeply embedded in our culture and values. Each of us helps to promote them in our daily work.\t\t\t\t\t\t\t\t<\/div>\n\t\t\t\t<\/div>\n\t\t\t\t<div class=\"elementor-element elementor-element-2d83ce9 elementor-widget__width-initial elementor-widget elementor-widget-text-editor\" data-id=\"2d83ce9\" data-element_type=\"widget\" data-e-type=\"widget\" data-widget_type=\"text-editor.default\">\n\t\t\t\t<div class=\"elementor-widget-container\">\n\t\t\t\t\t\t\t\t\tOur Code of Conduct provides all REMA TIP TOP employees, suppliers and business partners with information on our values and standards. We see this self-commitment as a guideline for our conduct among ourselves as well as towards other business partners and third parties.\t\t\t\t\t\t\t\t<\/div>\n\t\t\t\t<\/div>\n\t\t\t\t\t<\/div>\n\t\t\t\t<\/div>\n\t\t<div class=\"elementor-element elementor-element-3418957 e-flex e-con-boxed e-con e-parent\" data-id=\"3418957\" data-element_type=\"container\" data-e-type=\"container\" data-settings=\"{&quot;background_background&quot;:&quot;classic&quot;}\">\n\t\t\t\t\t<div class=\"e-con-inner\">\n\t\t\t\t<div class=\"elementor-element elementor-element-2cfcc76 elementor-widget__width-initial elementor-widget elementor-widget-image\" data-id=\"2cfcc76\" data-element_type=\"widget\" data-e-type=\"widget\" data-widget_type=\"image.default\">\n\t\t\t\t<div class=\"elementor-widget-container\">\n\t\t\t\t\t\t\t\t\t\t\t\t\t\t\t<img fetchpriority=\"high\" decoding=\"async\" width=\"1024\" height=\"768\" src=\"https:\/\/rema-tiptop.de\/wp-content\/uploads\/2025\/02\/unternehmen-compliance-code-of-conduct-1024x768.webp\" class=\"attachment-large size-large wp-image-17030\" alt=\"Aufgeschlagenes REMA TIP TOP \u201eCode of Conduct\u201c-Booklet mit Illustrationen \u2013 Darstellung von Compliance-Richtlinien und Verhaltenskodex.\" srcset=\"https:\/\/rema-tiptop.de\/wp-content\/uploads\/2025\/02\/unternehmen-compliance-code-of-conduct-1024x768.webp 1024w, https:\/\/rema-tiptop.de\/wp-content\/uploads\/2025\/02\/unternehmen-compliance-code-of-conduct-300x225.webp 300w, https:\/\/rema-tiptop.de\/wp-content\/uploads\/2025\/02\/unternehmen-compliance-code-of-conduct-768x576.webp 768w, https:\/\/rema-tiptop.de\/wp-content\/uploads\/2025\/02\/unternehmen-compliance-code-of-conduct-1536x1152.webp 1536w, https:\/\/rema-tiptop.de\/wp-content\/uploads\/2025\/02\/unternehmen-compliance-code-of-conduct-16x12.webp 16w, https:\/\/rema-tiptop.de\/wp-content\/uploads\/2025\/02\/unternehmen-compliance-code-of-conduct.webp 2000w\" sizes=\"(max-width: 1024px) 100vw, 1024px\" \/>\t\t\t\t\t\t\t\t\t\t\t\t\t\t\t<\/div>\n\t\t\t\t<\/div>\n\t\t<div class=\"elementor-element elementor-element-7e04a71 e-con-full e-flex e-con e-child\" data-id=\"7e04a71\" data-element_type=\"container\" data-e-type=\"container\">\n\t\t\t\t<div class=\"elementor-element elementor-element-34b33c9 elementor-widget elementor-widget-heading\" data-id=\"34b33c9\" data-element_type=\"widget\" data-e-type=\"widget\" data-widget_type=\"heading.default\">\n\t\t\t\t<div class=\"elementor-widget-container\">\n\t\t\t\t\t<h2 class=\"elementor-heading-title elementor-size-default\">Code of Conduct<\/h2>\t\t\t\t<\/div>\n\t\t\t\t<\/div>\n\t\t\t\t<div class=\"elementor-element elementor-element-ed3cbef elementor-widget elementor-widget-text-editor\" data-id=\"ed3cbef\" data-element_type=\"widget\" data-e-type=\"widget\" data-widget_type=\"text-editor.default\">\n\t\t\t\t<div class=\"elementor-widget-container\">\n\t\t\t\t\t\t\t\t\t<p>PDF | 6,4 MB<\/p>\t\t\t\t\t\t\t\t<\/div>\n\t\t\t\t<\/div>\n\t\t\t\t<div class=\"elementor-element elementor-element-45e0db7 elementor-icon-list--layout-traditional elementor-list-item-link-full_width elementor-widget elementor-widget-icon-list\" data-id=\"45e0db7\" data-element_type=\"widget\" data-e-type=\"widget\" data-widget_type=\"icon-list.default\">\n\t\t\t\t<div class=\"elementor-widget-container\">\n\t\t\t\t\t\t\t<ul class=\"elementor-icon-list-items\">\n\t\t\t\t\t\t\t<li class=\"elementor-icon-list-item\">\n\t\t\t\t\t\t\t\t\t\t\t<a href=\"https:\/\/rema-tiptop.de\/wp-content\/uploads\/2025\/01\/5822171_Code_of_Conduct_IX-24_EN_210x210mm_v1_Ansicht_low.pdf\" download=\"\">\n\n\t\t\t\t\t\t\t\t\t\t\t\t<span class=\"elementor-icon-list-icon\">\n\t\t\t\t\t\t\t<svg xmlns=\"http:\/\/www.w3.org\/2000\/svg\" width=\"23\" height=\"19\" viewbox=\"0 0 23 19\" fill=\"none\"><path d=\"M19 8.20387C19 8.00843 18.9419 7.81744 18.8333 7.65536C18.7247 7.49327 18.5705 7.36745 18.3904 7.29399C18.2102 7.22053 18.0124 7.20277 17.8222 7.24299C17.632 7.28321 17.458 7.37958 17.3226 7.51976L12.4787 12.3903L12.4787 2.73895C12.4787 2.73895 12.4566 2.47962 12.4083 2.35886C12.3601 2.2381 12.2884 2.12819 12.1975 2.03551C12.1067 1.94284 11.9984 1.86924 11.879 1.81902C11.7596 1.76879 11.6314 1.74292 11.502 1.74292C11.3725 1.74292 11.2444 1.76879 11.125 1.81902C11.0056 1.86924 10.8973 1.94284 10.8064 2.03551C10.7156 2.12819 10.6439 2.2381 10.5956 2.35886C10.5474 2.47962 10.5235 2.60882 10.5253 2.73895L10.5253 12.3903L5.68135 7.51976C5.59136 7.42551 5.48356 7.35027 5.36428 7.29844C5.245 7.2466 5.11664 7.21922 4.9867 7.21789C4.85677 7.21656 4.72787 7.24131 4.60757 7.2907C4.48727 7.34009 4.37797 7.41311 4.28609 7.5055C4.19421 7.59789 4.12158 7.70778 4.07246 7.82875C4.02335 7.94971 3.99873 8.07931 4.00005 8.20996C4.00137 8.34061 4.0286 8.46969 4.08016 8.58962C4.13171 8.70956 4.20654 8.81794 4.30027 8.90843L10.8114 15.4554C10.9946 15.6395 11.243 15.7429 11.502 15.7429C11.761 15.7429 12.0094 15.6395 12.1925 15.4554L18.7037 8.90843C18.7974 8.8169 18.872 8.70737 18.9229 8.58635C18.9738 8.46533 19 8.33527 19 8.20387Z\" fill=\"#EF232A\"><\/path><rect x=\"3\" y=\"14.7429\" width=\"17\" height=\"2\" rx=\"1\" fill=\"#EF232A\"><\/rect><\/svg>\t\t\t\t\t\t<\/span>\n\t\t\t\t\t\t\t\t\t\t<span class=\"elementor-icon-list-text\">Download<\/span>\n\t\t\t\t\t\t\t\t\t\t\t<\/a>\n\t\t\t\t\t\t\t\t\t<\/li>\n\t\t\t\t\t\t<\/ul>\n\t\t\t\t\t\t<\/div>\n\t\t\t\t<\/div>\n\t\t\t\t<\/div>\n\t\t\t\t\t<\/div>\n\t\t\t\t<\/div>\n\t\t\t\t<\/div>","protected":false},"excerpt":{"rendered":"<p>Verhaltenskodex Als Traditionsunternehmen legen wir gr\u00f6\u00dften Wert auf Nachhaltigkeit und unsere unerm\u00fcdliche Weiterentwicklung. Dies bedeutet, dass wir stets den langfristigen Erfolg anvisieren. Integrit\u00e4t und gegenseitiger Respekt sind in unserer Unternehmenskultur und in unseren Werten fest verankert. So tr\u00e4gt jeder von uns zu ihrer F\u00f6rderung im Gesch\u00e4ftsalltag bei.In unserem Code of Conduct finden alle Mitarbeitenden der [&hellip;]<\/p>\n","protected":false},"author":1,"featured_media":0,"parent":190,"menu_order":0,"comment_status":"closed","ping_status":"closed","template":"","meta":{"_acf_changed":false,"footnotes":""},"class_list":["post-7968","page","type-page","status-publish","hentry"],"acf":[],"yoast_head":"<!-- This site is optimized with the Yoast SEO plugin v27.3 - https:\/\/yoast.com\/product\/yoast-seo-wordpress\/ -->\n<title>Verhaltenskodex - REMA TIP TOP<\/title>\n<meta name=\"description\" content=\"Verhaltenskodex von REMA TIP TOP \u2013 Leitlinien f\u00fcr Integrit\u00e4t, Respekt und nachhaltigen, langfristigen Erfolg im t\u00e4glichen Gesch\u00e4ftsalltag.\" \/>\n<meta name=\"robots\" content=\"index, follow, max-snippet:-1, max-image-preview:large, max-video-preview:-1\" \/>\n<link rel=\"canonical\" href=\"https:\/\/rema-tiptop.de\/en\/company\/compliance\/code-of-conduct\/\" \/>\n<meta property=\"og:locale\" content=\"en_US\" \/>\n<meta property=\"og:type\" content=\"article\" \/>\n<meta property=\"og:title\" content=\"Verhaltenskodex - REMA TIP TOP\" \/>\n<meta property=\"og:description\" content=\"Verhaltenskodex von REMA TIP TOP \u2013 Leitlinien f\u00fcr Integrit\u00e4t, Respekt und nachhaltigen, langfristigen Erfolg im t\u00e4glichen Gesch\u00e4ftsalltag.\" \/>\n<meta property=\"og:url\" content=\"https:\/\/rema-tiptop.de\/en\/company\/compliance\/code-of-conduct\/\" \/>\n<meta property=\"og:site_name\" content=\"REMA TIP TOP\" \/>\n<meta property=\"article:modified_time\" content=\"2025-11-24T14:50:34+00:00\" \/>\n<meta property=\"og:image\" content=\"https:\/\/rema-tiptop.de\/wp-content\/uploads\/2025\/02\/unternehmen-compliance-code-of-conduct-1024x768.webp\" \/>\n<meta name=\"twitter:card\" content=\"summary_large_image\" \/>\n<meta name=\"twitter:label1\" content=\"Est. reading time\" \/>\n\t<meta name=\"twitter:data1\" content=\"1 minute\" \/>\n<script type=\"application\/ld+json\" class=\"yoast-schema-graph\">{\"@context\":\"https:\\\/\\\/schema.org\",\"@graph\":[{\"@type\":\"WebPage\",\"@id\":\"https:\\\/\\\/rema-tiptop.de\\\/unternehmen\\\/compliance\\\/code-of-conduct\\\/\",\"url\":\"https:\\\/\\\/rema-tiptop.de\\\/unternehmen\\\/compliance\\\/code-of-conduct\\\/\",\"name\":\"Verhaltenskodex - REMA TIP TOP\",\"isPartOf\":{\"@id\":\"https:\\\/\\\/rema-tiptop.de\\\/#website\"},\"primaryImageOfPage\":{\"@id\":\"https:\\\/\\\/rema-tiptop.de\\\/unternehmen\\\/compliance\\\/code-of-conduct\\\/#primaryimage\"},\"image\":{\"@id\":\"https:\\\/\\\/rema-tiptop.de\\\/unternehmen\\\/compliance\\\/code-of-conduct\\\/#primaryimage\"},\"thumbnailUrl\":\"https:\\\/\\\/rema-tiptop.de\\\/wp-content\\\/uploads\\\/2025\\\/02\\\/unternehmen-compliance-code-of-conduct-1024x768.webp\",\"datePublished\":\"2024-11-27T09:02:16+00:00\",\"dateModified\":\"2025-11-24T14:50:34+00:00\",\"description\":\"Verhaltenskodex von REMA TIP TOP \u2013 Leitlinien f\u00fcr Integrit\u00e4t, Respekt und nachhaltigen, langfristigen Erfolg im t\u00e4glichen Gesch\u00e4ftsalltag.\",\"breadcrumb\":{\"@id\":\"https:\\\/\\\/rema-tiptop.de\\\/unternehmen\\\/compliance\\\/code-of-conduct\\\/#breadcrumb\"},\"inLanguage\":\"en-US\",\"potentialAction\":[{\"@type\":\"ReadAction\",\"target\":[\"https:\\\/\\\/rema-tiptop.de\\\/unternehmen\\\/compliance\\\/code-of-conduct\\\/\"]}]},{\"@type\":\"ImageObject\",\"inLanguage\":\"en-US\",\"@id\":\"https:\\\/\\\/rema-tiptop.de\\\/unternehmen\\\/compliance\\\/code-of-conduct\\\/#primaryimage\",\"url\":\"https:\\\/\\\/rema-tiptop.de\\\/wp-content\\\/uploads\\\/2025\\\/02\\\/unternehmen-compliance-code-of-conduct-1024x768.webp\",\"contentUrl\":\"https:\\\/\\\/rema-tiptop.de\\\/wp-content\\\/uploads\\\/2025\\\/02\\\/unternehmen-compliance-code-of-conduct-1024x768.webp\"},{\"@type\":\"BreadcrumbList\",\"@id\":\"https:\\\/\\\/rema-tiptop.de\\\/unternehmen\\\/compliance\\\/code-of-conduct\\\/#breadcrumb\",\"itemListElement\":[{\"@type\":\"ListItem\",\"position\":1,\"name\":\"Startseite\",\"item\":\"https:\\\/\\\/rema-tiptop.de\\\/\"},{\"@type\":\"ListItem\",\"position\":2,\"name\":\"Unternehmen\",\"item\":\"https:\\\/\\\/rema-tiptop.de\\\/unternehmen\\\/\"},{\"@type\":\"ListItem\",\"position\":3,\"name\":\"Compliance und Verhaltenskodex\",\"item\":\"https:\\\/\\\/rema-tiptop.de\\\/unternehmen\\\/compliance\\\/\"},{\"@type\":\"ListItem\",\"position\":4,\"name\":\"Verhaltenskodex\"}]},{\"@type\":\"WebSite\",\"@id\":\"https:\\\/\\\/rema-tiptop.de\\\/#website\",\"url\":\"https:\\\/\\\/rema-tiptop.de\\\/\",\"name\":\"REMA TIP TOP\",\"description\":\"\",\"publisher\":{\"@id\":\"https:\\\/\\\/rema-tiptop.de\\\/#organization\"},\"potentialAction\":[{\"@type\":\"SearchAction\",\"target\":{\"@type\":\"EntryPoint\",\"urlTemplate\":\"https:\\\/\\\/rema-tiptop.de\\\/?s={search_term_string}\"},\"query-input\":{\"@type\":\"PropertyValueSpecification\",\"valueRequired\":true,\"valueName\":\"search_term_string\"}}],\"inLanguage\":\"en-US\"},{\"@type\":\"Organization\",\"@id\":\"https:\\\/\\\/rema-tiptop.de\\\/#organization\",\"name\":\"REMA TIP TOP\",\"url\":\"https:\\\/\\\/rema-tiptop.de\\\/\",\"logo\":{\"@type\":\"ImageObject\",\"inLanguage\":\"en-US\",\"@id\":\"https:\\\/\\\/rema-tiptop.de\\\/#\\\/schema\\\/logo\\\/image\\\/\",\"url\":\"https:\\\/\\\/rema-tiptop.de\\\/wp-content\\\/uploads\\\/2024\\\/11\\\/rtt-logo-mit-bg.svg\",\"contentUrl\":\"https:\\\/\\\/rema-tiptop.de\\\/wp-content\\\/uploads\\\/2024\\\/11\\\/rtt-logo-mit-bg.svg\",\"width\":108,\"height\":83,\"caption\":\"REMA TIP TOP\"},\"image\":{\"@id\":\"https:\\\/\\\/rema-tiptop.de\\\/#\\\/schema\\\/logo\\\/image\\\/\"}}]}<\/script>\n<!-- \/ Yoast SEO plugin. -->","yoast_head_json":{"title":"Code of Conduct - REMA TIP TOP","description":"REMA TIP TOP Code of Conduct \u2013 Guidelines for integrity, respect and sustainable, long-term success in daily business.","robots":{"index":"index","follow":"follow","max-snippet":"max-snippet:-1","max-image-preview":"max-image-preview:large","max-video-preview":"max-video-preview:-1"},"canonical":"https:\/\/rema-tiptop.de\/en\/company\/compliance\/code-of-conduct\/","og_locale":"en_US","og_type":"article","og_title":"Verhaltenskodex - REMA TIP TOP","og_description":"Verhaltenskodex von REMA TIP TOP \u2013 Leitlinien f\u00fcr Integrit\u00e4t, Respekt und nachhaltigen, langfristigen Erfolg im t\u00e4glichen Gesch\u00e4ftsalltag.","og_url":"https:\/\/rema-tiptop.de\/en\/company\/compliance\/code-of-conduct\/","og_site_name":"REMA TIP TOP","article_modified_time":"2025-11-24T14:50:34+00:00","og_image":[{"url":"https:\/\/rema-tiptop.de\/wp-content\/uploads\/2025\/02\/unternehmen-compliance-code-of-conduct-1024x768.webp","type":"","width":"","height":""}],"twitter_card":"summary_large_image","twitter_misc":{"Est. reading time":"1 minute"},"schema":{"@context":"https:\/\/schema.org","@graph":[{"@type":"WebPage","@id":"https:\/\/rema-tiptop.de\/unternehmen\/compliance\/code-of-conduct\/","url":"https:\/\/rema-tiptop.de\/unternehmen\/compliance\/code-of-conduct\/","name":"Code of Conduct - REMA TIP TOP","isPartOf":{"@id":"https:\/\/rema-tiptop.de\/#website"},"primaryImageOfPage":{"@id":"https:\/\/rema-tiptop.de\/unternehmen\/compliance\/code-of-conduct\/#primaryimage"},"image":{"@id":"https:\/\/rema-tiptop.de\/unternehmen\/compliance\/code-of-conduct\/#primaryimage"},"thumbnailUrl":"https:\/\/rema-tiptop.de\/wp-content\/uploads\/2025\/02\/unternehmen-compliance-code-of-conduct-1024x768.webp","datePublished":"2024-11-27T09:02:16+00:00","dateModified":"2025-11-24T14:50:34+00:00","description":"REMA TIP TOP Code of Conduct \u2013 Guidelines for integrity, respect and sustainable, long-term success in daily business.","breadcrumb":{"@id":"https:\/\/rema-tiptop.de\/unternehmen\/compliance\/code-of-conduct\/#breadcrumb"},"inLanguage":"en-US","potentialAction":[{"@type":"ReadAction","target":["https:\/\/rema-tiptop.de\/unternehmen\/compliance\/code-of-conduct\/"]}]},{"@type":"ImageObject","inLanguage":"en-US","@id":"https:\/\/rema-tiptop.de\/unternehmen\/compliance\/code-of-conduct\/#primaryimage","url":"https:\/\/rema-tiptop.de\/wp-content\/uploads\/2025\/02\/unternehmen-compliance-code-of-conduct-1024x768.webp","contentUrl":"https:\/\/rema-tiptop.de\/wp-content\/uploads\/2025\/02\/unternehmen-compliance-code-of-conduct-1024x768.webp"},{"@type":"BreadcrumbList","@id":"https:\/\/rema-tiptop.de\/unternehmen\/compliance\/code-of-conduct\/#breadcrumb","itemListElement":[{"@type":"ListItem","position":1,"name":"Startseite","item":"https:\/\/rema-tiptop.de\/"},{"@type":"ListItem","position":2,"name":"Unternehmen","item":"https:\/\/rema-tiptop.de\/unternehmen\/"},{"@type":"ListItem","position":3,"name":"Compliance und Verhaltenskodex","item":"https:\/\/rema-tiptop.de\/unternehmen\/compliance\/"},{"@type":"ListItem","position":4,"name":"Verhaltenskodex"}]},{"@type":"WebSite","@id":"https:\/\/rema-tiptop.de\/#website","url":"https:\/\/rema-tiptop.de\/","name":"REMA TIP TOP","description":"","publisher":{"@id":"https:\/\/rema-tiptop.de\/#organization"},"potentialAction":[{"@type":"SearchAction","target":{"@type":"EntryPoint","urlTemplate":"https:\/\/rema-tiptop.de\/?s={search_term_string}"},"query-input":{"@type":"PropertyValueSpecification","valueRequired":true,"valueName":"search_term_string"}}],"inLanguage":"en-US"},{"@type":"Organization","@id":"https:\/\/rema-tiptop.de\/#organization","name":"REMA TIP TOP","url":"https:\/\/rema-tiptop.de\/","logo":{"@type":"ImageObject","inLanguage":"en-US","@id":"https:\/\/rema-tiptop.de\/#\/schema\/logo\/image\/","url":"https:\/\/rema-tiptop.de\/wp-content\/uploads\/2024\/11\/rtt-logo-mit-bg.svg","contentUrl":"https:\/\/rema-tiptop.de\/wp-content\/uploads\/2024\/11\/rtt-logo-mit-bg.svg","width":108,"height":83,"caption":"REMA TIP TOP"},"image":{"@id":"https:\/\/rema-tiptop.de\/#\/schema\/logo\/image\/"}}]}},"_links":{"self":[{"href":"https:\/\/rema-tiptop.de\/en\/wp-json\/wp\/v2\/pages\/7968","targetHints":{"allow":["GET"]}}],"collection":[{"href":"https:\/\/rema-tiptop.de\/en\/wp-json\/wp\/v2\/pages"}],"about":[{"href":"https:\/\/rema-tiptop.de\/en\/wp-json\/wp\/v2\/types\/page"}],"author":[{"embeddable":true,"href":"https:\/\/rema-tiptop.de\/en\/wp-json\/wp\/v2\/users\/1"}],"replies":[{"embeddable":true,"href":"https:\/\/rema-tiptop.de\/en\/wp-json\/wp\/v2\/comments?post=7968"}],"version-history":[{"count":51,"href":"https:\/\/rema-tiptop.de\/en\/wp-json\/wp\/v2\/pages\/7968\/revisions"}],"predecessor-version":[{"id":20486,"href":"https:\/\/rema-tiptop.de\/en\/wp-json\/wp\/v2\/pages\/7968\/revisions\/20486"}],"up":[{"embeddable":true,"href":"https:\/\/rema-tiptop.de\/en\/wp-json\/wp\/v2\/pages\/190"}],"wp:attachment":[{"href":"https:\/\/rema-tiptop.de\/en\/wp-json\/wp\/v2\/media?parent=7968"}],"curies":[{"name":"wp","href":"https:\/\/api.w.org\/{rel}","templated":true}]}}